{"id":3209,"date":"2024-03-27T11:42:04","date_gmt":"2024-03-27T11:42:04","guid":{"rendered":"https:\/\/vfmsfoundation.org\/lista\/"},"modified":"2026-04-17T11:53:09","modified_gmt":"2026-04-17T11:53:09","slug":"scientific-papers-alphabetical-list","status":"publish","type":"page","link":"https:\/\/vfmsfoundation.org\/es\/scientific-papers-alphabetical-list\/","title":{"rendered":"LIST"},"content":{"rendered":"\t\t<div data-elementor-type=\"wp-page\" data-elementor-id=\"3209\" class=\"elementor elementor-3209 elementor-783\" data-elementor-post-type=\"page\">\n\t\t\t\t\t\t<section class=\"elementor-section elementor-top-section elementor-element elementor-element-1e19d680 elementor-reverse-mobile elementor-section-content-middle elementor-section-boxed elementor-section-height-default elementor-section-height-default\" data-id=\"1e19d680\" data-element_type=\"section\">\n\t\t\t\t\t\t<div class=\"elementor-container elementor-column-gap-default\">\n\t\t\t\t\t<div class=\"elementor-column elementor-col-50 elementor-top-column elementor-element elementor-element-2ce31230\" data-id=\"2ce31230\" data-element_type=\"column\">\n\t\t\t<div class=\"elementor-widget-wrap elementor-element-populated\">\n\t\t\t\t\t\t<div class=\"elementor-element elementor-element-4a516f2 elementor-widget elementor-widget-heading\" data-id=\"4a516f2\" data-element_type=\"widget\" data-widget_type=\"heading.default\">\n\t\t\t\t<div class=\"elementor-widget-container\">\n\t\t\t<h1 class=\"elementor-heading-title elementor-size-default\">PUBLICACIONES<\/h1>\t\t<\/div>\n\t\t\t\t<\/div>\n\t\t\t\t<div class=\"elementor-element elementor-element-554e206d elementor-widget elementor-widget-heading\" data-id=\"554e206d\" data-element_type=\"widget\" data-widget_type=\"heading.default\">\n\t\t\t\t<div class=\"elementor-widget-container\">\n\t\t\t<h2 class=\"elementor-heading-title elementor-size-default\">\u201cIF WE DO A STUDY AND IT IS NOT PUBLISHED IN A TOP JOURNAL WE CONSIDER IT A FAILURE\u201d<\/h2>\t\t<\/div>\n\t\t\t\t<\/div>\n\t\t\t\t<div class=\"elementor-element elementor-element-2255146d elementor-widget elementor-widget-heading\" data-id=\"2255146d\" data-element_type=\"widget\" data-widget_type=\"heading.default\">\n\t\t\t\t<div class=\"elementor-widget-container\">\n\t\t\t<div class=\"elementor-heading-title elementor-size-default\"> Dr. Valent\u00edn Fuster<\/div>\t\t<\/div>\n\t\t\t\t<\/div>\n\t\t\t\t<div class=\"elementor-element elementor-element-ceaeb26 elementor-widget elementor-widget-button\" data-id=\"ceaeb26\" data-element_type=\"widget\" data-widget_type=\"button.default\">\n\t\t\t\t<div class=\"elementor-widget-container\">\n\t\t\t\t\t<div class=\"elementor-button-wrapper\">\n\t\t\t<a class=\"elementor-button elementor-button-link elementor-size-sm\" href=\"https:\/\/fundacionshe.org\/publicaciones\/\" target=\"_blank\">\n\t\t\t\t\t\t<span class=\"elementor-button-content-wrapper\">\n\t\t\t\t\t\t\t\t\t<span class=\"elementor-button-text\">Haz clic aqu\u00ed para ver los art\u00edculos publicados<\/span>\n\t\t\t\t\t<\/span>\n\t\t\t\t\t<\/a>\n\t\t<\/div>\n\t\t\t\t<\/div>\n\t\t\t\t<\/div>\n\t\t\t\t\t<\/div>\n\t\t<\/div>\n\t\t\t\t<div class=\"elementor-column elementor-col-50 elementor-top-column elementor-element elementor-element-2acad712\" data-id=\"2acad712\" data-element_type=\"column\">\n\t\t\t<div class=\"elementor-widget-wrap elementor-element-populated\">\n\t\t\t\t\t\t<div class=\"elementor-element elementor-element-5ef21b38 animated-slow elementor-invisible elementor-widget elementor-widget-image\" data-id=\"5ef21b38\" data-element_type=\"widget\" data-settings=\"{&quot;_animation&quot;:&quot;fadeIn&quot;}\" data-widget_type=\"image.default\">\n\t\t\t\t<div class=\"elementor-widget-container\">\n\t\t\t\t\t\t\t\t\t\t\t\t\t<img fetchpriority=\"high\" decoding=\"async\" width=\"460\" height=\"440\" src=\"https:\/\/vfmsfoundation.org\/wp-content\/uploads\/2024\/04\/BBB.png\" class=\"attachment-large size-large wp-image-1332\" alt=\"HEART PAPER LIST\" srcset=\"https:\/\/vfmsfoundation.org\/wp-content\/uploads\/2024\/04\/BBB.png 460w, https:\/\/vfmsfoundation.org\/wp-content\/uploads\/2024\/04\/BBB-300x287.png 300w\" sizes=\"(max-width: 460px) 100vw, 460px\" \/>\t\t\t\t\t\t\t\t\t\t\t\t\t<\/div>\n\t\t\t\t<\/div>\n\t\t\t\t\t<\/div>\n\t\t<\/div>\n\t\t\t\t\t<\/div>\n\t\t<\/section>\n\t\t\t\t<section class=\"elementor-section elementor-top-section elementor-element elementor-element-1a734e17 elementor-hidden-desktop elementor-hidden-tablet elementor-hidden-mobile elementor-section-boxed elementor-section-height-default elementor-section-height-default\" data-id=\"1a734e17\" data-element_type=\"section\">\n\t\t\t\t\t\t<div class=\"elementor-container elementor-column-gap-default\">\n\t\t\t\t\t<div class=\"elementor-column elementor-col-100 elementor-top-column elementor-element elementor-element-dec5737\" data-id=\"dec5737\" data-element_type=\"column\">\n\t\t\t<div class=\"elementor-widget-wrap elementor-element-populated\">\n\t\t\t\t\t\t<div class=\"elementor-element elementor-element-478aa7e0 elementor-widget-divider--view-line elementor-widget elementor-widget-divider\" data-id=\"478aa7e0\" data-element_type=\"widget\" data-widget_type=\"divider.default\">\n\t\t\t\t<div class=\"elementor-widget-container\">\n\t\t\t\t\t<div class=\"elementor-divider\">\n\t\t\t<span class=\"elementor-divider-separator\">\n\t\t\t\t\t\t<\/span>\n\t\t<\/div>\n\t\t\t\t<\/div>\n\t\t\t\t<\/div>\n\t\t\t\t\t<\/div>\n\t\t<\/div>\n\t\t\t\t\t<\/div>\n\t\t<\/section>\n\t\t\t\t<section class=\"elementor-section elementor-top-section elementor-element elementor-element-5e0e62fd elementor-hidden-desktop elementor-hidden-tablet elementor-hidden-mobile elementor-section-boxed elementor-section-height-default elementor-section-height-default\" data-id=\"5e0e62fd\" data-element_type=\"section\">\n\t\t\t\t\t\t<div class=\"elementor-container elementor-column-gap-default\">\n\t\t\t\t\t<div class=\"elementor-column elementor-col-100 elementor-top-column elementor-element elementor-element-2868b622\" data-id=\"2868b622\" data-element_type=\"column\">\n\t\t\t<div class=\"elementor-widget-wrap elementor-element-populated\">\n\t\t\t\t\t\t<div class=\"elementor-element elementor-element-798bfb1f elementor-widget elementor-widget-text-editor\" data-id=\"798bfb1f\" data-element_type=\"widget\" data-widget_type=\"text-editor.default\">\n\t\t\t\t<div class=\"elementor-widget-container\">\n\t\t\t\t\t\t\t<h3>PAPERS ON CHILDREN AND ADOLESCENTS<\/h3>\n<p>Santos-Beneit G, Fuster V et al. J Am Coll Cardiol, 2022, 79 (3) 283\u2013298<br \/>Lessons learned from 10 years of a preschool-based intervention on health promotion<\/p>\n<p>Fern\u00e1ndez-Jim\u00e9nez R, Fuster V et al. J Am Coll Cardiol, 2020, 75:13.<br \/>Sustainability of and Adherence to Preschool Health Promotion Among Children 9 to 13 Years Old.<\/p>\n<p>Fern\u00e1ndez-Jim\u00e9nez R, Fuster V et al. European Journal of Preventive Cardiology, 2020, doi:10.1093\/eurjpc\/zwaa096.<br \/>Prevalence and correlates of cardiovascular health among early adolescents enrolled in the SI! Program in Spain: a cross-sectional analysis.<\/p>\n<p>Laveriano-Santos EP, Fuster V et al. Antioxidants, 2020, 9(10), 910.<br \/>Polyphenols in Urine and Cardiovascular Health: A Cross-Sectional Analysis Reveals Gender Differences in Spanish Adolescents from the SI! Program for Secondary School Study.<\/p>\n<p>Bodega P, Fuster V et al. Nutrients, 2019, 11: 2297-2310.<br \/>Dietary Patterns and Cardiovascular Risk Factors in Spanish Adolescents: A Cross-Sectional Analysis of the SI! Program for Health Promotion in Secondary Schools.<\/p>\n<p>Fern\u00e1ndez-Jim\u00e9nez R, Fuster V et al. Am. Heart J, 2019, 215:27-40.<br \/>Rationale and design of the school-based Program SI! To face obesity and promote health among Spanish adolescents: a cluster-randomized controlled trial.<\/p>\n<p>Santos-Beneit G, Fuster V et al. Am. Heart J, 2019, 210:9-17.<br \/>Rationale and Design of the SI! Program for Health Promotion in Elementary Students Aged 6 to 11 years: A Cluster Randomized Trial.<\/p>\n<p>Fern\u00e1ndez-Jim\u00e9nez R, Fuster V et al. J Am Coll Cardiol, 2018, 72(25):3310-3319.<br \/>Children Present a Window of Opportunity for Promoting Health.<\/p>\n<p>Santos-Beneit G, Fuster V et al. BMC Public Health, 2015, 15:901-907.<br \/>Development and validation of a questionnaire to evaluate lifestyle-related behaviors in elementary school children.<\/p>\n<p>Santos-Beneit G, Fuster V et al. Rev EspCardiol, 2015, 68(6):477-484.<br \/>Association between anthropometry and high blood pressure in a representative sample of preschoolers in Madrid.<\/p>\n<p>Pe\u00f1alvo JL, Fuster V et al. J Am Coll Cardiol, 2015, 66 (14):1525-1534.<br \/>The SI! Program for cardiovascular health promotion in early childhood: A cluster randomized trial.<\/p>\n<p>Pe\u00f1alvo JL, Fuster V et al. BMC Public Health, 2013, 13:1208.<br \/>The Program SI! intervention for enhancing a healthy lifestyle in preschoolers: first results from a cluster randomized trial.<\/p>\n<p>Pe\u00f1alvo JL, Fuster V et al. BMC Public Health, 2013, 13:656.<br \/>A cluster randomized trial to evaluate the efficacy of a school-based behavioral intervention for health promotion among children aged 3 to 5.<\/p>\n<p>C\u00e9spedes J, Fuster V et al. Am J Med, 2013, 126(12):1122-6.<br \/>Promotion of cardiovascular health in preschool children: 36-month cohort follow-up.<\/p>\n<p>C\u00e9spedes J, Fuster V et al. Am J Med, 2013, 126(1):27-35.e3.<br \/>Targeting preschool children to promote cardiovascular health: cluster randomized trial.<\/p>\n<p>Pe\u00f1alvo JL, Fuster V et al. Semin Thorac Cardiovasc Surg, 2012, 24(4):238-40.<br \/>Sesame street: changing cardiovascular risks for a lifetime.<\/p>\n<h3>PAPERS ON ADULTS<\/h3>\n<p>Fern\u00e1ndez-Alvira JM, Fuster V et al. Am Heart J, 2021, 240:81-88.<br \/>The challenge of sustainability: Long-term results from the Fifty-Fifty peer group-based intervention in cardiovascular risk factors.<\/p>\n<p>Latina J, Fuster V et al. Am Heart J, 2020, 220:20-8.<br \/>Grenada Heart Project\u2013Community Health ActioN to EncouraGe healthy BEhaviors (GHPCHANGE): A randomized control peer group\u2013based lifestyle intervention.<\/p>\n<p>Fern\u00e1ndez-Alvira JM, Fuster V et al. J Am Coll Cardiol, 2017, 70(20):2463-2473.<br \/>Predicting Subclinical Atherosclerosis in Low-Risk Individuals: Ideal Cardiovascular Health Score and Fuster-BEWAT Score.<\/p>\n<p>G\u00f3mez-Pardo E, Fuster V et al. J Am Coll Cardiol, 2016, 67 (5):476-485.<br \/>A comprehensive lifestyle peer-group-based intervention on cardiovascular risk factors: The randomized controlled Fifty-Fifty Program.<\/p>\n<p>Sotos-Prieto M, Fuster V et al. Public Health Nutr, 2014, 3:1-11.<br \/>Parental and self-reported dietary and physical activity habits in preschoolers and their socio-economic determinants.<\/p>\n<p>Bansilal S, Fuster V et al. Glob Heart, 2012, 7(2):87-94.<br \/>Cardiovascular risk surveillance to develop a nationwide health promotion strategy: the grenada heart project<\/p>\n<p>Block RC, Dozier AM et al. Prev Chronic Dis, 2012, 9:E90.<br \/>An epidemiologic transition of cardiovascular disease risk in Carriacou and Petite Martinique, Grenada: the Grenada Heart Project, 2005-2007<\/p>\n<h3>PAPERS ON FAMILY<\/h3>\n<p>Fern\u00e1ndez-Jim\u00e9nez R, Fuster V et al. J Am Coll Cardiol, 2020, 75: 1 (42-56).<br \/>Different Lifestyle Interventions in Adults From Underserved Communities. The FAMILIA Trial.<\/p>\n<p>Fernandez-Jimenez R, Fuster V et al. J Am Coll Cardiol, 2019, 73(16):2011-2021.<br \/>Child Health Promotion in Underserved Communities: The FAMILIA Trial.<\/p>\n<p>Bansilal S, Fuster V et al. Am Heart J, 2017, 187:170-181.<br \/>Rationale and Design of Family-Based Approach in a Minority Community Integrating Systems-Biology for Promotion of Health (FAMILIA).<\/p>\n<p>Vedanthan R, Fuster V et al. J Am Coll Cardiol, 2016, 67(14):1725-37.<br \/>Family-Based Approaches to Cardiovascular Health Promotion.<\/p>\n<p>Latina J, Fuster V et al. Global Heart, 2016, 11(4):467-468.<br \/>Little Beacons of Change: Targeting Pre-school Children to Drive a Culture of Health.<\/p>\n<h3>PAPERS ON COMMUNITIES<\/h3>\n<p>WHO Regional Office for the Western Pacific. 2020.<br \/>Regional guidelines for developing a healthy cities project.<\/p>\n<p>Naanyu V, Fuster V, et al. J Gen Intern Med, 2016, 31(3):304-14.<br \/>Barriers Influencing Linkage to Hypertension Care in Kenya: Qualitative Analysis from the LARK Hypertension Study.<\/p>\n<p>Vedanthan R, Fuster V et al. Int J Med Informe, 2015, 84(3):207-19.<br \/>Usability and feasibility of a tablet-based Decision-Support and Integrated Record-keeping (DESIRE) tool in the nurse management of hypertension in rural western Kenya.<\/p>\n<p>Vedanthan R et al. Glob Heart, 2015, 10(4):313-7.<br \/>Engaging the Entire Care Cascade in Western Kenya: A Model to Achieve the Cardiovascular Disease Secondary Prevention Roadmap Goals.<\/p>\n<p>Bansilal S, Fuster V et al. Int J Cardiol, 2015, 201 Suppl 1:S1-7.<br \/>Global burden of CVD: focus on secondary prevention of cardiovascular disease.<\/p>\n<p>Vedanthan R, Fuster V et al. Trials, 2014, 15:143.<br \/>Optimizing linkage and retention to hypertension care in rural Kenya (LARK hypertension study): study protocol for a randomized controlled trial.<\/p>\n<p>Alpert JS, Hannley PP. Am J Med, 2013, 126(1):1-2.<br \/>Moving countries toward healthier lifestyles.<\/p>\n<p>Blank E, Fuster V et al. Informe de Stud Health Technol, 2013, 192: 1002.<br \/>Usability of implementing a tablet-based decision support and integrated record- keeping (DESIRE) tool in the nurse management of hypertension in rural Kenya.<\/p>\n\t\t\t\t\t\t<\/div>\n\t\t\t\t<\/div>\n\t\t\t\t\t<\/div>\n\t\t<\/div>\n\t\t\t\t\t<\/div>\n\t\t<\/section>\n\t\t\t\t<\/div>\n\t\t","protected":false},"excerpt":{"rendered":"<p>PUBLICACIONES \u201cIF WE DO A STUDY AND IT IS NOT PUBLISHED IN A TOP JOURNAL WE CONSIDER IT A FAILURE\u201d Dr. Valent\u00edn Fuster Haz clic aqu\u00ed para ver los art\u00edculos publicados PAPERS ON CHILDREN AND ADOLESCENTS Santos-Beneit G, Fuster V et al. J Am Coll Cardiol, 2022, 79 (3) 283\u2013298Lessons learned from 10 years of [&hellip;]<\/p>\n","protected":false},"author":1,"featured_media":0,"parent":0,"menu_order":0,"comment_status":"closed","ping_status":"closed","template":"","meta":{"site-sidebar-layout":"no-sidebar","site-content-layout":"page-builder","ast-site-content-layout":"full-width-container","site-content-style":"default","site-sidebar-style":"default","ast-global-header-display":"","ast-banner-title-visibility":"","ast-main-header-display":"","ast-hfb-above-header-display":"","ast-hfb-below-header-display":"","ast-hfb-mobile-header-display":"","site-post-title":"disabled","ast-breadcrumbs-content":"","ast-featured-img":"disabled","footer-sml-layout":"","theme-transparent-header-meta":"default","adv-header-id-meta":"","stick-header-meta":"default","header-above-stick-meta":"","header-main-stick-meta":"","header-below-stick-meta":"","astra-migrate-meta-layouts":"set","ast-page-background-enabled":"default","ast-page-background-meta":{"desktop":{"background-color":"var(--ast-global-color-4)","background-image":"","background-repeat":"repeat","background-position":"center center","background-size":"auto","background-attachment":"scroll","background-type":"","background-media":"","overlay-type":"","overlay-color":"","overlay-opacity":"","overlay-gradient":""},"tablet":{"background-color":"","background-image":"","background-repeat":"repeat","background-position":"center center","background-size":"auto","background-attachment":"scroll","background-type":"","background-media":"","overlay-type":"","overlay-color":"","overlay-opacity":"","overlay-gradient":""},"mobile":{"background-color":"","background-image":"","background-repeat":"repeat","background-position":"center center","background-size":"auto","background-attachment":"scroll","background-type":"","background-media":"","overlay-type":"","overlay-color":"","overlay-opacity":"","overlay-gradient":""}},"ast-content-background-meta":{"desktop":{"background-color":"var(--ast-global-color-5)","background-image":"","background-repeat":"repeat","background-position":"center center","background-size":"auto","background-attachment":"scroll","background-type":"","background-media":"","overlay-type":"","overlay-color":"","overlay-opacity":"","overlay-gradient":""},"tablet":{"background-color":"var(--ast-global-color-5)","background-image":"","background-repeat":"repeat","background-position":"center center","background-size":"auto","background-attachment":"scroll","background-type":"","background-media":"","overlay-type":"","overlay-color":"","overlay-opacity":"","overlay-gradient":""},"mobile":{"background-color":"var(--ast-global-color-5)","background-image":"","background-repeat":"repeat","background-position":"center center","background-size":"auto","background-attachment":"scroll","background-type":"","background-media":"","overlay-type":"","overlay-color":"","overlay-opacity":"","overlay-gradient":""}},"footnotes":""},"class_list":["post-3209","page","type-page","status-publish","hentry"],"yoast_head":"<!-- This site is optimized with the Yoast SEO plugin v23.5 - https:\/\/yoast.com\/wordpress\/plugins\/seo\/ -->\n<title>Alphabetical List of Scientific Papers - VFMS Foundation<\/title>\n<meta name=\"description\" content=\"Explore the alphabetical list of scientific papers on VFMS. Browse through a diverse range of research topics and findings contributed by various authors and researchers.\" \/>\n<meta name=\"robots\" content=\"index, follow, max-snippet:-1, max-image-preview:large, max-video-preview:-1\" \/>\n<link rel=\"canonical\" href=\"https:\/\/vfmsfoundation.org\/es\/scientific-papers-alphabetical-list\/\" \/>\n<meta property=\"og:locale\" content=\"es_ES\" \/>\n<meta property=\"og:type\" content=\"article\" \/>\n<meta property=\"og:title\" content=\"Alphabetical List of Scientific Papers - VFMS Foundation\" \/>\n<meta property=\"og:description\" content=\"Explore the alphabetical list of scientific papers on VFMS. Browse through a diverse range of research topics and findings contributed by various authors and researchers.\" \/>\n<meta property=\"og:url\" content=\"https:\/\/vfmsfoundation.org\/es\/scientific-papers-alphabetical-list\/\" \/>\n<meta property=\"og:site_name\" content=\"VFMS Foundation\" \/>\n<meta property=\"article:modified_time\" content=\"2026-04-17T11:53:09+00:00\" \/>\n<meta property=\"og:image\" content=\"https:\/\/vfmsfoundation.org\/wp-content\/uploads\/2024\/04\/BBB.png\" \/>\n<meta name=\"twitter:card\" content=\"summary_large_image\" \/>\n<meta name=\"twitter:label1\" content=\"Tiempo de lectura\" \/>\n\t<meta name=\"twitter:data1\" content=\"5 minutos\" \/>\n<script type=\"application\/ld+json\" class=\"yoast-schema-graph\">{\"@context\":\"https:\/\/schema.org\",\"@graph\":[{\"@type\":\"WebPage\",\"@id\":\"https:\/\/vfmsfoundation.org\/es\/scientific-papers-alphabetical-list\/\",\"url\":\"https:\/\/vfmsfoundation.org\/es\/scientific-papers-alphabetical-list\/\",\"name\":\"Alphabetical List of Scientific Papers - VFMS Foundation\",\"isPartOf\":{\"@id\":\"https:\/\/vfmsfoundation.org\/es\/#website\"},\"primaryImageOfPage\":{\"@id\":\"https:\/\/vfmsfoundation.org\/es\/scientific-papers-alphabetical-list\/#primaryimage\"},\"image\":{\"@id\":\"https:\/\/vfmsfoundation.org\/es\/scientific-papers-alphabetical-list\/#primaryimage\"},\"thumbnailUrl\":\"https:\/\/vfmsfoundation.org\/wp-content\/uploads\/2024\/04\/BBB.png\",\"datePublished\":\"2024-03-27T11:42:04+00:00\",\"dateModified\":\"2026-04-17T11:53:09+00:00\",\"description\":\"Explore the alphabetical list of scientific papers on VFMS. Browse through a diverse range of research topics and findings contributed by various authors and researchers.\",\"breadcrumb\":{\"@id\":\"https:\/\/vfmsfoundation.org\/es\/scientific-papers-alphabetical-list\/#breadcrumb\"},\"inLanguage\":\"es\",\"potentialAction\":[{\"@type\":\"ReadAction\",\"target\":[\"https:\/\/vfmsfoundation.org\/es\/scientific-papers-alphabetical-list\/\"]}]},{\"@type\":\"ImageObject\",\"inLanguage\":\"es\",\"@id\":\"https:\/\/vfmsfoundation.org\/es\/scientific-papers-alphabetical-list\/#primaryimage\",\"url\":\"https:\/\/vfmsfoundation.org\/wp-content\/uploads\/2024\/04\/BBB.png\",\"contentUrl\":\"https:\/\/vfmsfoundation.org\/wp-content\/uploads\/2024\/04\/BBB.png\"},{\"@type\":\"BreadcrumbList\",\"@id\":\"https:\/\/vfmsfoundation.org\/es\/scientific-papers-alphabetical-list\/#breadcrumb\",\"itemListElement\":[{\"@type\":\"ListItem\",\"position\":1,\"name\":\"Portada\",\"item\":\"https:\/\/vfmsfoundation.org\/es\/\"},{\"@type\":\"ListItem\",\"position\":2,\"name\":\"LIST\"}]},{\"@type\":\"WebSite\",\"@id\":\"https:\/\/vfmsfoundation.org\/es\/#website\",\"url\":\"https:\/\/vfmsfoundation.org\/es\/\",\"name\":\"VFMS Foundation\",\"description\":\"Discover how the Valentin Fuster Mount Sinai Foundation is making a difference in global health.\",\"publisher\":{\"@id\":\"https:\/\/vfmsfoundation.org\/es\/#organization\"},\"potentialAction\":[{\"@type\":\"SearchAction\",\"target\":{\"@type\":\"EntryPoint\",\"urlTemplate\":\"https:\/\/vfmsfoundation.org\/es\/?s={search_term_string}\"},\"query-input\":{\"@type\":\"PropertyValueSpecification\",\"valueRequired\":true,\"valueName\":\"search_term_string\"}}],\"inLanguage\":\"es\"},{\"@type\":\"Organization\",\"@id\":\"https:\/\/vfmsfoundation.org\/es\/#organization\",\"name\":\"VFMS Foundation\",\"url\":\"https:\/\/vfmsfoundation.org\/es\/\",\"logo\":{\"@type\":\"ImageObject\",\"inLanguage\":\"es\",\"@id\":\"https:\/\/vfmsfoundation.org\/es\/#\/schema\/logo\/image\/\",\"url\":\"https:\/\/vfmsfoundation.org\/wp-content\/uploads\/2022\/11\/logo-cor-anim_2-1.gif\",\"contentUrl\":\"https:\/\/vfmsfoundation.org\/wp-content\/uploads\/2022\/11\/logo-cor-anim_2-1.gif\",\"width\":660,\"height\":200,\"caption\":\"VFMS Foundation\"},\"image\":{\"@id\":\"https:\/\/vfmsfoundation.org\/es\/#\/schema\/logo\/image\/\"}}]}<\/script>\n<!-- \/ Yoast SEO plugin. -->","yoast_head_json":{"title":"Alphabetical List of Scientific Papers - VFMS Foundation","description":"Explore the alphabetical list of scientific papers on VFMS. Browse through a diverse range of research topics and findings contributed by various authors and researchers.","robots":{"index":"index","follow":"follow","max-snippet":"max-snippet:-1","max-image-preview":"max-image-preview:large","max-video-preview":"max-video-preview:-1"},"canonical":"https:\/\/vfmsfoundation.org\/es\/scientific-papers-alphabetical-list\/","og_locale":"es_ES","og_type":"article","og_title":"Alphabetical List of Scientific Papers - VFMS Foundation","og_description":"Explore the alphabetical list of scientific papers on VFMS. Browse through a diverse range of research topics and findings contributed by various authors and researchers.","og_url":"https:\/\/vfmsfoundation.org\/es\/scientific-papers-alphabetical-list\/","og_site_name":"VFMS Foundation","article_modified_time":"2026-04-17T11:53:09+00:00","og_image":[{"url":"https:\/\/vfmsfoundation.org\/wp-content\/uploads\/2024\/04\/BBB.png"}],"twitter_card":"summary_large_image","twitter_misc":{"Tiempo de lectura":"5 minutos"},"schema":{"@context":"https:\/\/schema.org","@graph":[{"@type":"WebPage","@id":"https:\/\/vfmsfoundation.org\/es\/scientific-papers-alphabetical-list\/","url":"https:\/\/vfmsfoundation.org\/es\/scientific-papers-alphabetical-list\/","name":"Alphabetical List of Scientific Papers - VFMS Foundation","isPartOf":{"@id":"https:\/\/vfmsfoundation.org\/es\/#website"},"primaryImageOfPage":{"@id":"https:\/\/vfmsfoundation.org\/es\/scientific-papers-alphabetical-list\/#primaryimage"},"image":{"@id":"https:\/\/vfmsfoundation.org\/es\/scientific-papers-alphabetical-list\/#primaryimage"},"thumbnailUrl":"https:\/\/vfmsfoundation.org\/wp-content\/uploads\/2024\/04\/BBB.png","datePublished":"2024-03-27T11:42:04+00:00","dateModified":"2026-04-17T11:53:09+00:00","description":"Explore the alphabetical list of scientific papers on VFMS. Browse through a diverse range of research topics and findings contributed by various authors and researchers.","breadcrumb":{"@id":"https:\/\/vfmsfoundation.org\/es\/scientific-papers-alphabetical-list\/#breadcrumb"},"inLanguage":"es","potentialAction":[{"@type":"ReadAction","target":["https:\/\/vfmsfoundation.org\/es\/scientific-papers-alphabetical-list\/"]}]},{"@type":"ImageObject","inLanguage":"es","@id":"https:\/\/vfmsfoundation.org\/es\/scientific-papers-alphabetical-list\/#primaryimage","url":"https:\/\/vfmsfoundation.org\/wp-content\/uploads\/2024\/04\/BBB.png","contentUrl":"https:\/\/vfmsfoundation.org\/wp-content\/uploads\/2024\/04\/BBB.png"},{"@type":"BreadcrumbList","@id":"https:\/\/vfmsfoundation.org\/es\/scientific-papers-alphabetical-list\/#breadcrumb","itemListElement":[{"@type":"ListItem","position":1,"name":"Portada","item":"https:\/\/vfmsfoundation.org\/es\/"},{"@type":"ListItem","position":2,"name":"LIST"}]},{"@type":"WebSite","@id":"https:\/\/vfmsfoundation.org\/es\/#website","url":"https:\/\/vfmsfoundation.org\/es\/","name":"VFMS Foundation","description":"Discover how the Valentin Fuster Mount Sinai Foundation is making a difference in global health.","publisher":{"@id":"https:\/\/vfmsfoundation.org\/es\/#organization"},"potentialAction":[{"@type":"SearchAction","target":{"@type":"EntryPoint","urlTemplate":"https:\/\/vfmsfoundation.org\/es\/?s={search_term_string}"},"query-input":{"@type":"PropertyValueSpecification","valueRequired":true,"valueName":"search_term_string"}}],"inLanguage":"es"},{"@type":"Organization","@id":"https:\/\/vfmsfoundation.org\/es\/#organization","name":"VFMS Foundation","url":"https:\/\/vfmsfoundation.org\/es\/","logo":{"@type":"ImageObject","inLanguage":"es","@id":"https:\/\/vfmsfoundation.org\/es\/#\/schema\/logo\/image\/","url":"https:\/\/vfmsfoundation.org\/wp-content\/uploads\/2022\/11\/logo-cor-anim_2-1.gif","contentUrl":"https:\/\/vfmsfoundation.org\/wp-content\/uploads\/2022\/11\/logo-cor-anim_2-1.gif","width":660,"height":200,"caption":"VFMS Foundation"},"image":{"@id":"https:\/\/vfmsfoundation.org\/es\/#\/schema\/logo\/image\/"}}]}},"_links":{"self":[{"href":"https:\/\/vfmsfoundation.org\/es\/wp-json\/wp\/v2\/pages\/3209"}],"collection":[{"href":"https:\/\/vfmsfoundation.org\/es\/wp-json\/wp\/v2\/pages"}],"about":[{"href":"https:\/\/vfmsfoundation.org\/es\/wp-json\/wp\/v2\/types\/page"}],"author":[{"embeddable":true,"href":"https:\/\/vfmsfoundation.org\/es\/wp-json\/wp\/v2\/users\/1"}],"replies":[{"embeddable":true,"href":"https:\/\/vfmsfoundation.org\/es\/wp-json\/wp\/v2\/comments?post=3209"}],"version-history":[{"count":16,"href":"https:\/\/vfmsfoundation.org\/es\/wp-json\/wp\/v2\/pages\/3209\/revisions"}],"predecessor-version":[{"id":3503,"href":"https:\/\/vfmsfoundation.org\/es\/wp-json\/wp\/v2\/pages\/3209\/revisions\/3503"}],"wp:attachment":[{"href":"https:\/\/vfmsfoundation.org\/es\/wp-json\/wp\/v2\/media?parent=3209"}],"curies":[{"name":"wp","href":"https:\/\/api.w.org\/{rel}","templated":true}]}}