{"id":3213,"date":"2024-03-22T12:11:55","date_gmt":"2024-03-22T12:11:55","guid":{"rendered":"https:\/\/vfmsfoundation.org\/vision\/"},"modified":"2024-05-02T12:23:06","modified_gmt":"2024-05-02T12:23:06","slug":"vision","status":"publish","type":"page","link":"https:\/\/vfmsfoundation.org\/es\/vision\/","title":{"rendered":"VISI\u00d3N"},"content":{"rendered":"\t\t<div data-elementor-type=\"wp-page\" data-elementor-id=\"3213\" class=\"elementor elementor-3213 elementor-118\" data-elementor-post-type=\"page\">\n\t\t\t\t\t\t<section class=\"elementor-section elementor-top-section elementor-element elementor-element-15cb8fb elementor-reverse-mobile elementor-section-content-middle elementor-section-boxed elementor-section-height-default elementor-section-height-default\" data-id=\"15cb8fb\" data-element_type=\"section\">\n\t\t\t\t\t\t<div class=\"elementor-container elementor-column-gap-default\">\n\t\t\t\t\t<div class=\"elementor-column elementor-col-50 elementor-top-column elementor-element elementor-element-f4f2f30\" data-id=\"f4f2f30\" data-element_type=\"column\">\n\t\t\t<div class=\"elementor-widget-wrap elementor-element-populated\">\n\t\t\t\t\t\t<div class=\"elementor-element elementor-element-6971d86 elementor-widget elementor-widget-heading\" data-id=\"6971d86\" data-element_type=\"widget\" data-widget_type=\"heading.default\">\n\t\t\t\t<div class=\"elementor-widget-container\">\n\t\t\t<h1 class=\"elementor-heading-title elementor-size-default\">VISI\u00d3N<\/h1>\t\t<\/div>\n\t\t\t\t<\/div>\n\t\t\t\t<div class=\"elementor-element elementor-element-8baeb48 elementor-widget elementor-widget-heading\" data-id=\"8baeb48\" data-element_type=\"widget\" data-widget_type=\"heading.default\">\n\t\t\t\t<div class=\"elementor-widget-container\">\n\t\t\t<h2 class=\"elementor-heading-title elementor-size-default\">\u201cNOS CREEMOS INVULNERABLES A LA CARDIO EPIDEMIA, PERO NO HABR\u00c1 DINERO PARA SUFRAGAR SU TRATAMIENTO FUTURO.\u201d<\/h2>\t\t<\/div>\n\t\t\t\t<\/div>\n\t\t\t\t<div class=\"elementor-element elementor-element-21a8b9b elementor-widget elementor-widget-heading\" data-id=\"21a8b9b\" data-element_type=\"widget\" data-widget_type=\"heading.default\">\n\t\t\t\t<div class=\"elementor-widget-container\">\n\t\t\t<div class=\"elementor-heading-title elementor-size-default\"> Dr. Valent\u00edn Fuster<\/div>\t\t<\/div>\n\t\t\t\t<\/div>\n\t\t\t\t\t<\/div>\n\t\t<\/div>\n\t\t\t\t<div class=\"elementor-column elementor-col-50 elementor-top-column elementor-element elementor-element-8e6816a\" data-id=\"8e6816a\" data-element_type=\"column\">\n\t\t\t<div class=\"elementor-widget-wrap elementor-element-populated\">\n\t\t\t\t\t\t<div class=\"elementor-element elementor-element-fe49485 animated-slow elementor-invisible elementor-widget elementor-widget-image\" data-id=\"fe49485\" data-element_type=\"widget\" data-settings=\"{&quot;_animation&quot;:&quot;fadeIn&quot;}\" data-widget_type=\"image.default\">\n\t\t\t\t<div class=\"elementor-widget-container\">\n\t\t\t\t\t\t\t\t\t\t\t\t\t<img fetchpriority=\"high\" decoding=\"async\" width=\"460\" height=\"397\" src=\"https:\/\/vfmsfoundation.org\/wp-content\/uploads\/2024\/03\/cor_healthy_hearts_j-1-e1711461514257.png\" class=\"attachment-large size-large wp-image-204\" alt=\"HEALTY HEARTHS VISION\" srcset=\"https:\/\/vfmsfoundation.org\/wp-content\/uploads\/2024\/03\/cor_healthy_hearts_j-1-e1711461514257.png 460w, https:\/\/vfmsfoundation.org\/wp-content\/uploads\/2024\/03\/cor_healthy_hearts_j-1-e1711461514257-300x259.png 300w\" sizes=\"(max-width: 460px) 100vw, 460px\" \/>\t\t\t\t\t\t\t\t\t\t\t\t\t<\/div>\n\t\t\t\t<\/div>\n\t\t\t\t\t<\/div>\n\t\t<\/div>\n\t\t\t\t\t<\/div>\n\t\t<\/section>\n\t\t\t\t<section class=\"elementor-section elementor-top-section elementor-element elementor-element-d92f0c9 elementor-section-boxed elementor-section-height-default elementor-section-height-default\" data-id=\"d92f0c9\" data-element_type=\"section\">\n\t\t\t\t\t\t<div class=\"elementor-container elementor-column-gap-default\">\n\t\t\t\t\t<div class=\"elementor-column elementor-col-100 elementor-top-column elementor-element elementor-element-9168f29\" data-id=\"9168f29\" data-element_type=\"column\">\n\t\t\t<div class=\"elementor-widget-wrap elementor-element-populated\">\n\t\t\t\t\t\t<div class=\"elementor-element elementor-element-ba50491 elementor-widget-divider--view-line elementor-widget elementor-widget-divider\" data-id=\"ba50491\" data-element_type=\"widget\" data-widget_type=\"divider.default\">\n\t\t\t\t<div class=\"elementor-widget-container\">\n\t\t\t\t\t<div class=\"elementor-divider\">\n\t\t\t<span class=\"elementor-divider-separator\">\n\t\t\t\t\t\t<\/span>\n\t\t<\/div>\n\t\t\t\t<\/div>\n\t\t\t\t<\/div>\n\t\t\t\t\t<\/div>\n\t\t<\/div>\n\t\t\t\t\t<\/div>\n\t\t<\/section>\n\t\t\t\t<section class=\"elementor-section elementor-top-section elementor-element elementor-element-d6c9c50 elementor-section-boxed elementor-section-height-default elementor-section-height-default\" data-id=\"d6c9c50\" data-element_type=\"section\">\n\t\t\t\t\t\t<div class=\"elementor-container elementor-column-gap-default\">\n\t\t\t\t\t<div class=\"elementor-column elementor-col-100 elementor-top-column elementor-element elementor-element-2b363b6\" data-id=\"2b363b6\" data-element_type=\"column\">\n\t\t\t<div class=\"elementor-widget-wrap elementor-element-populated\">\n\t\t\t\t\t\t<div class=\"elementor-element elementor-element-b1f8000 elementor-widget elementor-widget-text-editor\" data-id=\"b1f8000\" data-element_type=\"widget\" data-widget_type=\"text-editor.default\">\n\t\t\t\t<div class=\"elementor-widget-container\">\n\t\t\t\t\t\t\t<div class=\"wpb_text_column wpb_content_element \">\n<div class=\"wpb_wrapper\">\n<p>La ciencia, la tecnolog\u00eda, la medicina han alcanzado grandes logros, enormes avances para proporcionar una vida de mayor calidad a m\u00e1s personas en todo el mundo.<\/p>\n<p><div class=\"ast-oembed-container \" style=\"height: 100%;\"><iframe title=\"CLIP 27 _o\" src=\"https:\/\/player.vimeo.com\/video\/171544856?dnt=1&amp;app_id=122963\" width=\"500\" height=\"281\" frameborder=\"0\" allow=\"autoplay; fullscreen; picture-in-picture; clipboard-write\"><\/iframe><\/div><\/p>\n<p>Pero nuestra sociedad moderna se enfrenta a nuevos retos en el \u00e1mbito de la salud, y la clave est\u00e1 en: la <strong> investigaci\u00f3n cient\u00edfica para la prevenci\u00f3n de las actuales enfermedades <\/strong> que, de no atajarse, supondr\u00e1n la bancarrota del sistema sanitario mundial.<\/p>\n<p>Ya en la actualidad los costes derivados del tratamiento de la pandemia que suponen las enfermedades cardiovasculares se han disparado en todos los pa\u00edses. En pocos a\u00f1os ser\u00e1 insostenible para cualquier sistema sanitario.<\/p>\n<p>La buena noticia es que podemos reducir este gasto y est\u00e1 en las manos de todos nosotros.<\/p>\n<p><strong>\u00bfC\u00f3mo? Concienci\u00e1ndonos y difundiendo el mensaje de prevenci\u00f3n. Tambi\u00e9n, contribuyendo filantr\u00f3picamente a la investigaci\u00f3n de la educaci\u00f3n en salud. En definitiva: haciendo propia esta visi\u00f3n para dibujar una sociedad m\u00e1s saludable y feliz sin riesgo de enfermedades cardiovasculares.<\/strong><\/p>\n<\/div>\n<\/div>\n\t\t\t\t\t\t<\/div>\n\t\t\t\t<\/div>\n\t\t\t\t<div class=\"elementor-element elementor-element-7505183 elementor-arrows-position-inside elementor-pagination-position-outside elementor-widget elementor-widget-image-carousel\" data-id=\"7505183\" data-element_type=\"widget\" data-settings=\"{&quot;slides_to_show&quot;:&quot;1&quot;,&quot;navigation&quot;:&quot;both&quot;,&quot;autoplay&quot;:&quot;yes&quot;,&quot;pause_on_hover&quot;:&quot;yes&quot;,&quot;pause_on_interaction&quot;:&quot;yes&quot;,&quot;autoplay_speed&quot;:5000,&quot;infinite&quot;:&quot;yes&quot;,&quot;effect&quot;:&quot;slide&quot;,&quot;speed&quot;:500}\" data-widget_type=\"image-carousel.default\">\n\t\t\t\t<div class=\"elementor-widget-container\">\n\t\t\t\t\t<div class=\"elementor-image-carousel-wrapper swiper\" dir=\"ltr\">\n\t\t\t<div class=\"elementor-image-carousel swiper-wrapper\" aria-live=\"off\">\n\t\t\t\t\t\t\t\t<div class=\"swiper-slide\" role=\"group\" aria-roledescription=\"slide\" aria-label=\"1 de 3\"><figure class=\"swiper-slide-inner\"><img decoding=\"async\" class=\"swiper-slide-image\" src=\"https:\/\/vfmsfoundation.org\/wp-content\/uploads\/2024\/03\/Valenti_Fuster_vision1.jpg\" alt=\"VALENTIN FUSTER CONFERENCIA\" \/><\/figure><\/div><div class=\"swiper-slide\" role=\"group\" aria-roledescription=\"slide\" aria-label=\"2 de 3\"><figure class=\"swiper-slide-inner\"><img decoding=\"async\" class=\"swiper-slide-image\" src=\"https:\/\/vfmsfoundation.org\/wp-content\/uploads\/2024\/03\/Valenti_Fuster_vision3.jpg\" alt=\"Valent\u00edn Fuster EN EL DESPACHO\" \/><\/figure><\/div><div class=\"swiper-slide\" role=\"group\" aria-roledescription=\"slide\" aria-label=\"3 de 3\"><figure class=\"swiper-slide-inner\"><img decoding=\"async\" class=\"swiper-slide-image\" src=\"https:\/\/vfmsfoundation.org\/wp-content\/uploads\/2024\/03\/Valenti_Fuster_vision2.jpg\" alt=\"Valent\u00edn Fuster EN EL DESPACHO\" \/><\/figure><\/div>\t\t\t<\/div>\n\t\t\t\t\t\t\t\t\t\t\t\t<div class=\"elementor-swiper-button elementor-swiper-button-prev\" role=\"button\" tabindex=\"0\">\n\t\t\t\t\t\t<i aria-hidden=\"true\" class=\"eicon-chevron-left\"><\/i>\t\t\t\t\t<\/div>\n\t\t\t\t\t<div class=\"elementor-swiper-button elementor-swiper-button-next\" role=\"button\" tabindex=\"0\">\n\t\t\t\t\t\t<i aria-hidden=\"true\" class=\"eicon-chevron-right\"><\/i>\t\t\t\t\t<\/div>\n\t\t\t\t\n\t\t\t\t\t\t\t\t\t<div class=\"swiper-pagination\"><\/div>\n\t\t\t\t\t\t\t\t\t<\/div>\n\t\t\t\t<\/div>\n\t\t\t\t<\/div>\n\t\t\t\t<div class=\"elementor-element elementor-element-42e0f38 elementor-widget elementor-widget-text-editor\" data-id=\"42e0f38\" data-element_type=\"widget\" data-widget_type=\"text-editor.default\">\n\t\t\t\t<div class=\"elementor-widget-container\">\n\t\t\t\t\t\t\t<div class=\"wpb_text_column wpb_content_element \">\n<div class=\"wpb_wrapper\">\n<p><span style=\"font-style: inherit; font-weight: inherit; color: var( --e-global-color-text ); font-family: var( --e-global-typography-text-font-family ), Sans-serif; background-color: var(--ast-global-color-5);\">La creencia general entre la poblaci\u00f3n es que \u201ca m\u00ed nunca me va a dar un infarto. Le puede pasar a cualquiera, pero no a m\u00ed.<\/span><\/p>\n<div class=\"wpb_text_column wpb_content_element nou_text\">\n<div class=\"wpb_wrapper\">\n<p>El Dr. Fuster est\u00e1 convencido de que hasta que no se produzca un cambio generalizado en nuestra forma de pensar, no nos desharemos de esta epidemia mundial.<\/p>\n<p>El Dr. Valent\u00edn Fuster inici\u00f3 su carrera profesional en la investigaci\u00f3n cient\u00edfica sobre una enfermedad que ya se estaba convirtiendo en la m\u00e1s mort\u00edfera: los ataques card\u00edacos.<\/p>\n<p>Como investigador, ten\u00eda que llegar a la ra\u00edz del problema: \u00bfQu\u00e9 causa un ataque card\u00edaco? \u00bfSe debe a un co\u00e1gulo sangu\u00edneo, o hay otra raz\u00f3n? De esta manera, pas\u00f3 de los co\u00e1gulos sangu\u00edneos a lo que, en realidad, los causa, es decir la arteriosclerosis, y, posteriormente, a las causas de la enfermedad arterioscler\u00f3tica: la conducta humana.<\/p>\n<\/div>\n<\/div>\n<div id=\"1466501679425-1236b7d2-b7dd\" class=\"vc_toggle vc_toggle_default vc_toggle_color_default vc_toggle_size_lg nou_text vc_custom_1507550606835 vc_toggle_active\">\n<div class=\"vc_toggle_content\">\n<p><strong>\u201cLa conducta humana es la base para resolver esta situaci\u00f3n\u201d, concluy\u00f3 el Dr. Fuster.<br \/>La siguiente pregunta que se hizo el Dr. Fuster fue: \u00bfPodemos cambiar la conducta humana en un per\u00edodo de tiempo determinado?<\/strong><\/p>\n<p>El gran cambio en la visi\u00f3n del Dr. Fuster en el tratamiento de las enfermedades cardiovasculares a nivel mundial se basa en tratar de cambiar la conducta humana a lo largo del tiempo, previniendo as\u00ed las enfermedades cardiovasculares de manera eficaz. De este modo, no estar\u00edamos hablando de tratar la enfermedad con grandes dosis de sufrimiento humano y medicamentos, adem\u00e1s de gastando recursos hospitalarios y presupuestarios, sino que estar\u00edamos hablando de SALUD humana, lo que es muy diferente.<\/p>\n<p><strong>El Dr. Fuster reconoce: \u201cHice una transici\u00f3n de investigador que profundiza en la enfermedad a investigador que profundiza en la salud. Creo en las personas. Me gusta mucho la gente. Ser un cient\u00edfico investigador en un laboratorio, aislado y sin ver a los pacientes nunca habr\u00eda funcionado en mi caso. As\u00ed que, desde el principio, he dedicado el 50% de mi tiempo de trabajo a la atenci\u00f3n al paciente y el otro 50% a la investigaci\u00f3n. Esto me ha resultado de gran ayuda, porque identifico problemas que luego puedo intentar resolver.\u201d<\/strong><\/p>\n<\/div>\n<\/div>\n<\/div>\n<\/div>\n\t\t\t\t\t\t<\/div>\n\t\t\t\t<\/div>\n\t\t\t\t\t<\/div>\n\t\t<\/div>\n\t\t\t\t\t<\/div>\n\t\t<\/section>\n\t\t\t\t<\/div>\n\t\t","protected":false},"excerpt":{"rendered":"<p>VISI\u00d3N \u201cNOS CREEMOS INVULNERABLES A LA CARDIO EPIDEMIA, PERO NO HABR\u00c1 DINERO PARA SUFRAGAR SU TRATAMIENTO FUTURO.\u201d Dr. Valent\u00edn Fuster La ciencia, la tecnolog\u00eda, la medicina han alcanzado grandes logros, enormes avances para proporcionar una vida de mayor calidad a m\u00e1s personas en todo el mundo. Pero nuestra sociedad moderna se enfrenta a nuevos retos [&hellip;]<\/p>\n","protected":false},"author":1,"featured_media":0,"parent":0,"menu_order":3,"comment_status":"closed","ping_status":"closed","template":"","meta":{"site-sidebar-layout":"no-sidebar","site-content-layout":"page-builder","ast-site-content-layout":"full-width-container","site-content-style":"default","site-sidebar-style":"default","ast-global-header-display":"","ast-banner-title-visibility":"","ast-main-header-display":"","ast-hfb-above-header-display":"","ast-hfb-below-header-display":"","ast-hfb-mobile-header-display":"","site-post-title":"disabled","ast-breadcrumbs-content":"","ast-featured-img":"disabled","footer-sml-layout":"","theme-transparent-header-meta":"default","adv-header-id-meta":"","stick-header-meta":"default","header-above-stick-meta":"","header-main-stick-meta":"","header-below-stick-meta":"","astra-migrate-meta-layouts":"default","ast-page-background-enabled":"default","ast-page-background-meta":{"desktop":{"background-color":"var(--ast-global-color-4)","background-image":"","background-repeat":"repeat","background-position":"center center","background-size":"auto","background-attachment":"scroll","background-type":"","background-media":"","overlay-type":"","overlay-color":"","overlay-opacity":"","overlay-gradient":""},"tablet":{"background-color":"","background-image":"","background-repeat":"repeat","background-position":"center center","background-size":"auto","background-attachment":"scroll","background-type":"","background-media":"","overlay-type":"","overlay-color":"","overlay-opacity":"","overlay-gradient":""},"mobile":{"background-color":"","background-image":"","background-repeat":"repeat","background-position":"center center","background-size":"auto","background-attachment":"scroll","background-type":"","background-media":"","overlay-type":"","overlay-color":"","overlay-opacity":"","overlay-gradient":""}},"ast-content-background-meta":{"desktop":{"background-color":"var(--ast-global-color-5)","background-image":"","background-repeat":"repeat","background-position":"center center","background-size":"auto","background-attachment":"scroll","background-type":"","background-media":"","overlay-type":"","overlay-color":"","overlay-opacity":"","overlay-gradient":""},"tablet":{"background-color":"var(--ast-global-color-5)","background-image":"","background-repeat":"repeat","background-position":"center center","background-size":"auto","background-attachment":"scroll","background-type":"","background-media":"","overlay-type":"","overlay-color":"","overlay-opacity":"","overlay-gradient":""},"mobile":{"background-color":"var(--ast-global-color-5)","background-image":"","background-repeat":"repeat","background-position":"center center","background-size":"auto","background-attachment":"scroll","background-type":"","background-media":"","overlay-type":"","overlay-color":"","overlay-opacity":"","overlay-gradient":""}},"footnotes":""},"class_list":["post-3213","page","type-page","status-publish","hentry"],"yoast_head":"<!-- This site is optimized with the Yoast SEO plugin v23.5 - https:\/\/yoast.com\/wordpress\/plugins\/seo\/ -->\n<title>Un futuro saludable con la Fundaci\u00f3n VFMS<\/title>\n<meta name=\"description\" content=\"Conozca c\u00f3mo la Fundaci\u00f3n VFMS se compromete a prevenir las enfermedades cardiovasculares.\" \/>\n<meta name=\"robots\" content=\"index, follow, max-snippet:-1, max-image-preview:large, max-video-preview:-1\" \/>\n<link rel=\"canonical\" href=\"https:\/\/vfmsfoundation.org\/es\/vision\/\" \/>\n<meta property=\"og:locale\" content=\"es_ES\" \/>\n<meta property=\"og:type\" content=\"article\" \/>\n<meta property=\"og:title\" content=\"Un futuro saludable con la Fundaci\u00f3n VFMS\" \/>\n<meta property=\"og:description\" content=\"Conozca c\u00f3mo la Fundaci\u00f3n VFMS se compromete a prevenir las enfermedades cardiovasculares.\" \/>\n<meta property=\"og:url\" content=\"https:\/\/vfmsfoundation.org\/es\/vision\/\" \/>\n<meta property=\"og:site_name\" content=\"VFMS Foundation\" \/>\n<meta property=\"article:modified_time\" content=\"2024-05-02T12:23:06+00:00\" \/>\n<meta property=\"og:image\" content=\"https:\/\/vfmsfoundation.org\/wp-content\/uploads\/2024\/03\/cor_healthy_hearts_j-1-e1711461514257.png\" \/>\n<meta name=\"twitter:card\" content=\"summary_large_image\" \/>\n<meta name=\"twitter:label1\" content=\"Tiempo de lectura\" \/>\n\t<meta name=\"twitter:data1\" content=\"3 minutos\" \/>\n<script type=\"application\/ld+json\" class=\"yoast-schema-graph\">{\"@context\":\"https:\/\/schema.org\",\"@graph\":[{\"@type\":\"WebPage\",\"@id\":\"https:\/\/vfmsfoundation.org\/es\/vision\/\",\"url\":\"https:\/\/vfmsfoundation.org\/es\/vision\/\",\"name\":\"Un futuro saludable con la Fundaci\u00f3n VFMS\",\"isPartOf\":{\"@id\":\"https:\/\/vfmsfoundation.org\/es\/#website\"},\"primaryImageOfPage\":{\"@id\":\"https:\/\/vfmsfoundation.org\/es\/vision\/#primaryimage\"},\"image\":{\"@id\":\"https:\/\/vfmsfoundation.org\/es\/vision\/#primaryimage\"},\"thumbnailUrl\":\"https:\/\/vfmsfoundation.org\/wp-content\/uploads\/2024\/03\/cor_healthy_hearts_j-1-e1711461514257.png\",\"datePublished\":\"2024-03-22T12:11:55+00:00\",\"dateModified\":\"2024-05-02T12:23:06+00:00\",\"description\":\"Conozca c\u00f3mo la Fundaci\u00f3n VFMS se compromete a prevenir las enfermedades cardiovasculares.\",\"breadcrumb\":{\"@id\":\"https:\/\/vfmsfoundation.org\/es\/vision\/#breadcrumb\"},\"inLanguage\":\"es\",\"potentialAction\":[{\"@type\":\"ReadAction\",\"target\":[\"https:\/\/vfmsfoundation.org\/es\/vision\/\"]}]},{\"@type\":\"ImageObject\",\"inLanguage\":\"es\",\"@id\":\"https:\/\/vfmsfoundation.org\/es\/vision\/#primaryimage\",\"url\":\"https:\/\/vfmsfoundation.org\/wp-content\/uploads\/2024\/03\/cor_healthy_hearts_j-1-e1711461514257.png\",\"contentUrl\":\"https:\/\/vfmsfoundation.org\/wp-content\/uploads\/2024\/03\/cor_healthy_hearts_j-1-e1711461514257.png\"},{\"@type\":\"BreadcrumbList\",\"@id\":\"https:\/\/vfmsfoundation.org\/es\/vision\/#breadcrumb\",\"itemListElement\":[{\"@type\":\"ListItem\",\"position\":1,\"name\":\"Portada\",\"item\":\"https:\/\/vfmsfoundation.org\/es\/\"},{\"@type\":\"ListItem\",\"position\":2,\"name\":\"VISI\u00d3N\"}]},{\"@type\":\"WebSite\",\"@id\":\"https:\/\/vfmsfoundation.org\/es\/#website\",\"url\":\"https:\/\/vfmsfoundation.org\/es\/\",\"name\":\"VFMS Foundation\",\"description\":\"Discover how the Valentin Fuster Mount Sinai Foundation is making a difference in global health.\",\"publisher\":{\"@id\":\"https:\/\/vfmsfoundation.org\/es\/#organization\"},\"potentialAction\":[{\"@type\":\"SearchAction\",\"target\":{\"@type\":\"EntryPoint\",\"urlTemplate\":\"https:\/\/vfmsfoundation.org\/es\/?s={search_term_string}\"},\"query-input\":{\"@type\":\"PropertyValueSpecification\",\"valueRequired\":true,\"valueName\":\"search_term_string\"}}],\"inLanguage\":\"es\"},{\"@type\":\"Organization\",\"@id\":\"https:\/\/vfmsfoundation.org\/es\/#organization\",\"name\":\"VFMS Foundation\",\"url\":\"https:\/\/vfmsfoundation.org\/es\/\",\"logo\":{\"@type\":\"ImageObject\",\"inLanguage\":\"es\",\"@id\":\"https:\/\/vfmsfoundation.org\/es\/#\/schema\/logo\/image\/\",\"url\":\"https:\/\/vfmsfoundation.org\/wp-content\/uploads\/2022\/11\/logo-cor-anim_2-1.gif\",\"contentUrl\":\"https:\/\/vfmsfoundation.org\/wp-content\/uploads\/2022\/11\/logo-cor-anim_2-1.gif\",\"width\":660,\"height\":200,\"caption\":\"VFMS Foundation\"},\"image\":{\"@id\":\"https:\/\/vfmsfoundation.org\/es\/#\/schema\/logo\/image\/\"}}]}<\/script>\n<!-- \/ Yoast SEO plugin. -->","yoast_head_json":{"title":"Un futuro saludable con la Fundaci\u00f3n VFMS","description":"Conozca c\u00f3mo la Fundaci\u00f3n VFMS se compromete a prevenir las enfermedades cardiovasculares.","robots":{"index":"index","follow":"follow","max-snippet":"max-snippet:-1","max-image-preview":"max-image-preview:large","max-video-preview":"max-video-preview:-1"},"canonical":"https:\/\/vfmsfoundation.org\/es\/vision\/","og_locale":"es_ES","og_type":"article","og_title":"Un futuro saludable con la Fundaci\u00f3n VFMS","og_description":"Conozca c\u00f3mo la Fundaci\u00f3n VFMS se compromete a prevenir las enfermedades cardiovasculares.","og_url":"https:\/\/vfmsfoundation.org\/es\/vision\/","og_site_name":"VFMS Foundation","article_modified_time":"2024-05-02T12:23:06+00:00","og_image":[{"url":"https:\/\/vfmsfoundation.org\/wp-content\/uploads\/2024\/03\/cor_healthy_hearts_j-1-e1711461514257.png"}],"twitter_card":"summary_large_image","twitter_misc":{"Tiempo de lectura":"3 minutos"},"schema":{"@context":"https:\/\/schema.org","@graph":[{"@type":"WebPage","@id":"https:\/\/vfmsfoundation.org\/es\/vision\/","url":"https:\/\/vfmsfoundation.org\/es\/vision\/","name":"Un futuro saludable con la Fundaci\u00f3n VFMS","isPartOf":{"@id":"https:\/\/vfmsfoundation.org\/es\/#website"},"primaryImageOfPage":{"@id":"https:\/\/vfmsfoundation.org\/es\/vision\/#primaryimage"},"image":{"@id":"https:\/\/vfmsfoundation.org\/es\/vision\/#primaryimage"},"thumbnailUrl":"https:\/\/vfmsfoundation.org\/wp-content\/uploads\/2024\/03\/cor_healthy_hearts_j-1-e1711461514257.png","datePublished":"2024-03-22T12:11:55+00:00","dateModified":"2024-05-02T12:23:06+00:00","description":"Conozca c\u00f3mo la Fundaci\u00f3n VFMS se compromete a prevenir las enfermedades cardiovasculares.","breadcrumb":{"@id":"https:\/\/vfmsfoundation.org\/es\/vision\/#breadcrumb"},"inLanguage":"es","potentialAction":[{"@type":"ReadAction","target":["https:\/\/vfmsfoundation.org\/es\/vision\/"]}]},{"@type":"ImageObject","inLanguage":"es","@id":"https:\/\/vfmsfoundation.org\/es\/vision\/#primaryimage","url":"https:\/\/vfmsfoundation.org\/wp-content\/uploads\/2024\/03\/cor_healthy_hearts_j-1-e1711461514257.png","contentUrl":"https:\/\/vfmsfoundation.org\/wp-content\/uploads\/2024\/03\/cor_healthy_hearts_j-1-e1711461514257.png"},{"@type":"BreadcrumbList","@id":"https:\/\/vfmsfoundation.org\/es\/vision\/#breadcrumb","itemListElement":[{"@type":"ListItem","position":1,"name":"Portada","item":"https:\/\/vfmsfoundation.org\/es\/"},{"@type":"ListItem","position":2,"name":"VISI\u00d3N"}]},{"@type":"WebSite","@id":"https:\/\/vfmsfoundation.org\/es\/#website","url":"https:\/\/vfmsfoundation.org\/es\/","name":"VFMS Foundation","description":"Discover how the Valentin Fuster Mount Sinai Foundation is making a difference in global health.","publisher":{"@id":"https:\/\/vfmsfoundation.org\/es\/#organization"},"potentialAction":[{"@type":"SearchAction","target":{"@type":"EntryPoint","urlTemplate":"https:\/\/vfmsfoundation.org\/es\/?s={search_term_string}"},"query-input":{"@type":"PropertyValueSpecification","valueRequired":true,"valueName":"search_term_string"}}],"inLanguage":"es"},{"@type":"Organization","@id":"https:\/\/vfmsfoundation.org\/es\/#organization","name":"VFMS Foundation","url":"https:\/\/vfmsfoundation.org\/es\/","logo":{"@type":"ImageObject","inLanguage":"es","@id":"https:\/\/vfmsfoundation.org\/es\/#\/schema\/logo\/image\/","url":"https:\/\/vfmsfoundation.org\/wp-content\/uploads\/2022\/11\/logo-cor-anim_2-1.gif","contentUrl":"https:\/\/vfmsfoundation.org\/wp-content\/uploads\/2022\/11\/logo-cor-anim_2-1.gif","width":660,"height":200,"caption":"VFMS Foundation"},"image":{"@id":"https:\/\/vfmsfoundation.org\/es\/#\/schema\/logo\/image\/"}}]}},"_links":{"self":[{"href":"https:\/\/vfmsfoundation.org\/es\/wp-json\/wp\/v2\/pages\/3213"}],"collection":[{"href":"https:\/\/vfmsfoundation.org\/es\/wp-json\/wp\/v2\/pages"}],"about":[{"href":"https:\/\/vfmsfoundation.org\/es\/wp-json\/wp\/v2\/types\/page"}],"author":[{"embeddable":true,"href":"https:\/\/vfmsfoundation.org\/es\/wp-json\/wp\/v2\/users\/1"}],"replies":[{"embeddable":true,"href":"https:\/\/vfmsfoundation.org\/es\/wp-json\/wp\/v2\/comments?post=3213"}],"version-history":[{"count":3,"href":"https:\/\/vfmsfoundation.org\/es\/wp-json\/wp\/v2\/pages\/3213\/revisions"}],"predecessor-version":[{"id":3227,"href":"https:\/\/vfmsfoundation.org\/es\/wp-json\/wp\/v2\/pages\/3213\/revisions\/3227"}],"wp:attachment":[{"href":"https:\/\/vfmsfoundation.org\/es\/wp-json\/wp\/v2\/media?parent=3213"}],"curies":[{"name":"wp","href":"https:\/\/api.w.org\/{rel}","templated":true}]}}