{"id":3215,"date":"2024-03-22T12:09:46","date_gmt":"2024-03-22T12:09:46","guid":{"rendered":"https:\/\/vfmsfoundation.org\/promesa\/"},"modified":"2024-05-07T06:42:21","modified_gmt":"2024-05-07T06:42:21","slug":"pledge","status":"publish","type":"page","link":"https:\/\/vfmsfoundation.org\/es\/pledge\/","title":{"rendered":"COMPROMISO"},"content":{"rendered":"\t\t<div data-elementor-type=\"wp-page\" data-elementor-id=\"3215\" class=\"elementor elementor-3215 elementor-112\" data-elementor-post-type=\"page\">\n\t\t\t\t\t\t<section class=\"elementor-section elementor-top-section elementor-element elementor-element-30757626 elementor-section-boxed elementor-section-height-default elementor-section-height-default\" data-id=\"30757626\" data-element_type=\"section\">\n\t\t\t\t\t\t<div class=\"elementor-container elementor-column-gap-default\">\n\t\t\t\t\t<div class=\"elementor-column elementor-col-100 elementor-top-column elementor-element elementor-element-34e568ae\" data-id=\"34e568ae\" data-element_type=\"column\">\n\t\t\t<div class=\"elementor-widget-wrap elementor-element-populated\">\n\t\t\t\t\t\t<div class=\"elementor-element elementor-element-7e05dafc elementor-widget elementor-widget-heading\" data-id=\"7e05dafc\" data-element_type=\"widget\" data-widget_type=\"heading.default\">\n\t\t\t\t<div class=\"elementor-widget-container\">\n\t\t\t<h1 class=\"elementor-heading-title elementor-size-default\">COMPROMISO<\/h1>\t\t<\/div>\n\t\t\t\t<\/div>\n\t\t\t\t<section class=\"elementor-section elementor-inner-section elementor-element elementor-element-c662b44 elementor-section-boxed elementor-section-height-default elementor-section-height-default\" data-id=\"c662b44\" data-element_type=\"section\">\n\t\t\t\t\t\t<div class=\"elementor-container elementor-column-gap-default\">\n\t\t\t\t\t<div class=\"elementor-column elementor-col-50 elementor-inner-column elementor-element elementor-element-e7686f5\" data-id=\"e7686f5\" data-element_type=\"column\">\n\t\t\t<div class=\"elementor-widget-wrap elementor-element-populated\">\n\t\t\t\t\t\t<div class=\"elementor-element elementor-element-7779022 elementor-widget elementor-widget-image\" data-id=\"7779022\" data-element_type=\"widget\" data-widget_type=\"image.default\">\n\t\t\t\t<div class=\"elementor-widget-container\">\n\t\t\t\t\t\t\t\t\t\t\t\t\t<img decoding=\"async\" width=\"180\" height=\"183\" src=\"https:\/\/vfmsfoundation.org\/wp-content\/uploads\/2024\/03\/fuster_j.png\" class=\"attachment-large size-large wp-image-858\" alt=\"Sr. Valent\u00edn fuster\" \/>\t\t\t\t\t\t\t\t\t\t\t\t\t<\/div>\n\t\t\t\t<\/div>\n\t\t\t\t\t<\/div>\n\t\t<\/div>\n\t\t\t\t<div class=\"elementor-column elementor-col-50 elementor-inner-column elementor-element elementor-element-4ddbe77\" data-id=\"4ddbe77\" data-element_type=\"column\">\n\t\t\t<div class=\"elementor-widget-wrap elementor-element-populated\">\n\t\t\t\t\t\t<div class=\"elementor-element elementor-element-e6a5aa9 elementor-widget elementor-widget-text-editor\" data-id=\"e6a5aa9\" data-element_type=\"widget\" data-widget_type=\"text-editor.default\">\n\t\t\t\t<div class=\"elementor-widget-container\">\n\t\t\t\t\t\t\t<div class=\"wpb_column vc_column_container vc_col-sm-3\">\n<div class=\"vc_column-inner vc_custom_1482950817548\">\n<div class=\"wpb_wrapper\">\n<div class=\"ts-image-full-container\">\n<div id=\"ts-vcsc-image-full-8005636\" class=\"ts-image-full-frame fullwidth\" data-svgshape=\"false\" data-random=\"8005636\" data-blur=\"0\" data-inline=\"false\" data-index=\"0\" data-marginleft=\"20\" data-marginright=\"30\" data-image=\"https:\/\/vfmsfoundation.org\/wp-content\/uploads\/2016\/09\/fuster_j.png\" data-break-parents=\"3\" data-allowx=\"false\" data-movex=\"20\" data-allowy=\"false\" data-movey=\"20\"> <\/div>\n<\/div>\n<\/div>\n<\/div>\n<\/div>\n<div class=\"wpb_column vc_column_container vc_col-sm-8\">\n<div class=\"vc_column-inner vc_custom_1482913407888\">\n<div class=\"wpb_wrapper\">\n<div class=\"wpb_text_column wpb_content_element vc_custom_1646660771318 valentin\">\n<div class=\"wpb_wrapper\">\n<h2><strong>VALENT\u00cdN FUSTER:<\/strong><br \/><strong>MI COMPROMISO<\/strong><\/h2>\n<h3><strong>El futuro de nuestro mundo est\u00e1 en los corazones de nuestros ni\u00f1os<\/strong><\/h3>\n<p>\u00danase a m\u00ed para mejorar la salud card\u00edaca mundial<\/p>\n<\/div>\n<\/div>\n<\/div>\n<\/div>\n<\/div>\n\t\t\t\t\t\t<\/div>\n\t\t\t\t<\/div>\n\t\t\t\t\t<\/div>\n\t\t<\/div>\n\t\t\t\t\t<\/div>\n\t\t<\/section>\n\t\t\t\t<div class=\"elementor-element elementor-element-529bcc8e elementor-widget elementor-widget-text-editor\" data-id=\"529bcc8e\" data-element_type=\"widget\" data-widget_type=\"text-editor.default\">\n\t\t\t\t<div class=\"elementor-widget-container\">\n\t\t\t\t\t\t\t<p>Apreciado socio de Global Health Promotion:<\/p>\n<p>Durante m\u00e1s de cuarenta a\u00f1os, he dedicado mis investigaciones y mi actividad en la atenci\u00f3n cl\u00ednica a la promoci\u00f3n de la salud card\u00edaca. Mi trabajo me ha llevado a comunidades de todo el mundo donde he trabajado estrechamente con ni\u00f1os y adultos, en cl\u00ednicas y hospitales, as\u00ed como en diversos programas y escuelas.<\/p>\n<p>De Bogot\u00e1 a Madrid, pasando por Kenia, a lo largo de Grenada, en el centro urbano de Harlem y por las calles de Cardona, he evaluado y atendido a distintos pacientes en diversas etapas de la vida y con diferentes estados de salud: algunos aquejados de enfermedades cardiovasculares que afrontan los retos del d\u00eda a d\u00eda para el control de su salud, y otros, todav\u00eda j\u00f3venes \u2014antes de que la enfermedad card\u00edaca les llegue sin darse cuenta\u2014, etapa en la que, como seres humanos, somos m\u00e1s impresionables y en la que es m\u00e1s f\u00e1cil establecer h\u00e1bitos saludables para toda la vida.<\/p>\n<p>Mi trabajo se fundamenta en la certeza de que la educaci\u00f3n basada en la ciencia es, y debe seguir siendo, un componente clave de la promoci\u00f3n y la mejora de la salud. Creo firmemente que para promover la salud del coraz\u00f3n a nivel mundial, debemos comenzar humildemente dentro de nuestras comunidades y, si funciona, seguir con la difusi\u00f3n.<\/p>\n<p>A trav\u00e9s de toda mi investigaci\u00f3n, cada vez parece m\u00e1s claro que, para eliminar las enfermedades cardiovasculares y provocar un verdadero cambio generalizado a largo plazo, se requiere una transformaci\u00f3n. Para erradicar las cardiopat\u00edas podr\u00edamos comenzar por la implementaci\u00f3n de una educaci\u00f3n temprana sobre la salud, basada en la ciencia, en ni\u00f1os de 3 a 5 a\u00f1os de edad.<\/p>\n<p>El objetivo de mis descubrimientos es que los gobiernos de todo el mundo adopten esta visi\u00f3n de la educaci\u00f3n y la promoci\u00f3n de la salud para que cada comunidad pueda experimentar los beneficios que puede tener una educaci\u00f3n basada en la ciencia para la salud.<\/p>\n<p>\u00danase a mis esfuerzos por mejorar los programas de educaci\u00f3n temprana sobre la salud para que nuestros ni\u00f1os puedan vivir en un mundo libre de cardiopat\u00edas. Firme el compromiso adjunto si desea formar parte de estos esfuerzos.<\/p>\n<p><strong>Valent\u00edn Fuster, MD, PhD<\/strong><br \/>Director, Mount Sinai Hear<br \/>Hospital Monte Sina\u00ed<\/p>\n<ul>\n<li>Creo que todos los seres humanos estamos en riesgo de desarrollar una cardiopat\u00eda.<\/li>\n<li>Creo que la sociedad actual se cree invulnerable a las enfermedades cardiovasculares.<\/li>\n<li>Creo que, pese a los avances y a los miles de millones de d\u00f3lares invertidos en la atenci\u00f3n sanitaria, la enfermedad cardiovascular sigue en aumento debido a una educaci\u00f3n incompleta y a unos malos h\u00e1bitos sanitarios arraigados.<\/li>\n<li>Creo que la investigaci\u00f3n cient\u00edfica y m\u00e9dica debe inspirar la creaci\u00f3n de herramientas educativas que hagan m\u00e1s accesible la informaci\u00f3n para reducir las cardiopat\u00edas a escala mundial.<\/li>\n<li>Creo que cambiar h\u00e1bitos de nuestro estilo de vida es la \u00fanica forma de evitar la propagaci\u00f3n de la enfermedad cardiovascular.<\/li>\n<li>Creo que nuestra mejor oportunidad para cambiar los h\u00e1bitos de la poblaci\u00f3n y detener esta tendencia est\u00e1 en los ni\u00f1os y en sus familias.<\/li>\n<li>Creo que es posible reducir las cardiopat\u00edas mediante una educaci\u00f3n sanitaria temprana entre ni\u00f1os de 3 a 5 a\u00f1os para conseguir unos h\u00e1bitos saludables y una mejora de la calidad de vida.<\/li>\n<li>Creo que la promoci\u00f3n de la salud mundial debe abordarse de manera positiva a trav\u00e9s de una educaci\u00f3n sanitaria temprana y recurrente, la introducci\u00f3n de nuevas herramientas educativas y una mayor concienciaci\u00f3n de la sociedad en cuanto al desarrollo de la cardiopat\u00eda.<\/li>\n<\/ul>\n\t\t\t\t\t\t<\/div>\n\t\t\t\t<\/div>\n\t\t\t\t\t<\/div>\n\t\t<\/div>\n\t\t\t\t\t<\/div>\n\t\t<\/section>\n\t\t\t\t<\/div>\n\t\t","protected":false},"excerpt":{"rendered":"<p>COMPROMISO VALENT\u00cdN FUSTER:MI COMPROMISO El futuro de nuestro mundo est\u00e1 en los corazones de nuestros ni\u00f1os \u00danase a m\u00ed para mejorar la salud card\u00edaca mundial Apreciado socio de Global Health Promotion: Durante m\u00e1s de cuarenta a\u00f1os, he dedicado mis investigaciones y mi actividad en la atenci\u00f3n cl\u00ednica a la promoci\u00f3n de la salud card\u00edaca. Mi [&hellip;]<\/p>\n","protected":false},"author":1,"featured_media":0,"parent":0,"menu_order":4,"comment_status":"closed","ping_status":"closed","template":"","meta":{"site-sidebar-layout":"no-sidebar","site-content-layout":"page-builder","ast-site-content-layout":"full-width-container","site-content-style":"default","site-sidebar-style":"default","ast-global-header-display":"","ast-banner-title-visibility":"","ast-main-header-display":"","ast-hfb-above-header-display":"","ast-hfb-below-header-display":"","ast-hfb-mobile-header-display":"","site-post-title":"disabled","ast-breadcrumbs-content":"","ast-featured-img":"disabled","footer-sml-layout":"","theme-transparent-header-meta":"default","adv-header-id-meta":"","stick-header-meta":"default","header-above-stick-meta":"","header-main-stick-meta":"","header-below-stick-meta":"","astra-migrate-meta-layouts":"set","ast-page-background-enabled":"default","ast-page-background-meta":{"desktop":{"background-color":"var(--ast-global-color-4)","background-image":"","background-repeat":"repeat","background-position":"center center","background-size":"auto","background-attachment":"scroll","background-type":"","background-media":"","overlay-type":"","overlay-color":"","overlay-opacity":"","overlay-gradient":""},"tablet":{"background-color":"","background-image":"","background-repeat":"repeat","background-position":"center center","background-size":"auto","background-attachment":"scroll","background-type":"","background-media":"","overlay-type":"","overlay-color":"","overlay-opacity":"","overlay-gradient":""},"mobile":{"background-color":"","background-image":"","background-repeat":"repeat","background-position":"center center","background-size":"auto","background-attachment":"scroll","background-type":"","background-media":"","overlay-type":"","overlay-color":"","overlay-opacity":"","overlay-gradient":""}},"ast-content-background-meta":{"desktop":{"background-color":"var(--ast-global-color-5)","background-image":"","background-repeat":"repeat","background-position":"center center","background-size":"auto","background-attachment":"scroll","background-type":"","background-media":"","overlay-type":"","overlay-color":"","overlay-opacity":"","overlay-gradient":""},"tablet":{"background-color":"var(--ast-global-color-5)","background-image":"","background-repeat":"repeat","background-position":"center center","background-size":"auto","background-attachment":"scroll","background-type":"","background-media":"","overlay-type":"","overlay-color":"","overlay-opacity":"","overlay-gradient":""},"mobile":{"background-color":"var(--ast-global-color-5)","background-image":"","background-repeat":"repeat","background-position":"center center","background-size":"auto","background-attachment":"scroll","background-type":"","background-media":"","overlay-type":"","overlay-color":"","overlay-opacity":"","overlay-gradient":""}},"footnotes":""},"class_list":["post-3215","page","type-page","status-publish","hentry"],"yoast_head":"<!-- This site is optimized with the Yoast SEO plugin v23.5 - https:\/\/yoast.com\/wordpress\/plugins\/seo\/ -->\n<title>\u00danase a nuestra causa: haga su compromiso |<\/title>\n<meta name=\"description\" content=\"Sea parte del movimiento para promover la salud global. Make your pledge today at VFMS Foundation! \u00a1Haga su promesa hoy en la Fundaci\u00f3n VFMS!\" \/>\n<meta name=\"robots\" content=\"index, follow, max-snippet:-1, max-image-preview:large, max-video-preview:-1\" \/>\n<link rel=\"canonical\" href=\"https:\/\/vfmsfoundation.org\/es\/pledge\/\" \/>\n<meta property=\"og:locale\" content=\"es_ES\" \/>\n<meta property=\"og:type\" content=\"article\" \/>\n<meta property=\"og:title\" content=\"\u00danase a nuestra causa: haga su compromiso |\" \/>\n<meta property=\"og:description\" content=\"Sea parte del movimiento para promover la salud global. Make your pledge today at VFMS Foundation! \u00a1Haga su promesa hoy en la Fundaci\u00f3n VFMS!\" \/>\n<meta property=\"og:url\" content=\"https:\/\/vfmsfoundation.org\/es\/pledge\/\" \/>\n<meta property=\"og:site_name\" content=\"VFMS Foundation\" \/>\n<meta property=\"article:modified_time\" content=\"2024-05-07T06:42:21+00:00\" \/>\n<meta property=\"og:image\" content=\"https:\/\/vfmsfoundation.org\/wp-content\/uploads\/2024\/03\/fuster_j.png\" \/>\n<meta name=\"twitter:card\" content=\"summary_large_image\" \/>\n<meta name=\"twitter:label1\" content=\"Tiempo de lectura\" \/>\n\t<meta name=\"twitter:data1\" content=\"3 minutos\" \/>\n<script type=\"application\/ld+json\" class=\"yoast-schema-graph\">{\"@context\":\"https:\/\/schema.org\",\"@graph\":[{\"@type\":\"WebPage\",\"@id\":\"https:\/\/vfmsfoundation.org\/es\/pledge\/\",\"url\":\"https:\/\/vfmsfoundation.org\/es\/pledge\/\",\"name\":\"\u00danase a nuestra causa: haga su compromiso |\",\"isPartOf\":{\"@id\":\"https:\/\/vfmsfoundation.org\/es\/#website\"},\"primaryImageOfPage\":{\"@id\":\"https:\/\/vfmsfoundation.org\/es\/pledge\/#primaryimage\"},\"image\":{\"@id\":\"https:\/\/vfmsfoundation.org\/es\/pledge\/#primaryimage\"},\"thumbnailUrl\":\"https:\/\/vfmsfoundation.org\/wp-content\/uploads\/2024\/03\/fuster_j.png\",\"datePublished\":\"2024-03-22T12:09:46+00:00\",\"dateModified\":\"2024-05-07T06:42:21+00:00\",\"description\":\"Sea parte del movimiento para promover la salud global. Make your pledge today at VFMS Foundation! \u00a1Haga su promesa hoy en la Fundaci\u00f3n VFMS!\",\"breadcrumb\":{\"@id\":\"https:\/\/vfmsfoundation.org\/es\/pledge\/#breadcrumb\"},\"inLanguage\":\"es\",\"potentialAction\":[{\"@type\":\"ReadAction\",\"target\":[\"https:\/\/vfmsfoundation.org\/es\/pledge\/\"]}]},{\"@type\":\"ImageObject\",\"inLanguage\":\"es\",\"@id\":\"https:\/\/vfmsfoundation.org\/es\/pledge\/#primaryimage\",\"url\":\"https:\/\/vfmsfoundation.org\/wp-content\/uploads\/2024\/03\/fuster_j.png\",\"contentUrl\":\"https:\/\/vfmsfoundation.org\/wp-content\/uploads\/2024\/03\/fuster_j.png\"},{\"@type\":\"BreadcrumbList\",\"@id\":\"https:\/\/vfmsfoundation.org\/es\/pledge\/#breadcrumb\",\"itemListElement\":[{\"@type\":\"ListItem\",\"position\":1,\"name\":\"Portada\",\"item\":\"https:\/\/vfmsfoundation.org\/es\/\"},{\"@type\":\"ListItem\",\"position\":2,\"name\":\"COMPROMISO\"}]},{\"@type\":\"WebSite\",\"@id\":\"https:\/\/vfmsfoundation.org\/es\/#website\",\"url\":\"https:\/\/vfmsfoundation.org\/es\/\",\"name\":\"VFMS Foundation\",\"description\":\"Discover how the Valentin Fuster Mount Sinai Foundation is making a difference in global health.\",\"publisher\":{\"@id\":\"https:\/\/vfmsfoundation.org\/es\/#organization\"},\"potentialAction\":[{\"@type\":\"SearchAction\",\"target\":{\"@type\":\"EntryPoint\",\"urlTemplate\":\"https:\/\/vfmsfoundation.org\/es\/?s={search_term_string}\"},\"query-input\":{\"@type\":\"PropertyValueSpecification\",\"valueRequired\":true,\"valueName\":\"search_term_string\"}}],\"inLanguage\":\"es\"},{\"@type\":\"Organization\",\"@id\":\"https:\/\/vfmsfoundation.org\/es\/#organization\",\"name\":\"VFMS Foundation\",\"url\":\"https:\/\/vfmsfoundation.org\/es\/\",\"logo\":{\"@type\":\"ImageObject\",\"inLanguage\":\"es\",\"@id\":\"https:\/\/vfmsfoundation.org\/es\/#\/schema\/logo\/image\/\",\"url\":\"https:\/\/vfmsfoundation.org\/wp-content\/uploads\/2022\/11\/logo-cor-anim_2-1.gif\",\"contentUrl\":\"https:\/\/vfmsfoundation.org\/wp-content\/uploads\/2022\/11\/logo-cor-anim_2-1.gif\",\"width\":660,\"height\":200,\"caption\":\"VFMS Foundation\"},\"image\":{\"@id\":\"https:\/\/vfmsfoundation.org\/es\/#\/schema\/logo\/image\/\"}}]}<\/script>\n<!-- \/ Yoast SEO plugin. -->","yoast_head_json":{"title":"\u00danase a nuestra causa: haga su compromiso |","description":"Sea parte del movimiento para promover la salud global. Make your pledge today at VFMS Foundation! \u00a1Haga su promesa hoy en la Fundaci\u00f3n VFMS!","robots":{"index":"index","follow":"follow","max-snippet":"max-snippet:-1","max-image-preview":"max-image-preview:large","max-video-preview":"max-video-preview:-1"},"canonical":"https:\/\/vfmsfoundation.org\/es\/pledge\/","og_locale":"es_ES","og_type":"article","og_title":"\u00danase a nuestra causa: haga su compromiso |","og_description":"Sea parte del movimiento para promover la salud global. Make your pledge today at VFMS Foundation! \u00a1Haga su promesa hoy en la Fundaci\u00f3n VFMS!","og_url":"https:\/\/vfmsfoundation.org\/es\/pledge\/","og_site_name":"VFMS Foundation","article_modified_time":"2024-05-07T06:42:21+00:00","og_image":[{"url":"https:\/\/vfmsfoundation.org\/wp-content\/uploads\/2024\/03\/fuster_j.png"}],"twitter_card":"summary_large_image","twitter_misc":{"Tiempo de lectura":"3 minutos"},"schema":{"@context":"https:\/\/schema.org","@graph":[{"@type":"WebPage","@id":"https:\/\/vfmsfoundation.org\/es\/pledge\/","url":"https:\/\/vfmsfoundation.org\/es\/pledge\/","name":"\u00danase a nuestra causa: haga su compromiso |","isPartOf":{"@id":"https:\/\/vfmsfoundation.org\/es\/#website"},"primaryImageOfPage":{"@id":"https:\/\/vfmsfoundation.org\/es\/pledge\/#primaryimage"},"image":{"@id":"https:\/\/vfmsfoundation.org\/es\/pledge\/#primaryimage"},"thumbnailUrl":"https:\/\/vfmsfoundation.org\/wp-content\/uploads\/2024\/03\/fuster_j.png","datePublished":"2024-03-22T12:09:46+00:00","dateModified":"2024-05-07T06:42:21+00:00","description":"Sea parte del movimiento para promover la salud global. Make your pledge today at VFMS Foundation! \u00a1Haga su promesa hoy en la Fundaci\u00f3n VFMS!","breadcrumb":{"@id":"https:\/\/vfmsfoundation.org\/es\/pledge\/#breadcrumb"},"inLanguage":"es","potentialAction":[{"@type":"ReadAction","target":["https:\/\/vfmsfoundation.org\/es\/pledge\/"]}]},{"@type":"ImageObject","inLanguage":"es","@id":"https:\/\/vfmsfoundation.org\/es\/pledge\/#primaryimage","url":"https:\/\/vfmsfoundation.org\/wp-content\/uploads\/2024\/03\/fuster_j.png","contentUrl":"https:\/\/vfmsfoundation.org\/wp-content\/uploads\/2024\/03\/fuster_j.png"},{"@type":"BreadcrumbList","@id":"https:\/\/vfmsfoundation.org\/es\/pledge\/#breadcrumb","itemListElement":[{"@type":"ListItem","position":1,"name":"Portada","item":"https:\/\/vfmsfoundation.org\/es\/"},{"@type":"ListItem","position":2,"name":"COMPROMISO"}]},{"@type":"WebSite","@id":"https:\/\/vfmsfoundation.org\/es\/#website","url":"https:\/\/vfmsfoundation.org\/es\/","name":"VFMS Foundation","description":"Discover how the Valentin Fuster Mount Sinai Foundation is making a difference in global health.","publisher":{"@id":"https:\/\/vfmsfoundation.org\/es\/#organization"},"potentialAction":[{"@type":"SearchAction","target":{"@type":"EntryPoint","urlTemplate":"https:\/\/vfmsfoundation.org\/es\/?s={search_term_string}"},"query-input":{"@type":"PropertyValueSpecification","valueRequired":true,"valueName":"search_term_string"}}],"inLanguage":"es"},{"@type":"Organization","@id":"https:\/\/vfmsfoundation.org\/es\/#organization","name":"VFMS Foundation","url":"https:\/\/vfmsfoundation.org\/es\/","logo":{"@type":"ImageObject","inLanguage":"es","@id":"https:\/\/vfmsfoundation.org\/es\/#\/schema\/logo\/image\/","url":"https:\/\/vfmsfoundation.org\/wp-content\/uploads\/2022\/11\/logo-cor-anim_2-1.gif","contentUrl":"https:\/\/vfmsfoundation.org\/wp-content\/uploads\/2022\/11\/logo-cor-anim_2-1.gif","width":660,"height":200,"caption":"VFMS Foundation"},"image":{"@id":"https:\/\/vfmsfoundation.org\/es\/#\/schema\/logo\/image\/"}}]}},"_links":{"self":[{"href":"https:\/\/vfmsfoundation.org\/es\/wp-json\/wp\/v2\/pages\/3215"}],"collection":[{"href":"https:\/\/vfmsfoundation.org\/es\/wp-json\/wp\/v2\/pages"}],"about":[{"href":"https:\/\/vfmsfoundation.org\/es\/wp-json\/wp\/v2\/types\/page"}],"author":[{"embeddable":true,"href":"https:\/\/vfmsfoundation.org\/es\/wp-json\/wp\/v2\/users\/1"}],"replies":[{"embeddable":true,"href":"https:\/\/vfmsfoundation.org\/es\/wp-json\/wp\/v2\/comments?post=3215"}],"version-history":[{"count":7,"href":"https:\/\/vfmsfoundation.org\/es\/wp-json\/wp\/v2\/pages\/3215\/revisions"}],"predecessor-version":[{"id":3325,"href":"https:\/\/vfmsfoundation.org\/es\/wp-json\/wp\/v2\/pages\/3215\/revisions\/3325"}],"wp:attachment":[{"href":"https:\/\/vfmsfoundation.org\/es\/wp-json\/wp\/v2\/media?parent=3215"}],"curies":[{"name":"wp","href":"https:\/\/api.w.org\/{rel}","templated":true}]}}