{"id":3217,"date":"2024-03-22T12:10:05","date_gmt":"2024-03-22T12:10:05","guid":{"rendered":"https:\/\/vfmsfoundation.org\/el-corazon-resiliente\/"},"modified":"2024-05-07T06:45:05","modified_gmt":"2024-05-07T06:45:05","slug":"the-resilient-heart","status":"publish","type":"page","link":"https:\/\/vfmsfoundation.org\/es\/the-resilient-heart\/","title":{"rendered":"THE RESILIENT HEART"},"content":{"rendered":"\t\t<div data-elementor-type=\"wp-page\" data-elementor-id=\"3217\" class=\"elementor elementor-3217 elementor-114\" data-elementor-post-type=\"page\">\n\t\t\t\t\t\t<section class=\"elementor-section elementor-top-section elementor-element elementor-element-1f1ff59a elementor-reverse-mobile elementor-section-content-middle elementor-section-boxed elementor-section-height-default elementor-section-height-default\" data-id=\"1f1ff59a\" data-element_type=\"section\">\n\t\t\t\t\t\t<div class=\"elementor-container elementor-column-gap-default\">\n\t\t\t\t\t<div class=\"elementor-column elementor-col-50 elementor-top-column elementor-element elementor-element-34b87427\" data-id=\"34b87427\" data-element_type=\"column\">\n\t\t\t<div class=\"elementor-widget-wrap elementor-element-populated\">\n\t\t\t\t\t\t<div class=\"elementor-element elementor-element-71e89e0e elementor-widget elementor-widget-heading\" data-id=\"71e89e0e\" data-element_type=\"widget\" data-widget_type=\"heading.default\">\n\t\t\t\t<div class=\"elementor-widget-container\">\n\t\t\t<h1 class=\"elementor-heading-title elementor-size-default\">THE RESILIENT HEART<\/h1>\t\t<\/div>\n\t\t\t\t<\/div>\n\t\t\t\t\t<\/div>\n\t\t<\/div>\n\t\t\t\t<div class=\"elementor-column elementor-col-50 elementor-top-column elementor-element elementor-element-39f9e635\" data-id=\"39f9e635\" data-element_type=\"column\">\n\t\t\t<div class=\"elementor-widget-wrap elementor-element-populated\">\n\t\t\t\t\t\t<div class=\"elementor-element elementor-element-70488d7a animated-slow elementor-invisible elementor-widget elementor-widget-image\" data-id=\"70488d7a\" data-element_type=\"widget\" data-settings=\"{&quot;_animation&quot;:&quot;fadeIn&quot;}\" data-widget_type=\"image.default\">\n\t\t\t\t<div class=\"elementor-widget-container\">\n\t\t\t\t\t\t\t\t\t\t\t\t\t\t<a href=\"https:\/\/www.youtube.com\/watch?v=nJCJ1mDSPeQ\" target=\"_blank\" rel=\"nofollow\">\n\t\t\t\t\t\t\t<img fetchpriority=\"high\" decoding=\"async\" width=\"460\" height=\"440\" src=\"https:\/\/vfmsfoundation.org\/wp-content\/uploads\/2024\/04\/resilient_j-1.png\" class=\"attachment-large size-large wp-image-917\" alt=\"THE RESILIENT HEART\" srcset=\"https:\/\/vfmsfoundation.org\/wp-content\/uploads\/2024\/04\/resilient_j-1.png 460w, https:\/\/vfmsfoundation.org\/wp-content\/uploads\/2024\/04\/resilient_j-1-300x287.png 300w\" sizes=\"(max-width: 460px) 100vw, 460px\" \/>\t\t\t\t\t\t\t\t<\/a>\n\t\t\t\t\t\t\t\t\t\t\t\t\t<\/div>\n\t\t\t\t<\/div>\n\t\t\t\t\t<\/div>\n\t\t<\/div>\n\t\t\t\t\t<\/div>\n\t\t<\/section>\n\t\t\t\t<section class=\"elementor-section elementor-top-section elementor-element elementor-element-4edb73b8 elementor-section-boxed elementor-section-height-default elementor-section-height-default\" data-id=\"4edb73b8\" data-element_type=\"section\">\n\t\t\t\t\t\t<div class=\"elementor-container elementor-column-gap-default\">\n\t\t\t\t\t<div class=\"elementor-column elementor-col-100 elementor-top-column elementor-element elementor-element-574aa7ad\" data-id=\"574aa7ad\" data-element_type=\"column\">\n\t\t\t<div class=\"elementor-widget-wrap elementor-element-populated\">\n\t\t\t\t\t\t<div class=\"elementor-element elementor-element-1144cf24 elementor-widget-divider--view-line elementor-widget elementor-widget-divider\" data-id=\"1144cf24\" data-element_type=\"widget\" data-widget_type=\"divider.default\">\n\t\t\t\t<div class=\"elementor-widget-container\">\n\t\t\t\t\t<div class=\"elementor-divider\">\n\t\t\t<span class=\"elementor-divider-separator\">\n\t\t\t\t\t\t<\/span>\n\t\t<\/div>\n\t\t\t\t<\/div>\n\t\t\t\t<\/div>\n\t\t\t\t\t<\/div>\n\t\t<\/div>\n\t\t\t\t\t<\/div>\n\t\t<\/section>\n\t\t\t\t<section class=\"elementor-section elementor-top-section elementor-element elementor-element-6c939959 elementor-section-boxed elementor-section-height-default elementor-section-height-default\" data-id=\"6c939959\" data-element_type=\"section\">\n\t\t\t\t\t\t<div class=\"elementor-container elementor-column-gap-default\">\n\t\t\t\t\t<div class=\"elementor-column elementor-col-100 elementor-top-column elementor-element elementor-element-60ac376b\" data-id=\"60ac376b\" data-element_type=\"column\">\n\t\t\t<div class=\"elementor-widget-wrap elementor-element-populated\">\n\t\t\t\t\t\t<div class=\"elementor-element elementor-element-4a9b8ae1 elementor-widget elementor-widget-text-editor\" data-id=\"4a9b8ae1\" data-element_type=\"widget\" data-widget_type=\"text-editor.default\">\n\t\t\t\t<div class=\"elementor-widget-container\">\n\t\t\t\t\t\t\t<div class=\"wpb_text_column wpb_content_element \">\n<div class=\"wpb_wrapper\">\n<p>Este documental explora la historia de la enfermedad cardiovascular, su evoluci\u00f3n hasta convertirse en una epidemia mundial y de qu\u00e9 forma la investigaci\u00f3n, las iniciativas mundiales para la salud y la pol\u00edtica contribuyen a resultados positivos en poblaciones de todo el mundo. La pel\u00edcula relata la historia a trav\u00e9s del trabajo del Dr. Fuster en su d\u00eda a d\u00eda.<\/p>\n<p><div class=\"ast-oembed-container \" style=\"height: 100%;\"><iframe title=\"The Resilient Heart Official Trailer 1 (2017) - Susan Froemke Movie\" width=\"500\" height=\"281\" src=\"https:\/\/www.youtube.com\/embed\/nJCJ1mDSPeQ?feature=oembed\" frameborder=\"0\" allow=\"accelerometer; autoplay; clipboard-write; encrypted-media; gyroscope; picture-in-picture; web-share\" referrerpolicy=\"strict-origin-when-cross-origin\" allowfullscreen><\/iframe><\/div><\/p>\n<p>Los espectadores vivir\u00e1n en primera persona el innovador mundo de la medicina y los complicados retos a la hora de implementar la salud global a nivel local. El equipo de grabaci\u00f3n ha estado viajando junto al Dr. Fuster durante todo un a\u00f1o, a lo largo del cual ha visitado proyectos y programas de diferentes colaboradores en Colombia, Espa\u00f1a, Kenia, Grenada y Estados Unidos. Durante el recorrido, el p\u00fablico experimentar\u00e1 de primera mano el impacto que puede tener un m\u00e9dico en cualquier parte del mundo cuando su misi\u00f3n es salvar vidas a trav\u00e9s de la investigaci\u00f3n basada en la educaci\u00f3n cardiovascular y c\u00f3mo, poco a poco, gu\u00eda e inspira a otros a hacer lo mismo.<\/p>\n<p>The <em>Resilient Heart<\/em> se adentra en contribuciones cient\u00edficas que van desde la ciencia b\u00e1sica hasta la investigaci\u00f3n traslacional que mejora los esfuerzos de atenci\u00f3n cl\u00ednica y quir\u00fargica con el objetivo de promover estilos de vida que eviten o ralenticen la cardiopat\u00eda. Por \u00faltimo, muestra que la intersecci\u00f3n de la ciencia, la medicina, la investigaci\u00f3n provoca cambios importantes reproducibles por m\u00e9dicos y pacientes de todo el mundo.<\/p>\n<\/div>\n<\/div>\n\t\t\t\t\t\t<\/div>\n\t\t\t\t<\/div>\n\t\t\t\t\t<\/div>\n\t\t<\/div>\n\t\t\t\t\t<\/div>\n\t\t<\/section>\n\t\t\t\t<\/div>\n\t\t","protected":false},"excerpt":{"rendered":"<p>THE RESILIENT HEART Este documental explora la historia de la enfermedad cardiovascular, su evoluci\u00f3n hasta convertirse en una epidemia mundial y de qu\u00e9 forma la investigaci\u00f3n, las iniciativas mundiales para la salud y la pol\u00edtica contribuyen a resultados positivos en poblaciones de todo el mundo. La pel\u00edcula relata la historia a trav\u00e9s del trabajo del [&hellip;]<\/p>\n","protected":false},"author":1,"featured_media":0,"parent":0,"menu_order":5,"comment_status":"closed","ping_status":"closed","template":"","meta":{"site-sidebar-layout":"no-sidebar","site-content-layout":"page-builder","ast-site-content-layout":"full-width-container","site-content-style":"default","site-sidebar-style":"default","ast-global-header-display":"","ast-banner-title-visibility":"","ast-main-header-display":"","ast-hfb-above-header-display":"","ast-hfb-below-header-display":"","ast-hfb-mobile-header-display":"","site-post-title":"disabled","ast-breadcrumbs-content":"","ast-featured-img":"disabled","footer-sml-layout":"","theme-transparent-header-meta":"default","adv-header-id-meta":"","stick-header-meta":"default","header-above-stick-meta":"","header-main-stick-meta":"","header-below-stick-meta":"","astra-migrate-meta-layouts":"set","ast-page-background-enabled":"default","ast-page-background-meta":{"desktop":{"background-color":"var(--ast-global-color-4)","background-image":"","background-repeat":"repeat","background-position":"center center","background-size":"auto","background-attachment":"scroll","background-type":"","background-media":"","overlay-type":"","overlay-color":"","overlay-opacity":"","overlay-gradient":""},"tablet":{"background-color":"","background-image":"","background-repeat":"repeat","background-position":"center center","background-size":"auto","background-attachment":"scroll","background-type":"","background-media":"","overlay-type":"","overlay-color":"","overlay-opacity":"","overlay-gradient":""},"mobile":{"background-color":"","background-image":"","background-repeat":"repeat","background-position":"center center","background-size":"auto","background-attachment":"scroll","background-type":"","background-media":"","overlay-type":"","overlay-color":"","overlay-opacity":"","overlay-gradient":""}},"ast-content-background-meta":{"desktop":{"background-color":"var(--ast-global-color-5)","background-image":"","background-repeat":"repeat","background-position":"center center","background-size":"auto","background-attachment":"scroll","background-type":"","background-media":"","overlay-type":"","overlay-color":"","overlay-opacity":"","overlay-gradient":""},"tablet":{"background-color":"var(--ast-global-color-5)","background-image":"","background-repeat":"repeat","background-position":"center center","background-size":"auto","background-attachment":"scroll","background-type":"","background-media":"","overlay-type":"","overlay-color":"","overlay-opacity":"","overlay-gradient":""},"mobile":{"background-color":"var(--ast-global-color-5)","background-image":"","background-repeat":"repeat","background-position":"center center","background-size":"auto","background-attachment":"scroll","background-type":"","background-media":"","overlay-type":"","overlay-color":"","overlay-opacity":"","overlay-gradient":""}},"footnotes":""},"class_list":["post-3217","page","type-page","status-publish","hentry"],"yoast_head":"<!-- This site is optimized with the Yoast SEO plugin v23.5 - https:\/\/yoast.com\/wordpress\/plugins\/seo\/ -->\n<title>Desarrollando resiliencia emocional VFMS Foundation<\/title>\n<meta name=\"description\" content=\"Descubra c\u00f3mo cultivar la resiliencia emocional y mental en el blog de VFMS. Encuentre consejos, historias inspiradoras y herramientas pr\u00e1cticas para fortalecer su coraz\u00f3n y enfrentar los desaf\u00edos con determinaci\u00f3n y esperanza.\" \/>\n<meta name=\"robots\" content=\"index, follow, max-snippet:-1, max-image-preview:large, max-video-preview:-1\" \/>\n<link rel=\"canonical\" href=\"https:\/\/vfmsfoundation.org\/es\/the-resilient-heart\/\" \/>\n<meta property=\"og:locale\" content=\"es_ES\" \/>\n<meta property=\"og:type\" content=\"article\" \/>\n<meta property=\"og:title\" content=\"Desarrollando resiliencia emocional VFMS Foundation\" \/>\n<meta property=\"og:description\" content=\"Descubra c\u00f3mo cultivar la resiliencia emocional y mental en el blog de VFMS. Encuentre consejos, historias inspiradoras y herramientas pr\u00e1cticas para fortalecer su coraz\u00f3n y enfrentar los desaf\u00edos con determinaci\u00f3n y esperanza.\" \/>\n<meta property=\"og:url\" content=\"https:\/\/vfmsfoundation.org\/es\/the-resilient-heart\/\" \/>\n<meta property=\"og:site_name\" content=\"VFMS Foundation\" \/>\n<meta property=\"article:modified_time\" content=\"2024-05-07T06:45:05+00:00\" \/>\n<meta property=\"og:image\" content=\"https:\/\/vfmsfoundation.org\/wp-content\/uploads\/2024\/04\/resilient_j-1.png\" \/>\n<meta name=\"twitter:card\" content=\"summary_large_image\" \/>\n<meta name=\"twitter:label1\" content=\"Tiempo de lectura\" \/>\n\t<meta name=\"twitter:data1\" content=\"2 minutos\" \/>\n<script type=\"application\/ld+json\" class=\"yoast-schema-graph\">{\"@context\":\"https:\/\/schema.org\",\"@graph\":[{\"@type\":\"WebPage\",\"@id\":\"https:\/\/vfmsfoundation.org\/es\/the-resilient-heart\/\",\"url\":\"https:\/\/vfmsfoundation.org\/es\/the-resilient-heart\/\",\"name\":\"Desarrollando resiliencia emocional VFMS Foundation\",\"isPartOf\":{\"@id\":\"https:\/\/vfmsfoundation.org\/es\/#website\"},\"primaryImageOfPage\":{\"@id\":\"https:\/\/vfmsfoundation.org\/es\/the-resilient-heart\/#primaryimage\"},\"image\":{\"@id\":\"https:\/\/vfmsfoundation.org\/es\/the-resilient-heart\/#primaryimage\"},\"thumbnailUrl\":\"https:\/\/vfmsfoundation.org\/wp-content\/uploads\/2024\/04\/resilient_j-1.png\",\"datePublished\":\"2024-03-22T12:10:05+00:00\",\"dateModified\":\"2024-05-07T06:45:05+00:00\",\"description\":\"Descubra c\u00f3mo cultivar la resiliencia emocional y mental en el blog de VFMS. Encuentre consejos, historias inspiradoras y herramientas pr\u00e1cticas para fortalecer su coraz\u00f3n y enfrentar los desaf\u00edos con determinaci\u00f3n y esperanza.\",\"breadcrumb\":{\"@id\":\"https:\/\/vfmsfoundation.org\/es\/the-resilient-heart\/#breadcrumb\"},\"inLanguage\":\"es\",\"potentialAction\":[{\"@type\":\"ReadAction\",\"target\":[\"https:\/\/vfmsfoundation.org\/es\/the-resilient-heart\/\"]}]},{\"@type\":\"ImageObject\",\"inLanguage\":\"es\",\"@id\":\"https:\/\/vfmsfoundation.org\/es\/the-resilient-heart\/#primaryimage\",\"url\":\"https:\/\/vfmsfoundation.org\/wp-content\/uploads\/2024\/04\/resilient_j-1.png\",\"contentUrl\":\"https:\/\/vfmsfoundation.org\/wp-content\/uploads\/2024\/04\/resilient_j-1.png\"},{\"@type\":\"BreadcrumbList\",\"@id\":\"https:\/\/vfmsfoundation.org\/es\/the-resilient-heart\/#breadcrumb\",\"itemListElement\":[{\"@type\":\"ListItem\",\"position\":1,\"name\":\"Portada\",\"item\":\"https:\/\/vfmsfoundation.org\/es\/\"},{\"@type\":\"ListItem\",\"position\":2,\"name\":\"THE RESILIENT HEART\"}]},{\"@type\":\"WebSite\",\"@id\":\"https:\/\/vfmsfoundation.org\/es\/#website\",\"url\":\"https:\/\/vfmsfoundation.org\/es\/\",\"name\":\"VFMS Foundation\",\"description\":\"Discover how the Valentin Fuster Mount Sinai Foundation is making a difference in global health.\",\"publisher\":{\"@id\":\"https:\/\/vfmsfoundation.org\/es\/#organization\"},\"potentialAction\":[{\"@type\":\"SearchAction\",\"target\":{\"@type\":\"EntryPoint\",\"urlTemplate\":\"https:\/\/vfmsfoundation.org\/es\/?s={search_term_string}\"},\"query-input\":{\"@type\":\"PropertyValueSpecification\",\"valueRequired\":true,\"valueName\":\"search_term_string\"}}],\"inLanguage\":\"es\"},{\"@type\":\"Organization\",\"@id\":\"https:\/\/vfmsfoundation.org\/es\/#organization\",\"name\":\"VFMS Foundation\",\"url\":\"https:\/\/vfmsfoundation.org\/es\/\",\"logo\":{\"@type\":\"ImageObject\",\"inLanguage\":\"es\",\"@id\":\"https:\/\/vfmsfoundation.org\/es\/#\/schema\/logo\/image\/\",\"url\":\"https:\/\/vfmsfoundation.org\/wp-content\/uploads\/2022\/11\/logo-cor-anim_2-1.gif\",\"contentUrl\":\"https:\/\/vfmsfoundation.org\/wp-content\/uploads\/2022\/11\/logo-cor-anim_2-1.gif\",\"width\":660,\"height\":200,\"caption\":\"VFMS Foundation\"},\"image\":{\"@id\":\"https:\/\/vfmsfoundation.org\/es\/#\/schema\/logo\/image\/\"}}]}<\/script>\n<!-- \/ Yoast SEO plugin. -->","yoast_head_json":{"title":"Desarrollando resiliencia emocional VFMS Foundation","description":"Descubra c\u00f3mo cultivar la resiliencia emocional y mental en el blog de VFMS. Encuentre consejos, historias inspiradoras y herramientas pr\u00e1cticas para fortalecer su coraz\u00f3n y enfrentar los desaf\u00edos con determinaci\u00f3n y esperanza.","robots":{"index":"index","follow":"follow","max-snippet":"max-snippet:-1","max-image-preview":"max-image-preview:large","max-video-preview":"max-video-preview:-1"},"canonical":"https:\/\/vfmsfoundation.org\/es\/the-resilient-heart\/","og_locale":"es_ES","og_type":"article","og_title":"Desarrollando resiliencia emocional VFMS Foundation","og_description":"Descubra c\u00f3mo cultivar la resiliencia emocional y mental en el blog de VFMS. Encuentre consejos, historias inspiradoras y herramientas pr\u00e1cticas para fortalecer su coraz\u00f3n y enfrentar los desaf\u00edos con determinaci\u00f3n y esperanza.","og_url":"https:\/\/vfmsfoundation.org\/es\/the-resilient-heart\/","og_site_name":"VFMS Foundation","article_modified_time":"2024-05-07T06:45:05+00:00","og_image":[{"url":"https:\/\/vfmsfoundation.org\/wp-content\/uploads\/2024\/04\/resilient_j-1.png"}],"twitter_card":"summary_large_image","twitter_misc":{"Tiempo de lectura":"2 minutos"},"schema":{"@context":"https:\/\/schema.org","@graph":[{"@type":"WebPage","@id":"https:\/\/vfmsfoundation.org\/es\/the-resilient-heart\/","url":"https:\/\/vfmsfoundation.org\/es\/the-resilient-heart\/","name":"Desarrollando resiliencia emocional VFMS Foundation","isPartOf":{"@id":"https:\/\/vfmsfoundation.org\/es\/#website"},"primaryImageOfPage":{"@id":"https:\/\/vfmsfoundation.org\/es\/the-resilient-heart\/#primaryimage"},"image":{"@id":"https:\/\/vfmsfoundation.org\/es\/the-resilient-heart\/#primaryimage"},"thumbnailUrl":"https:\/\/vfmsfoundation.org\/wp-content\/uploads\/2024\/04\/resilient_j-1.png","datePublished":"2024-03-22T12:10:05+00:00","dateModified":"2024-05-07T06:45:05+00:00","description":"Descubra c\u00f3mo cultivar la resiliencia emocional y mental en el blog de VFMS. Encuentre consejos, historias inspiradoras y herramientas pr\u00e1cticas para fortalecer su coraz\u00f3n y enfrentar los desaf\u00edos con determinaci\u00f3n y esperanza.","breadcrumb":{"@id":"https:\/\/vfmsfoundation.org\/es\/the-resilient-heart\/#breadcrumb"},"inLanguage":"es","potentialAction":[{"@type":"ReadAction","target":["https:\/\/vfmsfoundation.org\/es\/the-resilient-heart\/"]}]},{"@type":"ImageObject","inLanguage":"es","@id":"https:\/\/vfmsfoundation.org\/es\/the-resilient-heart\/#primaryimage","url":"https:\/\/vfmsfoundation.org\/wp-content\/uploads\/2024\/04\/resilient_j-1.png","contentUrl":"https:\/\/vfmsfoundation.org\/wp-content\/uploads\/2024\/04\/resilient_j-1.png"},{"@type":"BreadcrumbList","@id":"https:\/\/vfmsfoundation.org\/es\/the-resilient-heart\/#breadcrumb","itemListElement":[{"@type":"ListItem","position":1,"name":"Portada","item":"https:\/\/vfmsfoundation.org\/es\/"},{"@type":"ListItem","position":2,"name":"THE RESILIENT HEART"}]},{"@type":"WebSite","@id":"https:\/\/vfmsfoundation.org\/es\/#website","url":"https:\/\/vfmsfoundation.org\/es\/","name":"VFMS Foundation","description":"Discover how the Valentin Fuster Mount Sinai Foundation is making a difference in global health.","publisher":{"@id":"https:\/\/vfmsfoundation.org\/es\/#organization"},"potentialAction":[{"@type":"SearchAction","target":{"@type":"EntryPoint","urlTemplate":"https:\/\/vfmsfoundation.org\/es\/?s={search_term_string}"},"query-input":{"@type":"PropertyValueSpecification","valueRequired":true,"valueName":"search_term_string"}}],"inLanguage":"es"},{"@type":"Organization","@id":"https:\/\/vfmsfoundation.org\/es\/#organization","name":"VFMS Foundation","url":"https:\/\/vfmsfoundation.org\/es\/","logo":{"@type":"ImageObject","inLanguage":"es","@id":"https:\/\/vfmsfoundation.org\/es\/#\/schema\/logo\/image\/","url":"https:\/\/vfmsfoundation.org\/wp-content\/uploads\/2022\/11\/logo-cor-anim_2-1.gif","contentUrl":"https:\/\/vfmsfoundation.org\/wp-content\/uploads\/2022\/11\/logo-cor-anim_2-1.gif","width":660,"height":200,"caption":"VFMS Foundation"},"image":{"@id":"https:\/\/vfmsfoundation.org\/es\/#\/schema\/logo\/image\/"}}]}},"_links":{"self":[{"href":"https:\/\/vfmsfoundation.org\/es\/wp-json\/wp\/v2\/pages\/3217"}],"collection":[{"href":"https:\/\/vfmsfoundation.org\/es\/wp-json\/wp\/v2\/pages"}],"about":[{"href":"https:\/\/vfmsfoundation.org\/es\/wp-json\/wp\/v2\/types\/page"}],"author":[{"embeddable":true,"href":"https:\/\/vfmsfoundation.org\/es\/wp-json\/wp\/v2\/users\/1"}],"replies":[{"embeddable":true,"href":"https:\/\/vfmsfoundation.org\/es\/wp-json\/wp\/v2\/comments?post=3217"}],"version-history":[{"count":4,"href":"https:\/\/vfmsfoundation.org\/es\/wp-json\/wp\/v2\/pages\/3217\/revisions"}],"predecessor-version":[{"id":3326,"href":"https:\/\/vfmsfoundation.org\/es\/wp-json\/wp\/v2\/pages\/3217\/revisions\/3326"}],"wp:attachment":[{"href":"https:\/\/vfmsfoundation.org\/es\/wp-json\/wp\/v2\/media?parent=3217"}],"curies":[{"name":"wp","href":"https:\/\/api.w.org\/{rel}","templated":true}]}}