{"id":3234,"date":"2024-03-22T12:13:57","date_gmt":"2024-03-22T12:13:57","guid":{"rendered":"https:\/\/vfmsfoundation.org\/sobre-nosotros\/filosofia\/"},"modified":"2024-05-07T06:52:57","modified_gmt":"2024-05-07T06:52:57","slug":"philosophy","status":"publish","type":"page","link":"https:\/\/vfmsfoundation.org\/es\/philosophy\/","title":{"rendered":"FILOSOF\u00cdA"},"content":{"rendered":"\t\t<div data-elementor-type=\"wp-page\" data-elementor-id=\"3234\" class=\"elementor elementor-3234 elementor-120\" data-elementor-post-type=\"page\">\n\t\t\t\t\t\t<section class=\"elementor-section elementor-top-section elementor-element elementor-element-614572dd elementor-reverse-mobile elementor-section-content-middle elementor-section-boxed elementor-section-height-default elementor-section-height-default\" data-id=\"614572dd\" data-element_type=\"section\">\n\t\t\t\t\t\t<div class=\"elementor-container elementor-column-gap-default\">\n\t\t\t\t\t<div class=\"elementor-column elementor-col-50 elementor-top-column elementor-element elementor-element-127a76c7\" data-id=\"127a76c7\" data-element_type=\"column\">\n\t\t\t<div class=\"elementor-widget-wrap elementor-element-populated\">\n\t\t\t\t\t\t<div class=\"elementor-element elementor-element-6fde699a elementor-widget elementor-widget-heading\" data-id=\"6fde699a\" data-element_type=\"widget\" data-widget_type=\"heading.default\">\n\t\t\t\t<div class=\"elementor-widget-container\">\n\t\t\t<h1 class=\"elementor-heading-title elementor-size-default\">FILOSOF\u00cdA<\/h1>\t\t<\/div>\n\t\t\t\t<\/div>\n\t\t\t\t<div class=\"elementor-element elementor-element-672153fe elementor-widget elementor-widget-heading\" data-id=\"672153fe\" data-element_type=\"widget\" data-widget_type=\"heading.default\">\n\t\t\t\t<div class=\"elementor-widget-container\">\n\t\t\t<h2 class=\"elementor-heading-title elementor-size-default\">\u201cLOS QUE TENEMOS EL HONOR DE CONTAR CON DOS C\u00c9LULAS FUNCIONALES EN EL CEREBRO, TENEMOS LA OBLIGACI\u00d3N DE HACER ALGO CREATIVO POR LA SOCIEDAD.\u201d<\/h2>\t\t<\/div>\n\t\t\t\t<\/div>\n\t\t\t\t<div class=\"elementor-element elementor-element-171072f3 elementor-widget elementor-widget-heading\" data-id=\"171072f3\" data-element_type=\"widget\" data-widget_type=\"heading.default\">\n\t\t\t\t<div class=\"elementor-widget-container\">\n\t\t\t<div class=\"elementor-heading-title elementor-size-default\"> Dr. Valent\u00edn Fuster<\/div>\t\t<\/div>\n\t\t\t\t<\/div>\n\t\t\t\t\t<\/div>\n\t\t<\/div>\n\t\t\t\t<div class=\"elementor-column elementor-col-50 elementor-top-column elementor-element elementor-element-61b92768\" data-id=\"61b92768\" data-element_type=\"column\">\n\t\t\t<div class=\"elementor-widget-wrap elementor-element-populated\">\n\t\t\t\t\t\t<div class=\"elementor-element elementor-element-3b6ca95a animated-slow elementor-invisible elementor-widget elementor-widget-image\" data-id=\"3b6ca95a\" data-element_type=\"widget\" data-settings=\"{&quot;_animation&quot;:&quot;fadeIn&quot;}\" data-widget_type=\"image.default\">\n\t\t\t\t<div class=\"elementor-widget-container\">\n\t\t\t\t\t\t\t\t\t\t\t\t\t<img fetchpriority=\"high\" decoding=\"async\" width=\"460\" height=\"440\" src=\"https:\/\/vfmsfoundation.org\/wp-content\/uploads\/2024\/04\/cor_philosophy_j-2.png\" class=\"attachment-large size-large wp-image-941\" alt=\"heart philosophy\" srcset=\"https:\/\/vfmsfoundation.org\/wp-content\/uploads\/2024\/04\/cor_philosophy_j-2.png 460w, https:\/\/vfmsfoundation.org\/wp-content\/uploads\/2024\/04\/cor_philosophy_j-2-300x287.png 300w\" sizes=\"(max-width: 460px) 100vw, 460px\" \/>\t\t\t\t\t\t\t\t\t\t\t\t\t<\/div>\n\t\t\t\t<\/div>\n\t\t\t\t\t<\/div>\n\t\t<\/div>\n\t\t\t\t\t<\/div>\n\t\t<\/section>\n\t\t\t\t<section class=\"elementor-section elementor-top-section elementor-element elementor-element-229d6d91 elementor-section-boxed elementor-section-height-default elementor-section-height-default\" data-id=\"229d6d91\" data-element_type=\"section\">\n\t\t\t\t\t\t<div class=\"elementor-container elementor-column-gap-default\">\n\t\t\t\t\t<div class=\"elementor-column elementor-col-100 elementor-top-column elementor-element elementor-element-2c28a507\" data-id=\"2c28a507\" data-element_type=\"column\">\n\t\t\t<div class=\"elementor-widget-wrap elementor-element-populated\">\n\t\t\t\t\t\t<div class=\"elementor-element elementor-element-59c8848c elementor-widget-divider--view-line elementor-widget elementor-widget-divider\" data-id=\"59c8848c\" data-element_type=\"widget\" data-widget_type=\"divider.default\">\n\t\t\t\t<div class=\"elementor-widget-container\">\n\t\t\t\t\t<div class=\"elementor-divider\">\n\t\t\t<span class=\"elementor-divider-separator\">\n\t\t\t\t\t\t<\/span>\n\t\t<\/div>\n\t\t\t\t<\/div>\n\t\t\t\t<\/div>\n\t\t\t\t\t<\/div>\n\t\t<\/div>\n\t\t\t\t\t<\/div>\n\t\t<\/section>\n\t\t\t\t<section class=\"elementor-section elementor-top-section elementor-element elementor-element-18cf43ca elementor-section-boxed elementor-section-height-default elementor-section-height-default\" data-id=\"18cf43ca\" data-element_type=\"section\">\n\t\t\t\t\t\t<div class=\"elementor-container elementor-column-gap-default\">\n\t\t\t\t\t<div class=\"elementor-column elementor-col-100 elementor-top-column elementor-element elementor-element-c29d557\" data-id=\"c29d557\" data-element_type=\"column\">\n\t\t\t<div class=\"elementor-widget-wrap elementor-element-populated\">\n\t\t\t\t\t\t<div class=\"elementor-element elementor-element-5a6ea7c1 elementor-widget elementor-widget-text-editor\" data-id=\"5a6ea7c1\" data-element_type=\"widget\" data-widget_type=\"text-editor.default\">\n\t\t\t\t<div class=\"elementor-widget-container\">\n\t\t\t\t\t\t\t<p><div class=\"ast-oembed-container \" style=\"height: 100%;\"><iframe title=\"CLIP 34_o\" src=\"https:\/\/player.vimeo.com\/video\/171550443?dnt=1&amp;app_id=122963\" width=\"500\" height=\"281\" frameborder=\"0\" allow=\"autoplay; fullscreen; picture-in-picture; clipboard-write\"><\/iframe><\/div><\/p>\n<h3>SALUD P\u00daBLICA<\/h3>\n<p>En su d\u00eda, las enfermedades cardiovasculares se consideraban un problema que solo afectaba a los pa\u00edses ricos, pero, ahora, \u00e9stas son la principal causa de mortalidad a escala mundial.<\/p>\n\t\t\t\t\t\t<\/div>\n\t\t\t\t<\/div>\n\t\t\t\t<div class=\"elementor-element elementor-element-efefecc elementor-widget elementor-widget-image\" data-id=\"efefecc\" data-element_type=\"widget\" data-widget_type=\"image.default\">\n\t\t\t\t<div class=\"elementor-widget-container\">\n\t\t\t\t\t\t\t\t\t\t\t\t\t<img decoding=\"async\" width=\"1200\" height=\"1200\" src=\"https:\/\/vfmsfoundation.org\/wp-content\/uploads\/2024\/04\/Copia-de-WHO-2021.jpg\" class=\"attachment-full size-full wp-image-929\" alt=\"WHO 2021\" srcset=\"https:\/\/vfmsfoundation.org\/wp-content\/uploads\/2024\/04\/Copia-de-WHO-2021.jpg 1200w, https:\/\/vfmsfoundation.org\/wp-content\/uploads\/2024\/04\/Copia-de-WHO-2021-300x300.jpg 300w, https:\/\/vfmsfoundation.org\/wp-content\/uploads\/2024\/04\/Copia-de-WHO-2021-1024x1024.jpg 1024w, https:\/\/vfmsfoundation.org\/wp-content\/uploads\/2024\/04\/Copia-de-WHO-2021-150x150.jpg 150w, https:\/\/vfmsfoundation.org\/wp-content\/uploads\/2024\/04\/Copia-de-WHO-2021-768x768.jpg 768w\" sizes=\"(max-width: 1200px) 100vw, 1200px\" \/>\t\t\t\t\t\t\t\t\t\t\t\t\t<\/div>\n\t\t\t\t<\/div>\n\t\t\t\t<div class=\"elementor-element elementor-element-eda07b7 elementor-widget elementor-widget-text-editor\" data-id=\"eda07b7\" data-element_type=\"widget\" data-widget_type=\"text-editor.default\">\n\t\t\t\t<div class=\"elementor-widget-container\">\n\t\t\t\t\t\t\t<\/p>\n<p>Uno de los principales problemas de la salud mundial es que la mayor parte de \u00e9sta es descriptiva. No hay estudios aleatorios. A pesar de toda la investigaci\u00f3n y de todas las consultas a pacientes o familias, los m\u00e9dicos y cient\u00edficos simplemente no tienen la evidencia real de la actividad f\u00edsica, dieta seguida, toma de la medicaci\u00f3n, etc\u2026de sus pacientes.<br \/>La idea del Dr. Fuster se centra en que, si podemos intervenir a una edad muy temprana, podremos crear un grupo de adultos que cumplan con todos los requerimientos antes indicados.<\/p>\n<h3>C\u00d3MO CAMBIAR LA CONDUCTA HUMANA DE FORMA GENERALIZADA<\/h3>\n<p>De nuevo surge la pregunta de la Visi\u00f3n del Dr. Fuster: \u00bfc\u00f3mo podemos cambiar la conducta para prevenir la enfermedad? El Dr. Fuster tiene el diagrama perfecto para explicar c\u00f3mo puede conseguirse gracias a la educaci\u00f3n.<\/p>\n<p><div class=\"ast-oembed-container \" style=\"height: 100%;\"><iframe title=\"opt_CLIP 00\" src=\"https:\/\/player.vimeo.com\/video\/171551596?dnt=1&amp;app_id=122963\" width=\"500\" height=\"281\" frameborder=\"0\" allow=\"autoplay; fullscreen; picture-in-picture; clipboard-write\"><\/iframe><\/div><\/p>\n<p>La SALUD es como un coche cuyo motor es la CIENCIA. Este motor debe abastecerse de gasolina, que representa la EDUCACI\u00d3N. A trav\u00e9s de la educaci\u00f3n podemos pasar de los NI\u00d1OS a los ADULTOS, a la FAMILIA y a las COMUNIDADES. La educaci\u00f3n es de suma importancia.<br \/>De este modo, creemos que la EDUCACI\u00d3N es la clave para cambiar la conducta y, por tanto, puede que sea la clave de un gran cambio en la salud mundial.<br \/>El objetivo del Dr. Fuster es desarrollar conceptos cient\u00edficos para modelos globales que funcionen en diferentes regiones del mundo y que promuevan la conducta saludable a largo plazo, para que, de este modo, los gobiernos puedan tomar cartas en el asunto y fomentar la salud a una escala realmente mucho mayor.<\/p>\n<h3>CONCEPTOS Y PROYECTOS<\/h3>\n<p>As\u00ed que, tan pronto como el Dr. Fuster y la Dra. Marilyn Hunn pudieron reunir a su alrededor un equipo de cient\u00edficos del Mount Sinai Hospital, dirigieron sus esfuerzos a investigar cient\u00edficamente si era posible marcar una diferencia a la hora de prevenir las enfermedades cardiovasculares con programas dirigidos a la promoci\u00f3n de la salud, en lugar de simplemente prevenir la enfermedad.<br \/>En palabras del Dr. Fuster: \u00abTodas las enfermedades que afectan al coraz\u00f3n tienen una explicaci\u00f3n cient\u00edfica; lo que tenemos que comprender es por qu\u00e9 se desarrolla una enfermedad. Lo mismo ocurre con la salud. Debemos comprender qu\u00e9 se necesita para prevenir la enfermedad y conseguir un estado saludable\u00bb.<\/p>\n<h3>DONATIVOS<\/h3>\n<p>Durante la \u00faltima d\u00e9cada, el Dr. Valent\u00edn Fuster ha estado luchando contra la epidemia mundial de cardiopat\u00edas, ya sea como m\u00e9dico o como cient\u00edfico. \u00abDebemos aprender a luchar. Esto nos hace fuertes ante las dificultades\u00bb, afirma el Dr. Fuster<\/p>\n<p><div class=\"ast-oembed-container \" style=\"height: 100%;\"><iframe title=\"opt_CLIP 32\" src=\"https:\/\/player.vimeo.com\/video\/171551861?dnt=1&amp;app_id=122963\" width=\"500\" height=\"281\" frameborder=\"0\" allow=\"autoplay; fullscreen; picture-in-picture; clipboard-write\"><\/iframe><\/div><\/p>\n<p>Desarrollar estos proyectos cient\u00edficos para conseguir modelos probados de actuaci\u00f3n, no ha sido una tarea f\u00e1cil. No lo ha sido en el pasado y sigue sin ser f\u00e1cil en la actualidad. Requiere una dosis enorme de motivaci\u00f3n por parte de investigadores, cient\u00edficos y m\u00e9dicos, as\u00ed como de los propios pacientes. En cada nuevo desarrollo o aprendizaje deben ponerse en pr\u00e1ctica un rigor y una disciplina cient\u00edfica absolutos. La complejidad alcanza a todo el proceso de validaci\u00f3n del modelo y en \u00e9l participan muchos equipos cient\u00edficos, m\u00e9dicos y quir\u00fargicos, por no mencionar toda la adaptaci\u00f3n tecnol\u00f3gica, la formaci\u00f3n de personal, la publicaci\u00f3n de resultados y los contactos con las autoridades sanitarias a nivel mundial.<br \/>Por este motivo, la Fundaci\u00f3n Valent\u00edn Fuster-Mount Sinai busca activamente donaciones que permitan financiar los proyectos cient\u00edficos globales que se est\u00e1n convirtiendo en modelos de conducta saludable en ni\u00f1os, familias, adultos, comunidades y, finalmente, territorios, garantizando as\u00ed la mejora de los patrones de conducta saludable que sustituir\u00e1n gradualmente el tratamiento de las cardiopat\u00edas.<br \/>Los empresarios que deseen invertir en acciones con una repercusi\u00f3n global no deben pensar que se trata de una tarea imposible, sino m\u00e1s bien al contrario. La repercusi\u00f3n es socialmente factible y necesaria a trav\u00e9s de modelos cient\u00edficamente probados.<br \/>\u00abSi no se tiene el apoyo de la esfera pol\u00edtica, es dif\u00edcil penetrar seriamente en los estudios poblacionales\u00bb, afirma el Dr. Fuster. Es un honor reconocer que gobiernos como los de Colombia o M\u00e9xico han sido de los primeros en adoptar en todos sus territorios modelos exitosos desarrollados por los equipos cient\u00edficos del Dr. Fuster, despu\u00e9s de que \u00e9stos se publicaran en revistas cient\u00edficas de primera l\u00ednea y tras demostrar que su repercusi\u00f3n va m\u00e1s all\u00e1 de la presencia local original.<\/p>\n\t\t\t\t\t\t<\/div>\n\t\t\t\t<\/div>\n\t\t\t\t\t<\/div>\n\t\t<\/div>\n\t\t\t\t\t<\/div>\n\t\t<\/section>\n\t\t\t\t<\/div>\n\t\t","protected":false},"excerpt":{"rendered":"<p>FILOSOF\u00cdA \u201cLOS QUE TENEMOS EL HONOR DE CONTAR CON DOS C\u00c9LULAS FUNCIONALES EN EL CEREBRO, TENEMOS LA OBLIGACI\u00d3N DE HACER ALGO CREATIVO POR LA SOCIEDAD.\u201d Dr. Valent\u00edn Fuster SALUD P\u00daBLICA En su d\u00eda, las enfermedades cardiovasculares se consideraban un problema que solo afectaba a los pa\u00edses ricos, pero, ahora, \u00e9stas son la principal causa de [&hellip;]<\/p>\n","protected":false},"author":1,"featured_media":0,"parent":0,"menu_order":7,"comment_status":"closed","ping_status":"closed","template":"","meta":{"site-sidebar-layout":"no-sidebar","site-content-layout":"page-builder","ast-site-content-layout":"full-width-container","site-content-style":"default","site-sidebar-style":"default","ast-global-header-display":"","ast-banner-title-visibility":"","ast-main-header-display":"","ast-hfb-above-header-display":"","ast-hfb-below-header-display":"","ast-hfb-mobile-header-display":"","site-post-title":"disabled","ast-breadcrumbs-content":"","ast-featured-img":"disabled","footer-sml-layout":"","theme-transparent-header-meta":"default","adv-header-id-meta":"","stick-header-meta":"default","header-above-stick-meta":"","header-main-stick-meta":"","header-below-stick-meta":"","astra-migrate-meta-layouts":"set","ast-page-background-enabled":"default","ast-page-background-meta":{"desktop":{"background-color":"var(--ast-global-color-4)","background-image":"","background-repeat":"repeat","background-position":"center center","background-size":"auto","background-attachment":"scroll","background-type":"","background-media":"","overlay-type":"","overlay-color":"","overlay-opacity":"","overlay-gradient":""},"tablet":{"background-color":"","background-image":"","background-repeat":"repeat","background-position":"center center","background-size":"auto","background-attachment":"scroll","background-type":"","background-media":"","overlay-type":"","overlay-color":"","overlay-opacity":"","overlay-gradient":""},"mobile":{"background-color":"","background-image":"","background-repeat":"repeat","background-position":"center center","background-size":"auto","background-attachment":"scroll","background-type":"","background-media":"","overlay-type":"","overlay-color":"","overlay-opacity":"","overlay-gradient":""}},"ast-content-background-meta":{"desktop":{"background-color":"var(--ast-global-color-5)","background-image":"","background-repeat":"repeat","background-position":"center center","background-size":"auto","background-attachment":"scroll","background-type":"","background-media":"","overlay-type":"","overlay-color":"","overlay-opacity":"","overlay-gradient":""},"tablet":{"background-color":"var(--ast-global-color-5)","background-image":"","background-repeat":"repeat","background-position":"center center","background-size":"auto","background-attachment":"scroll","background-type":"","background-media":"","overlay-type":"","overlay-color":"","overlay-opacity":"","overlay-gradient":""},"mobile":{"background-color":"var(--ast-global-color-5)","background-image":"","background-repeat":"repeat","background-position":"center center","background-size":"auto","background-attachment":"scroll","background-type":"","background-media":"","overlay-type":"","overlay-color":"","overlay-opacity":"","overlay-gradient":""}},"footnotes":""},"class_list":["post-3234","page","type-page","status-publish","hentry"],"yoast_head":"<!-- This site is optimized with the Yoast SEO plugin v23.5 - https:\/\/yoast.com\/wordpress\/plugins\/seo\/ -->\n<title>Revelando nuestra filosof\u00eda: descubra los valores fundamentales - VFMS Foundation<\/title>\n<meta name=\"description\" content=\"Descubra la esencia de nuestro enfoque en VFMS: desde nuestra filosof\u00eda hasta nuestra pasi\u00f3n por la excelencia. Explora c\u00f3mo transformamos ideas en realidad y creamos experiencias memorables.\" \/>\n<meta name=\"robots\" content=\"index, follow, max-snippet:-1, max-image-preview:large, max-video-preview:-1\" \/>\n<link rel=\"canonical\" href=\"https:\/\/vfmsfoundation.org\/es\/philosophy\/\" \/>\n<meta property=\"og:locale\" content=\"es_ES\" \/>\n<meta property=\"og:type\" content=\"article\" \/>\n<meta property=\"og:title\" content=\"Revelando nuestra filosof\u00eda: descubra los valores fundamentales - VFMS Foundation\" \/>\n<meta property=\"og:description\" content=\"Descubra la esencia de nuestro enfoque en VFMS: desde nuestra filosof\u00eda hasta nuestra pasi\u00f3n por la excelencia. Explora c\u00f3mo transformamos ideas en realidad y creamos experiencias memorables.\" \/>\n<meta property=\"og:url\" content=\"https:\/\/vfmsfoundation.org\/es\/philosophy\/\" \/>\n<meta property=\"og:site_name\" content=\"VFMS Foundation\" \/>\n<meta property=\"article:modified_time\" content=\"2024-05-07T06:52:57+00:00\" \/>\n<meta property=\"og:image\" content=\"https:\/\/vfmsfoundation.org\/wp-content\/uploads\/2024\/04\/cor_philosophy_j-2.png\" \/>\n<meta name=\"twitter:card\" content=\"summary_large_image\" \/>\n<meta name=\"twitter:label1\" content=\"Tiempo de lectura\" \/>\n\t<meta name=\"twitter:data1\" content=\"4 minutos\" \/>\n<script type=\"application\/ld+json\" class=\"yoast-schema-graph\">{\"@context\":\"https:\/\/schema.org\",\"@graph\":[{\"@type\":\"WebPage\",\"@id\":\"https:\/\/vfmsfoundation.org\/es\/philosophy\/\",\"url\":\"https:\/\/vfmsfoundation.org\/es\/philosophy\/\",\"name\":\"Revelando nuestra filosof\u00eda: descubra los valores fundamentales - VFMS Foundation\",\"isPartOf\":{\"@id\":\"https:\/\/vfmsfoundation.org\/es\/#website\"},\"primaryImageOfPage\":{\"@id\":\"https:\/\/vfmsfoundation.org\/es\/philosophy\/#primaryimage\"},\"image\":{\"@id\":\"https:\/\/vfmsfoundation.org\/es\/philosophy\/#primaryimage\"},\"thumbnailUrl\":\"https:\/\/vfmsfoundation.org\/wp-content\/uploads\/2024\/04\/cor_philosophy_j-2.png\",\"datePublished\":\"2024-03-22T12:13:57+00:00\",\"dateModified\":\"2024-05-07T06:52:57+00:00\",\"description\":\"Descubra la esencia de nuestro enfoque en VFMS: desde nuestra filosof\u00eda hasta nuestra pasi\u00f3n por la excelencia. Explora c\u00f3mo transformamos ideas en realidad y creamos experiencias memorables.\",\"breadcrumb\":{\"@id\":\"https:\/\/vfmsfoundation.org\/es\/philosophy\/#breadcrumb\"},\"inLanguage\":\"es\",\"potentialAction\":[{\"@type\":\"ReadAction\",\"target\":[\"https:\/\/vfmsfoundation.org\/es\/philosophy\/\"]}]},{\"@type\":\"ImageObject\",\"inLanguage\":\"es\",\"@id\":\"https:\/\/vfmsfoundation.org\/es\/philosophy\/#primaryimage\",\"url\":\"https:\/\/vfmsfoundation.org\/wp-content\/uploads\/2024\/04\/cor_philosophy_j-2.png\",\"contentUrl\":\"https:\/\/vfmsfoundation.org\/wp-content\/uploads\/2024\/04\/cor_philosophy_j-2.png\"},{\"@type\":\"BreadcrumbList\",\"@id\":\"https:\/\/vfmsfoundation.org\/es\/philosophy\/#breadcrumb\",\"itemListElement\":[{\"@type\":\"ListItem\",\"position\":1,\"name\":\"Portada\",\"item\":\"https:\/\/vfmsfoundation.org\/es\/\"},{\"@type\":\"ListItem\",\"position\":2,\"name\":\"FILOSOF\u00cdA\"}]},{\"@type\":\"WebSite\",\"@id\":\"https:\/\/vfmsfoundation.org\/es\/#website\",\"url\":\"https:\/\/vfmsfoundation.org\/es\/\",\"name\":\"VFMS Foundation\",\"description\":\"Discover how the Valentin Fuster Mount Sinai Foundation is making a difference in global health.\",\"publisher\":{\"@id\":\"https:\/\/vfmsfoundation.org\/es\/#organization\"},\"potentialAction\":[{\"@type\":\"SearchAction\",\"target\":{\"@type\":\"EntryPoint\",\"urlTemplate\":\"https:\/\/vfmsfoundation.org\/es\/?s={search_term_string}\"},\"query-input\":{\"@type\":\"PropertyValueSpecification\",\"valueRequired\":true,\"valueName\":\"search_term_string\"}}],\"inLanguage\":\"es\"},{\"@type\":\"Organization\",\"@id\":\"https:\/\/vfmsfoundation.org\/es\/#organization\",\"name\":\"VFMS Foundation\",\"url\":\"https:\/\/vfmsfoundation.org\/es\/\",\"logo\":{\"@type\":\"ImageObject\",\"inLanguage\":\"es\",\"@id\":\"https:\/\/vfmsfoundation.org\/es\/#\/schema\/logo\/image\/\",\"url\":\"https:\/\/vfmsfoundation.org\/wp-content\/uploads\/2022\/11\/logo-cor-anim_2-1.gif\",\"contentUrl\":\"https:\/\/vfmsfoundation.org\/wp-content\/uploads\/2022\/11\/logo-cor-anim_2-1.gif\",\"width\":660,\"height\":200,\"caption\":\"VFMS Foundation\"},\"image\":{\"@id\":\"https:\/\/vfmsfoundation.org\/es\/#\/schema\/logo\/image\/\"}}]}<\/script>\n<!-- \/ Yoast SEO plugin. -->","yoast_head_json":{"title":"Revelando nuestra filosof\u00eda: descubra los valores fundamentales - VFMS Foundation","description":"Descubra la esencia de nuestro enfoque en VFMS: desde nuestra filosof\u00eda hasta nuestra pasi\u00f3n por la excelencia. Explora c\u00f3mo transformamos ideas en realidad y creamos experiencias memorables.","robots":{"index":"index","follow":"follow","max-snippet":"max-snippet:-1","max-image-preview":"max-image-preview:large","max-video-preview":"max-video-preview:-1"},"canonical":"https:\/\/vfmsfoundation.org\/es\/philosophy\/","og_locale":"es_ES","og_type":"article","og_title":"Revelando nuestra filosof\u00eda: descubra los valores fundamentales - VFMS Foundation","og_description":"Descubra la esencia de nuestro enfoque en VFMS: desde nuestra filosof\u00eda hasta nuestra pasi\u00f3n por la excelencia. Explora c\u00f3mo transformamos ideas en realidad y creamos experiencias memorables.","og_url":"https:\/\/vfmsfoundation.org\/es\/philosophy\/","og_site_name":"VFMS Foundation","article_modified_time":"2024-05-07T06:52:57+00:00","og_image":[{"url":"https:\/\/vfmsfoundation.org\/wp-content\/uploads\/2024\/04\/cor_philosophy_j-2.png"}],"twitter_card":"summary_large_image","twitter_misc":{"Tiempo de lectura":"4 minutos"},"schema":{"@context":"https:\/\/schema.org","@graph":[{"@type":"WebPage","@id":"https:\/\/vfmsfoundation.org\/es\/philosophy\/","url":"https:\/\/vfmsfoundation.org\/es\/philosophy\/","name":"Revelando nuestra filosof\u00eda: descubra los valores fundamentales - VFMS Foundation","isPartOf":{"@id":"https:\/\/vfmsfoundation.org\/es\/#website"},"primaryImageOfPage":{"@id":"https:\/\/vfmsfoundation.org\/es\/philosophy\/#primaryimage"},"image":{"@id":"https:\/\/vfmsfoundation.org\/es\/philosophy\/#primaryimage"},"thumbnailUrl":"https:\/\/vfmsfoundation.org\/wp-content\/uploads\/2024\/04\/cor_philosophy_j-2.png","datePublished":"2024-03-22T12:13:57+00:00","dateModified":"2024-05-07T06:52:57+00:00","description":"Descubra la esencia de nuestro enfoque en VFMS: desde nuestra filosof\u00eda hasta nuestra pasi\u00f3n por la excelencia. Explora c\u00f3mo transformamos ideas en realidad y creamos experiencias memorables.","breadcrumb":{"@id":"https:\/\/vfmsfoundation.org\/es\/philosophy\/#breadcrumb"},"inLanguage":"es","potentialAction":[{"@type":"ReadAction","target":["https:\/\/vfmsfoundation.org\/es\/philosophy\/"]}]},{"@type":"ImageObject","inLanguage":"es","@id":"https:\/\/vfmsfoundation.org\/es\/philosophy\/#primaryimage","url":"https:\/\/vfmsfoundation.org\/wp-content\/uploads\/2024\/04\/cor_philosophy_j-2.png","contentUrl":"https:\/\/vfmsfoundation.org\/wp-content\/uploads\/2024\/04\/cor_philosophy_j-2.png"},{"@type":"BreadcrumbList","@id":"https:\/\/vfmsfoundation.org\/es\/philosophy\/#breadcrumb","itemListElement":[{"@type":"ListItem","position":1,"name":"Portada","item":"https:\/\/vfmsfoundation.org\/es\/"},{"@type":"ListItem","position":2,"name":"FILOSOF\u00cdA"}]},{"@type":"WebSite","@id":"https:\/\/vfmsfoundation.org\/es\/#website","url":"https:\/\/vfmsfoundation.org\/es\/","name":"VFMS Foundation","description":"Discover how the Valentin Fuster Mount Sinai Foundation is making a difference in global health.","publisher":{"@id":"https:\/\/vfmsfoundation.org\/es\/#organization"},"potentialAction":[{"@type":"SearchAction","target":{"@type":"EntryPoint","urlTemplate":"https:\/\/vfmsfoundation.org\/es\/?s={search_term_string}"},"query-input":{"@type":"PropertyValueSpecification","valueRequired":true,"valueName":"search_term_string"}}],"inLanguage":"es"},{"@type":"Organization","@id":"https:\/\/vfmsfoundation.org\/es\/#organization","name":"VFMS Foundation","url":"https:\/\/vfmsfoundation.org\/es\/","logo":{"@type":"ImageObject","inLanguage":"es","@id":"https:\/\/vfmsfoundation.org\/es\/#\/schema\/logo\/image\/","url":"https:\/\/vfmsfoundation.org\/wp-content\/uploads\/2022\/11\/logo-cor-anim_2-1.gif","contentUrl":"https:\/\/vfmsfoundation.org\/wp-content\/uploads\/2022\/11\/logo-cor-anim_2-1.gif","width":660,"height":200,"caption":"VFMS Foundation"},"image":{"@id":"https:\/\/vfmsfoundation.org\/es\/#\/schema\/logo\/image\/"}}]}},"_links":{"self":[{"href":"https:\/\/vfmsfoundation.org\/es\/wp-json\/wp\/v2\/pages\/3234"}],"collection":[{"href":"https:\/\/vfmsfoundation.org\/es\/wp-json\/wp\/v2\/pages"}],"about":[{"href":"https:\/\/vfmsfoundation.org\/es\/wp-json\/wp\/v2\/types\/page"}],"author":[{"embeddable":true,"href":"https:\/\/vfmsfoundation.org\/es\/wp-json\/wp\/v2\/users\/1"}],"replies":[{"embeddable":true,"href":"https:\/\/vfmsfoundation.org\/es\/wp-json\/wp\/v2\/comments?post=3234"}],"version-history":[{"count":3,"href":"https:\/\/vfmsfoundation.org\/es\/wp-json\/wp\/v2\/pages\/3234\/revisions"}],"predecessor-version":[{"id":3328,"href":"https:\/\/vfmsfoundation.org\/es\/wp-json\/wp\/v2\/pages\/3234\/revisions\/3328"}],"wp:attachment":[{"href":"https:\/\/vfmsfoundation.org\/es\/wp-json\/wp\/v2\/media?parent=3234"}],"curies":[{"name":"wp","href":"https:\/\/api.w.org\/{rel}","templated":true}]}}