{"id":3239,"date":"2024-03-27T09:41:50","date_gmt":"2024-03-27T09:41:50","guid":{"rendered":"https:\/\/vfmsfoundation.org\/sobre-nosotros\/board\/miembros\/"},"modified":"2026-04-29T11:10:57","modified_gmt":"2026-04-29T11:10:57","slug":"board-members","status":"publish","type":"page","link":"https:\/\/vfmsfoundation.org\/es\/board-members\/","title":{"rendered":"MIEMBROS"},"content":{"rendered":"\t\t<div data-elementor-type=\"wp-page\" data-elementor-id=\"3239\" class=\"elementor elementor-3239 elementor-689\" data-elementor-post-type=\"page\">\n\t\t\t\t\t\t<section class=\"elementor-section elementor-top-section elementor-element elementor-element-1c9e373 elementor-reverse-mobile elementor-section-content-middle elementor-section-boxed elementor-section-height-default elementor-section-height-default\" data-id=\"1c9e373\" data-element_type=\"section\">\n\t\t\t\t\t\t<div class=\"elementor-container elementor-column-gap-default\">\n\t\t\t\t\t<div class=\"elementor-column elementor-col-50 elementor-top-column elementor-element elementor-element-33825ed\" data-id=\"33825ed\" data-element_type=\"column\">\n\t\t\t<div class=\"elementor-widget-wrap elementor-element-populated\">\n\t\t\t\t\t\t<div class=\"elementor-element elementor-element-13e2c47 elementor-widget elementor-widget-heading\" data-id=\"13e2c47\" data-element_type=\"widget\" data-widget_type=\"heading.default\">\n\t\t\t\t<div class=\"elementor-widget-container\">\n\t\t\t<h1 class=\"elementor-heading-title elementor-size-default\">MIEMBROS<\/h1>\t\t<\/div>\n\t\t\t\t<\/div>\n\t\t\t\t<div class=\"elementor-element elementor-element-e21e418 elementor-widget elementor-widget-heading\" data-id=\"e21e418\" data-element_type=\"widget\" data-widget_type=\"heading.default\">\n\t\t\t\t<div class=\"elementor-widget-container\">\n\t\t\t<h2 class=\"elementor-heading-title elementor-size-default\">\u201cQuiero dar las gracias a todos los miembros del comit\u00e9 de la Fundaci\u00f3n por compartir nuestra visi\u00f3n.\nAl comprender cu\u00e1les son las motivaciones de las personas hacia su propio comportamiento, una de las cosas que hemos aprendido muy r\u00e1pidamente es que todos somos iguales. Puede que vistamos de maneras muy diferentes, pero cuando la enfermedad afecta a cualquiera de nosotros, no hay ninguna diferencia<\/h2>\t\t<\/div>\n\t\t\t\t<\/div>\n\t\t\t\t<div class=\"elementor-element elementor-element-8af34af elementor-widget elementor-widget-heading\" data-id=\"8af34af\" data-element_type=\"widget\" data-widget_type=\"heading.default\">\n\t\t\t\t<div class=\"elementor-widget-container\">\n\t\t\t<div class=\"elementor-heading-title elementor-size-default\"> Dr. Valent\u00edn Fuster<\/div>\t\t<\/div>\n\t\t\t\t<\/div>\n\t\t\t\t\t<\/div>\n\t\t<\/div>\n\t\t\t\t<div class=\"elementor-column elementor-col-50 elementor-top-column elementor-element elementor-element-e3dca31\" data-id=\"e3dca31\" data-element_type=\"column\">\n\t\t\t<div class=\"elementor-widget-wrap elementor-element-populated\">\n\t\t\t\t\t\t<div class=\"elementor-element elementor-element-ede2310 animated-slow elementor-invisible elementor-widget elementor-widget-image\" data-id=\"ede2310\" data-element_type=\"widget\" data-settings=\"{&quot;_animation&quot;:&quot;fadeIn&quot;}\" data-widget_type=\"image.default\">\n\t\t\t\t<div class=\"elementor-widget-container\">\n\t\t\t\t\t\t\t\t\t\t\t\t\t<img fetchpriority=\"high\" decoding=\"async\" width=\"460\" height=\"440\" src=\"https:\/\/vfmsfoundation.org\/wp-content\/uploads\/2024\/03\/cor-membre_j-2.png\" class=\"attachment-large size-large wp-image-693\" alt=\"Members Valentin Fuster\" srcset=\"https:\/\/vfmsfoundation.org\/wp-content\/uploads\/2024\/03\/cor-membre_j-2.png 460w, https:\/\/vfmsfoundation.org\/wp-content\/uploads\/2024\/03\/cor-membre_j-2-300x287.png 300w\" sizes=\"(max-width: 460px) 100vw, 460px\" \/>\t\t\t\t\t\t\t\t\t\t\t\t\t<\/div>\n\t\t\t\t<\/div>\n\t\t\t\t\t<\/div>\n\t\t<\/div>\n\t\t\t\t\t<\/div>\n\t\t<\/section>\n\t\t\t\t<section class=\"elementor-section elementor-top-section elementor-element elementor-element-8ab91db elementor-section-boxed elementor-section-height-default elementor-section-height-default\" data-id=\"8ab91db\" data-element_type=\"section\">\n\t\t\t\t\t\t<div class=\"elementor-container elementor-column-gap-default\">\n\t\t\t\t\t<div class=\"elementor-column elementor-col-100 elementor-top-column elementor-element elementor-element-8f18d2c\" data-id=\"8f18d2c\" data-element_type=\"column\">\n\t\t\t<div class=\"elementor-widget-wrap elementor-element-populated\">\n\t\t\t\t\t\t<div class=\"elementor-element elementor-element-737d3ce elementor-widget-divider--view-line elementor-widget elementor-widget-divider\" data-id=\"737d3ce\" data-element_type=\"widget\" data-widget_type=\"divider.default\">\n\t\t\t\t<div class=\"elementor-widget-container\">\n\t\t\t\t\t<div class=\"elementor-divider\">\n\t\t\t<span class=\"elementor-divider-separator\">\n\t\t\t\t\t\t<\/span>\n\t\t<\/div>\n\t\t\t\t<\/div>\n\t\t\t\t<\/div>\n\t\t\t\t\t<\/div>\n\t\t<\/div>\n\t\t\t\t\t<\/div>\n\t\t<\/section>\n\t\t\t\t<section class=\"elementor-section elementor-top-section elementor-element elementor-element-8cde279 elementor-section-boxed elementor-section-height-default elementor-section-height-default\" data-id=\"8cde279\" data-element_type=\"section\">\n\t\t\t\t\t\t<div class=\"elementor-container elementor-column-gap-default\">\n\t\t\t\t\t<div class=\"elementor-column elementor-col-100 elementor-top-column elementor-element elementor-element-cefe476\" data-id=\"cefe476\" data-element_type=\"column\">\n\t\t\t<div class=\"elementor-widget-wrap elementor-element-populated\">\n\t\t\t\t\t\t<div class=\"elementor-element elementor-element-9ffc5f4 elementor-widget elementor-widget-heading\" data-id=\"9ffc5f4\" data-element_type=\"widget\" data-widget_type=\"heading.default\">\n\t\t\t\t<div class=\"elementor-widget-container\">\n\t\t\t<h3 class=\"elementor-heading-title elementor-size-default\">JUNTA DIRECTIVA DE LA FUNDACI\u00d3N<\/h3>\t\t<\/div>\n\t\t\t\t<\/div>\n\t\t\t\t<div class=\"elementor-element elementor-element-71dae13 elementor-widget elementor-widget-text-editor\" data-id=\"71dae13\" data-element_type=\"widget\" data-widget_type=\"text-editor.default\">\n\t\t\t\t<div class=\"elementor-widget-container\">\n\t\t\t\t\t\t\t<p><span style=\"font-style: inherit; color: var( --e-global-color-text ); font-family: var( --e-global-typography-text-font-family ), Sans-serif; background-color: var(--ast-global-color-5);\"><b>Mr. Andrew Saul<br \/><\/b><\/span><span style=\"font-style: inherit; font-weight: inherit;\">Presidente<br \/><\/span><\/p><p><strong>Valent\u00edn Fuster, MD, PhD<br \/><\/strong><span style=\"font-style: inherit; font-weight: inherit;\">Presidente<br \/><\/span><\/p><p><strong>Eric J. Nestler, MD, PhD<br \/><\/strong><span style=\"font-style: inherit; font-weight: inherit;\">Vicepresidente<br \/><\/span><\/p><p><strong>Mark Kostegan, FAHP<br \/><\/strong>Secretario<\/p><p><strong>Vincent Tammaro<br \/><\/strong>Tesorero<\/p>\t\t\t\t\t\t<\/div>\n\t\t\t\t<\/div>\n\t\t\t\t<div class=\"elementor-element elementor-element-e24227d elementor-widget elementor-widget-heading\" data-id=\"e24227d\" data-element_type=\"widget\" data-widget_type=\"heading.default\">\n\t\t\t\t<div class=\"elementor-widget-container\">\n\t\t\t<h3 class=\"elementor-heading-title elementor-size-default\">MIEMBROS DE LA JUNTA DIRECTIVA DE LA FUNDACI\u00d3N<\/h3>\t\t<\/div>\n\t\t\t\t<\/div>\n\t\t\t\t<div class=\"elementor-element elementor-element-01a67f2 elementor-widget elementor-widget-text-editor\" data-id=\"01a67f2\" data-element_type=\"widget\" data-widget_type=\"text-editor.default\">\n\t\t\t\t<div class=\"elementor-widget-container\">\n\t\t\t\t\t\t\t<p><strong>Nancy Brown<\/strong><\/p><p><strong>Jo Carole Lauder<\/strong><\/p><p><strong>Hon. Ronald S. Lauder<\/strong><\/p><p><strong>Alejandro Santo Domingo<\/strong><\/p><p><strong>Beatrice Santo Domingo<\/strong><\/p><p><strong>Ariel Chaus<\/strong><\/p><p><strong>Muriel Seligson<br \/><\/strong><em>(como representante de Vicky Safra)<\/em><\/p><p><strong>Wendell Winton<\/strong><\/p><p><strong>Sol Daurella<\/strong><\/p><p><em>Los miembros del comit\u00e9 de la Fundaci\u00f3n han sido nombrados mediante invitaci\u00f3n<br \/>del Dr. Valent\u00edn Fuster, y el Sistema Sanitario del Mount Sinai.<\/em><\/p>\t\t\t\t\t\t<\/div>\n\t\t\t\t<\/div>\n\t\t\t\t\t<\/div>\n\t\t<\/div>\n\t\t\t\t\t<\/div>\n\t\t<\/section>\n\t\t\t\t<\/div>\n\t\t","protected":false},"excerpt":{"rendered":"<p>MIEMBROS \u201cQuiero dar las gracias a todos los miembros del comit\u00e9 de la Fundaci\u00f3n por compartir nuestra visi\u00f3n. Al comprender cu\u00e1les son las motivaciones de las personas hacia su propio comportamiento, una de las cosas que hemos aprendido muy r\u00e1pidamente es que todos somos iguales. Puede que vistamos de maneras muy diferentes, pero cuando la [&hellip;]<\/p>\n","protected":false},"author":1,"featured_media":2452,"parent":0,"menu_order":9,"comment_status":"closed","ping_status":"closed","template":"","meta":{"site-sidebar-layout":"no-sidebar","site-content-layout":"page-builder","ast-site-content-layout":"full-width-container","site-content-style":"default","site-sidebar-style":"default","ast-global-header-display":"","ast-banner-title-visibility":"","ast-main-header-display":"","ast-hfb-above-header-display":"","ast-hfb-below-header-display":"","ast-hfb-mobile-header-display":"","site-post-title":"disabled","ast-breadcrumbs-content":"","ast-featured-img":"disabled","footer-sml-layout":"","theme-transparent-header-meta":"default","adv-header-id-meta":"","stick-header-meta":"default","header-above-stick-meta":"","header-main-stick-meta":"","header-below-stick-meta":"","astra-migrate-meta-layouts":"set","ast-page-background-enabled":"default","ast-page-background-meta":{"desktop":{"background-color":"var(--ast-global-color-4)","background-image":"","background-repeat":"repeat","background-position":"center center","background-size":"auto","background-attachment":"scroll","background-type":"","background-media":"","overlay-type":"","overlay-color":"","overlay-opacity":"","overlay-gradient":""},"tablet":{"background-color":"","background-image":"","background-repeat":"repeat","background-position":"center center","background-size":"auto","background-attachment":"scroll","background-type":"","background-media":"","overlay-type":"","overlay-color":"","overlay-opacity":"","overlay-gradient":""},"mobile":{"background-color":"","background-image":"","background-repeat":"repeat","background-position":"center center","background-size":"auto","background-attachment":"scroll","background-type":"","background-media":"","overlay-type":"","overlay-color":"","overlay-opacity":"","overlay-gradient":""}},"ast-content-background-meta":{"desktop":{"background-color":"var(--ast-global-color-5)","background-image":"","background-repeat":"repeat","background-position":"center center","background-size":"auto","background-attachment":"scroll","background-type":"","background-media":"","overlay-type":"","overlay-color":"","overlay-opacity":"","overlay-gradient":""},"tablet":{"background-color":"var(--ast-global-color-5)","background-image":"","background-repeat":"repeat","background-position":"center center","background-size":"auto","background-attachment":"scroll","background-type":"","background-media":"","overlay-type":"","overlay-color":"","overlay-opacity":"","overlay-gradient":""},"mobile":{"background-color":"var(--ast-global-color-5)","background-image":"","background-repeat":"repeat","background-position":"center center","background-size":"auto","background-attachment":"scroll","background-type":"","background-media":"","overlay-type":"","overlay-color":"","overlay-opacity":"","overlay-gradient":""}},"footnotes":""},"class_list":["post-3239","page","type-page","status-publish","has-post-thumbnail","hentry"],"yoast_head":"<!-- This site is optimized with the Yoast SEO plugin v23.5 - https:\/\/yoast.com\/wordpress\/plugins\/seo\/ -->\n<title>Conozca a los miembros de nuestra junta directiva- VFMS Foundation<\/title>\n<meta name=\"description\" content=\"Conozca a nuestros dedicados miembros de la junta directiva y sus invaluables contribuciones a nuestra organizaci\u00f3n.\" \/>\n<meta name=\"robots\" content=\"index, follow, max-snippet:-1, max-image-preview:large, max-video-preview:-1\" \/>\n<link rel=\"canonical\" href=\"https:\/\/vfmsfoundation.org\/es\/board-members\/\" \/>\n<meta property=\"og:locale\" content=\"es_ES\" \/>\n<meta property=\"og:type\" content=\"article\" \/>\n<meta property=\"og:title\" content=\"Conozca a los miembros de nuestra junta directiva- VFMS Foundation\" \/>\n<meta property=\"og:description\" content=\"Conozca a nuestros dedicados miembros de la junta directiva y sus invaluables contribuciones a nuestra organizaci\u00f3n.\" \/>\n<meta property=\"og:url\" content=\"https:\/\/vfmsfoundation.org\/es\/board-members\/\" \/>\n<meta property=\"og:site_name\" content=\"VFMS Foundation\" \/>\n<meta property=\"article:modified_time\" content=\"2026-04-29T11:10:57+00:00\" \/>\n<meta property=\"og:image\" content=\"https:\/\/vfmsfoundation.org\/wp-content\/uploads\/2024\/03\/cor-membre_j-2.png\" \/>\n\t<meta property=\"og:image:width\" content=\"460\" \/>\n\t<meta property=\"og:image:height\" content=\"440\" \/>\n\t<meta property=\"og:image:type\" content=\"image\/png\" \/>\n<meta name=\"twitter:card\" content=\"summary_large_image\" \/>\n<meta name=\"twitter:label1\" content=\"Tiempo de lectura\" \/>\n\t<meta name=\"twitter:data1\" content=\"1 minuto\" \/>\n<script type=\"application\/ld+json\" class=\"yoast-schema-graph\">{\"@context\":\"https:\/\/schema.org\",\"@graph\":[{\"@type\":\"WebPage\",\"@id\":\"https:\/\/vfmsfoundation.org\/es\/board-members\/\",\"url\":\"https:\/\/vfmsfoundation.org\/es\/board-members\/\",\"name\":\"Conozca a los miembros de nuestra junta directiva- VFMS Foundation\",\"isPartOf\":{\"@id\":\"https:\/\/vfmsfoundation.org\/es\/#website\"},\"primaryImageOfPage\":{\"@id\":\"https:\/\/vfmsfoundation.org\/es\/board-members\/#primaryimage\"},\"image\":{\"@id\":\"https:\/\/vfmsfoundation.org\/es\/board-members\/#primaryimage\"},\"thumbnailUrl\":\"https:\/\/vfmsfoundation.org\/wp-content\/uploads\/2024\/03\/cor-membre_j-2.png\",\"datePublished\":\"2024-03-27T09:41:50+00:00\",\"dateModified\":\"2026-04-29T11:10:57+00:00\",\"description\":\"Conozca a nuestros dedicados miembros de la junta directiva y sus invaluables contribuciones a nuestra organizaci\u00f3n.\",\"breadcrumb\":{\"@id\":\"https:\/\/vfmsfoundation.org\/es\/board-members\/#breadcrumb\"},\"inLanguage\":\"es\",\"potentialAction\":[{\"@type\":\"ReadAction\",\"target\":[\"https:\/\/vfmsfoundation.org\/es\/board-members\/\"]}]},{\"@type\":\"ImageObject\",\"inLanguage\":\"es\",\"@id\":\"https:\/\/vfmsfoundation.org\/es\/board-members\/#primaryimage\",\"url\":\"https:\/\/vfmsfoundation.org\/wp-content\/uploads\/2024\/03\/cor-membre_j-2.png\",\"contentUrl\":\"https:\/\/vfmsfoundation.org\/wp-content\/uploads\/2024\/03\/cor-membre_j-2.png\",\"width\":460,\"height\":440,\"caption\":\"Members Valentin Fuster\"},{\"@type\":\"BreadcrumbList\",\"@id\":\"https:\/\/vfmsfoundation.org\/es\/board-members\/#breadcrumb\",\"itemListElement\":[{\"@type\":\"ListItem\",\"position\":1,\"name\":\"Portada\",\"item\":\"https:\/\/vfmsfoundation.org\/es\/\"},{\"@type\":\"ListItem\",\"position\":2,\"name\":\"MIEMBROS\"}]},{\"@type\":\"WebSite\",\"@id\":\"https:\/\/vfmsfoundation.org\/es\/#website\",\"url\":\"https:\/\/vfmsfoundation.org\/es\/\",\"name\":\"VFMS Foundation\",\"description\":\"Discover how the Valentin Fuster Mount Sinai Foundation is making a difference in global health.\",\"publisher\":{\"@id\":\"https:\/\/vfmsfoundation.org\/es\/#organization\"},\"potentialAction\":[{\"@type\":\"SearchAction\",\"target\":{\"@type\":\"EntryPoint\",\"urlTemplate\":\"https:\/\/vfmsfoundation.org\/es\/?s={search_term_string}\"},\"query-input\":{\"@type\":\"PropertyValueSpecification\",\"valueRequired\":true,\"valueName\":\"search_term_string\"}}],\"inLanguage\":\"es\"},{\"@type\":\"Organization\",\"@id\":\"https:\/\/vfmsfoundation.org\/es\/#organization\",\"name\":\"VFMS Foundation\",\"url\":\"https:\/\/vfmsfoundation.org\/es\/\",\"logo\":{\"@type\":\"ImageObject\",\"inLanguage\":\"es\",\"@id\":\"https:\/\/vfmsfoundation.org\/es\/#\/schema\/logo\/image\/\",\"url\":\"https:\/\/vfmsfoundation.org\/wp-content\/uploads\/2026\/04\/vfms-logo-cor.webp\",\"contentUrl\":\"https:\/\/vfmsfoundation.org\/wp-content\/uploads\/2026\/04\/vfms-logo-cor.webp\",\"width\":1280,\"height\":423,\"caption\":\"VFMS Foundation\"},\"image\":{\"@id\":\"https:\/\/vfmsfoundation.org\/es\/#\/schema\/logo\/image\/\"}}]}<\/script>\n<!-- \/ Yoast SEO plugin. -->","yoast_head_json":{"title":"Conozca a los miembros de nuestra junta directiva- VFMS Foundation","description":"Conozca a nuestros dedicados miembros de la junta directiva y sus invaluables contribuciones a nuestra organizaci\u00f3n.","robots":{"index":"index","follow":"follow","max-snippet":"max-snippet:-1","max-image-preview":"max-image-preview:large","max-video-preview":"max-video-preview:-1"},"canonical":"https:\/\/vfmsfoundation.org\/es\/board-members\/","og_locale":"es_ES","og_type":"article","og_title":"Conozca a los miembros de nuestra junta directiva- VFMS Foundation","og_description":"Conozca a nuestros dedicados miembros de la junta directiva y sus invaluables contribuciones a nuestra organizaci\u00f3n.","og_url":"https:\/\/vfmsfoundation.org\/es\/board-members\/","og_site_name":"VFMS Foundation","article_modified_time":"2026-04-29T11:10:57+00:00","og_image":[{"width":460,"height":440,"url":"https:\/\/vfmsfoundation.org\/wp-content\/uploads\/2024\/03\/cor-membre_j-2.png","type":"image\/png"}],"twitter_card":"summary_large_image","twitter_misc":{"Tiempo de lectura":"1 minuto"},"schema":{"@context":"https:\/\/schema.org","@graph":[{"@type":"WebPage","@id":"https:\/\/vfmsfoundation.org\/es\/board-members\/","url":"https:\/\/vfmsfoundation.org\/es\/board-members\/","name":"Conozca a los miembros de nuestra junta directiva- VFMS Foundation","isPartOf":{"@id":"https:\/\/vfmsfoundation.org\/es\/#website"},"primaryImageOfPage":{"@id":"https:\/\/vfmsfoundation.org\/es\/board-members\/#primaryimage"},"image":{"@id":"https:\/\/vfmsfoundation.org\/es\/board-members\/#primaryimage"},"thumbnailUrl":"https:\/\/vfmsfoundation.org\/wp-content\/uploads\/2024\/03\/cor-membre_j-2.png","datePublished":"2024-03-27T09:41:50+00:00","dateModified":"2026-04-29T11:10:57+00:00","description":"Conozca a nuestros dedicados miembros de la junta directiva y sus invaluables contribuciones a nuestra organizaci\u00f3n.","breadcrumb":{"@id":"https:\/\/vfmsfoundation.org\/es\/board-members\/#breadcrumb"},"inLanguage":"es","potentialAction":[{"@type":"ReadAction","target":["https:\/\/vfmsfoundation.org\/es\/board-members\/"]}]},{"@type":"ImageObject","inLanguage":"es","@id":"https:\/\/vfmsfoundation.org\/es\/board-members\/#primaryimage","url":"https:\/\/vfmsfoundation.org\/wp-content\/uploads\/2024\/03\/cor-membre_j-2.png","contentUrl":"https:\/\/vfmsfoundation.org\/wp-content\/uploads\/2024\/03\/cor-membre_j-2.png","width":460,"height":440,"caption":"Members Valentin Fuster"},{"@type":"BreadcrumbList","@id":"https:\/\/vfmsfoundation.org\/es\/board-members\/#breadcrumb","itemListElement":[{"@type":"ListItem","position":1,"name":"Portada","item":"https:\/\/vfmsfoundation.org\/es\/"},{"@type":"ListItem","position":2,"name":"MIEMBROS"}]},{"@type":"WebSite","@id":"https:\/\/vfmsfoundation.org\/es\/#website","url":"https:\/\/vfmsfoundation.org\/es\/","name":"VFMS Foundation","description":"Discover how the Valentin Fuster Mount Sinai Foundation is making a difference in global health.","publisher":{"@id":"https:\/\/vfmsfoundation.org\/es\/#organization"},"potentialAction":[{"@type":"SearchAction","target":{"@type":"EntryPoint","urlTemplate":"https:\/\/vfmsfoundation.org\/es\/?s={search_term_string}"},"query-input":{"@type":"PropertyValueSpecification","valueRequired":true,"valueName":"search_term_string"}}],"inLanguage":"es"},{"@type":"Organization","@id":"https:\/\/vfmsfoundation.org\/es\/#organization","name":"VFMS Foundation","url":"https:\/\/vfmsfoundation.org\/es\/","logo":{"@type":"ImageObject","inLanguage":"es","@id":"https:\/\/vfmsfoundation.org\/es\/#\/schema\/logo\/image\/","url":"https:\/\/vfmsfoundation.org\/wp-content\/uploads\/2026\/04\/vfms-logo-cor.webp","contentUrl":"https:\/\/vfmsfoundation.org\/wp-content\/uploads\/2026\/04\/vfms-logo-cor.webp","width":1280,"height":423,"caption":"VFMS Foundation"},"image":{"@id":"https:\/\/vfmsfoundation.org\/es\/#\/schema\/logo\/image\/"}}]}},"_links":{"self":[{"href":"https:\/\/vfmsfoundation.org\/es\/wp-json\/wp\/v2\/pages\/3239"}],"collection":[{"href":"https:\/\/vfmsfoundation.org\/es\/wp-json\/wp\/v2\/pages"}],"about":[{"href":"https:\/\/vfmsfoundation.org\/es\/wp-json\/wp\/v2\/types\/page"}],"author":[{"embeddable":true,"href":"https:\/\/vfmsfoundation.org\/es\/wp-json\/wp\/v2\/users\/1"}],"replies":[{"embeddable":true,"href":"https:\/\/vfmsfoundation.org\/es\/wp-json\/wp\/v2\/comments?post=3239"}],"version-history":[{"count":21,"href":"https:\/\/vfmsfoundation.org\/es\/wp-json\/wp\/v2\/pages\/3239\/revisions"}],"predecessor-version":[{"id":3849,"href":"https:\/\/vfmsfoundation.org\/es\/wp-json\/wp\/v2\/pages\/3239\/revisions\/3849"}],"wp:featuredmedia":[{"embeddable":true,"href":"https:\/\/vfmsfoundation.org\/es\/wp-json\/wp\/v2\/media\/2452"}],"wp:attachment":[{"href":"https:\/\/vfmsfoundation.org\/es\/wp-json\/wp\/v2\/media?parent=3239"}],"curies":[{"name":"wp","href":"https:\/\/api.w.org\/{rel}","templated":true}]}}