{"id":3241,"date":"2024-03-27T11:28:42","date_gmt":"2024-03-27T11:28:42","guid":{"rendered":"https:\/\/vfmsfoundation.org\/sobre-nosotros\/board\/valentin-fuster\/"},"modified":"2024-05-07T08:12:27","modified_gmt":"2024-05-07T08:12:27","slug":"valentin-fuster","status":"publish","type":"page","link":"https:\/\/vfmsfoundation.org\/es\/board\/valentin-fuster\/","title":{"rendered":"VALENTIN FUSTER"},"content":{"rendered":"\t\t<div data-elementor-type=\"wp-page\" data-elementor-id=\"3241\" class=\"elementor elementor-3241 elementor-742\" data-elementor-post-type=\"page\">\n\t\t\t\t\t\t<section class=\"elementor-section elementor-top-section elementor-element elementor-element-4fe26297 elementor-reverse-mobile elementor-section-content-middle elementor-section-boxed elementor-section-height-default elementor-section-height-default\" data-id=\"4fe26297\" data-element_type=\"section\">\n\t\t\t\t\t\t<div class=\"elementor-container elementor-column-gap-default\">\n\t\t\t\t\t<div class=\"elementor-column elementor-col-50 elementor-top-column elementor-element elementor-element-531479af\" data-id=\"531479af\" data-element_type=\"column\">\n\t\t\t<div class=\"elementor-widget-wrap elementor-element-populated\">\n\t\t\t\t\t\t<div class=\"elementor-element elementor-element-7f7f408f elementor-widget elementor-widget-heading\" data-id=\"7f7f408f\" data-element_type=\"widget\" data-widget_type=\"heading.default\">\n\t\t\t\t<div class=\"elementor-widget-container\">\n\t\t\t<h1 class=\"elementor-heading-title elementor-size-default\">VALENTIN FUSTER<\/h1>\t\t<\/div>\n\t\t\t\t<\/div>\n\t\t\t\t<div class=\"elementor-element elementor-element-62b085c7 elementor-widget elementor-widget-heading\" data-id=\"62b085c7\" data-element_type=\"widget\" data-widget_type=\"heading.default\">\n\t\t\t\t<div class=\"elementor-widget-container\">\n\t\t\t<h2 class=\"elementor-heading-title elementor-size-default\">\n\u00abLA LIBERTAD\nME HA GUIADO SIEMPRE\nEN LA VIDA\u00bb<\/h2>\t\t<\/div>\n\t\t\t\t<\/div>\n\t\t\t\t<div class=\"elementor-element elementor-element-69967a3b elementor-widget elementor-widget-heading\" data-id=\"69967a3b\" data-element_type=\"widget\" data-widget_type=\"heading.default\">\n\t\t\t\t<div class=\"elementor-widget-container\">\n\t\t\t<div class=\"elementor-heading-title elementor-size-default\"> Dr. Valent\u00edn Fuster<\/div>\t\t<\/div>\n\t\t\t\t<\/div>\n\t\t\t\t\t<\/div>\n\t\t<\/div>\n\t\t\t\t<div class=\"elementor-column elementor-col-50 elementor-top-column elementor-element elementor-element-4cae58e1\" data-id=\"4cae58e1\" data-element_type=\"column\">\n\t\t\t<div class=\"elementor-widget-wrap elementor-element-populated\">\n\t\t\t\t\t\t<div class=\"elementor-element elementor-element-26e2bf37 animated-slow elementor-invisible elementor-widget elementor-widget-image\" data-id=\"26e2bf37\" data-element_type=\"widget\" data-settings=\"{&quot;_animation&quot;:&quot;fadeIn&quot;}\" data-widget_type=\"image.default\">\n\t\t\t\t<div class=\"elementor-widget-container\">\n\t\t\t\t\t\t\t\t\t\t\t\t\t<img fetchpriority=\"high\" decoding=\"async\" width=\"460\" height=\"440\" src=\"https:\/\/vfmsfoundation.org\/wp-content\/uploads\/2024\/04\/V_fuster_j.png\" class=\"attachment-large size-large wp-image-981\" alt=\"HEART FUSTER\" srcset=\"https:\/\/vfmsfoundation.org\/wp-content\/uploads\/2024\/04\/V_fuster_j.png 460w, https:\/\/vfmsfoundation.org\/wp-content\/uploads\/2024\/04\/V_fuster_j-300x287.png 300w\" sizes=\"(max-width: 460px) 100vw, 460px\" \/>\t\t\t\t\t\t\t\t\t\t\t\t\t<\/div>\n\t\t\t\t<\/div>\n\t\t\t\t\t<\/div>\n\t\t<\/div>\n\t\t\t\t\t<\/div>\n\t\t<\/section>\n\t\t\t\t<section class=\"elementor-section elementor-top-section elementor-element elementor-element-2c19e230 elementor-section-boxed elementor-section-height-default elementor-section-height-default\" data-id=\"2c19e230\" data-element_type=\"section\">\n\t\t\t\t\t\t<div class=\"elementor-container elementor-column-gap-default\">\n\t\t\t\t\t<div class=\"elementor-column elementor-col-100 elementor-top-column elementor-element elementor-element-69ff179d\" data-id=\"69ff179d\" data-element_type=\"column\">\n\t\t\t<div class=\"elementor-widget-wrap elementor-element-populated\">\n\t\t\t\t\t\t<div class=\"elementor-element elementor-element-6d89ff64 elementor-widget-divider--view-line elementor-widget elementor-widget-divider\" data-id=\"6d89ff64\" data-element_type=\"widget\" data-widget_type=\"divider.default\">\n\t\t\t\t<div class=\"elementor-widget-container\">\n\t\t\t\t\t<div class=\"elementor-divider\">\n\t\t\t<span class=\"elementor-divider-separator\">\n\t\t\t\t\t\t<\/span>\n\t\t<\/div>\n\t\t\t\t<\/div>\n\t\t\t\t<\/div>\n\t\t\t\t\t<\/div>\n\t\t<\/div>\n\t\t\t\t\t<\/div>\n\t\t<\/section>\n\t\t\t\t<section class=\"elementor-section elementor-top-section elementor-element elementor-element-369de9b elementor-section-boxed elementor-section-height-default elementor-section-height-default\" data-id=\"369de9b\" data-element_type=\"section\">\n\t\t\t\t\t\t<div class=\"elementor-container elementor-column-gap-default\">\n\t\t\t\t\t<div class=\"elementor-column elementor-col-100 elementor-top-column elementor-element elementor-element-3f50b3af\" data-id=\"3f50b3af\" data-element_type=\"column\">\n\t\t\t<div class=\"elementor-widget-wrap elementor-element-populated\">\n\t\t\t\t\t\t<div class=\"elementor-element elementor-element-58d0a29 elementor-widget elementor-widget-text-editor\" data-id=\"58d0a29\" data-element_type=\"widget\" data-widget_type=\"text-editor.default\">\n\t\t\t\t<div class=\"elementor-widget-container\">\n\t\t\t\t\t\t\t<div class=\"wpb_text_column wpb_content_element \">\n<div class=\"wpb_wrapper\">\n<p>Despu\u00e9s de licenciarse en medicina y recibir su doctorado por la Universidad de Barcelona, el Dr. Fuster finalmente se convirti\u00f3 en Professor in Cardiovascular Medicine de la Mayo Medical School, ChiefofCardiology en el Massachusetts General Hospital y MallinckrodtProfessor en la Harvard Medical School.<\/p>\n<p><div class=\"ast-oembed-container \" style=\"height: 100%;\"><iframe title=\"Dr. Fuster thanks to his origins\" src=\"https:\/\/player.vimeo.com\/video\/190463803?dnt=1&amp;app_id=122963\" width=\"500\" height=\"281\" frameborder=\"0\" allow=\"autoplay; fullscreen; picture-in-picture; clipboard-write\"><\/iframe><\/div><\/p>\n<p>En 2006, se convirti\u00f3 en DirectorofThe Mount Sinai Heart Center en New York, una posici\u00f3n que compagina con la de Physician-in-ChiefofThe Mountain Siani Hospital desde 2012. El Dr. Fuster es tambi\u00e9n el Director General de CNIC en Espa\u00f1a (equivalente a NHLBI en EE.UU.) y Presidente de la Fundaci\u00f3n SHE-\u201cla Caixa\u201d (Ciencia, Salud y Educaci\u00f3n).<\/p>\n<p>Como l\u00edder mundial en medicina cardiovascular, ha sido Presidente de la American Heart Association (AHA), Presidente de la World Heart Federation, miembro del IOM de la NationalAcademyofSciences, miembro del US NHLBI Advisory Council y Presidente del Training Program de la American CollegeofCardiology (ACC).<\/p>\n<p><div class=\"ast-oembed-container \" style=\"height: 100%;\"><iframe title=\"Dr. Fuster on cause and effect\" src=\"https:\/\/player.vimeo.com\/video\/190463934?dnt=1&amp;app_id=122963\" width=\"500\" height=\"281\" frameborder=\"0\" allow=\"autoplay; fullscreen; picture-in-picture; clipboard-write\"><\/iframe><\/div><\/p>\n<p>El Dr. Fuster ha sido nombrado Doctor Honoris Causa por treinta y cinco universidades de todo el mundo. Ha escrito m\u00e1s de 1000 art\u00edculos cient\u00edficos, dos indispensables libros sobre Medicina Cardiovascular (editor principal) y seis libros divulgativos para el gran p\u00fablico. El Dr. Fuster es el \u00fanico cardi\u00f3logo que ha recibido los m\u00e1s altos galardones otorgados a la investigaci\u00f3n por las cuatro principales organizaciones cardiovasculares del mundo. Adem\u00e1s, ha recibido el Grand Prix Scientifique del Institute de France y las Medallas de Oro de la AHA y de la EuropeanSocietyofCardiology. En 2012, el Dr. Fuster fue designado Living Legend in Cardiology por la ACC y galardonado con el ResearchAchievementAward por la AHA. En 2014, el Dr. Fusterfuenombrado Editor-in-Chief del Journal of the American College of Cardiology.<\/p>\n<p>En 2020, la Familia Real de Tailandiahizomerecedor al Dr. Valent\u00edn Fuster del 29\u00ba Premio Anual Prince Mahidol en el campo de la Medicina. Este prestigioso reconocimiento, que otorga la Fundaci\u00f3n Prince Mahidol, reconoce el liderazgo internacional del Dr. Fuster, que haejercidodurante las \u00faltimascuatrod\u00e9cadas por susinnovadorascontribuciones a la medicina cardiovascular, tanto en el campo de la investigaci\u00f3n como desde la cl\u00ednica asistencialy, m\u00e1s recientemente, como valedor de la promoci\u00f3n de la salud cardiovascular global en todo el mundo.<\/p>\n<\/div>\n<\/div>\n\t\t\t\t\t\t<\/div>\n\t\t\t\t<\/div>\n\t\t\t\t<div class=\"elementor-element elementor-element-b603086 elementor-align-center elementor-widget elementor-widget-button\" data-id=\"b603086\" data-element_type=\"widget\" data-widget_type=\"button.default\">\n\t\t\t\t<div class=\"elementor-widget-container\">\n\t\t\t\t\t<div class=\"elementor-button-wrapper\">\n\t\t\t<a class=\"elementor-button elementor-button-link elementor-size-sm\" href=\"https:\/\/vfmsfoundation.org\/wp-content\/uploads\/2024\/05\/cv-fuster-2.pdf\">\n\t\t\t\t\t\t<span class=\"elementor-button-content-wrapper\">\n\t\t\t\t\t\t\t\t\t<span class=\"elementor-button-text\">DOWNLOAD THE ENTIRE BIOGRAPHY<\/span>\n\t\t\t\t\t<\/span>\n\t\t\t\t\t<\/a>\n\t\t<\/div>\n\t\t\t\t<\/div>\n\t\t\t\t<\/div>\n\t\t\t\t\t<\/div>\n\t\t<\/div>\n\t\t\t\t\t<\/div>\n\t\t<\/section>\n\t\t\t\t<\/div>\n\t\t","protected":false},"excerpt":{"rendered":"<p>VALENTIN FUSTER \u00abLA LIBERTAD ME HA GUIADO SIEMPRE EN LA VIDA\u00bb Dr. Valent\u00edn Fuster Despu\u00e9s de licenciarse en medicina y recibir su doctorado por la Universidad de Barcelona, el Dr. Fuster finalmente se convirti\u00f3 en Professor in Cardiovascular Medicine de la Mayo Medical School, ChiefofCardiology en el Massachusetts General Hospital y MallinckrodtProfessor en la Harvard [&hellip;]<\/p>\n","protected":false},"author":1,"featured_media":0,"parent":3236,"menu_order":10,"comment_status":"closed","ping_status":"closed","template":"","meta":{"site-sidebar-layout":"no-sidebar","site-content-layout":"page-builder","ast-site-content-layout":"full-width-container","site-content-style":"default","site-sidebar-style":"default","ast-global-header-display":"","ast-banner-title-visibility":"","ast-main-header-display":"","ast-hfb-above-header-display":"","ast-hfb-below-header-display":"","ast-hfb-mobile-header-display":"","site-post-title":"disabled","ast-breadcrumbs-content":"","ast-featured-img":"disabled","footer-sml-layout":"","theme-transparent-header-meta":"default","adv-header-id-meta":"","stick-header-meta":"default","header-above-stick-meta":"","header-main-stick-meta":"","header-below-stick-meta":"","astra-migrate-meta-layouts":"set","ast-page-background-enabled":"default","ast-page-background-meta":{"desktop":{"background-color":"var(--ast-global-color-4)","background-image":"","background-repeat":"repeat","background-position":"center center","background-size":"auto","background-attachment":"scroll","background-type":"","background-media":"","overlay-type":"","overlay-color":"","overlay-opacity":"","overlay-gradient":""},"tablet":{"background-color":"","background-image":"","background-repeat":"repeat","background-position":"center center","background-size":"auto","background-attachment":"scroll","background-type":"","background-media":"","overlay-type":"","overlay-color":"","overlay-opacity":"","overlay-gradient":""},"mobile":{"background-color":"","background-image":"","background-repeat":"repeat","background-position":"center center","background-size":"auto","background-attachment":"scroll","background-type":"","background-media":"","overlay-type":"","overlay-color":"","overlay-opacity":"","overlay-gradient":""}},"ast-content-background-meta":{"desktop":{"background-color":"var(--ast-global-color-5)","background-image":"","background-repeat":"repeat","background-position":"center center","background-size":"auto","background-attachment":"scroll","background-type":"","background-media":"","overlay-type":"","overlay-color":"","overlay-opacity":"","overlay-gradient":""},"tablet":{"background-color":"var(--ast-global-color-5)","background-image":"","background-repeat":"repeat","background-position":"center center","background-size":"auto","background-attachment":"scroll","background-type":"","background-media":"","overlay-type":"","overlay-color":"","overlay-opacity":"","overlay-gradient":""},"mobile":{"background-color":"var(--ast-global-color-5)","background-image":"","background-repeat":"repeat","background-position":"center center","background-size":"auto","background-attachment":"scroll","background-type":"","background-media":"","overlay-type":"","overlay-color":"","overlay-opacity":"","overlay-gradient":""}},"footnotes":""},"class_list":["post-3241","page","type-page","status-publish","hentry"],"yoast_head":"<!-- This site is optimized with the Yoast SEO plugin v23.5 - https:\/\/yoast.com\/wordpress\/plugins\/seo\/ -->\n<title>Valentin Fuster - Miembro de la Junta Directiva de la Fundaci\u00f3n Educativa - VFMS Foundation<\/title>\n<meta name=\"description\" content=\"Conozca a Valentin Fuster, un distinguido miembro de la junta directiva de la Fundaci\u00f3n Educativa VFMS, y sus contribuciones a la educaci\u00f3n y la atenci\u00f3n m\u00e9dica. Descubra su experiencia y compromiso para fomentar la excelencia en ambos campos.\" \/>\n<meta name=\"robots\" content=\"index, follow, max-snippet:-1, max-image-preview:large, max-video-preview:-1\" \/>\n<link rel=\"canonical\" href=\"https:\/\/vfmsfoundation.org\/es\/board\/valentin-fuster\/\" \/>\n<meta property=\"og:locale\" content=\"es_ES\" \/>\n<meta property=\"og:type\" content=\"article\" \/>\n<meta property=\"og:title\" content=\"Valentin Fuster - Miembro de la Junta Directiva de la Fundaci\u00f3n Educativa - VFMS Foundation\" \/>\n<meta property=\"og:description\" content=\"Conozca a Valentin Fuster, un distinguido miembro de la junta directiva de la Fundaci\u00f3n Educativa VFMS, y sus contribuciones a la educaci\u00f3n y la atenci\u00f3n m\u00e9dica. Descubra su experiencia y compromiso para fomentar la excelencia en ambos campos.\" \/>\n<meta property=\"og:url\" content=\"https:\/\/vfmsfoundation.org\/es\/board\/valentin-fuster\/\" \/>\n<meta property=\"og:site_name\" content=\"VFMS Foundation\" \/>\n<meta property=\"article:modified_time\" content=\"2024-05-07T08:12:27+00:00\" \/>\n<meta property=\"og:image\" content=\"https:\/\/vfmsfoundation.org\/wp-content\/uploads\/2024\/04\/V_fuster_j.png\" \/>\n<meta name=\"twitter:card\" content=\"summary_large_image\" \/>\n<meta name=\"twitter:label1\" content=\"Tiempo de lectura\" \/>\n\t<meta name=\"twitter:data1\" content=\"2 minutos\" \/>\n<script type=\"application\/ld+json\" class=\"yoast-schema-graph\">{\"@context\":\"https:\/\/schema.org\",\"@graph\":[{\"@type\":\"WebPage\",\"@id\":\"https:\/\/vfmsfoundation.org\/es\/board\/valentin-fuster\/\",\"url\":\"https:\/\/vfmsfoundation.org\/es\/board\/valentin-fuster\/\",\"name\":\"Valentin Fuster - Miembro de la Junta Directiva de la Fundaci\u00f3n Educativa - VFMS Foundation\",\"isPartOf\":{\"@id\":\"https:\/\/vfmsfoundation.org\/es\/#website\"},\"primaryImageOfPage\":{\"@id\":\"https:\/\/vfmsfoundation.org\/es\/board\/valentin-fuster\/#primaryimage\"},\"image\":{\"@id\":\"https:\/\/vfmsfoundation.org\/es\/board\/valentin-fuster\/#primaryimage\"},\"thumbnailUrl\":\"https:\/\/vfmsfoundation.org\/wp-content\/uploads\/2024\/04\/V_fuster_j.png\",\"datePublished\":\"2024-03-27T11:28:42+00:00\",\"dateModified\":\"2024-05-07T08:12:27+00:00\",\"description\":\"Conozca a Valentin Fuster, un distinguido miembro de la junta directiva de la Fundaci\u00f3n Educativa VFMS, y sus contribuciones a la educaci\u00f3n y la atenci\u00f3n m\u00e9dica. Descubra su experiencia y compromiso para fomentar la excelencia en ambos campos.\",\"breadcrumb\":{\"@id\":\"https:\/\/vfmsfoundation.org\/es\/board\/valentin-fuster\/#breadcrumb\"},\"inLanguage\":\"es\",\"potentialAction\":[{\"@type\":\"ReadAction\",\"target\":[\"https:\/\/vfmsfoundation.org\/es\/board\/valentin-fuster\/\"]}]},{\"@type\":\"ImageObject\",\"inLanguage\":\"es\",\"@id\":\"https:\/\/vfmsfoundation.org\/es\/board\/valentin-fuster\/#primaryimage\",\"url\":\"https:\/\/vfmsfoundation.org\/wp-content\/uploads\/2024\/04\/V_fuster_j.png\",\"contentUrl\":\"https:\/\/vfmsfoundation.org\/wp-content\/uploads\/2024\/04\/V_fuster_j.png\"},{\"@type\":\"BreadcrumbList\",\"@id\":\"https:\/\/vfmsfoundation.org\/es\/board\/valentin-fuster\/#breadcrumb\",\"itemListElement\":[{\"@type\":\"ListItem\",\"position\":1,\"name\":\"Portada\",\"item\":\"https:\/\/vfmsfoundation.org\/es\/\"},{\"@type\":\"ListItem\",\"position\":2,\"name\":\"Junta Directiva\",\"item\":\"https:\/\/vfmsfoundation.org\/es\/board\/\"},{\"@type\":\"ListItem\",\"position\":3,\"name\":\"VALENTIN FUSTER\"}]},{\"@type\":\"WebSite\",\"@id\":\"https:\/\/vfmsfoundation.org\/es\/#website\",\"url\":\"https:\/\/vfmsfoundation.org\/es\/\",\"name\":\"VFMS Foundation\",\"description\":\"Discover how the Valentin Fuster Mount Sinai Foundation is making a difference in global health.\",\"publisher\":{\"@id\":\"https:\/\/vfmsfoundation.org\/es\/#organization\"},\"potentialAction\":[{\"@type\":\"SearchAction\",\"target\":{\"@type\":\"EntryPoint\",\"urlTemplate\":\"https:\/\/vfmsfoundation.org\/es\/?s={search_term_string}\"},\"query-input\":{\"@type\":\"PropertyValueSpecification\",\"valueRequired\":true,\"valueName\":\"search_term_string\"}}],\"inLanguage\":\"es\"},{\"@type\":\"Organization\",\"@id\":\"https:\/\/vfmsfoundation.org\/es\/#organization\",\"name\":\"VFMS Foundation\",\"url\":\"https:\/\/vfmsfoundation.org\/es\/\",\"logo\":{\"@type\":\"ImageObject\",\"inLanguage\":\"es\",\"@id\":\"https:\/\/vfmsfoundation.org\/es\/#\/schema\/logo\/image\/\",\"url\":\"https:\/\/vfmsfoundation.org\/wp-content\/uploads\/2022\/11\/logo-cor-anim_2-1.gif\",\"contentUrl\":\"https:\/\/vfmsfoundation.org\/wp-content\/uploads\/2022\/11\/logo-cor-anim_2-1.gif\",\"width\":660,\"height\":200,\"caption\":\"VFMS Foundation\"},\"image\":{\"@id\":\"https:\/\/vfmsfoundation.org\/es\/#\/schema\/logo\/image\/\"}}]}<\/script>\n<!-- \/ Yoast SEO plugin. -->","yoast_head_json":{"title":"Valentin Fuster - Miembro de la Junta Directiva de la Fundaci\u00f3n Educativa - VFMS Foundation","description":"Conozca a Valentin Fuster, un distinguido miembro de la junta directiva de la Fundaci\u00f3n Educativa VFMS, y sus contribuciones a la educaci\u00f3n y la atenci\u00f3n m\u00e9dica. Descubra su experiencia y compromiso para fomentar la excelencia en ambos campos.","robots":{"index":"index","follow":"follow","max-snippet":"max-snippet:-1","max-image-preview":"max-image-preview:large","max-video-preview":"max-video-preview:-1"},"canonical":"https:\/\/vfmsfoundation.org\/es\/board\/valentin-fuster\/","og_locale":"es_ES","og_type":"article","og_title":"Valentin Fuster - Miembro de la Junta Directiva de la Fundaci\u00f3n Educativa - VFMS Foundation","og_description":"Conozca a Valentin Fuster, un distinguido miembro de la junta directiva de la Fundaci\u00f3n Educativa VFMS, y sus contribuciones a la educaci\u00f3n y la atenci\u00f3n m\u00e9dica. Descubra su experiencia y compromiso para fomentar la excelencia en ambos campos.","og_url":"https:\/\/vfmsfoundation.org\/es\/board\/valentin-fuster\/","og_site_name":"VFMS Foundation","article_modified_time":"2024-05-07T08:12:27+00:00","og_image":[{"url":"https:\/\/vfmsfoundation.org\/wp-content\/uploads\/2024\/04\/V_fuster_j.png"}],"twitter_card":"summary_large_image","twitter_misc":{"Tiempo de lectura":"2 minutos"},"schema":{"@context":"https:\/\/schema.org","@graph":[{"@type":"WebPage","@id":"https:\/\/vfmsfoundation.org\/es\/board\/valentin-fuster\/","url":"https:\/\/vfmsfoundation.org\/es\/board\/valentin-fuster\/","name":"Valentin Fuster - Miembro de la Junta Directiva de la Fundaci\u00f3n Educativa - VFMS Foundation","isPartOf":{"@id":"https:\/\/vfmsfoundation.org\/es\/#website"},"primaryImageOfPage":{"@id":"https:\/\/vfmsfoundation.org\/es\/board\/valentin-fuster\/#primaryimage"},"image":{"@id":"https:\/\/vfmsfoundation.org\/es\/board\/valentin-fuster\/#primaryimage"},"thumbnailUrl":"https:\/\/vfmsfoundation.org\/wp-content\/uploads\/2024\/04\/V_fuster_j.png","datePublished":"2024-03-27T11:28:42+00:00","dateModified":"2024-05-07T08:12:27+00:00","description":"Conozca a Valentin Fuster, un distinguido miembro de la junta directiva de la Fundaci\u00f3n Educativa VFMS, y sus contribuciones a la educaci\u00f3n y la atenci\u00f3n m\u00e9dica. Descubra su experiencia y compromiso para fomentar la excelencia en ambos campos.","breadcrumb":{"@id":"https:\/\/vfmsfoundation.org\/es\/board\/valentin-fuster\/#breadcrumb"},"inLanguage":"es","potentialAction":[{"@type":"ReadAction","target":["https:\/\/vfmsfoundation.org\/es\/board\/valentin-fuster\/"]}]},{"@type":"ImageObject","inLanguage":"es","@id":"https:\/\/vfmsfoundation.org\/es\/board\/valentin-fuster\/#primaryimage","url":"https:\/\/vfmsfoundation.org\/wp-content\/uploads\/2024\/04\/V_fuster_j.png","contentUrl":"https:\/\/vfmsfoundation.org\/wp-content\/uploads\/2024\/04\/V_fuster_j.png"},{"@type":"BreadcrumbList","@id":"https:\/\/vfmsfoundation.org\/es\/board\/valentin-fuster\/#breadcrumb","itemListElement":[{"@type":"ListItem","position":1,"name":"Portada","item":"https:\/\/vfmsfoundation.org\/es\/"},{"@type":"ListItem","position":2,"name":"Junta Directiva","item":"https:\/\/vfmsfoundation.org\/es\/board\/"},{"@type":"ListItem","position":3,"name":"VALENTIN FUSTER"}]},{"@type":"WebSite","@id":"https:\/\/vfmsfoundation.org\/es\/#website","url":"https:\/\/vfmsfoundation.org\/es\/","name":"VFMS Foundation","description":"Discover how the Valentin Fuster Mount Sinai Foundation is making a difference in global health.","publisher":{"@id":"https:\/\/vfmsfoundation.org\/es\/#organization"},"potentialAction":[{"@type":"SearchAction","target":{"@type":"EntryPoint","urlTemplate":"https:\/\/vfmsfoundation.org\/es\/?s={search_term_string}"},"query-input":{"@type":"PropertyValueSpecification","valueRequired":true,"valueName":"search_term_string"}}],"inLanguage":"es"},{"@type":"Organization","@id":"https:\/\/vfmsfoundation.org\/es\/#organization","name":"VFMS Foundation","url":"https:\/\/vfmsfoundation.org\/es\/","logo":{"@type":"ImageObject","inLanguage":"es","@id":"https:\/\/vfmsfoundation.org\/es\/#\/schema\/logo\/image\/","url":"https:\/\/vfmsfoundation.org\/wp-content\/uploads\/2022\/11\/logo-cor-anim_2-1.gif","contentUrl":"https:\/\/vfmsfoundation.org\/wp-content\/uploads\/2022\/11\/logo-cor-anim_2-1.gif","width":660,"height":200,"caption":"VFMS Foundation"},"image":{"@id":"https:\/\/vfmsfoundation.org\/es\/#\/schema\/logo\/image\/"}}]}},"_links":{"self":[{"href":"https:\/\/vfmsfoundation.org\/es\/wp-json\/wp\/v2\/pages\/3241"}],"collection":[{"href":"https:\/\/vfmsfoundation.org\/es\/wp-json\/wp\/v2\/pages"}],"about":[{"href":"https:\/\/vfmsfoundation.org\/es\/wp-json\/wp\/v2\/types\/page"}],"author":[{"embeddable":true,"href":"https:\/\/vfmsfoundation.org\/es\/wp-json\/wp\/v2\/users\/1"}],"replies":[{"embeddable":true,"href":"https:\/\/vfmsfoundation.org\/es\/wp-json\/wp\/v2\/comments?post=3241"}],"version-history":[{"count":3,"href":"https:\/\/vfmsfoundation.org\/es\/wp-json\/wp\/v2\/pages\/3241\/revisions"}],"predecessor-version":[{"id":3393,"href":"https:\/\/vfmsfoundation.org\/es\/wp-json\/wp\/v2\/pages\/3241\/revisions\/3393"}],"up":[{"embeddable":true,"href":"https:\/\/vfmsfoundation.org\/es\/wp-json\/wp\/v2\/pages\/3236"}],"wp:attachment":[{"href":"https:\/\/vfmsfoundation.org\/es\/wp-json\/wp\/v2\/media?parent=3241"}],"curies":[{"name":"wp","href":"https:\/\/api.w.org\/{rel}","templated":true}]}}