{"id":3246,"date":"2024-03-27T11:35:41","date_gmt":"2024-03-27T11:35:41","guid":{"rendered":"https:\/\/vfmsfoundation.org\/sobre-nosotros\/colaboradores\/cnic\/"},"modified":"2024-05-03T07:54:55","modified_gmt":"2024-05-03T07:54:55","slug":"cnic","status":"publish","type":"page","link":"https:\/\/vfmsfoundation.org\/es\/foundation-partners\/cnic\/","title":{"rendered":"CNIC"},"content":{"rendered":"\t\t<div data-elementor-type=\"wp-page\" data-elementor-id=\"3246\" class=\"elementor elementor-3246 elementor-759\" data-elementor-post-type=\"page\">\n\t\t\t\t\t\t<section class=\"elementor-section elementor-top-section elementor-element elementor-element-5e1ec7d1 elementor-reverse-mobile elementor-section-content-middle elementor-section-boxed elementor-section-height-default elementor-section-height-default\" data-id=\"5e1ec7d1\" data-element_type=\"section\">\n\t\t\t\t\t\t<div class=\"elementor-container elementor-column-gap-default\">\n\t\t\t\t\t<div class=\"elementor-column elementor-col-50 elementor-top-column elementor-element elementor-element-315e2531\" data-id=\"315e2531\" data-element_type=\"column\">\n\t\t\t<div class=\"elementor-widget-wrap elementor-element-populated\">\n\t\t\t\t\t\t<div class=\"elementor-element elementor-element-e08291e elementor-widget elementor-widget-heading\" data-id=\"e08291e\" data-element_type=\"widget\" data-widget_type=\"heading.default\">\n\t\t\t\t<div class=\"elementor-widget-container\">\n\t\t\t<h1 class=\"elementor-heading-title elementor-size-default\">CNIC<\/h1>\t\t<\/div>\n\t\t\t\t<\/div>\n\t\t\t\t<div class=\"elementor-element elementor-element-18deb63f elementor-widget elementor-widget-heading\" data-id=\"18deb63f\" data-element_type=\"widget\" data-widget_type=\"heading.default\">\n\t\t\t\t<div class=\"elementor-widget-container\">\n\t\t\t<h2 class=\"elementor-heading-title elementor-size-default\">\n\u201cEN CIERTO MODO ESTAMOS TRANSFORMANDO LA FORMA DE HACER INVESTIGACI\u00d3N AL ANIMAR A LOS J\u00d3VENES A ADENTRARSE EN ELLA Y, AL MISMO TIEMPO, A PASAR DE LA ENFERMEDAD A LA SALUD. DE ESO TRATA EL CNIC\u201d<\/h2>\t\t<\/div>\n\t\t\t\t<\/div>\n\t\t\t\t<div class=\"elementor-element elementor-element-354df708 elementor-widget elementor-widget-heading\" data-id=\"354df708\" data-element_type=\"widget\" data-widget_type=\"heading.default\">\n\t\t\t\t<div class=\"elementor-widget-container\">\n\t\t\t<div class=\"elementor-heading-title elementor-size-default\"> Dr. Valent\u00edn Fuster<\/div>\t\t<\/div>\n\t\t\t\t<\/div>\n\t\t\t\t\t<\/div>\n\t\t<\/div>\n\t\t\t\t<div class=\"elementor-column elementor-col-50 elementor-top-column elementor-element elementor-element-12bc3f7a\" data-id=\"12bc3f7a\" data-element_type=\"column\">\n\t\t\t<div class=\"elementor-widget-wrap elementor-element-populated\">\n\t\t\t\t\t\t<div class=\"elementor-element elementor-element-7e7b9cf8 animated-slow elementor-invisible elementor-widget elementor-widget-image\" data-id=\"7e7b9cf8\" data-element_type=\"widget\" data-settings=\"{&quot;_animation&quot;:&quot;fadeIn&quot;}\" data-widget_type=\"image.default\">\n\t\t\t\t<div class=\"elementor-widget-container\">\n\t\t\t\t\t\t\t\t\t\t\t\t\t<img fetchpriority=\"high\" decoding=\"async\" width=\"460\" height=\"126\" src=\"https:\/\/vfmsfoundation.org\/wp-content\/uploads\/2024\/04\/logo-cnic-coraz.jpg\" class=\"attachment-large size-large wp-image-1043\" alt=\"LOGO CNIC\" srcset=\"https:\/\/vfmsfoundation.org\/wp-content\/uploads\/2024\/04\/logo-cnic-coraz.jpg 460w, https:\/\/vfmsfoundation.org\/wp-content\/uploads\/2024\/04\/logo-cnic-coraz-300x82.jpg 300w\" sizes=\"(max-width: 460px) 100vw, 460px\" \/>\t\t\t\t\t\t\t\t\t\t\t\t\t<\/div>\n\t\t\t\t<\/div>\n\t\t\t\t\t<\/div>\n\t\t<\/div>\n\t\t\t\t\t<\/div>\n\t\t<\/section>\n\t\t\t\t<section class=\"elementor-section elementor-top-section elementor-element elementor-element-68ee1566 elementor-section-boxed elementor-section-height-default elementor-section-height-default\" data-id=\"68ee1566\" data-element_type=\"section\">\n\t\t\t\t\t\t<div class=\"elementor-container elementor-column-gap-default\">\n\t\t\t\t\t<div class=\"elementor-column elementor-col-100 elementor-top-column elementor-element elementor-element-67f0fa58\" data-id=\"67f0fa58\" data-element_type=\"column\">\n\t\t\t<div class=\"elementor-widget-wrap elementor-element-populated\">\n\t\t\t\t\t\t<div class=\"elementor-element elementor-element-3c7743ad elementor-widget-divider--view-line elementor-widget elementor-widget-divider\" data-id=\"3c7743ad\" data-element_type=\"widget\" data-widget_type=\"divider.default\">\n\t\t\t\t<div class=\"elementor-widget-container\">\n\t\t\t\t\t<div class=\"elementor-divider\">\n\t\t\t<span class=\"elementor-divider-separator\">\n\t\t\t\t\t\t<\/span>\n\t\t<\/div>\n\t\t\t\t<\/div>\n\t\t\t\t<\/div>\n\t\t\t\t\t<\/div>\n\t\t<\/div>\n\t\t\t\t\t<\/div>\n\t\t<\/section>\n\t\t\t\t<section class=\"elementor-section elementor-top-section elementor-element elementor-element-220a736a elementor-section-boxed elementor-section-height-default elementor-section-height-default\" data-id=\"220a736a\" data-element_type=\"section\">\n\t\t\t\t\t\t<div class=\"elementor-container elementor-column-gap-default\">\n\t\t\t\t\t<div class=\"elementor-column elementor-col-100 elementor-top-column elementor-element elementor-element-55e1e059\" data-id=\"55e1e059\" data-element_type=\"column\">\n\t\t\t<div class=\"elementor-widget-wrap elementor-element-populated\">\n\t\t\t\t\t\t<div class=\"elementor-element elementor-element-77556fc2 elementor-widget elementor-widget-text-editor\" data-id=\"77556fc2\" data-element_type=\"widget\" data-widget_type=\"text-editor.default\">\n\t\t\t\t<div class=\"elementor-widget-container\">\n\t\t\t\t\t\t\t<p>El Centro Nacional de Investigaciones Cardiovasculares Carlos III (CNIC) de Madrid (Espa\u00f1a) es un centro de investigaci\u00f3n internacional pionero dedicado a comprender las bases de la salud y las enfermedades cardiovasculares y a utilizar estos conocimientos para mejorar la atenci\u00f3n al paciente.<\/p>\n<p><div class=\"ast-oembed-container \" style=\"height: 100%;\"><iframe title=\"CLIP 24\" src=\"https:\/\/player.vimeo.com\/video\/171553339?dnt=1&amp;app_id=122963\" width=\"500\" height=\"281\" frameborder=\"0\" allow=\"autoplay; fullscreen; picture-in-picture; clipboard-write\"><\/iframe><\/div><\/p>\n<p>El centro fue fundado en 1999 por el Ministerio de Sanidad y est\u00e1 situado en el campus del Instituto de Salud Carlos III de Madrid.<\/p>\n\t\t\t\t\t\t<\/div>\n\t\t\t\t<\/div>\n\t\t\t\t<div class=\"elementor-element elementor-element-728e1d0d elementor-arrows-position-inside elementor-pagination-position-outside elementor-widget elementor-widget-image-carousel\" data-id=\"728e1d0d\" data-element_type=\"widget\" data-settings=\"{&quot;slides_to_show&quot;:&quot;1&quot;,&quot;navigation&quot;:&quot;both&quot;,&quot;autoplay&quot;:&quot;yes&quot;,&quot;pause_on_hover&quot;:&quot;yes&quot;,&quot;pause_on_interaction&quot;:&quot;yes&quot;,&quot;autoplay_speed&quot;:5000,&quot;infinite&quot;:&quot;yes&quot;,&quot;effect&quot;:&quot;slide&quot;,&quot;speed&quot;:500}\" data-widget_type=\"image-carousel.default\">\n\t\t\t\t<div class=\"elementor-widget-container\">\n\t\t\t\t\t<div class=\"elementor-image-carousel-wrapper swiper\" dir=\"ltr\">\n\t\t\t<div class=\"elementor-image-carousel swiper-wrapper\" aria-live=\"off\">\n\t\t\t\t\t\t\t\t<div class=\"swiper-slide\" role=\"group\" aria-roledescription=\"slide\" aria-label=\"1 de 4\"><figure class=\"swiper-slide-inner\"><img decoding=\"async\" class=\"swiper-slide-image\" src=\"https:\/\/vfmsfoundation.org\/wp-content\/uploads\/2024\/04\/c_formacion.jpg\" alt=\"FOTO GRUPAL CON EL LOGO DE CNIC\" \/><\/figure><\/div><div class=\"swiper-slide\" role=\"group\" aria-roledescription=\"slide\" aria-label=\"2 de 4\"><figure class=\"swiper-slide-inner\"><img decoding=\"async\" class=\"swiper-slide-image\" src=\"https:\/\/vfmsfoundation.org\/wp-content\/uploads\/2024\/04\/c_firma_0.jpg\" alt=\"GRUPO TRAJEADO DE FUSTER Y SOCIOS\" \/><\/figure><\/div><div class=\"swiper-slide\" role=\"group\" aria-roledescription=\"slide\" aria-label=\"3 de 4\"><figure class=\"swiper-slide-inner\"><img decoding=\"async\" class=\"swiper-slide-image\" src=\"https:\/\/vfmsfoundation.org\/wp-content\/uploads\/2024\/04\/c_sobrecnic-1.jpg\" alt=\"FOTO GRUPAL CON EL LOGO DE CNIC Y FUSTER\" \/><\/figure><\/div><div class=\"swiper-slide\" role=\"group\" aria-roledescription=\"slide\" aria-label=\"4 de 4\"><figure class=\"swiper-slide-inner\"><img decoding=\"async\" class=\"swiper-slide-image\" src=\"https:\/\/vfmsfoundation.org\/wp-content\/uploads\/2024\/04\/C_pantallassowebcnic.jpg\" alt=\"EQUIPO MEDICO DE CUATRO MUJERES\" \/><\/figure><\/div>\t\t\t<\/div>\n\t\t\t\t\t\t\t\t\t\t\t\t<div class=\"elementor-swiper-button elementor-swiper-button-prev\" role=\"button\" tabindex=\"0\">\n\t\t\t\t\t\t<i aria-hidden=\"true\" class=\"eicon-chevron-left\"><\/i>\t\t\t\t\t<\/div>\n\t\t\t\t\t<div class=\"elementor-swiper-button elementor-swiper-button-next\" role=\"button\" tabindex=\"0\">\n\t\t\t\t\t\t<i aria-hidden=\"true\" class=\"eicon-chevron-right\"><\/i>\t\t\t\t\t<\/div>\n\t\t\t\t\n\t\t\t\t\t\t\t\t\t<div class=\"swiper-pagination\"><\/div>\n\t\t\t\t\t\t\t\t\t<\/div>\n\t\t\t\t<\/div>\n\t\t\t\t<\/div>\n\t\t\t\t<div class=\"elementor-element elementor-element-2ef60a18 elementor-widget elementor-widget-text-editor\" data-id=\"2ef60a18\" data-element_type=\"widget\" data-widget_type=\"text-editor.default\">\n\t\t\t\t<div class=\"elementor-widget-container\">\n\t\t\t\t\t\t\t<p>El CNIC adopt\u00f3 su forma actual despu\u00e9s de una reestructuraci\u00f3n realizada en 2006, que fue posible gracias a una colaboraci\u00f3n entre el Gobierno espa\u00f1ol y la Fundaci\u00f3n Pro CNIC, formada por un grupo de las 14 empresas y fundaciones ben\u00e9ficas m\u00e1s importantes de Espa\u00f1a. Gracias a esta colaboraci\u00f3n, la Fundaci\u00f3n Pro CNIC inyect\u00f3 un capital privado considerable y tambi\u00e9n aplic\u00f3 su amplia experiencia a la gesti\u00f3n y la promoci\u00f3n del CNIC, lo cual permiti\u00f3 incorporar al Dr. Valent\u00edn Fuster como Director General y desarrollar un nuevo plan estrat\u00e9gico.<\/p>\n<p>El objetivo principal del CNIC es que estos nuevos conocimientos se traduzcan en beneficios sociales y en un rendimiento tangible para el sector p\u00fablico espa\u00f1ol. Todos los recursos del centro est\u00e1n orientados al empleo de los resultados de la investigaci\u00f3n para conseguir cambios en la pr\u00e1ctica cl\u00ednica y obtener as\u00ed oportunidades para el sector empresarial Para lograr este objetivo, el centro promueve estrechas colaboraciones entre investigadores b\u00e1sicos y cl\u00ednicos y lidera su participaci\u00f3n en estudios cl\u00ednicos y observacionales basados en la poblaci\u00f3n, uno de los principales compromisos del centro.<\/p>\n<p>Otra de las actividades centrales del CNIC es la formaci\u00f3n. El Plan de Formaci\u00f3n CNIC-JOVEN abarca todos los niveles, desde el \u00faltimo curso de la secundaria hasta la investigaci\u00f3n postdoctoral, y se dedica a garantizar una s\u00f3lida base de investigadores biom\u00e9dicos con talento en Espa\u00f1a.<\/p>\n<p>De los m\u00e1s de 400 empleados del CNIC, el 85% trabaja directamente en proyectos de investigaci\u00f3n como miembros de unidades t\u00e9cnicas o grupos de investigaci\u00f3n. Los investigadores del CNIC han sido seleccionados a trav\u00e9s de un competitivo proceso internacional y se someten a evaluaciones peri\u00f3dicas por un comit\u00e9 de evaluaci\u00f3n externo integrado por 13 cient\u00edficos de renombre internacional. Recientemente, el CNIC ha recibido el distintivo Centro de Excelencia Severo Ochoa, un premio que se otorga a los 8 mejores centros de investigaci\u00f3n de Espa\u00f1a.<\/p>\n\t\t\t\t\t\t<\/div>\n\t\t\t\t<\/div>\n\t\t\t\t\t<\/div>\n\t\t<\/div>\n\t\t\t\t\t<\/div>\n\t\t<\/section>\n\t\t\t\t<\/div>\n\t\t","protected":false},"excerpt":{"rendered":"<p>CNIC \u201cEN CIERTO MODO ESTAMOS TRANSFORMANDO LA FORMA DE HACER INVESTIGACI\u00d3N AL ANIMAR A LOS J\u00d3VENES A ADENTRARSE EN ELLA Y, AL MISMO TIEMPO, A PASAR DE LA ENFERMEDAD A LA SALUD. DE ESO TRATA EL CNIC\u201d Dr. Valent\u00edn Fuster El Centro Nacional de Investigaciones Cardiovasculares Carlos III (CNIC) de Madrid (Espa\u00f1a) es un centro [&hellip;]<\/p>\n","protected":false},"author":1,"featured_media":0,"parent":3245,"menu_order":0,"comment_status":"closed","ping_status":"closed","template":"","meta":{"site-sidebar-layout":"no-sidebar","site-content-layout":"page-builder","ast-site-content-layout":"full-width-container","site-content-style":"default","site-sidebar-style":"default","ast-global-header-display":"","ast-banner-title-visibility":"","ast-main-header-display":"","ast-hfb-above-header-display":"","ast-hfb-below-header-display":"","ast-hfb-mobile-header-display":"","site-post-title":"disabled","ast-breadcrumbs-content":"","ast-featured-img":"disabled","footer-sml-layout":"","theme-transparent-header-meta":"default","adv-header-id-meta":"","stick-header-meta":"default","header-above-stick-meta":"","header-main-stick-meta":"","header-below-stick-meta":"","astra-migrate-meta-layouts":"default","ast-page-background-enabled":"default","ast-page-background-meta":{"desktop":{"background-color":"var(--ast-global-color-4)","background-image":"","background-repeat":"repeat","background-position":"center center","background-size":"auto","background-attachment":"scroll","background-type":"","background-media":"","overlay-type":"","overlay-color":"","overlay-opacity":"","overlay-gradient":""},"tablet":{"background-color":"","background-image":"","background-repeat":"repeat","background-position":"center center","background-size":"auto","background-attachment":"scroll","background-type":"","background-media":"","overlay-type":"","overlay-color":"","overlay-opacity":"","overlay-gradient":""},"mobile":{"background-color":"","background-image":"","background-repeat":"repeat","background-position":"center center","background-size":"auto","background-attachment":"scroll","background-type":"","background-media":"","overlay-type":"","overlay-color":"","overlay-opacity":"","overlay-gradient":""}},"ast-content-background-meta":{"desktop":{"background-color":"var(--ast-global-color-5)","background-image":"","background-repeat":"repeat","background-position":"center center","background-size":"auto","background-attachment":"scroll","background-type":"","background-media":"","overlay-type":"","overlay-color":"","overlay-opacity":"","overlay-gradient":""},"tablet":{"background-color":"var(--ast-global-color-5)","background-image":"","background-repeat":"repeat","background-position":"center center","background-size":"auto","background-attachment":"scroll","background-type":"","background-media":"","overlay-type":"","overlay-color":"","overlay-opacity":"","overlay-gradient":""},"mobile":{"background-color":"var(--ast-global-color-5)","background-image":"","background-repeat":"repeat","background-position":"center center","background-size":"auto","background-attachment":"scroll","background-type":"","background-media":"","overlay-type":"","overlay-color":"","overlay-opacity":"","overlay-gradient":""}},"footnotes":""},"class_list":["post-3246","page","type-page","status-publish","hentry"],"yoast_head":"<!-- This site is optimized with the Yoast SEO plugin v23.5 - https:\/\/yoast.com\/wordpress\/plugins\/seo\/ -->\n<title>Centro Nacional de Investigaci\u00f3n Cardiovascular - VFMS Foundation<\/title>\n<meta name=\"description\" content=\"Explore c\u00f3mo el Centro Nacional de Investigaci\u00f3n Cardiovascular colabora con la Fundaci\u00f3n VFMS para avanzar en la investigaci\u00f3n m\u00e9dica y mejorar la salud cardiovascular. Conozca a nuestros socios fundacionales y su compromiso con la excelencia cient\u00edfica\" \/>\n<meta name=\"robots\" content=\"index, follow, max-snippet:-1, max-image-preview:large, max-video-preview:-1\" \/>\n<link rel=\"canonical\" href=\"https:\/\/vfmsfoundation.org\/es\/foundation-partners\/cnic\/\" \/>\n<meta property=\"og:locale\" content=\"es_ES\" \/>\n<meta property=\"og:type\" content=\"article\" \/>\n<meta property=\"og:title\" content=\"Centro Nacional de Investigaci\u00f3n Cardiovascular - VFMS Foundation\" \/>\n<meta property=\"og:description\" content=\"Explore c\u00f3mo el Centro Nacional de Investigaci\u00f3n Cardiovascular colabora con la Fundaci\u00f3n VFMS para avanzar en la investigaci\u00f3n m\u00e9dica y mejorar la salud cardiovascular. Conozca a nuestros socios fundacionales y su compromiso con la excelencia cient\u00edfica\" \/>\n<meta property=\"og:url\" content=\"https:\/\/vfmsfoundation.org\/es\/foundation-partners\/cnic\/\" \/>\n<meta property=\"og:site_name\" content=\"VFMS Foundation\" \/>\n<meta property=\"article:modified_time\" content=\"2024-05-03T07:54:55+00:00\" \/>\n<meta property=\"og:image\" content=\"https:\/\/vfmsfoundation.org\/wp-content\/uploads\/2024\/04\/logo-cnic-coraz.jpg\" \/>\n<meta name=\"twitter:card\" content=\"summary_large_image\" \/>\n<meta name=\"twitter:label1\" content=\"Tiempo de lectura\" \/>\n\t<meta name=\"twitter:data1\" content=\"2 minutos\" \/>\n<script type=\"application\/ld+json\" class=\"yoast-schema-graph\">{\"@context\":\"https:\/\/schema.org\",\"@graph\":[{\"@type\":\"WebPage\",\"@id\":\"https:\/\/vfmsfoundation.org\/es\/foundation-partners\/cnic\/\",\"url\":\"https:\/\/vfmsfoundation.org\/es\/foundation-partners\/cnic\/\",\"name\":\"Centro Nacional de Investigaci\u00f3n Cardiovascular - VFMS Foundation\",\"isPartOf\":{\"@id\":\"https:\/\/vfmsfoundation.org\/es\/#website\"},\"primaryImageOfPage\":{\"@id\":\"https:\/\/vfmsfoundation.org\/es\/foundation-partners\/cnic\/#primaryimage\"},\"image\":{\"@id\":\"https:\/\/vfmsfoundation.org\/es\/foundation-partners\/cnic\/#primaryimage\"},\"thumbnailUrl\":\"https:\/\/vfmsfoundation.org\/wp-content\/uploads\/2024\/04\/logo-cnic-coraz.jpg\",\"datePublished\":\"2024-03-27T11:35:41+00:00\",\"dateModified\":\"2024-05-03T07:54:55+00:00\",\"description\":\"Explore c\u00f3mo el Centro Nacional de Investigaci\u00f3n Cardiovascular colabora con la Fundaci\u00f3n VFMS para avanzar en la investigaci\u00f3n m\u00e9dica y mejorar la salud cardiovascular. Conozca a nuestros socios fundacionales y su compromiso con la excelencia cient\u00edfica\",\"breadcrumb\":{\"@id\":\"https:\/\/vfmsfoundation.org\/es\/foundation-partners\/cnic\/#breadcrumb\"},\"inLanguage\":\"es\",\"potentialAction\":[{\"@type\":\"ReadAction\",\"target\":[\"https:\/\/vfmsfoundation.org\/es\/foundation-partners\/cnic\/\"]}]},{\"@type\":\"ImageObject\",\"inLanguage\":\"es\",\"@id\":\"https:\/\/vfmsfoundation.org\/es\/foundation-partners\/cnic\/#primaryimage\",\"url\":\"https:\/\/vfmsfoundation.org\/wp-content\/uploads\/2024\/04\/logo-cnic-coraz.jpg\",\"contentUrl\":\"https:\/\/vfmsfoundation.org\/wp-content\/uploads\/2024\/04\/logo-cnic-coraz.jpg\"},{\"@type\":\"BreadcrumbList\",\"@id\":\"https:\/\/vfmsfoundation.org\/es\/foundation-partners\/cnic\/#breadcrumb\",\"itemListElement\":[{\"@type\":\"ListItem\",\"position\":1,\"name\":\"Portada\",\"item\":\"https:\/\/vfmsfoundation.org\/es\/\"},{\"@type\":\"ListItem\",\"position\":2,\"name\":\"COLABORADORES\",\"item\":\"https:\/\/vfmsfoundation.org\/es\/foundation-partners\/\"},{\"@type\":\"ListItem\",\"position\":3,\"name\":\"CNIC\"}]},{\"@type\":\"WebSite\",\"@id\":\"https:\/\/vfmsfoundation.org\/es\/#website\",\"url\":\"https:\/\/vfmsfoundation.org\/es\/\",\"name\":\"VFMS Foundation\",\"description\":\"Discover how the Valentin Fuster Mount Sinai Foundation is making a difference in global health.\",\"publisher\":{\"@id\":\"https:\/\/vfmsfoundation.org\/es\/#organization\"},\"potentialAction\":[{\"@type\":\"SearchAction\",\"target\":{\"@type\":\"EntryPoint\",\"urlTemplate\":\"https:\/\/vfmsfoundation.org\/es\/?s={search_term_string}\"},\"query-input\":{\"@type\":\"PropertyValueSpecification\",\"valueRequired\":true,\"valueName\":\"search_term_string\"}}],\"inLanguage\":\"es\"},{\"@type\":\"Organization\",\"@id\":\"https:\/\/vfmsfoundation.org\/es\/#organization\",\"name\":\"VFMS Foundation\",\"url\":\"https:\/\/vfmsfoundation.org\/es\/\",\"logo\":{\"@type\":\"ImageObject\",\"inLanguage\":\"es\",\"@id\":\"https:\/\/vfmsfoundation.org\/es\/#\/schema\/logo\/image\/\",\"url\":\"https:\/\/vfmsfoundation.org\/wp-content\/uploads\/2022\/11\/logo-cor-anim_2-1.gif\",\"contentUrl\":\"https:\/\/vfmsfoundation.org\/wp-content\/uploads\/2022\/11\/logo-cor-anim_2-1.gif\",\"width\":660,\"height\":200,\"caption\":\"VFMS Foundation\"},\"image\":{\"@id\":\"https:\/\/vfmsfoundation.org\/es\/#\/schema\/logo\/image\/\"}}]}<\/script>\n<!-- \/ Yoast SEO plugin. -->","yoast_head_json":{"title":"Centro Nacional de Investigaci\u00f3n Cardiovascular - VFMS Foundation","description":"Explore c\u00f3mo el Centro Nacional de Investigaci\u00f3n Cardiovascular colabora con la Fundaci\u00f3n VFMS para avanzar en la investigaci\u00f3n m\u00e9dica y mejorar la salud cardiovascular. Conozca a nuestros socios fundacionales y su compromiso con la excelencia cient\u00edfica","robots":{"index":"index","follow":"follow","max-snippet":"max-snippet:-1","max-image-preview":"max-image-preview:large","max-video-preview":"max-video-preview:-1"},"canonical":"https:\/\/vfmsfoundation.org\/es\/foundation-partners\/cnic\/","og_locale":"es_ES","og_type":"article","og_title":"Centro Nacional de Investigaci\u00f3n Cardiovascular - VFMS Foundation","og_description":"Explore c\u00f3mo el Centro Nacional de Investigaci\u00f3n Cardiovascular colabora con la Fundaci\u00f3n VFMS para avanzar en la investigaci\u00f3n m\u00e9dica y mejorar la salud cardiovascular. Conozca a nuestros socios fundacionales y su compromiso con la excelencia cient\u00edfica","og_url":"https:\/\/vfmsfoundation.org\/es\/foundation-partners\/cnic\/","og_site_name":"VFMS Foundation","article_modified_time":"2024-05-03T07:54:55+00:00","og_image":[{"url":"https:\/\/vfmsfoundation.org\/wp-content\/uploads\/2024\/04\/logo-cnic-coraz.jpg"}],"twitter_card":"summary_large_image","twitter_misc":{"Tiempo de lectura":"2 minutos"},"schema":{"@context":"https:\/\/schema.org","@graph":[{"@type":"WebPage","@id":"https:\/\/vfmsfoundation.org\/es\/foundation-partners\/cnic\/","url":"https:\/\/vfmsfoundation.org\/es\/foundation-partners\/cnic\/","name":"Centro Nacional de Investigaci\u00f3n Cardiovascular - VFMS Foundation","isPartOf":{"@id":"https:\/\/vfmsfoundation.org\/es\/#website"},"primaryImageOfPage":{"@id":"https:\/\/vfmsfoundation.org\/es\/foundation-partners\/cnic\/#primaryimage"},"image":{"@id":"https:\/\/vfmsfoundation.org\/es\/foundation-partners\/cnic\/#primaryimage"},"thumbnailUrl":"https:\/\/vfmsfoundation.org\/wp-content\/uploads\/2024\/04\/logo-cnic-coraz.jpg","datePublished":"2024-03-27T11:35:41+00:00","dateModified":"2024-05-03T07:54:55+00:00","description":"Explore c\u00f3mo el Centro Nacional de Investigaci\u00f3n Cardiovascular colabora con la Fundaci\u00f3n VFMS para avanzar en la investigaci\u00f3n m\u00e9dica y mejorar la salud cardiovascular. Conozca a nuestros socios fundacionales y su compromiso con la excelencia cient\u00edfica","breadcrumb":{"@id":"https:\/\/vfmsfoundation.org\/es\/foundation-partners\/cnic\/#breadcrumb"},"inLanguage":"es","potentialAction":[{"@type":"ReadAction","target":["https:\/\/vfmsfoundation.org\/es\/foundation-partners\/cnic\/"]}]},{"@type":"ImageObject","inLanguage":"es","@id":"https:\/\/vfmsfoundation.org\/es\/foundation-partners\/cnic\/#primaryimage","url":"https:\/\/vfmsfoundation.org\/wp-content\/uploads\/2024\/04\/logo-cnic-coraz.jpg","contentUrl":"https:\/\/vfmsfoundation.org\/wp-content\/uploads\/2024\/04\/logo-cnic-coraz.jpg"},{"@type":"BreadcrumbList","@id":"https:\/\/vfmsfoundation.org\/es\/foundation-partners\/cnic\/#breadcrumb","itemListElement":[{"@type":"ListItem","position":1,"name":"Portada","item":"https:\/\/vfmsfoundation.org\/es\/"},{"@type":"ListItem","position":2,"name":"COLABORADORES","item":"https:\/\/vfmsfoundation.org\/es\/foundation-partners\/"},{"@type":"ListItem","position":3,"name":"CNIC"}]},{"@type":"WebSite","@id":"https:\/\/vfmsfoundation.org\/es\/#website","url":"https:\/\/vfmsfoundation.org\/es\/","name":"VFMS Foundation","description":"Discover how the Valentin Fuster Mount Sinai Foundation is making a difference in global health.","publisher":{"@id":"https:\/\/vfmsfoundation.org\/es\/#organization"},"potentialAction":[{"@type":"SearchAction","target":{"@type":"EntryPoint","urlTemplate":"https:\/\/vfmsfoundation.org\/es\/?s={search_term_string}"},"query-input":{"@type":"PropertyValueSpecification","valueRequired":true,"valueName":"search_term_string"}}],"inLanguage":"es"},{"@type":"Organization","@id":"https:\/\/vfmsfoundation.org\/es\/#organization","name":"VFMS Foundation","url":"https:\/\/vfmsfoundation.org\/es\/","logo":{"@type":"ImageObject","inLanguage":"es","@id":"https:\/\/vfmsfoundation.org\/es\/#\/schema\/logo\/image\/","url":"https:\/\/vfmsfoundation.org\/wp-content\/uploads\/2022\/11\/logo-cor-anim_2-1.gif","contentUrl":"https:\/\/vfmsfoundation.org\/wp-content\/uploads\/2022\/11\/logo-cor-anim_2-1.gif","width":660,"height":200,"caption":"VFMS Foundation"},"image":{"@id":"https:\/\/vfmsfoundation.org\/es\/#\/schema\/logo\/image\/"}}]}},"_links":{"self":[{"href":"https:\/\/vfmsfoundation.org\/es\/wp-json\/wp\/v2\/pages\/3246"}],"collection":[{"href":"https:\/\/vfmsfoundation.org\/es\/wp-json\/wp\/v2\/pages"}],"about":[{"href":"https:\/\/vfmsfoundation.org\/es\/wp-json\/wp\/v2\/types\/page"}],"author":[{"embeddable":true,"href":"https:\/\/vfmsfoundation.org\/es\/wp-json\/wp\/v2\/users\/1"}],"replies":[{"embeddable":true,"href":"https:\/\/vfmsfoundation.org\/es\/wp-json\/wp\/v2\/comments?post=3246"}],"version-history":[{"count":1,"href":"https:\/\/vfmsfoundation.org\/es\/wp-json\/wp\/v2\/pages\/3246\/revisions"}],"predecessor-version":[{"id":3247,"href":"https:\/\/vfmsfoundation.org\/es\/wp-json\/wp\/v2\/pages\/3246\/revisions\/3247"}],"up":[{"embeddable":true,"href":"https:\/\/vfmsfoundation.org\/es\/wp-json\/wp\/v2\/pages\/3245"}],"wp:attachment":[{"href":"https:\/\/vfmsfoundation.org\/es\/wp-json\/wp\/v2\/media?parent=3246"}],"curies":[{"name":"wp","href":"https:\/\/api.w.org\/{rel}","templated":true}]}}