{"id":3248,"date":"2024-03-27T11:35:55","date_gmt":"2024-03-27T11:35:55","guid":{"rendered":"https:\/\/vfmsfoundation.org\/sobre-nosotros\/colaboradores\/fundacion-she\/"},"modified":"2024-05-07T08:35:13","modified_gmt":"2024-05-07T08:35:13","slug":"she-foundation","status":"publish","type":"page","link":"https:\/\/vfmsfoundation.org\/es\/foundation-partners\/she-foundation\/","title":{"rendered":"FUNDACI\u00d3N SHE"},"content":{"rendered":"\t\t<div data-elementor-type=\"wp-page\" data-elementor-id=\"3248\" class=\"elementor elementor-3248 elementor-761\" data-elementor-post-type=\"page\">\n\t\t\t\t\t\t<section class=\"elementor-section elementor-top-section elementor-element elementor-element-7a7afa1b elementor-reverse-mobile elementor-section-content-middle elementor-section-boxed elementor-section-height-default elementor-section-height-default\" data-id=\"7a7afa1b\" data-element_type=\"section\">\n\t\t\t\t\t\t<div class=\"elementor-container elementor-column-gap-default\">\n\t\t\t\t\t<div class=\"elementor-column elementor-col-50 elementor-top-column elementor-element elementor-element-ed04472\" data-id=\"ed04472\" data-element_type=\"column\">\n\t\t\t<div class=\"elementor-widget-wrap elementor-element-populated\">\n\t\t\t\t\t\t<div class=\"elementor-element elementor-element-53ad1a22 elementor-widget elementor-widget-heading\" data-id=\"53ad1a22\" data-element_type=\"widget\" data-widget_type=\"heading.default\">\n\t\t\t\t<div class=\"elementor-widget-container\">\n\t\t\t<h1 class=\"elementor-heading-title elementor-size-default\">FUNDACI\u00d3N SHE<\/h1>\t\t<\/div>\n\t\t\t\t<\/div>\n\t\t\t\t<div class=\"elementor-element elementor-element-7b690ff3 elementor-widget elementor-widget-heading\" data-id=\"7b690ff3\" data-element_type=\"widget\" data-widget_type=\"heading.default\">\n\t\t\t\t<div class=\"elementor-widget-container\">\n\t\t\t<h2 class=\"elementor-heading-title elementor-size-default\">\n\u201cTEN\u00cdAMOS MUCHOS PROYECTOS DESCENTRALIZADOS, AS\u00cd QUE DECIDIMOS CREAR UNA FUNDACI\u00d3N. TODAV\u00cdA RECUERDO CUANDO UTILIZAMOS LAS INICIALES DE SCIENCE, HEALTH AND EDUCATION (CIENCIA, SALUD Y EDUCACI\u00d3N) PARA DENOMINARLA: SHE, EN REFERENCIA A LA MUJER, TAN OLVIDADA EN LAS ENFERMEDADES CARD\u00cdACAS\u201d<\/h2>\t\t<\/div>\n\t\t\t\t<\/div>\n\t\t\t\t<div class=\"elementor-element elementor-element-73705ff elementor-widget elementor-widget-heading\" data-id=\"73705ff\" data-element_type=\"widget\" data-widget_type=\"heading.default\">\n\t\t\t\t<div class=\"elementor-widget-container\">\n\t\t\t<div class=\"elementor-heading-title elementor-size-default\"> Dr. Valent\u00edn Fuster<\/div>\t\t<\/div>\n\t\t\t\t<\/div>\n\t\t\t\t\t<\/div>\n\t\t<\/div>\n\t\t\t\t<div class=\"elementor-column elementor-col-50 elementor-top-column elementor-element elementor-element-70c6ee20\" data-id=\"70c6ee20\" data-element_type=\"column\">\n\t\t\t<div class=\"elementor-widget-wrap elementor-element-populated\">\n\t\t\t\t\t\t<div class=\"elementor-element elementor-element-d5fab75 animated-slow elementor-invisible elementor-widget elementor-widget-image\" data-id=\"d5fab75\" data-element_type=\"widget\" data-settings=\"{&quot;_animation&quot;:&quot;fadeIn&quot;}\" data-widget_type=\"image.default\">\n\t\t\t\t<div class=\"elementor-widget-container\">\n\t\t\t\t\t\t\t\t\t\t\t\t\t<img decoding=\"async\" width=\"460\" height=\"66\" src=\"https:\/\/vfmsfoundation.org\/wp-content\/uploads\/2024\/04\/Fundacio-SHE-laCaixa-EN.jpg\" class=\"attachment-large size-large wp-image-1056\" alt=\"LOGO FUNCACION SHE-LA CAIXA\" srcset=\"https:\/\/vfmsfoundation.org\/wp-content\/uploads\/2024\/04\/Fundacio-SHE-laCaixa-EN.jpg 460w, https:\/\/vfmsfoundation.org\/wp-content\/uploads\/2024\/04\/Fundacio-SHE-laCaixa-EN-300x43.jpg 300w\" sizes=\"(max-width: 460px) 100vw, 460px\" \/>\t\t\t\t\t\t\t\t\t\t\t\t\t<\/div>\n\t\t\t\t<\/div>\n\t\t\t\t\t<\/div>\n\t\t<\/div>\n\t\t\t\t\t<\/div>\n\t\t<\/section>\n\t\t\t\t<section class=\"elementor-section elementor-top-section elementor-element elementor-element-2318572a elementor-section-boxed elementor-section-height-default elementor-section-height-default\" data-id=\"2318572a\" data-element_type=\"section\">\n\t\t\t\t\t\t<div class=\"elementor-container elementor-column-gap-default\">\n\t\t\t\t\t<div class=\"elementor-column elementor-col-100 elementor-top-column elementor-element elementor-element-71eaa492\" data-id=\"71eaa492\" data-element_type=\"column\">\n\t\t\t<div class=\"elementor-widget-wrap elementor-element-populated\">\n\t\t\t\t\t\t<div class=\"elementor-element elementor-element-30373eeb elementor-widget-divider--view-line elementor-widget elementor-widget-divider\" data-id=\"30373eeb\" data-element_type=\"widget\" data-widget_type=\"divider.default\">\n\t\t\t\t<div class=\"elementor-widget-container\">\n\t\t\t\t\t<div class=\"elementor-divider\">\n\t\t\t<span class=\"elementor-divider-separator\">\n\t\t\t\t\t\t<\/span>\n\t\t<\/div>\n\t\t\t\t<\/div>\n\t\t\t\t<\/div>\n\t\t\t\t\t<\/div>\n\t\t<\/div>\n\t\t\t\t\t<\/div>\n\t\t<\/section>\n\t\t\t\t<section class=\"elementor-section elementor-top-section elementor-element elementor-element-41b327bf elementor-section-boxed elementor-section-height-default elementor-section-height-default\" data-id=\"41b327bf\" data-element_type=\"section\">\n\t\t\t\t\t\t<div class=\"elementor-container elementor-column-gap-default\">\n\t\t\t\t\t<div class=\"elementor-column elementor-col-100 elementor-top-column elementor-element elementor-element-7ecba008\" data-id=\"7ecba008\" data-element_type=\"column\">\n\t\t\t<div class=\"elementor-widget-wrap elementor-element-populated\">\n\t\t\t\t\t\t<div class=\"elementor-element elementor-element-69eaa56b elementor-widget elementor-widget-text-editor\" data-id=\"69eaa56b\" data-element_type=\"widget\" data-widget_type=\"text-editor.default\">\n\t\t\t\t<div class=\"elementor-widget-container\">\n\t\t\t\t\t\t\t<p>Despu\u00e9s de toda una vida dedicada a la medicina y la investigaci\u00f3n, el Dr. Valent\u00edn Fuster, est\u00e1 convencido de que la \u00fanica manera de evitar la propagaci\u00f3n de las enfermedades cardiovasculares, que son una verdadera epidemia y la principal causa de muerte en el mundo, es un cambio en el estilo de vida de la poblaci\u00f3n.<\/p>\n\t\t\t\t\t\t<\/div>\n\t\t\t\t<\/div>\n\t\t\t\t<div class=\"elementor-element elementor-element-d926061 animated-slow elementor-invisible elementor-widget elementor-widget-image\" data-id=\"d926061\" data-element_type=\"widget\" data-settings=\"{&quot;_animation&quot;:&quot;fadeIn&quot;}\" data-widget_type=\"image.default\">\n\t\t\t\t<div class=\"elementor-widget-container\">\n\t\t\t\t\t\t\t\t\t\t\t\t\t<img decoding=\"async\" width=\"164\" height=\"210\" src=\"https:\/\/vfmsfoundation.org\/wp-content\/uploads\/2024\/04\/corazcon_.png\" class=\"attachment-medium size-medium wp-image-1060\" alt=\"CORAZON EN MANZANA MORDIDA\" \/>\t\t\t\t\t\t\t\t\t\t\t\t\t<\/div>\n\t\t\t\t<\/div>\n\t\t\t\t<div class=\"elementor-element elementor-element-20846e93 elementor-widget elementor-widget-text-editor\" data-id=\"20846e93\" data-element_type=\"widget\" data-widget_type=\"text-editor.default\">\n\t\t\t\t<div class=\"elementor-widget-container\">\n\t\t\t\t\t\t\t<p>Teniendo en cuenta esta evidencia y bas\u00e1ndose en la experiencia adquirida a lo largo de su trayectoria profesional, el Dr. Valent\u00edn Fuster promovi\u00f3 la creaci\u00f3n de la SHE, una fundaci\u00f3n sin \u00e1nimo de lucro que, si bien se centra en la investigaci\u00f3n b\u00e1sica y cl\u00ednica (Ciencia), pretende promover h\u00e1bitos saludables (Salud) a trav\u00e9s de la comunicaci\u00f3n y la Educaci\u00f3n de la poblaci\u00f3n.<\/p>\n<p>Para ello, la Fundaci\u00f3n SHE consagra sus esfuerzos en crear un marco de referencia sobre lo que significa y conlleva una educaci\u00f3n en salud que incida en la adquisici\u00f3n de h\u00e1bitos saludables desde la infancia, con el objetivo de crear un mundo en el que ni\u00f1os, j\u00f3venes y adultos sean capaces de tomar decisiones positivas sobre su salud.<\/p>\n\t\t\t\t\t\t<\/div>\n\t\t\t\t<\/div>\n\t\t\t\t\t<\/div>\n\t\t<\/div>\n\t\t\t\t\t<\/div>\n\t\t<\/section>\n\t\t\t\t<\/div>\n\t\t","protected":false},"excerpt":{"rendered":"<p>FUNDACI\u00d3N SHE \u201cTEN\u00cdAMOS MUCHOS PROYECTOS DESCENTRALIZADOS, AS\u00cd QUE DECIDIMOS CREAR UNA FUNDACI\u00d3N. TODAV\u00cdA RECUERDO CUANDO UTILIZAMOS LAS INICIALES DE SCIENCE, HEALTH AND EDUCATION (CIENCIA, SALUD Y EDUCACI\u00d3N) PARA DENOMINARLA: SHE, EN REFERENCIA A LA MUJER, TAN OLVIDADA EN LAS ENFERMEDADES CARD\u00cdACAS\u201d Dr. Valent\u00edn Fuster Despu\u00e9s de toda una vida dedicada a la medicina y la [&hellip;]<\/p>\n","protected":false},"author":1,"featured_media":0,"parent":3245,"menu_order":0,"comment_status":"closed","ping_status":"closed","template":"","meta":{"site-sidebar-layout":"no-sidebar","site-content-layout":"page-builder","ast-site-content-layout":"full-width-container","site-content-style":"default","site-sidebar-style":"default","ast-global-header-display":"","ast-banner-title-visibility":"","ast-main-header-display":"","ast-hfb-above-header-display":"","ast-hfb-below-header-display":"","ast-hfb-mobile-header-display":"","site-post-title":"disabled","ast-breadcrumbs-content":"","ast-featured-img":"disabled","footer-sml-layout":"","theme-transparent-header-meta":"default","adv-header-id-meta":"","stick-header-meta":"default","header-above-stick-meta":"","header-main-stick-meta":"","header-below-stick-meta":"","astra-migrate-meta-layouts":"set","ast-page-background-enabled":"default","ast-page-background-meta":{"desktop":{"background-color":"var(--ast-global-color-4)","background-image":"","background-repeat":"repeat","background-position":"center center","background-size":"auto","background-attachment":"scroll","background-type":"","background-media":"","overlay-type":"","overlay-color":"","overlay-opacity":"","overlay-gradient":""},"tablet":{"background-color":"","background-image":"","background-repeat":"repeat","background-position":"center center","background-size":"auto","background-attachment":"scroll","background-type":"","background-media":"","overlay-type":"","overlay-color":"","overlay-opacity":"","overlay-gradient":""},"mobile":{"background-color":"","background-image":"","background-repeat":"repeat","background-position":"center center","background-size":"auto","background-attachment":"scroll","background-type":"","background-media":"","overlay-type":"","overlay-color":"","overlay-opacity":"","overlay-gradient":""}},"ast-content-background-meta":{"desktop":{"background-color":"var(--ast-global-color-5)","background-image":"","background-repeat":"repeat","background-position":"center center","background-size":"auto","background-attachment":"scroll","background-type":"","background-media":"","overlay-type":"","overlay-color":"","overlay-opacity":"","overlay-gradient":""},"tablet":{"background-color":"var(--ast-global-color-5)","background-image":"","background-repeat":"repeat","background-position":"center center","background-size":"auto","background-attachment":"scroll","background-type":"","background-media":"","overlay-type":"","overlay-color":"","overlay-opacity":"","overlay-gradient":""},"mobile":{"background-color":"var(--ast-global-color-5)","background-image":"","background-repeat":"repeat","background-position":"center center","background-size":"auto","background-attachment":"scroll","background-type":"","background-media":"","overlay-type":"","overlay-color":"","overlay-opacity":"","overlay-gradient":""}},"footnotes":""},"class_list":["post-3248","page","type-page","status-publish","hentry"],"yoast_head":"<!-- This site is optimized with the Yoast SEO plugin v23.5 - https:\/\/yoast.com\/wordpress\/plugins\/seo\/ -->\n<title>Fundaci\u00f3n SHE: Empoderar a las mujeres a trav\u00e9s de la educaci\u00f3n - VFMS Foundation<\/title>\n<meta name=\"description\" content=\"Descubra c\u00f3mo la Fundaci\u00f3n SHE se dedica a empoderar a las mujeres a trav\u00e9s de la educaci\u00f3n. Conozca nuestro trabajo y \u00fanase a nuestra misi\u00f3n.\" \/>\n<meta name=\"robots\" content=\"index, follow, max-snippet:-1, max-image-preview:large, max-video-preview:-1\" \/>\n<link rel=\"canonical\" href=\"https:\/\/vfmsfoundation.org\/es\/foundation-partners\/she-foundation\/\" \/>\n<meta property=\"og:locale\" content=\"es_ES\" \/>\n<meta property=\"og:type\" content=\"article\" \/>\n<meta property=\"og:title\" content=\"Fundaci\u00f3n SHE: Empoderar a las mujeres a trav\u00e9s de la educaci\u00f3n - VFMS Foundation\" \/>\n<meta property=\"og:description\" content=\"Descubra c\u00f3mo la Fundaci\u00f3n SHE se dedica a empoderar a las mujeres a trav\u00e9s de la educaci\u00f3n. Conozca nuestro trabajo y \u00fanase a nuestra misi\u00f3n.\" \/>\n<meta property=\"og:url\" content=\"https:\/\/vfmsfoundation.org\/es\/foundation-partners\/she-foundation\/\" \/>\n<meta property=\"og:site_name\" content=\"VFMS Foundation\" \/>\n<meta property=\"article:modified_time\" content=\"2024-05-07T08:35:13+00:00\" \/>\n<meta property=\"og:image\" content=\"https:\/\/vfmsfoundation.org\/wp-content\/uploads\/2024\/04\/Fundacio-SHE-laCaixa-EN.jpg\" \/>\n<meta name=\"twitter:card\" content=\"summary_large_image\" \/>\n<meta name=\"twitter:label1\" content=\"Tiempo de lectura\" \/>\n\t<meta name=\"twitter:data1\" content=\"2 minutos\" \/>\n<script type=\"application\/ld+json\" class=\"yoast-schema-graph\">{\"@context\":\"https:\/\/schema.org\",\"@graph\":[{\"@type\":\"WebPage\",\"@id\":\"https:\/\/vfmsfoundation.org\/es\/foundation-partners\/she-foundation\/\",\"url\":\"https:\/\/vfmsfoundation.org\/es\/foundation-partners\/she-foundation\/\",\"name\":\"Fundaci\u00f3n SHE: Empoderar a las mujeres a trav\u00e9s de la educaci\u00f3n - VFMS Foundation\",\"isPartOf\":{\"@id\":\"https:\/\/vfmsfoundation.org\/es\/#website\"},\"primaryImageOfPage\":{\"@id\":\"https:\/\/vfmsfoundation.org\/es\/foundation-partners\/she-foundation\/#primaryimage\"},\"image\":{\"@id\":\"https:\/\/vfmsfoundation.org\/es\/foundation-partners\/she-foundation\/#primaryimage\"},\"thumbnailUrl\":\"https:\/\/vfmsfoundation.org\/wp-content\/uploads\/2024\/04\/Fundacio-SHE-laCaixa-EN.jpg\",\"datePublished\":\"2024-03-27T11:35:55+00:00\",\"dateModified\":\"2024-05-07T08:35:13+00:00\",\"description\":\"Descubra c\u00f3mo la Fundaci\u00f3n SHE se dedica a empoderar a las mujeres a trav\u00e9s de la educaci\u00f3n. Conozca nuestro trabajo y \u00fanase a nuestra misi\u00f3n.\",\"breadcrumb\":{\"@id\":\"https:\/\/vfmsfoundation.org\/es\/foundation-partners\/she-foundation\/#breadcrumb\"},\"inLanguage\":\"es\",\"potentialAction\":[{\"@type\":\"ReadAction\",\"target\":[\"https:\/\/vfmsfoundation.org\/es\/foundation-partners\/she-foundation\/\"]}]},{\"@type\":\"ImageObject\",\"inLanguage\":\"es\",\"@id\":\"https:\/\/vfmsfoundation.org\/es\/foundation-partners\/she-foundation\/#primaryimage\",\"url\":\"https:\/\/vfmsfoundation.org\/wp-content\/uploads\/2024\/04\/Fundacio-SHE-laCaixa-EN.jpg\",\"contentUrl\":\"https:\/\/vfmsfoundation.org\/wp-content\/uploads\/2024\/04\/Fundacio-SHE-laCaixa-EN.jpg\"},{\"@type\":\"BreadcrumbList\",\"@id\":\"https:\/\/vfmsfoundation.org\/es\/foundation-partners\/she-foundation\/#breadcrumb\",\"itemListElement\":[{\"@type\":\"ListItem\",\"position\":1,\"name\":\"Portada\",\"item\":\"https:\/\/vfmsfoundation.org\/es\/\"},{\"@type\":\"ListItem\",\"position\":2,\"name\":\"COLABORADORES\",\"item\":\"https:\/\/vfmsfoundation.org\/es\/foundation-partners\/\"},{\"@type\":\"ListItem\",\"position\":3,\"name\":\"FUNDACI\u00d3N SHE\"}]},{\"@type\":\"WebSite\",\"@id\":\"https:\/\/vfmsfoundation.org\/es\/#website\",\"url\":\"https:\/\/vfmsfoundation.org\/es\/\",\"name\":\"VFMS Foundation\",\"description\":\"Discover how the Valentin Fuster Mount Sinai Foundation is making a difference in global health.\",\"publisher\":{\"@id\":\"https:\/\/vfmsfoundation.org\/es\/#organization\"},\"potentialAction\":[{\"@type\":\"SearchAction\",\"target\":{\"@type\":\"EntryPoint\",\"urlTemplate\":\"https:\/\/vfmsfoundation.org\/es\/?s={search_term_string}\"},\"query-input\":{\"@type\":\"PropertyValueSpecification\",\"valueRequired\":true,\"valueName\":\"search_term_string\"}}],\"inLanguage\":\"es\"},{\"@type\":\"Organization\",\"@id\":\"https:\/\/vfmsfoundation.org\/es\/#organization\",\"name\":\"VFMS Foundation\",\"url\":\"https:\/\/vfmsfoundation.org\/es\/\",\"logo\":{\"@type\":\"ImageObject\",\"inLanguage\":\"es\",\"@id\":\"https:\/\/vfmsfoundation.org\/es\/#\/schema\/logo\/image\/\",\"url\":\"https:\/\/vfmsfoundation.org\/wp-content\/uploads\/2022\/11\/logo-cor-anim_2-1.gif\",\"contentUrl\":\"https:\/\/vfmsfoundation.org\/wp-content\/uploads\/2022\/11\/logo-cor-anim_2-1.gif\",\"width\":660,\"height\":200,\"caption\":\"VFMS Foundation\"},\"image\":{\"@id\":\"https:\/\/vfmsfoundation.org\/es\/#\/schema\/logo\/image\/\"}}]}<\/script>\n<!-- \/ Yoast SEO plugin. -->","yoast_head_json":{"title":"Fundaci\u00f3n SHE: Empoderar a las mujeres a trav\u00e9s de la educaci\u00f3n - VFMS Foundation","description":"Descubra c\u00f3mo la Fundaci\u00f3n SHE se dedica a empoderar a las mujeres a trav\u00e9s de la educaci\u00f3n. Conozca nuestro trabajo y \u00fanase a nuestra misi\u00f3n.","robots":{"index":"index","follow":"follow","max-snippet":"max-snippet:-1","max-image-preview":"max-image-preview:large","max-video-preview":"max-video-preview:-1"},"canonical":"https:\/\/vfmsfoundation.org\/es\/foundation-partners\/she-foundation\/","og_locale":"es_ES","og_type":"article","og_title":"Fundaci\u00f3n SHE: Empoderar a las mujeres a trav\u00e9s de la educaci\u00f3n - VFMS Foundation","og_description":"Descubra c\u00f3mo la Fundaci\u00f3n SHE se dedica a empoderar a las mujeres a trav\u00e9s de la educaci\u00f3n. Conozca nuestro trabajo y \u00fanase a nuestra misi\u00f3n.","og_url":"https:\/\/vfmsfoundation.org\/es\/foundation-partners\/she-foundation\/","og_site_name":"VFMS Foundation","article_modified_time":"2024-05-07T08:35:13+00:00","og_image":[{"url":"https:\/\/vfmsfoundation.org\/wp-content\/uploads\/2024\/04\/Fundacio-SHE-laCaixa-EN.jpg"}],"twitter_card":"summary_large_image","twitter_misc":{"Tiempo de lectura":"2 minutos"},"schema":{"@context":"https:\/\/schema.org","@graph":[{"@type":"WebPage","@id":"https:\/\/vfmsfoundation.org\/es\/foundation-partners\/she-foundation\/","url":"https:\/\/vfmsfoundation.org\/es\/foundation-partners\/she-foundation\/","name":"Fundaci\u00f3n SHE: Empoderar a las mujeres a trav\u00e9s de la educaci\u00f3n - VFMS Foundation","isPartOf":{"@id":"https:\/\/vfmsfoundation.org\/es\/#website"},"primaryImageOfPage":{"@id":"https:\/\/vfmsfoundation.org\/es\/foundation-partners\/she-foundation\/#primaryimage"},"image":{"@id":"https:\/\/vfmsfoundation.org\/es\/foundation-partners\/she-foundation\/#primaryimage"},"thumbnailUrl":"https:\/\/vfmsfoundation.org\/wp-content\/uploads\/2024\/04\/Fundacio-SHE-laCaixa-EN.jpg","datePublished":"2024-03-27T11:35:55+00:00","dateModified":"2024-05-07T08:35:13+00:00","description":"Descubra c\u00f3mo la Fundaci\u00f3n SHE se dedica a empoderar a las mujeres a trav\u00e9s de la educaci\u00f3n. Conozca nuestro trabajo y \u00fanase a nuestra misi\u00f3n.","breadcrumb":{"@id":"https:\/\/vfmsfoundation.org\/es\/foundation-partners\/she-foundation\/#breadcrumb"},"inLanguage":"es","potentialAction":[{"@type":"ReadAction","target":["https:\/\/vfmsfoundation.org\/es\/foundation-partners\/she-foundation\/"]}]},{"@type":"ImageObject","inLanguage":"es","@id":"https:\/\/vfmsfoundation.org\/es\/foundation-partners\/she-foundation\/#primaryimage","url":"https:\/\/vfmsfoundation.org\/wp-content\/uploads\/2024\/04\/Fundacio-SHE-laCaixa-EN.jpg","contentUrl":"https:\/\/vfmsfoundation.org\/wp-content\/uploads\/2024\/04\/Fundacio-SHE-laCaixa-EN.jpg"},{"@type":"BreadcrumbList","@id":"https:\/\/vfmsfoundation.org\/es\/foundation-partners\/she-foundation\/#breadcrumb","itemListElement":[{"@type":"ListItem","position":1,"name":"Portada","item":"https:\/\/vfmsfoundation.org\/es\/"},{"@type":"ListItem","position":2,"name":"COLABORADORES","item":"https:\/\/vfmsfoundation.org\/es\/foundation-partners\/"},{"@type":"ListItem","position":3,"name":"FUNDACI\u00d3N SHE"}]},{"@type":"WebSite","@id":"https:\/\/vfmsfoundation.org\/es\/#website","url":"https:\/\/vfmsfoundation.org\/es\/","name":"VFMS Foundation","description":"Discover how the Valentin Fuster Mount Sinai Foundation is making a difference in global health.","publisher":{"@id":"https:\/\/vfmsfoundation.org\/es\/#organization"},"potentialAction":[{"@type":"SearchAction","target":{"@type":"EntryPoint","urlTemplate":"https:\/\/vfmsfoundation.org\/es\/?s={search_term_string}"},"query-input":{"@type":"PropertyValueSpecification","valueRequired":true,"valueName":"search_term_string"}}],"inLanguage":"es"},{"@type":"Organization","@id":"https:\/\/vfmsfoundation.org\/es\/#organization","name":"VFMS Foundation","url":"https:\/\/vfmsfoundation.org\/es\/","logo":{"@type":"ImageObject","inLanguage":"es","@id":"https:\/\/vfmsfoundation.org\/es\/#\/schema\/logo\/image\/","url":"https:\/\/vfmsfoundation.org\/wp-content\/uploads\/2022\/11\/logo-cor-anim_2-1.gif","contentUrl":"https:\/\/vfmsfoundation.org\/wp-content\/uploads\/2022\/11\/logo-cor-anim_2-1.gif","width":660,"height":200,"caption":"VFMS Foundation"},"image":{"@id":"https:\/\/vfmsfoundation.org\/es\/#\/schema\/logo\/image\/"}}]}},"_links":{"self":[{"href":"https:\/\/vfmsfoundation.org\/es\/wp-json\/wp\/v2\/pages\/3248"}],"collection":[{"href":"https:\/\/vfmsfoundation.org\/es\/wp-json\/wp\/v2\/pages"}],"about":[{"href":"https:\/\/vfmsfoundation.org\/es\/wp-json\/wp\/v2\/types\/page"}],"author":[{"embeddable":true,"href":"https:\/\/vfmsfoundation.org\/es\/wp-json\/wp\/v2\/users\/1"}],"replies":[{"embeddable":true,"href":"https:\/\/vfmsfoundation.org\/es\/wp-json\/wp\/v2\/comments?post=3248"}],"version-history":[{"count":2,"href":"https:\/\/vfmsfoundation.org\/es\/wp-json\/wp\/v2\/pages\/3248\/revisions"}],"predecessor-version":[{"id":3401,"href":"https:\/\/vfmsfoundation.org\/es\/wp-json\/wp\/v2\/pages\/3248\/revisions\/3401"}],"up":[{"embeddable":true,"href":"https:\/\/vfmsfoundation.org\/es\/wp-json\/wp\/v2\/pages\/3245"}],"wp:attachment":[{"href":"https:\/\/vfmsfoundation.org\/es\/wp-json\/wp\/v2\/media?parent=3248"}],"curies":[{"name":"wp","href":"https:\/\/api.w.org\/{rel}","templated":true}]}}