{"id":3263,"date":"2024-04-10T10:44:32","date_gmt":"2024-04-10T10:44:32","guid":{"rendered":"https:\/\/vfmsfoundation.org\/proyectos\/familia-ee-uu-programa-familia\/socios-del-proyecto-3\/"},"modified":"2024-05-07T08:42:58","modified_gmt":"2024-05-07T08:42:58","slug":"project-partners-2","status":"publish","type":"page","link":"https:\/\/vfmsfoundation.org\/es\/projects-on-going\/family-harlem\/project-partners-2\/","title":{"rendered":"SOCIOS DEL PROYECTO 3"},"content":{"rendered":"\t\t<div data-elementor-type=\"wp-page\" data-elementor-id=\"3263\" class=\"elementor elementor-3263 elementor-1475\" data-elementor-post-type=\"page\">\n\t\t\t\t\t\t<section class=\"elementor-section elementor-top-section elementor-element elementor-element-28bdd46f elementor-section-boxed elementor-section-height-default elementor-section-height-default\" data-id=\"28bdd46f\" data-element_type=\"section\">\n\t\t\t\t\t\t<div class=\"elementor-container elementor-column-gap-default\">\n\t\t\t\t\t<div class=\"elementor-column elementor-col-100 elementor-top-column elementor-element elementor-element-ae03717\" data-id=\"ae03717\" data-element_type=\"column\">\n\t\t\t<div class=\"elementor-widget-wrap elementor-element-populated\">\n\t\t\t\t\t\t<div class=\"elementor-element elementor-element-b503d6b elementor-widget elementor-widget-heading\" data-id=\"b503d6b\" data-element_type=\"widget\" data-widget_type=\"heading.default\">\n\t\t\t\t<div class=\"elementor-widget-container\">\n\t\t\t<h1 class=\"elementor-heading-title elementor-size-default\">FAMILIA EE.UU. PROGRAMA FAMILIA &gt; SOCIOS DEL PROYECTO<\/h1>\t\t<\/div>\n\t\t\t\t<\/div>\n\t\t\t\t<div class=\"elementor-element elementor-element-16acad5 elementor-tabs-view-vertical elementor-widget elementor-widget-tabs\" data-id=\"16acad5\" data-element_type=\"widget\" data-widget_type=\"tabs.default\">\n\t\t\t\t<div class=\"elementor-widget-container\">\n\t\t\t\t\t<div class=\"elementor-tabs\">\n\t\t\t<div class=\"elementor-tabs-wrapper\" role=\"tablist\" >\n\t\t\t\t\t\t\t\t\t<div id=\"elementor-tab-title-2371\" class=\"elementor-tab-title elementor-tab-desktop-title\" aria-selected=\"true\" data-tab=\"1\" role=\"tab\" tabindex=\"0\" aria-controls=\"elementor-tab-content-2371\" aria-expanded=\"false\">AHA<\/div>\n\t\t\t\t\t\t\t\t\t<div id=\"elementor-tab-title-2372\" class=\"elementor-tab-title elementor-tab-desktop-title\" aria-selected=\"false\" data-tab=\"2\" role=\"tab\" tabindex=\"-1\" aria-controls=\"elementor-tab-content-2372\" aria-expanded=\"false\">SESAME WORKSHOP<\/div>\n\t\t\t\t\t\t\t<\/div>\n\t\t\t<div class=\"elementor-tabs-content-wrapper\" role=\"tablist\" aria-orientation=\"vertical\">\n\t\t\t\t\t\t\t\t\t<div class=\"elementor-tab-title elementor-tab-mobile-title\" aria-selected=\"true\" data-tab=\"1\" role=\"tab\" tabindex=\"0\" aria-controls=\"elementor-tab-content-2371\" aria-expanded=\"false\">AHA<\/div>\n\t\t\t\t\t<div id=\"elementor-tab-content-2371\" class=\"elementor-tab-content elementor-clearfix\" data-tab=\"1\" role=\"tabpanel\" aria-labelledby=\"elementor-tab-title-2371\" tabindex=\"0\" hidden=\"false\"><div class=\"wpb_single_image wpb_content_element vc_align_center vc_custom_1641809294201\">\n<figure class=\"wpb_wrapper vc_figure\">\n<p class=\"vc_single_image-wrapper vc_box_border_grey\"><img decoding=\"async\" class=\"size-full wp-image-1477 aligncenter\" src=\"https:\/\/vfmsfoundation.org\/wp-content\/uploads\/2024\/04\/AHA-HeartWalk.jpg\" alt=\"AHA- American Heart Association\" width=\"220\" height=\"93\"><\/p>\n<div> <\/div>\n<\/figure>\n<\/div>\n<div class=\"wpb_text_column wpb_content_element \">\n<div class=\"wpb_wrapper\">\n<p style=\"text-align: center;\"><a href=\"http:\/\/www.heart.org\/HEARTORG\/\" target=\"_blank\" rel=\"noopener\">Visit the official website<\/a><\/p>\n<h2 style=\"text-align: center;\"><strong>AHA<\/strong><\/h2>\n<p style=\"text-align: center;\">La American Heart Association (AHA) es la organizaci\u00f3n ben\u00e9fica m\u00e1s antigua y grande del pa\u00eds dedicada a combatir las cardiopat\u00edas y los infartos cerebrales Fundada en 1924 por seis cardi\u00f3logos, la organizaci\u00f3n cuenta ahora con m\u00e1s de 22,5 millones de voluntarios y partidarios. La AHA financia investigaciones innovadoras, lucha por pol\u00edticas de salud p\u00fablica m\u00e1s s\u00f3lidas y proporciona herramientas e informaci\u00f3n esenciales para salvar y mejorar vidas. Esta organizaci\u00f3n estadounidense tiene 156 oficinas locales y m\u00e1s de 3.000 empleados. La AHA traslad\u00f3 su sede nacional de Nueva York a una ubicaci\u00f3n m\u00e1s c\u00e9ntrica en Dallas en 1975 La American Stroke Association fue creada como una divisi\u00f3n en 1997 para reunir las actividades de la organizaci\u00f3n relacionadas con los infartos cerebrales<\/p>\n<p style=\"text-align: center;\">Cu\u00e1l es nuestra misi\u00f3n: Para mejorar la vida de todos los estadounidenses, ofrecemos educaci\u00f3n sobre salud p\u00fablica de distintas maneras. Somos el l\u00edder nacional en formaci\u00f3n sobre reanimaci\u00f3n cardiopulmonar (RCP). Ayudamos a las personas a comprender la importancia de la elecci\u00f3n de un estilo de vida saludable.<br \/>Proporcionamos pautas de tratamiento basadas en la ciencia a los profesionales sanitarios para ayudarles a brindar una atenci\u00f3n de calidad a sus pacientes. Formamos a legisladores, pol\u00edticos y a la poblaci\u00f3n abogando por cambios que protejan y mejoren la salud de nuestras comunidades.<\/p>\n<\/div>\n<\/div>\n<\/div>\n\t\t\t\t\t\t\t\t\t<div class=\"elementor-tab-title elementor-tab-mobile-title\" aria-selected=\"false\" data-tab=\"2\" role=\"tab\" tabindex=\"-1\" aria-controls=\"elementor-tab-content-2372\" aria-expanded=\"false\">SESAME WORKSHOP<\/div>\n\t\t\t\t\t<div id=\"elementor-tab-content-2372\" class=\"elementor-tab-content elementor-clearfix\" data-tab=\"2\" role=\"tabpanel\" aria-labelledby=\"elementor-tab-title-2372\" tabindex=\"0\" hidden=\"hidden\"><div class=\"wpb_single_image wpb_content_element vc_align_center vc_custom_1641893209013\">\n<figure class=\"wpb_wrapper vc_figure\">\n<p class=\"vc_single_image-wrapper vc_box_border_grey\"><img decoding=\"async\" class=\"size-full wp-image-1365 aligncenter\" src=\"https:\/\/vfmsfoundation.org\/wp-content\/uploads\/2024\/04\/SESAME.jpg\" alt=\"SESAME WORKSHOP LOGO\" width=\"272\" height=\"173\"><\/p>\n<div> <\/div>\n<\/figure>\n<\/div>\n<div class=\"wpb_text_column wpb_content_element \">\n<div class=\"wpb_wrapper\">\n<p style=\"text-align: center;\"><a href=\"http:\/\/www.sesameworkshop.org\/\" target=\"_blank\" rel=\"noopener\">Visit the official website<\/a><\/p>\n<h2 style=\"text-align: center;\"><strong>SESAME WORKSHOP<\/strong><\/h2>\n<p style=\"text-align: center;\">Sesame Workshop es la organizaci\u00f3n educativa sin \u00e1nimo de lucro de Barrio S\u00e9samo y mucho m\u00e1s. La misi\u00f3n de Sesame Workshop es ayudar a los ni\u00f1os a crecer para que sean m\u00e1s inteligentes, m\u00e1s fuertes y m\u00e1s alegres.<br \/>Nuestra receta para el \u00e9xito consiste en combinar un programa que cubra las principales necesidades de desarrollo de los ni\u00f1os con el uso de medios sofisticados y una gran dosis de diversi\u00f3n. Nuestro trabajo fomenta un aprendizaje con resultados reales y medibles, un hecho avalado por numerosos estudios y apoyado por nuestro proceso intensivo de investigaci\u00f3n.<br \/>Adem\u00e1s del alfabeto y los n\u00fameros, en nuestros programas se imparten lecciones importantes sobre salud, bienestar emocional, respeto y comprensi\u00f3n para ayudar a los ni\u00f1os a crecer m\u00e1s sanos y m\u00e1s felices en su entorno familiar.<br \/>Empez\u00f3 como una sencilla pero revolucionaria idea en los Estados Unidos: ense\u00f1ar a los ni\u00f1os por medio de la televisi\u00f3n. 40 a\u00f1os despu\u00e9s, se ha convertido en un fen\u00f3meno educativo de alcance mundial que llega a millones de ni\u00f1os de m\u00e1s de 150 pa\u00edses.<br \/>Nuestros programas internacionales, creados por educadores, asesores y titiriteros locales, se adaptan a las necesidades especiales de los ni\u00f1os, a su pa\u00eds y a su cultura. Por eso, a menudo, el resultado es un Barrio S\u00e9samo totalmente local con un nombre, un lenguaje, unos contenidos y unos mu\u00f1ecos propios.<br \/>Desde nuestros inicios en la televisi\u00f3n, nos hemos convertido en l\u00edderes multimedia, ya que utilizamos todo tipo de medios, desde radio, libros y v\u00eddeos hasta lo \u00faltimo en tecnolog\u00eda y medios interactivos, unos esfuerzos que se han ampliado con la colaboraci\u00f3n con colegas investigadores, y por medio de actividades de divulgaci\u00f3n sobre el terreno, llevamos nuestras lecciones directamente a los hogares y las aulas de las comunidades m\u00e1s vulnerables, donde tienen un enorme impacto en las vidas de los ni\u00f1os.<br \/>El generoso apoyo de nuestros socios afines, entre los que se incluyen fundaciones, empresas, particulares y gobiernos, ha sido fundamental para poder llevar a cabo nuestra misi\u00f3n durante m\u00e1s de cuatro d\u00e9cadas y lo sigue siendo a la hora de realizar nuevos proyectos.<\/p>\n<\/div>\n<\/div>\n<\/div>\n\t\t\t\t\t\t\t<\/div>\n\t\t<\/div>\n\t\t\t\t<\/div>\n\t\t\t\t<\/div>\n\t\t\t\t\t<\/div>\n\t\t<\/div>\n\t\t\t\t\t<\/div>\n\t\t<\/section>\n\t\t\t\t<section class=\"elementor-section elementor-top-section elementor-element elementor-element-39c17e1 elementor-section-boxed elementor-section-height-default elementor-section-height-default\" data-id=\"39c17e1\" data-element_type=\"section\">\n\t\t\t\t\t\t<div class=\"elementor-container elementor-column-gap-default\">\n\t\t\t\t\t<div class=\"elementor-column elementor-col-100 elementor-top-column elementor-element elementor-element-1c7cb1ee\" data-id=\"1c7cb1ee\" data-element_type=\"column\">\n\t\t\t<div class=\"elementor-widget-wrap elementor-element-populated\">\n\t\t\t\t\t\t<div class=\"elementor-element elementor-element-11679d90 elementor-widget-divider--view-line elementor-widget elementor-widget-divider\" data-id=\"11679d90\" data-element_type=\"widget\" data-widget_type=\"divider.default\">\n\t\t\t\t<div class=\"elementor-widget-container\">\n\t\t\t\t\t<div class=\"elementor-divider\">\n\t\t\t<span class=\"elementor-divider-separator\">\n\t\t\t\t\t\t<\/span>\n\t\t<\/div>\n\t\t\t\t<\/div>\n\t\t\t\t<\/div>\n\t\t\t\t\t<\/div>\n\t\t<\/div>\n\t\t\t\t\t<\/div>\n\t\t<\/section>\n\t\t\t\t<\/div>\n\t\t","protected":false},"excerpt":{"rendered":"<p>FAMILIA EE.UU. PROGRAMA FAMILIA &gt; SOCIOS DEL PROYECTO AHA SESAME WORKSHOP AHA Visit the official website AHA La American Heart Association (AHA) es la organizaci\u00f3n ben\u00e9fica m\u00e1s antigua y grande del pa\u00eds dedicada a combatir las cardiopat\u00edas y los infartos cerebrales Fundada en 1924 por seis cardi\u00f3logos, la organizaci\u00f3n cuenta ahora con m\u00e1s de 22,5 [&hellip;]<\/p>\n","protected":false},"author":1,"featured_media":0,"parent":3261,"menu_order":0,"comment_status":"closed","ping_status":"closed","template":"","meta":{"site-sidebar-layout":"no-sidebar","site-content-layout":"page-builder","ast-site-content-layout":"full-width-container","site-content-style":"unboxed","site-sidebar-style":"unboxed","ast-global-header-display":"","ast-banner-title-visibility":"","ast-main-header-display":"","ast-hfb-above-header-display":"","ast-hfb-below-header-display":"","ast-hfb-mobile-header-display":"","site-post-title":"disabled","ast-breadcrumbs-content":"","ast-featured-img":"disabled","footer-sml-layout":"","theme-transparent-header-meta":"default","adv-header-id-meta":"","stick-header-meta":"default","header-above-stick-meta":"","header-main-stick-meta":"","header-below-stick-meta":"","astra-migrate-meta-layouts":"set","ast-page-background-enabled":"default","ast-page-background-meta":{"desktop":{"background-color":"var(--ast-global-color-4)","background-image":"","background-repeat":"repeat","background-position":"center center","background-size":"auto","background-attachment":"scroll","background-type":"","background-media":"","overlay-type":"","overlay-color":"","overlay-opacity":"","overlay-gradient":""},"tablet":{"background-color":"","background-image":"","background-repeat":"repeat","background-position":"center center","background-size":"auto","background-attachment":"scroll","background-type":"","background-media":"","overlay-type":"","overlay-color":"","overlay-opacity":"","overlay-gradient":""},"mobile":{"background-color":"","background-image":"","background-repeat":"repeat","background-position":"center center","background-size":"auto","background-attachment":"scroll","background-type":"","background-media":"","overlay-type":"","overlay-color":"","overlay-opacity":"","overlay-gradient":""}},"ast-content-background-meta":{"desktop":{"background-color":"var(--ast-global-color-5)","background-image":"","background-repeat":"repeat","background-position":"center center","background-size":"auto","background-attachment":"scroll","background-type":"","background-media":"","overlay-type":"","overlay-color":"","overlay-opacity":"","overlay-gradient":""},"tablet":{"background-color":"var(--ast-global-color-5)","background-image":"","background-repeat":"repeat","background-position":"center center","background-size":"auto","background-attachment":"scroll","background-type":"","background-media":"","overlay-type":"","overlay-color":"","overlay-opacity":"","overlay-gradient":""},"mobile":{"background-color":"var(--ast-global-color-5)","background-image":"","background-repeat":"repeat","background-position":"center center","background-size":"auto","background-attachment":"scroll","background-type":"","background-media":"","overlay-type":"","overlay-color":"","overlay-opacity":"","overlay-gradient":""}},"footnotes":""},"class_list":["post-3263","page","type-page","status-publish","hentry"],"yoast_head":"<!-- This site is optimized with the Yoast SEO plugin v23.5 - https:\/\/yoast.com\/wordpress\/plugins\/seo\/ -->\n<title>Family Harlem - Proyectos en curso - Socios del proyecto - VFMS Foundation<\/title>\n<meta name=\"description\" content=\"Descubra qui\u00e9nes son los socios del proyecto Family Harlem en VFMS. Obtenga m\u00e1s informaci\u00f3n sobre nuestros socios y colaboradores en esta emocionante iniciativa en curso.\" \/>\n<meta name=\"robots\" content=\"index, follow, max-snippet:-1, max-image-preview:large, max-video-preview:-1\" \/>\n<link rel=\"canonical\" href=\"https:\/\/vfmsfoundation.org\/es\/projects-on-going\/family-harlem\/project-partners-2\/\" \/>\n<meta property=\"og:locale\" content=\"es_ES\" \/>\n<meta property=\"og:type\" content=\"article\" \/>\n<meta property=\"og:title\" content=\"Family Harlem - Proyectos en curso - Socios del proyecto - VFMS Foundation\" \/>\n<meta property=\"og:description\" content=\"Descubra qui\u00e9nes son los socios del proyecto Family Harlem en VFMS. Obtenga m\u00e1s informaci\u00f3n sobre nuestros socios y colaboradores en esta emocionante iniciativa en curso.\" \/>\n<meta property=\"og:url\" content=\"https:\/\/vfmsfoundation.org\/es\/projects-on-going\/family-harlem\/project-partners-2\/\" \/>\n<meta property=\"og:site_name\" content=\"VFMS Foundation\" \/>\n<meta property=\"article:modified_time\" content=\"2024-05-07T08:42:58+00:00\" \/>\n<meta property=\"og:image\" content=\"https:\/\/vfmsfoundation.org\/wp-content\/uploads\/2024\/04\/AHA-HeartWalk.jpg\" \/>\n<meta name=\"twitter:card\" content=\"summary_large_image\" \/>\n<meta name=\"twitter:label1\" content=\"Tiempo de lectura\" \/>\n\t<meta name=\"twitter:data1\" content=\"4 minutos\" \/>\n<script type=\"application\/ld+json\" class=\"yoast-schema-graph\">{\"@context\":\"https:\/\/schema.org\",\"@graph\":[{\"@type\":\"WebPage\",\"@id\":\"https:\/\/vfmsfoundation.org\/es\/projects-on-going\/family-harlem\/project-partners-2\/\",\"url\":\"https:\/\/vfmsfoundation.org\/es\/projects-on-going\/family-harlem\/project-partners-2\/\",\"name\":\"Family Harlem - Proyectos en curso - Socios del proyecto - VFMS Foundation\",\"isPartOf\":{\"@id\":\"https:\/\/vfmsfoundation.org\/es\/#website\"},\"primaryImageOfPage\":{\"@id\":\"https:\/\/vfmsfoundation.org\/es\/projects-on-going\/family-harlem\/project-partners-2\/#primaryimage\"},\"image\":{\"@id\":\"https:\/\/vfmsfoundation.org\/es\/projects-on-going\/family-harlem\/project-partners-2\/#primaryimage\"},\"thumbnailUrl\":\"https:\/\/vfmsfoundation.org\/wp-content\/uploads\/2024\/04\/AHA-HeartWalk.jpg\",\"datePublished\":\"2024-04-10T10:44:32+00:00\",\"dateModified\":\"2024-05-07T08:42:58+00:00\",\"description\":\"Descubra qui\u00e9nes son los socios del proyecto Family Harlem en VFMS. Obtenga m\u00e1s informaci\u00f3n sobre nuestros socios y colaboradores en esta emocionante iniciativa en curso.\",\"breadcrumb\":{\"@id\":\"https:\/\/vfmsfoundation.org\/es\/projects-on-going\/family-harlem\/project-partners-2\/#breadcrumb\"},\"inLanguage\":\"es\",\"potentialAction\":[{\"@type\":\"ReadAction\",\"target\":[\"https:\/\/vfmsfoundation.org\/es\/projects-on-going\/family-harlem\/project-partners-2\/\"]}]},{\"@type\":\"ImageObject\",\"inLanguage\":\"es\",\"@id\":\"https:\/\/vfmsfoundation.org\/es\/projects-on-going\/family-harlem\/project-partners-2\/#primaryimage\",\"url\":\"https:\/\/vfmsfoundation.org\/wp-content\/uploads\/2024\/04\/AHA-HeartWalk.jpg\",\"contentUrl\":\"https:\/\/vfmsfoundation.org\/wp-content\/uploads\/2024\/04\/AHA-HeartWalk.jpg\"},{\"@type\":\"BreadcrumbList\",\"@id\":\"https:\/\/vfmsfoundation.org\/es\/projects-on-going\/family-harlem\/project-partners-2\/#breadcrumb\",\"itemListElement\":[{\"@type\":\"ListItem\",\"position\":1,\"name\":\"Portada\",\"item\":\"https:\/\/vfmsfoundation.org\/es\/\"},{\"@type\":\"ListItem\",\"position\":2,\"name\":\"PROYECTOS\",\"item\":\"https:\/\/vfmsfoundation.org\/es\/projects-on-going\/\"},{\"@type\":\"ListItem\",\"position\":3,\"name\":\"FAMILIA EE.UU. PROGRAMA FAMILIA\",\"item\":\"https:\/\/vfmsfoundation.org\/es\/projects-on-going\/family-harlem\/\"},{\"@type\":\"ListItem\",\"position\":4,\"name\":\"SOCIOS DEL PROYECTO 3\"}]},{\"@type\":\"WebSite\",\"@id\":\"https:\/\/vfmsfoundation.org\/es\/#website\",\"url\":\"https:\/\/vfmsfoundation.org\/es\/\",\"name\":\"VFMS Foundation\",\"description\":\"Discover how the Valentin Fuster Mount Sinai Foundation is making a difference in global health.\",\"publisher\":{\"@id\":\"https:\/\/vfmsfoundation.org\/es\/#organization\"},\"potentialAction\":[{\"@type\":\"SearchAction\",\"target\":{\"@type\":\"EntryPoint\",\"urlTemplate\":\"https:\/\/vfmsfoundation.org\/es\/?s={search_term_string}\"},\"query-input\":{\"@type\":\"PropertyValueSpecification\",\"valueRequired\":true,\"valueName\":\"search_term_string\"}}],\"inLanguage\":\"es\"},{\"@type\":\"Organization\",\"@id\":\"https:\/\/vfmsfoundation.org\/es\/#organization\",\"name\":\"VFMS Foundation\",\"url\":\"https:\/\/vfmsfoundation.org\/es\/\",\"logo\":{\"@type\":\"ImageObject\",\"inLanguage\":\"es\",\"@id\":\"https:\/\/vfmsfoundation.org\/es\/#\/schema\/logo\/image\/\",\"url\":\"https:\/\/vfmsfoundation.org\/wp-content\/uploads\/2022\/11\/logo-cor-anim_2-1.gif\",\"contentUrl\":\"https:\/\/vfmsfoundation.org\/wp-content\/uploads\/2022\/11\/logo-cor-anim_2-1.gif\",\"width\":660,\"height\":200,\"caption\":\"VFMS Foundation\"},\"image\":{\"@id\":\"https:\/\/vfmsfoundation.org\/es\/#\/schema\/logo\/image\/\"}}]}<\/script>\n<!-- \/ Yoast SEO plugin. -->","yoast_head_json":{"title":"Family Harlem - Proyectos en curso - Socios del proyecto - VFMS Foundation","description":"Descubra qui\u00e9nes son los socios del proyecto Family Harlem en VFMS. Obtenga m\u00e1s informaci\u00f3n sobre nuestros socios y colaboradores en esta emocionante iniciativa en curso.","robots":{"index":"index","follow":"follow","max-snippet":"max-snippet:-1","max-image-preview":"max-image-preview:large","max-video-preview":"max-video-preview:-1"},"canonical":"https:\/\/vfmsfoundation.org\/es\/projects-on-going\/family-harlem\/project-partners-2\/","og_locale":"es_ES","og_type":"article","og_title":"Family Harlem - Proyectos en curso - Socios del proyecto - VFMS Foundation","og_description":"Descubra qui\u00e9nes son los socios del proyecto Family Harlem en VFMS. Obtenga m\u00e1s informaci\u00f3n sobre nuestros socios y colaboradores en esta emocionante iniciativa en curso.","og_url":"https:\/\/vfmsfoundation.org\/es\/projects-on-going\/family-harlem\/project-partners-2\/","og_site_name":"VFMS Foundation","article_modified_time":"2024-05-07T08:42:58+00:00","og_image":[{"url":"https:\/\/vfmsfoundation.org\/wp-content\/uploads\/2024\/04\/AHA-HeartWalk.jpg"}],"twitter_card":"summary_large_image","twitter_misc":{"Tiempo de lectura":"4 minutos"},"schema":{"@context":"https:\/\/schema.org","@graph":[{"@type":"WebPage","@id":"https:\/\/vfmsfoundation.org\/es\/projects-on-going\/family-harlem\/project-partners-2\/","url":"https:\/\/vfmsfoundation.org\/es\/projects-on-going\/family-harlem\/project-partners-2\/","name":"Family Harlem - Proyectos en curso - Socios del proyecto - VFMS Foundation","isPartOf":{"@id":"https:\/\/vfmsfoundation.org\/es\/#website"},"primaryImageOfPage":{"@id":"https:\/\/vfmsfoundation.org\/es\/projects-on-going\/family-harlem\/project-partners-2\/#primaryimage"},"image":{"@id":"https:\/\/vfmsfoundation.org\/es\/projects-on-going\/family-harlem\/project-partners-2\/#primaryimage"},"thumbnailUrl":"https:\/\/vfmsfoundation.org\/wp-content\/uploads\/2024\/04\/AHA-HeartWalk.jpg","datePublished":"2024-04-10T10:44:32+00:00","dateModified":"2024-05-07T08:42:58+00:00","description":"Descubra qui\u00e9nes son los socios del proyecto Family Harlem en VFMS. Obtenga m\u00e1s informaci\u00f3n sobre nuestros socios y colaboradores en esta emocionante iniciativa en curso.","breadcrumb":{"@id":"https:\/\/vfmsfoundation.org\/es\/projects-on-going\/family-harlem\/project-partners-2\/#breadcrumb"},"inLanguage":"es","potentialAction":[{"@type":"ReadAction","target":["https:\/\/vfmsfoundation.org\/es\/projects-on-going\/family-harlem\/project-partners-2\/"]}]},{"@type":"ImageObject","inLanguage":"es","@id":"https:\/\/vfmsfoundation.org\/es\/projects-on-going\/family-harlem\/project-partners-2\/#primaryimage","url":"https:\/\/vfmsfoundation.org\/wp-content\/uploads\/2024\/04\/AHA-HeartWalk.jpg","contentUrl":"https:\/\/vfmsfoundation.org\/wp-content\/uploads\/2024\/04\/AHA-HeartWalk.jpg"},{"@type":"BreadcrumbList","@id":"https:\/\/vfmsfoundation.org\/es\/projects-on-going\/family-harlem\/project-partners-2\/#breadcrumb","itemListElement":[{"@type":"ListItem","position":1,"name":"Portada","item":"https:\/\/vfmsfoundation.org\/es\/"},{"@type":"ListItem","position":2,"name":"PROYECTOS","item":"https:\/\/vfmsfoundation.org\/es\/projects-on-going\/"},{"@type":"ListItem","position":3,"name":"FAMILIA EE.UU. PROGRAMA FAMILIA","item":"https:\/\/vfmsfoundation.org\/es\/projects-on-going\/family-harlem\/"},{"@type":"ListItem","position":4,"name":"SOCIOS DEL PROYECTO 3"}]},{"@type":"WebSite","@id":"https:\/\/vfmsfoundation.org\/es\/#website","url":"https:\/\/vfmsfoundation.org\/es\/","name":"VFMS Foundation","description":"Discover how the Valentin Fuster Mount Sinai Foundation is making a difference in global health.","publisher":{"@id":"https:\/\/vfmsfoundation.org\/es\/#organization"},"potentialAction":[{"@type":"SearchAction","target":{"@type":"EntryPoint","urlTemplate":"https:\/\/vfmsfoundation.org\/es\/?s={search_term_string}"},"query-input":{"@type":"PropertyValueSpecification","valueRequired":true,"valueName":"search_term_string"}}],"inLanguage":"es"},{"@type":"Organization","@id":"https:\/\/vfmsfoundation.org\/es\/#organization","name":"VFMS Foundation","url":"https:\/\/vfmsfoundation.org\/es\/","logo":{"@type":"ImageObject","inLanguage":"es","@id":"https:\/\/vfmsfoundation.org\/es\/#\/schema\/logo\/image\/","url":"https:\/\/vfmsfoundation.org\/wp-content\/uploads\/2022\/11\/logo-cor-anim_2-1.gif","contentUrl":"https:\/\/vfmsfoundation.org\/wp-content\/uploads\/2022\/11\/logo-cor-anim_2-1.gif","width":660,"height":200,"caption":"VFMS Foundation"},"image":{"@id":"https:\/\/vfmsfoundation.org\/es\/#\/schema\/logo\/image\/"}}]}},"_links":{"self":[{"href":"https:\/\/vfmsfoundation.org\/es\/wp-json\/wp\/v2\/pages\/3263"}],"collection":[{"href":"https:\/\/vfmsfoundation.org\/es\/wp-json\/wp\/v2\/pages"}],"about":[{"href":"https:\/\/vfmsfoundation.org\/es\/wp-json\/wp\/v2\/types\/page"}],"author":[{"embeddable":true,"href":"https:\/\/vfmsfoundation.org\/es\/wp-json\/wp\/v2\/users\/1"}],"replies":[{"embeddable":true,"href":"https:\/\/vfmsfoundation.org\/es\/wp-json\/wp\/v2\/comments?post=3263"}],"version-history":[{"count":3,"href":"https:\/\/vfmsfoundation.org\/es\/wp-json\/wp\/v2\/pages\/3263\/revisions"}],"predecessor-version":[{"id":3410,"href":"https:\/\/vfmsfoundation.org\/es\/wp-json\/wp\/v2\/pages\/3263\/revisions\/3410"}],"up":[{"embeddable":true,"href":"https:\/\/vfmsfoundation.org\/es\/wp-json\/wp\/v2\/pages\/3261"}],"wp:attachment":[{"href":"https:\/\/vfmsfoundation.org\/es\/wp-json\/wp\/v2\/media?parent=3263"}],"curies":[{"name":"wp","href":"https:\/\/api.w.org\/{rel}","templated":true}]}}