{"id":3269,"date":"2024-04-10T11:04:20","date_gmt":"2024-04-10T11:04:20","guid":{"rendered":"https:\/\/vfmsfoundation.org\/proyectos\/grenada-heart-project\/project-partners-5\/"},"modified":"2024-05-07T08:45:48","modified_gmt":"2024-05-07T08:45:48","slug":"project-partners","status":"publish","type":"page","link":"https:\/\/vfmsfoundation.org\/es\/projects-on-going\/adults-grenada\/project-partners\/","title":{"rendered":"PROJECT PARTNERS 5"},"content":{"rendered":"\t\t<div data-elementor-type=\"wp-page\" data-elementor-id=\"3269\" class=\"elementor elementor-3269 elementor-1507\" data-elementor-post-type=\"page\">\n\t\t\t\t\t\t<section class=\"elementor-section elementor-top-section elementor-element elementor-element-4cbe4fcd elementor-section-boxed elementor-section-height-default elementor-section-height-default\" data-id=\"4cbe4fcd\" data-element_type=\"section\">\n\t\t\t\t\t\t<div class=\"elementor-container elementor-column-gap-default\">\n\t\t\t\t\t<div class=\"elementor-column elementor-col-100 elementor-top-column elementor-element elementor-element-615b1ac6\" data-id=\"615b1ac6\" data-element_type=\"column\">\n\t\t\t<div class=\"elementor-widget-wrap elementor-element-populated\">\n\t\t\t\t\t\t<div class=\"elementor-element elementor-element-664e96c elementor-widget elementor-widget-heading\" data-id=\"664e96c\" data-element_type=\"widget\" data-widget_type=\"heading.default\">\n\t\t\t\t<div class=\"elementor-widget-container\">\n\t\t\t<h1 class=\"elementor-heading-title elementor-size-default\">GRENADA HEARTS PROJECT &gt; SOCIOS DEL PROYECTO<\/h1>\t\t<\/div>\n\t\t\t\t<\/div>\n\t\t\t\t<div class=\"elementor-element elementor-element-460e70d elementor-tabs-view-vertical elementor-widget elementor-widget-tabs\" data-id=\"460e70d\" data-element_type=\"widget\" data-widget_type=\"tabs.default\">\n\t\t\t\t<div class=\"elementor-widget-container\">\n\t\t\t\t\t<div class=\"elementor-tabs\">\n\t\t\t<div class=\"elementor-tabs-wrapper\" role=\"tablist\" >\n\t\t\t\t\t\t\t\t\t<div id=\"elementor-tab-title-7341\" class=\"elementor-tab-title elementor-tab-desktop-title\" aria-selected=\"true\" data-tab=\"1\" role=\"tab\" tabindex=\"0\" aria-controls=\"elementor-tab-content-7341\" aria-expanded=\"false\">MINISTRY OF HEALTH<\/div>\n\t\t\t\t\t\t\t\t\t<div id=\"elementor-tab-title-7342\" class=\"elementor-tab-title elementor-tab-desktop-title\" aria-selected=\"false\" data-tab=\"2\" role=\"tab\" tabindex=\"-1\" aria-controls=\"elementor-tab-content-7342\" aria-expanded=\"false\">UNIVERSIDAD DE SAN JORGE<\/div>\n\t\t\t\t\t\t\t<\/div>\n\t\t\t<div class=\"elementor-tabs-content-wrapper\" role=\"tablist\" aria-orientation=\"vertical\">\n\t\t\t\t\t\t\t\t\t<div class=\"elementor-tab-title elementor-tab-mobile-title\" aria-selected=\"true\" data-tab=\"1\" role=\"tab\" tabindex=\"0\" aria-controls=\"elementor-tab-content-7341\" aria-expanded=\"false\">MINISTRY OF HEALTH<\/div>\n\t\t\t\t\t<div id=\"elementor-tab-content-7341\" class=\"elementor-tab-content elementor-clearfix\" data-tab=\"1\" role=\"tabpanel\" aria-labelledby=\"elementor-tab-title-7341\" tabindex=\"0\" hidden=\"false\"><div class=\"wpb_single_image wpb_content_element vc_align_center vc_custom_1641809839189\">\n<figure class=\"wpb_wrapper vc_figure\">\n<p class=\"vc_single_image-wrapper vc_box_border_grey\">\n<p style=\"text-align: center;\"><img decoding=\"async\" class=\"alignnone size-full wp-image-1510\" src=\"https:\/\/vfmsfoundation.org\/wp-content\/uploads\/2024\/04\/Health-logo-Department.jpg\" alt=\"Logo departament health\" width=\"100\" height=\"105\"><\/p>\n<\/figure>\n<\/div>\n<div class=\"wpb_text_column wpb_content_element \">\n<div class=\"wpb_wrapper\">\n<p style=\"text-align: center;\"><a href=\"http:\/\/health.gov.gd\/\" target=\"_blank\" rel=\"noopener\">Visit the official website<\/a><\/p>\n<h2 style=\"text-align: center;\"><strong>MINISTERIO DE SANIDAD<\/strong><\/h2>\n<p style=\"text-align: center;\">El Ministerio de Sanidad es la instituci\u00f3n encargada de prestar servicios sanitarios en Granada,<br \/>Carriacou y la Peque\u00f1a Martinica. Se encarga de elaborar pol\u00edticas, planificar, implementar, controlar y evaluar los servicios que presta a los ciudadanos granadinos.<\/p>\n<p style=\"text-align: center;\"><strong>VISI\u00d3N:<\/strong><br \/>Una mayor calidad de vida, un mejor estado de salud de las personas, las familias y las comunidades, as\u00ed como el mantenimiento de un<br \/>estado de bienestar \u00f3ptimo.<\/p>\n<p style=\"text-align: center;\"><strong>MISI\u00d3N:<\/strong><br \/>Promover y prestar servicios sanitarios que sean apropiados, accesibles, equitativos y sostenibles por medio de personal debidamente cualificado y motivado que est\u00e9 comprometido con la excelencia y la profesionalidad.<\/p>\n<p style=\"text-align: center;\"><strong>FILOSOF\u00cdA:<\/strong><br \/>La salud es un derecho humano fundamental que se obtiene mediante una atenci\u00f3n primaria de salud que emplee estrategias de fomento de la salud proporcionadas por profesionales sanitarios formados. El Ministerio de Sanidad se divide en tres \u00e1reas funcionales programadas:<\/p>\n<p style=\"text-align: center;\"><strong>ADMINISTRACI\u00d3N:<\/strong><\/p>\n<p style=\"text-align: center;\">El m\u00e1ximo nivel de formulaci\u00f3n e implementaci\u00f3n de pol\u00edticas, asuntos de personal y financieros,<br \/>as\u00ed como la gesti\u00f3n y la coordinaci\u00f3n general de todo el Ministerio.<\/p>\n<p style=\"text-align: center;\"><strong>HOSPITALES:<\/strong><\/p>\n<p style=\"text-align: center;\">Existen tres (3) hospitales en el pa\u00eds: el Hospital General, el Hospital Princesa Alicia y el Hospital Princesa Real.<\/p>\n<p style=\"text-align: center;\"><strong>Servicios de salud para la comunidad (CHS):<\/strong><br \/>La misi\u00f3n del Ministerio es asegurarse de que se presta un servicio de atenci\u00f3n primaria de calidad. Con esta filosof\u00eda, animamos a las personas a utilizar los servicios prestados en el \u00e1mbito de la comunidad. Reciben el nombre de servicios de salud para la comunidad. Estos servicios son de gran importancia porque tienen en cuenta aspectos m\u00e9dicos tan variados como la odontolog\u00eda, servicios farmac\u00e9uticos para la comunidad, la salud mental, cl\u00ednicas de m\u00e9dicos y la promoci\u00f3n de la salud, la salud ambiental y la salud p\u00fablica<\/p>\n<\/div>\n<\/div>\n<\/div>\n\t\t\t\t\t\t\t\t\t<div class=\"elementor-tab-title elementor-tab-mobile-title\" aria-selected=\"false\" data-tab=\"2\" role=\"tab\" tabindex=\"-1\" aria-controls=\"elementor-tab-content-7342\" aria-expanded=\"false\">UNIVERSIDAD DE SAN JORGE<\/div>\n\t\t\t\t\t<div id=\"elementor-tab-content-7342\" class=\"elementor-tab-content elementor-clearfix\" data-tab=\"2\" role=\"tabpanel\" aria-labelledby=\"elementor-tab-title-7342\" tabindex=\"0\" hidden=\"hidden\"><div class=\"vc_tta-container\" data-vc-action=\"collapse\">\n<div class=\"vc_general vc_tta vc_tta-tabs vc_tta-color-white vc_tta-style-classic vc_tta-shape-rounded vc_tta-spacing-10 pestanas vc_tta-tabs-position-top vc_tta-controls-align-left vc_custom_1641808860461\">\n<div class=\"vc_tta-panels-container\">\n<div class=\"vc_tta-panels\">\n<div id=\"1641807634059-c8d62ffc-4838\" class=\"vc_tta-panel vc_active\" data-vc-content=\".vc_tta-panel-body\">\n<div class=\"vc_tta-panel-body\">\n<div class=\"wpb_single_image wpb_content_element vc_align_center vc_custom_1641809885089\">\n<figure class=\"wpb_wrapper vc_figure\">\n<p class=\"vc_single_image-wrapper vc_box_border_grey\"><img decoding=\"async\" class=\"size-full wp-image-2882 aligncenter\" src=\"https:\/\/vfmsfoundation.org\/wp-content\/uploads\/2024\/04\/ST-GEORGE.jpg\" alt=\"UNIVERSIDAD DE SAN JORGE\" width=\"250\" height=\"98\"><\/p>\n<\/figure>\n<\/div>\n<\/div>\n<\/div>\n<\/div>\n<\/div>\n<\/div>\n<\/div>\n<div> <\/div>\n<div> <\/div>\n<div class=\"vc_tta-container\" data-vc-action=\"collapse\">\n<div class=\"vc_general vc_tta vc_tta-tabs vc_tta-color-white vc_tta-style-classic vc_tta-shape-rounded vc_tta-spacing-10 pestanas vc_tta-tabs-position-top vc_tta-controls-align-left vc_custom_1641808860461\">\n<div class=\"vc_tta-panels-container\">\n<div class=\"vc_tta-panels\">\n<div id=\"1641807634059-c8d62ffc-4838\" class=\"vc_tta-panel vc_active\" data-vc-content=\".vc_tta-panel-body\">\n<div class=\"vc_tta-panel-body\">\n<div class=\"wpb_text_column wpb_content_element \">\n<div class=\"wpb_wrapper\">\n<p style=\"text-align: center;\"><a href=\"http:\/\/www.sgu.edu\/\" target=\"_blank\" rel=\"noopener\">Visit the official website<\/a><\/p>\n<h2 style=\"text-align: center;\"><strong>UNIVERSIDAD DE SAN JORGE<\/strong><\/h2>\n<p style=\"text-align: center;\">La Universidad de San Jorge, fundada como una escuela de medicina independiente en 1976, se ha convertido en un reconocido centro de educaci\u00f3n internacional que atrae a estudiantes y profesores de 140 pa\u00edses a la isla de Granada, situada en las Antillas. Los estudiantes de esta universidad disfrutan de las ventajas que ofrece el pr\u00f3spero entorno multicultural del campus True Blue, que ofrece todas las comodidades y los servicios tecnol\u00f3gicamente avanzados propios de una instituci\u00f3n de primera clase.<br \/>Entre los m\u00e1s de 15.000 graduados en la universidad se incluyen m\u00e9dicos, veterinarios, cient\u00edficos y profesionales de la salud y la empresa p\u00fablicas de todo el mundo La universidad ofrece grados de Medicina y Veterinaria en las facultades de Medicina y Medicina Veterinaria, as\u00ed como grados dobles e independientes en Ciencias, Salud P\u00fablica y Empresariales. Tambi\u00e9n ofrece programas universitarios a trav\u00e9s de su Escuela de Artes y Ciencias. Los programas de la universidad han sido acreditados y aprobados por varias autoridades gubernamentales. La Universidad de San Jorge ha firmado convenios con instituciones educativas de pa\u00edses de todo el mundo, como los Estados Unidos, el Reino Unido, Canad\u00e1, Australia e Irlanda.<\/p>\n<\/div>\n<\/div>\n<\/div>\n<\/div>\n<\/div>\n<\/div>\n<\/div>\n<\/div>\n<\/div>\n\t\t\t\t\t\t\t<\/div>\n\t\t<\/div>\n\t\t\t\t<\/div>\n\t\t\t\t<\/div>\n\t\t\t\t\t<\/div>\n\t\t<\/div>\n\t\t\t\t\t<\/div>\n\t\t<\/section>\n\t\t\t\t<\/div>\n\t\t","protected":false},"excerpt":{"rendered":"<p>GRENADA HEARTS PROJECT &gt; SOCIOS DEL PROYECTO MINISTRY OF HEALTH UNIVERSIDAD DE SAN JORGE MINISTRY OF HEALTH Visit the official website MINISTERIO DE SANIDAD El Ministerio de Sanidad es la instituci\u00f3n encargada de prestar servicios sanitarios en Granada, Carriacou y la Peque\u00f1a Martinica. Se encarga de elaborar pol\u00edticas, planificar, implementar, controlar y evaluar los servicios [&hellip;]<\/p>\n","protected":false},"author":1,"featured_media":0,"parent":3267,"menu_order":0,"comment_status":"closed","ping_status":"closed","template":"","meta":{"site-sidebar-layout":"no-sidebar","site-content-layout":"page-builder","ast-site-content-layout":"full-width-container","site-content-style":"default","site-sidebar-style":"default","ast-global-header-display":"","ast-banner-title-visibility":"","ast-main-header-display":"","ast-hfb-above-header-display":"","ast-hfb-below-header-display":"","ast-hfb-mobile-header-display":"","site-post-title":"disabled","ast-breadcrumbs-content":"","ast-featured-img":"disabled","footer-sml-layout":"","theme-transparent-header-meta":"default","adv-header-id-meta":"","stick-header-meta":"default","header-above-stick-meta":"","header-main-stick-meta":"","header-below-stick-meta":"","astra-migrate-meta-layouts":"set","ast-page-background-enabled":"default","ast-page-background-meta":{"desktop":{"background-color":"var(--ast-global-color-4)","background-image":"","background-repeat":"repeat","background-position":"center center","background-size":"auto","background-attachment":"scroll","background-type":"","background-media":"","overlay-type":"","overlay-color":"","overlay-opacity":"","overlay-gradient":""},"tablet":{"background-color":"","background-image":"","background-repeat":"repeat","background-position":"center center","background-size":"auto","background-attachment":"scroll","background-type":"","background-media":"","overlay-type":"","overlay-color":"","overlay-opacity":"","overlay-gradient":""},"mobile":{"background-color":"","background-image":"","background-repeat":"repeat","background-position":"center center","background-size":"auto","background-attachment":"scroll","background-type":"","background-media":"","overlay-type":"","overlay-color":"","overlay-opacity":"","overlay-gradient":""}},"ast-content-background-meta":{"desktop":{"background-color":"var(--ast-global-color-5)","background-image":"","background-repeat":"repeat","background-position":"center center","background-size":"auto","background-attachment":"scroll","background-type":"","background-media":"","overlay-type":"","overlay-color":"","overlay-opacity":"","overlay-gradient":""},"tablet":{"background-color":"var(--ast-global-color-5)","background-image":"","background-repeat":"repeat","background-position":"center center","background-size":"auto","background-attachment":"scroll","background-type":"","background-media":"","overlay-type":"","overlay-color":"","overlay-opacity":"","overlay-gradient":""},"mobile":{"background-color":"var(--ast-global-color-5)","background-image":"","background-repeat":"repeat","background-position":"center center","background-size":"auto","background-attachment":"scroll","background-type":"","background-media":"","overlay-type":"","overlay-color":"","overlay-opacity":"","overlay-gradient":""}},"footnotes":""},"class_list":["post-3269","page","type-page","status-publish","hentry"],"yoast_head":"<!-- This site is optimized with the Yoast SEO plugin v23.5 - https:\/\/yoast.com\/wordpress\/plugins\/seo\/ -->\n<title>Adultos Socios del proyecto Granada - VFMS Foundation<\/title>\n<meta name=\"description\" content=\"Explore los esfuerzos de colaboraci\u00f3n de los socios del proyecto Adultos de Granada en VFMS. Descubra las organizaciones e individuos involucrados en el avance de iniciativas para adultos en Granada\" \/>\n<meta name=\"robots\" content=\"index, follow, max-snippet:-1, max-image-preview:large, max-video-preview:-1\" \/>\n<link rel=\"canonical\" href=\"https:\/\/vfmsfoundation.org\/es\/projects-on-going\/adults-grenada\/project-partners\/\" \/>\n<meta property=\"og:locale\" content=\"es_ES\" \/>\n<meta property=\"og:type\" content=\"article\" \/>\n<meta property=\"og:title\" content=\"Adultos Socios del proyecto Granada - VFMS Foundation\" \/>\n<meta property=\"og:description\" content=\"Explore los esfuerzos de colaboraci\u00f3n de los socios del proyecto Adultos de Granada en VFMS. Descubra las organizaciones e individuos involucrados en el avance de iniciativas para adultos en Granada\" \/>\n<meta property=\"og:url\" content=\"https:\/\/vfmsfoundation.org\/es\/projects-on-going\/adults-grenada\/project-partners\/\" \/>\n<meta property=\"og:site_name\" content=\"VFMS Foundation\" \/>\n<meta property=\"article:modified_time\" content=\"2024-05-07T08:45:48+00:00\" \/>\n<meta property=\"og:image\" content=\"https:\/\/vfmsfoundation.org\/wp-content\/uploads\/2024\/04\/Health-logo-Department.jpg\" \/>\n<meta name=\"twitter:card\" content=\"summary_large_image\" \/>\n<meta name=\"twitter:label1\" content=\"Tiempo de lectura\" \/>\n\t<meta name=\"twitter:data1\" content=\"3 minutos\" \/>\n<script type=\"application\/ld+json\" class=\"yoast-schema-graph\">{\"@context\":\"https:\/\/schema.org\",\"@graph\":[{\"@type\":\"WebPage\",\"@id\":\"https:\/\/vfmsfoundation.org\/es\/projects-on-going\/adults-grenada\/project-partners\/\",\"url\":\"https:\/\/vfmsfoundation.org\/es\/projects-on-going\/adults-grenada\/project-partners\/\",\"name\":\"Adultos Socios del proyecto Granada - VFMS Foundation\",\"isPartOf\":{\"@id\":\"https:\/\/vfmsfoundation.org\/es\/#website\"},\"primaryImageOfPage\":{\"@id\":\"https:\/\/vfmsfoundation.org\/es\/projects-on-going\/adults-grenada\/project-partners\/#primaryimage\"},\"image\":{\"@id\":\"https:\/\/vfmsfoundation.org\/es\/projects-on-going\/adults-grenada\/project-partners\/#primaryimage\"},\"thumbnailUrl\":\"https:\/\/vfmsfoundation.org\/wp-content\/uploads\/2024\/04\/Health-logo-Department.jpg\",\"datePublished\":\"2024-04-10T11:04:20+00:00\",\"dateModified\":\"2024-05-07T08:45:48+00:00\",\"description\":\"Explore los esfuerzos de colaboraci\u00f3n de los socios del proyecto Adultos de Granada en VFMS. Descubra las organizaciones e individuos involucrados en el avance de iniciativas para adultos en Granada\",\"breadcrumb\":{\"@id\":\"https:\/\/vfmsfoundation.org\/es\/projects-on-going\/adults-grenada\/project-partners\/#breadcrumb\"},\"inLanguage\":\"es\",\"potentialAction\":[{\"@type\":\"ReadAction\",\"target\":[\"https:\/\/vfmsfoundation.org\/es\/projects-on-going\/adults-grenada\/project-partners\/\"]}]},{\"@type\":\"ImageObject\",\"inLanguage\":\"es\",\"@id\":\"https:\/\/vfmsfoundation.org\/es\/projects-on-going\/adults-grenada\/project-partners\/#primaryimage\",\"url\":\"https:\/\/vfmsfoundation.org\/wp-content\/uploads\/2024\/04\/Health-logo-Department.jpg\",\"contentUrl\":\"https:\/\/vfmsfoundation.org\/wp-content\/uploads\/2024\/04\/Health-logo-Department.jpg\"},{\"@type\":\"BreadcrumbList\",\"@id\":\"https:\/\/vfmsfoundation.org\/es\/projects-on-going\/adults-grenada\/project-partners\/#breadcrumb\",\"itemListElement\":[{\"@type\":\"ListItem\",\"position\":1,\"name\":\"Portada\",\"item\":\"https:\/\/vfmsfoundation.org\/es\/\"},{\"@type\":\"ListItem\",\"position\":2,\"name\":\"PROYECTOS\",\"item\":\"https:\/\/vfmsfoundation.org\/es\/projects-on-going\/\"},{\"@type\":\"ListItem\",\"position\":3,\"name\":\"GRENADA HEART PROJECT\",\"item\":\"https:\/\/vfmsfoundation.org\/es\/projects-on-going\/adults-grenada\/\"},{\"@type\":\"ListItem\",\"position\":4,\"name\":\"PROJECT PARTNERS 5\"}]},{\"@type\":\"WebSite\",\"@id\":\"https:\/\/vfmsfoundation.org\/es\/#website\",\"url\":\"https:\/\/vfmsfoundation.org\/es\/\",\"name\":\"VFMS Foundation\",\"description\":\"Discover how the Valentin Fuster Mount Sinai Foundation is making a difference in global health.\",\"publisher\":{\"@id\":\"https:\/\/vfmsfoundation.org\/es\/#organization\"},\"potentialAction\":[{\"@type\":\"SearchAction\",\"target\":{\"@type\":\"EntryPoint\",\"urlTemplate\":\"https:\/\/vfmsfoundation.org\/es\/?s={search_term_string}\"},\"query-input\":{\"@type\":\"PropertyValueSpecification\",\"valueRequired\":true,\"valueName\":\"search_term_string\"}}],\"inLanguage\":\"es\"},{\"@type\":\"Organization\",\"@id\":\"https:\/\/vfmsfoundation.org\/es\/#organization\",\"name\":\"VFMS Foundation\",\"url\":\"https:\/\/vfmsfoundation.org\/es\/\",\"logo\":{\"@type\":\"ImageObject\",\"inLanguage\":\"es\",\"@id\":\"https:\/\/vfmsfoundation.org\/es\/#\/schema\/logo\/image\/\",\"url\":\"https:\/\/vfmsfoundation.org\/wp-content\/uploads\/2022\/11\/logo-cor-anim_2-1.gif\",\"contentUrl\":\"https:\/\/vfmsfoundation.org\/wp-content\/uploads\/2022\/11\/logo-cor-anim_2-1.gif\",\"width\":660,\"height\":200,\"caption\":\"VFMS Foundation\"},\"image\":{\"@id\":\"https:\/\/vfmsfoundation.org\/es\/#\/schema\/logo\/image\/\"}}]}<\/script>\n<!-- \/ Yoast SEO plugin. -->","yoast_head_json":{"title":"Adultos Socios del proyecto Granada - VFMS Foundation","description":"Explore los esfuerzos de colaboraci\u00f3n de los socios del proyecto Adultos de Granada en VFMS. Descubra las organizaciones e individuos involucrados en el avance de iniciativas para adultos en Granada","robots":{"index":"index","follow":"follow","max-snippet":"max-snippet:-1","max-image-preview":"max-image-preview:large","max-video-preview":"max-video-preview:-1"},"canonical":"https:\/\/vfmsfoundation.org\/es\/projects-on-going\/adults-grenada\/project-partners\/","og_locale":"es_ES","og_type":"article","og_title":"Adultos Socios del proyecto Granada - VFMS Foundation","og_description":"Explore los esfuerzos de colaboraci\u00f3n de los socios del proyecto Adultos de Granada en VFMS. Descubra las organizaciones e individuos involucrados en el avance de iniciativas para adultos en Granada","og_url":"https:\/\/vfmsfoundation.org\/es\/projects-on-going\/adults-grenada\/project-partners\/","og_site_name":"VFMS Foundation","article_modified_time":"2024-05-07T08:45:48+00:00","og_image":[{"url":"https:\/\/vfmsfoundation.org\/wp-content\/uploads\/2024\/04\/Health-logo-Department.jpg"}],"twitter_card":"summary_large_image","twitter_misc":{"Tiempo de lectura":"3 minutos"},"schema":{"@context":"https:\/\/schema.org","@graph":[{"@type":"WebPage","@id":"https:\/\/vfmsfoundation.org\/es\/projects-on-going\/adults-grenada\/project-partners\/","url":"https:\/\/vfmsfoundation.org\/es\/projects-on-going\/adults-grenada\/project-partners\/","name":"Adultos Socios del proyecto Granada - VFMS Foundation","isPartOf":{"@id":"https:\/\/vfmsfoundation.org\/es\/#website"},"primaryImageOfPage":{"@id":"https:\/\/vfmsfoundation.org\/es\/projects-on-going\/adults-grenada\/project-partners\/#primaryimage"},"image":{"@id":"https:\/\/vfmsfoundation.org\/es\/projects-on-going\/adults-grenada\/project-partners\/#primaryimage"},"thumbnailUrl":"https:\/\/vfmsfoundation.org\/wp-content\/uploads\/2024\/04\/Health-logo-Department.jpg","datePublished":"2024-04-10T11:04:20+00:00","dateModified":"2024-05-07T08:45:48+00:00","description":"Explore los esfuerzos de colaboraci\u00f3n de los socios del proyecto Adultos de Granada en VFMS. Descubra las organizaciones e individuos involucrados en el avance de iniciativas para adultos en Granada","breadcrumb":{"@id":"https:\/\/vfmsfoundation.org\/es\/projects-on-going\/adults-grenada\/project-partners\/#breadcrumb"},"inLanguage":"es","potentialAction":[{"@type":"ReadAction","target":["https:\/\/vfmsfoundation.org\/es\/projects-on-going\/adults-grenada\/project-partners\/"]}]},{"@type":"ImageObject","inLanguage":"es","@id":"https:\/\/vfmsfoundation.org\/es\/projects-on-going\/adults-grenada\/project-partners\/#primaryimage","url":"https:\/\/vfmsfoundation.org\/wp-content\/uploads\/2024\/04\/Health-logo-Department.jpg","contentUrl":"https:\/\/vfmsfoundation.org\/wp-content\/uploads\/2024\/04\/Health-logo-Department.jpg"},{"@type":"BreadcrumbList","@id":"https:\/\/vfmsfoundation.org\/es\/projects-on-going\/adults-grenada\/project-partners\/#breadcrumb","itemListElement":[{"@type":"ListItem","position":1,"name":"Portada","item":"https:\/\/vfmsfoundation.org\/es\/"},{"@type":"ListItem","position":2,"name":"PROYECTOS","item":"https:\/\/vfmsfoundation.org\/es\/projects-on-going\/"},{"@type":"ListItem","position":3,"name":"GRENADA HEART PROJECT","item":"https:\/\/vfmsfoundation.org\/es\/projects-on-going\/adults-grenada\/"},{"@type":"ListItem","position":4,"name":"PROJECT PARTNERS 5"}]},{"@type":"WebSite","@id":"https:\/\/vfmsfoundation.org\/es\/#website","url":"https:\/\/vfmsfoundation.org\/es\/","name":"VFMS Foundation","description":"Discover how the Valentin Fuster Mount Sinai Foundation is making a difference in global health.","publisher":{"@id":"https:\/\/vfmsfoundation.org\/es\/#organization"},"potentialAction":[{"@type":"SearchAction","target":{"@type":"EntryPoint","urlTemplate":"https:\/\/vfmsfoundation.org\/es\/?s={search_term_string}"},"query-input":{"@type":"PropertyValueSpecification","valueRequired":true,"valueName":"search_term_string"}}],"inLanguage":"es"},{"@type":"Organization","@id":"https:\/\/vfmsfoundation.org\/es\/#organization","name":"VFMS Foundation","url":"https:\/\/vfmsfoundation.org\/es\/","logo":{"@type":"ImageObject","inLanguage":"es","@id":"https:\/\/vfmsfoundation.org\/es\/#\/schema\/logo\/image\/","url":"https:\/\/vfmsfoundation.org\/wp-content\/uploads\/2022\/11\/logo-cor-anim_2-1.gif","contentUrl":"https:\/\/vfmsfoundation.org\/wp-content\/uploads\/2022\/11\/logo-cor-anim_2-1.gif","width":660,"height":200,"caption":"VFMS Foundation"},"image":{"@id":"https:\/\/vfmsfoundation.org\/es\/#\/schema\/logo\/image\/"}}]}},"_links":{"self":[{"href":"https:\/\/vfmsfoundation.org\/es\/wp-json\/wp\/v2\/pages\/3269"}],"collection":[{"href":"https:\/\/vfmsfoundation.org\/es\/wp-json\/wp\/v2\/pages"}],"about":[{"href":"https:\/\/vfmsfoundation.org\/es\/wp-json\/wp\/v2\/types\/page"}],"author":[{"embeddable":true,"href":"https:\/\/vfmsfoundation.org\/es\/wp-json\/wp\/v2\/users\/1"}],"replies":[{"embeddable":true,"href":"https:\/\/vfmsfoundation.org\/es\/wp-json\/wp\/v2\/comments?post=3269"}],"version-history":[{"count":2,"href":"https:\/\/vfmsfoundation.org\/es\/wp-json\/wp\/v2\/pages\/3269\/revisions"}],"predecessor-version":[{"id":3414,"href":"https:\/\/vfmsfoundation.org\/es\/wp-json\/wp\/v2\/pages\/3269\/revisions\/3414"}],"up":[{"embeddable":true,"href":"https:\/\/vfmsfoundation.org\/es\/wp-json\/wp\/v2\/pages\/3267"}],"wp:attachment":[{"href":"https:\/\/vfmsfoundation.org\/es\/wp-json\/wp\/v2\/media?parent=3269"}],"curies":[{"name":"wp","href":"https:\/\/api.w.org\/{rel}","templated":true}]}}