{"id":3273,"date":"2024-04-10T10:51:06","date_gmt":"2024-04-10T10:51:06","guid":{"rendered":"https:\/\/vfmsfoundation.org\/proyectos\/kenia-programa-lark\/project-partners-4\/"},"modified":"2024-05-07T08:44:25","modified_gmt":"2024-05-07T08:44:25","slug":"project-partners-2","status":"publish","type":"page","link":"https:\/\/vfmsfoundation.org\/es\/projects-on-going\/adults-kenya\/project-partners-2\/","title":{"rendered":"PROJECT PARTNERS 4"},"content":{"rendered":"\t\t<div data-elementor-type=\"wp-page\" data-elementor-id=\"3273\" class=\"elementor elementor-3273 elementor-1486\" data-elementor-post-type=\"page\">\n\t\t\t\t\t\t<section class=\"elementor-section elementor-top-section elementor-element elementor-element-67b5582c elementor-section-boxed elementor-section-height-default elementor-section-height-default\" data-id=\"67b5582c\" data-element_type=\"section\">\n\t\t\t\t\t\t<div class=\"elementor-container elementor-column-gap-default\">\n\t\t\t\t\t<div class=\"elementor-column elementor-col-100 elementor-top-column elementor-element elementor-element-2cc2d4e4\" data-id=\"2cc2d4e4\" data-element_type=\"column\">\n\t\t\t<div class=\"elementor-widget-wrap elementor-element-populated\">\n\t\t\t\t\t\t<div class=\"elementor-element elementor-element-8f378e9 elementor-widget elementor-widget-heading\" data-id=\"8f378e9\" data-element_type=\"widget\" data-widget_type=\"heading.default\">\n\t\t\t\t<div class=\"elementor-widget-container\">\n\t\t\t<h1 class=\"elementor-heading-title elementor-size-default\">KENIA PROGRAMA LARK &gt; SOCIOS DEL PROYECTO<\/h1>\t\t<\/div>\n\t\t\t\t<\/div>\n\t\t\t\t<div class=\"elementor-element elementor-element-e725266 elementor-tabs-view-vertical elementor-widget elementor-widget-tabs\" data-id=\"e725266\" data-element_type=\"widget\" data-widget_type=\"tabs.default\">\n\t\t\t\t<div class=\"elementor-widget-container\">\n\t\t\t\t\t<div class=\"elementor-tabs\">\n\t\t\t<div class=\"elementor-tabs-wrapper\" role=\"tablist\" >\n\t\t\t\t\t\t\t\t\t<div id=\"elementor-tab-title-2421\" class=\"elementor-tab-title elementor-tab-desktop-title\" aria-selected=\"true\" data-tab=\"1\" role=\"tab\" tabindex=\"0\" aria-controls=\"elementor-tab-content-2421\" aria-expanded=\"false\">AMPATH<\/div>\n\t\t\t\t\t\t\t\t\t<div id=\"elementor-tab-title-2422\" class=\"elementor-tab-title elementor-tab-desktop-title\" aria-selected=\"false\" data-tab=\"2\" role=\"tab\" tabindex=\"-1\" aria-controls=\"elementor-tab-content-2422\" aria-expanded=\"false\">INSTITUTO NACIONAL DEL CORAZ\u00d3N, LOS PULMONES Y LA SANGRE DE LOS INSTITUTOS NACIONALES DE LA SALUD<\/div>\n\t\t\t\t\t\t\t<\/div>\n\t\t\t<div class=\"elementor-tabs-content-wrapper\" role=\"tablist\" aria-orientation=\"vertical\">\n\t\t\t\t\t\t\t\t\t<div class=\"elementor-tab-title elementor-tab-mobile-title\" aria-selected=\"true\" data-tab=\"1\" role=\"tab\" tabindex=\"0\" aria-controls=\"elementor-tab-content-2421\" aria-expanded=\"false\">AMPATH<\/div>\n\t\t\t\t\t<div id=\"elementor-tab-content-2421\" class=\"elementor-tab-content elementor-clearfix\" data-tab=\"1\" role=\"tabpanel\" aria-labelledby=\"elementor-tab-title-2421\" tabindex=\"0\" hidden=\"false\"><div class=\"vc_tta-container\" data-vc-action=\"collapse\">\n<div class=\"vc_general vc_tta vc_tta-tabs vc_tta-color-white vc_tta-style-classic vc_tta-shape-rounded vc_tta-spacing-10 pestanas vc_tta-tabs-position-top vc_tta-controls-align-left vc_custom_1641808860461\">\n<div class=\"vc_tta-panels-container\">\n<div class=\"vc_tta-panels\">\n<div id=\"1641807630407-c94eaa5a-4a81\" class=\"vc_tta-panel vc_active\" data-vc-content=\".vc_tta-panel-body\">\n<div class=\"vc_tta-panel-body\">\n<div class=\"wpb_single_image wpb_content_element vc_align_center vc_custom_1641809528112\">\n<figure class=\"wpb_wrapper vc_figure\">\n<div> <\/div>\n<\/p>\n<p class=\"vc_single_image-wrapper vc_box_border_grey\"><img decoding=\"async\" class=\"size-full wp-image-1489 aligncenter\" src=\"https:\/\/vfmsfoundation.org\/wp-content\/uploads\/2024\/04\/ampath.jpg\" alt=\"ampath\" width=\"250\" height=\"58\"><\/p>\n<\/p>\n<\/figure>\n<\/div>\n<div> <\/div>\n<div class=\"wpb_text_column wpb_content_element \">\n<div class=\"wpb_wrapper\">\n<p style=\"text-align: center;\"><a href=\"http:\/\/www.ampathkenya.org\/\" target=\"_blank\" rel=\"noopener\">Visit the official website<\/a><\/p>\n<h2 style=\"text-align: center;\"><strong>AMPATH<\/strong><\/h2>\n<p style=\"text-align: center;\">Los centros acad\u00e9micos de salud est\u00e1n estrat\u00e9gicamente situados para llevar a cabo la triple misi\u00f3n de atenci\u00f3n, formaci\u00f3n e investigaci\u00f3n, tres componentes que son esenciales para afrontar con \u00e9xito los retos de salud mundiales a corto y largo plazo.<br \/>La formaci\u00f3n (casi 1.200 estudiantes de Medicina de Kenia y Am\u00e9rica han participado en el programa y miles de profesionales sanitarios kenianos han recibido formaci\u00f3n de AMPATH) y la investigaci\u00f3n (los investigadores de AMPATH han publicado m\u00e1s de 450 art\u00edculos y han recaudado m\u00e1s de 100 millones de d\u00f3lares en fondos acumulativos para los proyectos relacionados con AMPATH de los NIH, de la Fundaci\u00f3n Bill y Melinda Gates y otras instituciones) son componentes esenciales de ese esfuerzo y somos l\u00edderes en atenci\u00f3n.<\/p>\n<p style=\"text-align: center;\">Esta misi\u00f3n de atenci\u00f3n, investigaci\u00f3n y formaci\u00f3n ha sido adoptada por instituciones como la Escuela de Medicina Alpert de la Universidad Brown, la Universidad Duke, la Icahn School of Medicine del Mount Sinai, la Red de Salud de Lehigh Valley, el Centro M\u00e9dico Providence Portland, la Universidad Purdue, la Universidad de California-San Francisco, la Universidad de Massachusetts, la Universidad de Notre Dame y la Universidad de Toronto, las cuales se han unido a la Universidad de Indiana para formar el Consorcio AMPATH y colaborar con el Hospital y la Universidad de Moi, lo que permite a los l\u00edderes de Kenia disponer de los recursos y el talento de instituciones m\u00e9dicas acad\u00e9micas norteamericanas para afrontar los retos de las enfermedades y la pobreza.<\/p>\n<\/div>\n<\/div>\n<\/div>\n<\/div>\n<div id=\"1641807634059-c8d62ffc-4838\" class=\"vc_tta-panel\" data-vc-content=\".vc_tta-panel-body\"> <\/div>\n<\/div>\n<\/div>\n<\/div>\n<\/div>\n<\/div>\n\t\t\t\t\t\t\t\t\t<div class=\"elementor-tab-title elementor-tab-mobile-title\" aria-selected=\"false\" data-tab=\"2\" role=\"tab\" tabindex=\"-1\" aria-controls=\"elementor-tab-content-2422\" aria-expanded=\"false\">INSTITUTO NACIONAL DEL CORAZ\u00d3N, LOS PULMONES Y LA SANGRE DE LOS INSTITUTOS NACIONALES DE LA SALUD<\/div>\n\t\t\t\t\t<div id=\"elementor-tab-content-2422\" class=\"elementor-tab-content elementor-clearfix\" data-tab=\"2\" role=\"tabpanel\" aria-labelledby=\"elementor-tab-title-2422\" tabindex=\"0\" hidden=\"hidden\"><div class=\"wpb_single_image wpb_content_element vc_align_center vc_custom_1641809594625\">\n<figure class=\"wpb_wrapper vc_figure\">\n<p class=\"vc_single_image-wrapper vc_box_border_grey\">\n<p><img decoding=\"async\" class=\"size-full wp-image-2865 aligncenter\" src=\"https:\/\/vfmsfoundation.org\/wp-content\/uploads\/2024\/04\/NATIONAL-HEART.jpg\" alt=\"INSTITUTOS NACIONALES DE LA SALUD\" width=\"300\" height=\"70\"><\/p>\n<\/figure>\n<div> <\/div>\n<\/div>\n<div class=\"wpb_text_column wpb_content_element \">\n<div class=\"wpb_wrapper\">\n<p style=\"text-align: center;\"><a href=\"https:\/\/www.nhlbi.nih.gov\/\" target=\"_blank\" rel=\"noopener\">Visit the official website<\/a><\/p>\n<h2 style=\"text-align: center;\"><strong>INSTITUTO NACIONAL DEL CORAZ\u00d3N, LOS PULMONES Y LA SANGRE DE LOS INSTITUTOS NACIONALES DE LA SALUD<\/strong><\/h2>\n<p style=\"text-align: center;\">Objetivos estrat\u00e9gicos Los objetivos estrat\u00e9gicos abarcan todos los campos de investigaci\u00f3n relacionados con el coraz\u00f3n, los pulmones, la sangre y el sue\u00f1o (HLBS, por sus siglas en ingl\u00e9s) y surgen del deseo de entender y fomentar la salud y la resistencia, investigar las causas de las enfermedades, trasladar los descubrimientos de la investigaci\u00f3n b\u00e1sica a la pr\u00e1ctica cl\u00ednica y fomentar la formaci\u00f3n y la orientaci\u00f3n de los cient\u00edficos y m\u00e9dicos emergentes.<br \/>Los cuatro objetivos son:<\/p>\n<ul style=\"text-align: center;\">\n<li>Comprender la biolog\u00eda humana.<\/li>\n<li>Reducir las enfermedades humanas.<\/li>\n<li>Avanzar en la investigaci\u00f3n traslacional.<\/li>\n<li>Desarrollar plantillas y recursos.<\/li>\n<\/ul>\n<p style=\"text-align: center;\">Objetivos generales<br \/>Estos ocho objetivos proporcionan un marco organizativo a la hora de establecer las prioridades de investigaci\u00f3n del NHLBI. Estos objetivos generales son el reflejo de uno o m\u00e1s de los objetivos estrat\u00e9gicos. En la pr\u00f3xima d\u00e9cada, estos objetivos servir\u00e1n de gu\u00eda al NHLBI para avanzar en la investigaci\u00f3n de las enfermedades HLBS, explorar oportunidades de investigaci\u00f3n y tomar decisiones de inversi\u00f3n. Aunque estos objetivos no pretenden abarcar todos los campos de investigaci\u00f3n del NHLBI, las prioridades estrat\u00e9gicas de investigaci\u00f3n relativas a los objetivos tendr\u00e1n un papel importante a la hora de ayudar al NHLBI a definir, y peri\u00f3dicamente redefinir, un programa de investigaci\u00f3n y las prioridades para la pr\u00f3xima d\u00e9cada.<br \/>1. Comprender la funci\u00f3n y la resistencia biol\u00f3gicas normales<br \/>2. Investigar los mecanismos biopatol\u00f3gicos reci\u00e9n descubiertos que son importantes para la aparici\u00f3n y la progresi\u00f3n de las enfermedades HLBS<br \/>3. Investigar los factores que explican las diferencias en cuanto a salud entre las poblaciones<br \/>4. Identificar los factores que explican las diferencias individuales en biopatolog\u00eda y en las respuestas a los tratamientos<br \/>5. Desarrollar y optimizar nuevas estrategias diagn\u00f3sticas y terap\u00e9uticas para prevenir, tratar y curar las enfermedades HLBS<br \/>6. Optimizar la investigaci\u00f3n cl\u00ednica y de implementaci\u00f3n para mejorar la salud y reducir la enfermedad<br \/>7. Aprovechar las oportunidades emergentes en ciencia de datos para abrir nuevas puertas a la investigaci\u00f3n de las enfermedades HLBS<br \/>8. Desarrollar, diversificar y mantener a\u00fan m\u00e1s una plantilla cient\u00edfica que sea capaz de cumplir la misi\u00f3n del NHLBI<\/p>\n<\/div>\n<\/div>\n<\/div>\n\t\t\t\t\t\t\t<\/div>\n\t\t<\/div>\n\t\t\t\t<\/div>\n\t\t\t\t<\/div>\n\t\t\t\t\t<\/div>\n\t\t<\/div>\n\t\t\t\t\t<\/div>\n\t\t<\/section>\n\t\t\t\t<\/div>\n\t\t","protected":false},"excerpt":{"rendered":"<p>KENIA PROGRAMA LARK &gt; SOCIOS DEL PROYECTO AMPATH INSTITUTO NACIONAL DEL CORAZ\u00d3N, LOS PULMONES Y LA SANGRE DE LOS INSTITUTOS NACIONALES DE LA SALUD AMPATH Visit the official website AMPATH Los centros acad\u00e9micos de salud est\u00e1n estrat\u00e9gicamente situados para llevar a cabo la triple misi\u00f3n de atenci\u00f3n, formaci\u00f3n e investigaci\u00f3n, tres componentes que son esenciales [&hellip;]<\/p>\n","protected":false},"author":1,"featured_media":0,"parent":3271,"menu_order":0,"comment_status":"closed","ping_status":"closed","template":"","meta":{"site-sidebar-layout":"no-sidebar","site-content-layout":"page-builder","ast-site-content-layout":"full-width-container","site-content-style":"default","site-sidebar-style":"default","ast-global-header-display":"","ast-banner-title-visibility":"","ast-main-header-display":"","ast-hfb-above-header-display":"","ast-hfb-below-header-display":"","ast-hfb-mobile-header-display":"","site-post-title":"disabled","ast-breadcrumbs-content":"","ast-featured-img":"disabled","footer-sml-layout":"","theme-transparent-header-meta":"default","adv-header-id-meta":"","stick-header-meta":"default","header-above-stick-meta":"","header-main-stick-meta":"","header-below-stick-meta":"","astra-migrate-meta-layouts":"set","ast-page-background-enabled":"default","ast-page-background-meta":{"desktop":{"background-color":"var(--ast-global-color-4)","background-image":"","background-repeat":"repeat","background-position":"center center","background-size":"auto","background-attachment":"scroll","background-type":"","background-media":"","overlay-type":"","overlay-color":"","overlay-opacity":"","overlay-gradient":""},"tablet":{"background-color":"","background-image":"","background-repeat":"repeat","background-position":"center center","background-size":"auto","background-attachment":"scroll","background-type":"","background-media":"","overlay-type":"","overlay-color":"","overlay-opacity":"","overlay-gradient":""},"mobile":{"background-color":"","background-image":"","background-repeat":"repeat","background-position":"center center","background-size":"auto","background-attachment":"scroll","background-type":"","background-media":"","overlay-type":"","overlay-color":"","overlay-opacity":"","overlay-gradient":""}},"ast-content-background-meta":{"desktop":{"background-color":"var(--ast-global-color-5)","background-image":"","background-repeat":"repeat","background-position":"center center","background-size":"auto","background-attachment":"scroll","background-type":"","background-media":"","overlay-type":"","overlay-color":"","overlay-opacity":"","overlay-gradient":""},"tablet":{"background-color":"var(--ast-global-color-5)","background-image":"","background-repeat":"repeat","background-position":"center center","background-size":"auto","background-attachment":"scroll","background-type":"","background-media":"","overlay-type":"","overlay-color":"","overlay-opacity":"","overlay-gradient":""},"mobile":{"background-color":"var(--ast-global-color-5)","background-image":"","background-repeat":"repeat","background-position":"center center","background-size":"auto","background-attachment":"scroll","background-type":"","background-media":"","overlay-type":"","overlay-color":"","overlay-opacity":"","overlay-gradient":""}},"footnotes":""},"class_list":["post-3273","page","type-page","status-publish","hentry"],"yoast_head":"<!-- This site is optimized with the Yoast SEO plugin v23.5 - https:\/\/yoast.com\/wordpress\/plugins\/seo\/ -->\n<title>Socios del proyecto para la educaci\u00f3n de adultos en Kenia - VFMS Foundation<\/title>\n<meta name=\"description\" content=\"Explore los esfuerzos de colaboraci\u00f3n y los socios involucrados en proyectos de educaci\u00f3n de adultos en curso en Kenia. Conozca nuestras asociaciones que impulsan el desarrollo y el empoderamiento de la comunidad. Visite VFMS para obtener m\u00e1s informaci\u00f3n.\" \/>\n<meta name=\"robots\" content=\"index, follow, max-snippet:-1, max-image-preview:large, max-video-preview:-1\" \/>\n<link rel=\"canonical\" href=\"https:\/\/vfmsfoundation.org\/es\/projects-on-going\/adults-kenya\/project-partners-2\/\" \/>\n<meta property=\"og:locale\" content=\"es_ES\" \/>\n<meta property=\"og:type\" content=\"article\" \/>\n<meta property=\"og:title\" content=\"Socios del proyecto para la educaci\u00f3n de adultos en Kenia - VFMS Foundation\" \/>\n<meta property=\"og:description\" content=\"Explore los esfuerzos de colaboraci\u00f3n y los socios involucrados en proyectos de educaci\u00f3n de adultos en curso en Kenia. Conozca nuestras asociaciones que impulsan el desarrollo y el empoderamiento de la comunidad. Visite VFMS para obtener m\u00e1s informaci\u00f3n.\" \/>\n<meta property=\"og:url\" content=\"https:\/\/vfmsfoundation.org\/es\/projects-on-going\/adults-kenya\/project-partners-2\/\" \/>\n<meta property=\"og:site_name\" content=\"VFMS Foundation\" \/>\n<meta property=\"article:modified_time\" content=\"2024-05-07T08:44:25+00:00\" \/>\n<meta property=\"og:image\" content=\"https:\/\/vfmsfoundation.org\/wp-content\/uploads\/2024\/04\/ampath.jpg\" \/>\n<meta name=\"twitter:card\" content=\"summary_large_image\" \/>\n<meta name=\"twitter:label1\" content=\"Tiempo de lectura\" \/>\n\t<meta name=\"twitter:data1\" content=\"4 minutos\" \/>\n<script type=\"application\/ld+json\" class=\"yoast-schema-graph\">{\"@context\":\"https:\/\/schema.org\",\"@graph\":[{\"@type\":\"WebPage\",\"@id\":\"https:\/\/vfmsfoundation.org\/es\/projects-on-going\/adults-kenya\/project-partners-2\/\",\"url\":\"https:\/\/vfmsfoundation.org\/es\/projects-on-going\/adults-kenya\/project-partners-2\/\",\"name\":\"Socios del proyecto para la educaci\u00f3n de adultos en Kenia - VFMS Foundation\",\"isPartOf\":{\"@id\":\"https:\/\/vfmsfoundation.org\/es\/#website\"},\"primaryImageOfPage\":{\"@id\":\"https:\/\/vfmsfoundation.org\/es\/projects-on-going\/adults-kenya\/project-partners-2\/#primaryimage\"},\"image\":{\"@id\":\"https:\/\/vfmsfoundation.org\/es\/projects-on-going\/adults-kenya\/project-partners-2\/#primaryimage\"},\"thumbnailUrl\":\"https:\/\/vfmsfoundation.org\/wp-content\/uploads\/2024\/04\/ampath.jpg\",\"datePublished\":\"2024-04-10T10:51:06+00:00\",\"dateModified\":\"2024-05-07T08:44:25+00:00\",\"description\":\"Explore los esfuerzos de colaboraci\u00f3n y los socios involucrados en proyectos de educaci\u00f3n de adultos en curso en Kenia. Conozca nuestras asociaciones que impulsan el desarrollo y el empoderamiento de la comunidad. Visite VFMS para obtener m\u00e1s informaci\u00f3n.\",\"breadcrumb\":{\"@id\":\"https:\/\/vfmsfoundation.org\/es\/projects-on-going\/adults-kenya\/project-partners-2\/#breadcrumb\"},\"inLanguage\":\"es\",\"potentialAction\":[{\"@type\":\"ReadAction\",\"target\":[\"https:\/\/vfmsfoundation.org\/es\/projects-on-going\/adults-kenya\/project-partners-2\/\"]}]},{\"@type\":\"ImageObject\",\"inLanguage\":\"es\",\"@id\":\"https:\/\/vfmsfoundation.org\/es\/projects-on-going\/adults-kenya\/project-partners-2\/#primaryimage\",\"url\":\"https:\/\/vfmsfoundation.org\/wp-content\/uploads\/2024\/04\/ampath.jpg\",\"contentUrl\":\"https:\/\/vfmsfoundation.org\/wp-content\/uploads\/2024\/04\/ampath.jpg\"},{\"@type\":\"BreadcrumbList\",\"@id\":\"https:\/\/vfmsfoundation.org\/es\/projects-on-going\/adults-kenya\/project-partners-2\/#breadcrumb\",\"itemListElement\":[{\"@type\":\"ListItem\",\"position\":1,\"name\":\"Portada\",\"item\":\"https:\/\/vfmsfoundation.org\/es\/\"},{\"@type\":\"ListItem\",\"position\":2,\"name\":\"PROYECTOS\",\"item\":\"https:\/\/vfmsfoundation.org\/es\/projects-on-going\/\"},{\"@type\":\"ListItem\",\"position\":3,\"name\":\"KENIA PROGRAMA LARK\",\"item\":\"https:\/\/vfmsfoundation.org\/es\/projects-on-going\/adults-kenya\/\"},{\"@type\":\"ListItem\",\"position\":4,\"name\":\"PROJECT PARTNERS 4\"}]},{\"@type\":\"WebSite\",\"@id\":\"https:\/\/vfmsfoundation.org\/es\/#website\",\"url\":\"https:\/\/vfmsfoundation.org\/es\/\",\"name\":\"VFMS Foundation\",\"description\":\"Discover how the Valentin Fuster Mount Sinai Foundation is making a difference in global health.\",\"publisher\":{\"@id\":\"https:\/\/vfmsfoundation.org\/es\/#organization\"},\"potentialAction\":[{\"@type\":\"SearchAction\",\"target\":{\"@type\":\"EntryPoint\",\"urlTemplate\":\"https:\/\/vfmsfoundation.org\/es\/?s={search_term_string}\"},\"query-input\":{\"@type\":\"PropertyValueSpecification\",\"valueRequired\":true,\"valueName\":\"search_term_string\"}}],\"inLanguage\":\"es\"},{\"@type\":\"Organization\",\"@id\":\"https:\/\/vfmsfoundation.org\/es\/#organization\",\"name\":\"VFMS Foundation\",\"url\":\"https:\/\/vfmsfoundation.org\/es\/\",\"logo\":{\"@type\":\"ImageObject\",\"inLanguage\":\"es\",\"@id\":\"https:\/\/vfmsfoundation.org\/es\/#\/schema\/logo\/image\/\",\"url\":\"https:\/\/vfmsfoundation.org\/wp-content\/uploads\/2022\/11\/logo-cor-anim_2-1.gif\",\"contentUrl\":\"https:\/\/vfmsfoundation.org\/wp-content\/uploads\/2022\/11\/logo-cor-anim_2-1.gif\",\"width\":660,\"height\":200,\"caption\":\"VFMS Foundation\"},\"image\":{\"@id\":\"https:\/\/vfmsfoundation.org\/es\/#\/schema\/logo\/image\/\"}}]}<\/script>\n<!-- \/ Yoast SEO plugin. -->","yoast_head_json":{"title":"Socios del proyecto para la educaci\u00f3n de adultos en Kenia - VFMS Foundation","description":"Explore los esfuerzos de colaboraci\u00f3n y los socios involucrados en proyectos de educaci\u00f3n de adultos en curso en Kenia. Conozca nuestras asociaciones que impulsan el desarrollo y el empoderamiento de la comunidad. Visite VFMS para obtener m\u00e1s informaci\u00f3n.","robots":{"index":"index","follow":"follow","max-snippet":"max-snippet:-1","max-image-preview":"max-image-preview:large","max-video-preview":"max-video-preview:-1"},"canonical":"https:\/\/vfmsfoundation.org\/es\/projects-on-going\/adults-kenya\/project-partners-2\/","og_locale":"es_ES","og_type":"article","og_title":"Socios del proyecto para la educaci\u00f3n de adultos en Kenia - VFMS Foundation","og_description":"Explore los esfuerzos de colaboraci\u00f3n y los socios involucrados en proyectos de educaci\u00f3n de adultos en curso en Kenia. Conozca nuestras asociaciones que impulsan el desarrollo y el empoderamiento de la comunidad. Visite VFMS para obtener m\u00e1s informaci\u00f3n.","og_url":"https:\/\/vfmsfoundation.org\/es\/projects-on-going\/adults-kenya\/project-partners-2\/","og_site_name":"VFMS Foundation","article_modified_time":"2024-05-07T08:44:25+00:00","og_image":[{"url":"https:\/\/vfmsfoundation.org\/wp-content\/uploads\/2024\/04\/ampath.jpg"}],"twitter_card":"summary_large_image","twitter_misc":{"Tiempo de lectura":"4 minutos"},"schema":{"@context":"https:\/\/schema.org","@graph":[{"@type":"WebPage","@id":"https:\/\/vfmsfoundation.org\/es\/projects-on-going\/adults-kenya\/project-partners-2\/","url":"https:\/\/vfmsfoundation.org\/es\/projects-on-going\/adults-kenya\/project-partners-2\/","name":"Socios del proyecto para la educaci\u00f3n de adultos en Kenia - VFMS Foundation","isPartOf":{"@id":"https:\/\/vfmsfoundation.org\/es\/#website"},"primaryImageOfPage":{"@id":"https:\/\/vfmsfoundation.org\/es\/projects-on-going\/adults-kenya\/project-partners-2\/#primaryimage"},"image":{"@id":"https:\/\/vfmsfoundation.org\/es\/projects-on-going\/adults-kenya\/project-partners-2\/#primaryimage"},"thumbnailUrl":"https:\/\/vfmsfoundation.org\/wp-content\/uploads\/2024\/04\/ampath.jpg","datePublished":"2024-04-10T10:51:06+00:00","dateModified":"2024-05-07T08:44:25+00:00","description":"Explore los esfuerzos de colaboraci\u00f3n y los socios involucrados en proyectos de educaci\u00f3n de adultos en curso en Kenia. Conozca nuestras asociaciones que impulsan el desarrollo y el empoderamiento de la comunidad. Visite VFMS para obtener m\u00e1s informaci\u00f3n.","breadcrumb":{"@id":"https:\/\/vfmsfoundation.org\/es\/projects-on-going\/adults-kenya\/project-partners-2\/#breadcrumb"},"inLanguage":"es","potentialAction":[{"@type":"ReadAction","target":["https:\/\/vfmsfoundation.org\/es\/projects-on-going\/adults-kenya\/project-partners-2\/"]}]},{"@type":"ImageObject","inLanguage":"es","@id":"https:\/\/vfmsfoundation.org\/es\/projects-on-going\/adults-kenya\/project-partners-2\/#primaryimage","url":"https:\/\/vfmsfoundation.org\/wp-content\/uploads\/2024\/04\/ampath.jpg","contentUrl":"https:\/\/vfmsfoundation.org\/wp-content\/uploads\/2024\/04\/ampath.jpg"},{"@type":"BreadcrumbList","@id":"https:\/\/vfmsfoundation.org\/es\/projects-on-going\/adults-kenya\/project-partners-2\/#breadcrumb","itemListElement":[{"@type":"ListItem","position":1,"name":"Portada","item":"https:\/\/vfmsfoundation.org\/es\/"},{"@type":"ListItem","position":2,"name":"PROYECTOS","item":"https:\/\/vfmsfoundation.org\/es\/projects-on-going\/"},{"@type":"ListItem","position":3,"name":"KENIA PROGRAMA LARK","item":"https:\/\/vfmsfoundation.org\/es\/projects-on-going\/adults-kenya\/"},{"@type":"ListItem","position":4,"name":"PROJECT PARTNERS 4"}]},{"@type":"WebSite","@id":"https:\/\/vfmsfoundation.org\/es\/#website","url":"https:\/\/vfmsfoundation.org\/es\/","name":"VFMS Foundation","description":"Discover how the Valentin Fuster Mount Sinai Foundation is making a difference in global health.","publisher":{"@id":"https:\/\/vfmsfoundation.org\/es\/#organization"},"potentialAction":[{"@type":"SearchAction","target":{"@type":"EntryPoint","urlTemplate":"https:\/\/vfmsfoundation.org\/es\/?s={search_term_string}"},"query-input":{"@type":"PropertyValueSpecification","valueRequired":true,"valueName":"search_term_string"}}],"inLanguage":"es"},{"@type":"Organization","@id":"https:\/\/vfmsfoundation.org\/es\/#organization","name":"VFMS Foundation","url":"https:\/\/vfmsfoundation.org\/es\/","logo":{"@type":"ImageObject","inLanguage":"es","@id":"https:\/\/vfmsfoundation.org\/es\/#\/schema\/logo\/image\/","url":"https:\/\/vfmsfoundation.org\/wp-content\/uploads\/2022\/11\/logo-cor-anim_2-1.gif","contentUrl":"https:\/\/vfmsfoundation.org\/wp-content\/uploads\/2022\/11\/logo-cor-anim_2-1.gif","width":660,"height":200,"caption":"VFMS Foundation"},"image":{"@id":"https:\/\/vfmsfoundation.org\/es\/#\/schema\/logo\/image\/"}}]}},"_links":{"self":[{"href":"https:\/\/vfmsfoundation.org\/es\/wp-json\/wp\/v2\/pages\/3273"}],"collection":[{"href":"https:\/\/vfmsfoundation.org\/es\/wp-json\/wp\/v2\/pages"}],"about":[{"href":"https:\/\/vfmsfoundation.org\/es\/wp-json\/wp\/v2\/types\/page"}],"author":[{"embeddable":true,"href":"https:\/\/vfmsfoundation.org\/es\/wp-json\/wp\/v2\/users\/1"}],"replies":[{"embeddable":true,"href":"https:\/\/vfmsfoundation.org\/es\/wp-json\/wp\/v2\/comments?post=3273"}],"version-history":[{"count":2,"href":"https:\/\/vfmsfoundation.org\/es\/wp-json\/wp\/v2\/pages\/3273\/revisions"}],"predecessor-version":[{"id":3412,"href":"https:\/\/vfmsfoundation.org\/es\/wp-json\/wp\/v2\/pages\/3273\/revisions\/3412"}],"up":[{"embeddable":true,"href":"https:\/\/vfmsfoundation.org\/es\/wp-json\/wp\/v2\/pages\/3271"}],"wp:attachment":[{"href":"https:\/\/vfmsfoundation.org\/es\/wp-json\/wp\/v2\/media?parent=3273"}],"curies":[{"name":"wp","href":"https:\/\/api.w.org\/{rel}","templated":true}]}}