{"id":3277,"date":"2024-04-10T10:36:34","date_gmt":"2024-04-10T10:36:34","guid":{"rendered":"https:\/\/vfmsfoundation.org\/proyectos\/si-america-latina-programa-listos-a-jugar\/project-partners-2\/"},"modified":"2024-05-07T08:39:06","modified_gmt":"2024-05-07T08:39:06","slug":"project-partners","status":"publish","type":"page","link":"https:\/\/vfmsfoundation.org\/es\/projects-on-going\/programa-listos-a-jugar\/project-partners\/","title":{"rendered":"PROJECT PARTNERS 2"},"content":{"rendered":"\t\t<div data-elementor-type=\"wp-page\" data-elementor-id=\"3277\" class=\"elementor elementor-3277 elementor-1460\" data-elementor-post-type=\"page\">\n\t\t\t\t\t\t<section class=\"elementor-section elementor-top-section elementor-element elementor-element-10822b1e elementor-section-boxed elementor-section-height-default elementor-section-height-default\" data-id=\"10822b1e\" data-element_type=\"section\">\n\t\t\t\t\t\t<div class=\"elementor-container elementor-column-gap-default\">\n\t\t\t\t\t<div class=\"elementor-column elementor-col-100 elementor-top-column elementor-element elementor-element-7796e4ad\" data-id=\"7796e4ad\" data-element_type=\"column\">\n\t\t\t<div class=\"elementor-widget-wrap elementor-element-populated\">\n\t\t\t\t\t\t<div class=\"elementor-element elementor-element-7da2ce3 elementor-widget elementor-widget-heading\" data-id=\"7da2ce3\" data-element_type=\"widget\" data-widget_type=\"heading.default\">\n\t\t\t\t<div class=\"elementor-widget-container\">\n\t\t\t<h1 class=\"elementor-heading-title elementor-size-default\">SI! AM\u00c9RICA LATINA \"LISTOS A JUGAR\" PROGRAMA &gt;SOCIOS DEL PROYECTO<\/h1>\t\t<\/div>\n\t\t\t\t<\/div>\n\t\t\t\t<div class=\"elementor-element elementor-element-5732ab6 elementor-tabs-view-vertical elementor-widget elementor-widget-tabs\" data-id=\"5732ab6\" data-element_type=\"widget\" data-widget_type=\"tabs.default\">\n\t\t\t\t<div class=\"elementor-widget-container\">\n\t\t\t\t\t<div class=\"elementor-tabs\">\n\t\t\t<div class=\"elementor-tabs-wrapper\" role=\"tablist\" >\n\t\t\t\t\t\t\t\t\t<div id=\"elementor-tab-title-9141\" class=\"elementor-tab-title elementor-tab-desktop-title\" aria-selected=\"true\" data-tab=\"1\" role=\"tab\" tabindex=\"0\" aria-controls=\"elementor-tab-content-9141\" aria-expanded=\"false\">SESAME WORKSHOP<\/div>\n\t\t\t\t\t\t\t\t\t<div id=\"elementor-tab-title-9142\" class=\"elementor-tab-title elementor-tab-desktop-title\" aria-selected=\"false\" data-tab=\"2\" role=\"tab\" tabindex=\"-1\" aria-controls=\"elementor-tab-content-9142\" aria-expanded=\"false\">FUNDACI\u00d3N SANTO DOMINGO<\/div>\n\t\t\t\t\t\t\t<\/div>\n\t\t\t<div class=\"elementor-tabs-content-wrapper\" role=\"tablist\" aria-orientation=\"vertical\">\n\t\t\t\t\t\t\t\t\t<div class=\"elementor-tab-title elementor-tab-mobile-title\" aria-selected=\"true\" data-tab=\"1\" role=\"tab\" tabindex=\"0\" aria-controls=\"elementor-tab-content-9141\" aria-expanded=\"false\">SESAME WORKSHOP<\/div>\n\t\t\t\t\t<div id=\"elementor-tab-content-9141\" class=\"elementor-tab-content elementor-clearfix\" data-tab=\"1\" role=\"tabpanel\" aria-labelledby=\"elementor-tab-title-9141\" tabindex=\"0\" hidden=\"false\"><div class=\"vc_tta-container\" data-vc-action=\"collapse\">\n<div class=\"vc_general vc_tta vc_tta-tabs vc_tta-color-white vc_tta-style-classic vc_tta-shape-rounded vc_tta-spacing-10 pestanas vc_tta-tabs-position-top vc_tta-controls-align-left vc_custom_1641808860461\">\n<div class=\"vc_tta-panels-container\">\n<div class=\"vc_tta-panels\">\n<div id=\"1641807633459-ceb3bea3-11f7\" class=\"vc_tta-panel vc_active\" data-vc-content=\".vc_tta-panel-body\">\n<div class=\"vc_tta-panel-body\">\n<div class=\"wpb_single_image wpb_content_element vc_align_center vc_custom_1641893673313\">\n<figure class=\"wpb_wrapper vc_figure\">\n<p class=\"vc_single_image-wrapper vc_box_border_grey\"><img decoding=\"async\" class=\"size-full wp-image-1365 aligncenter\" src=\"https:\/\/vfmsfoundation.org\/wp-content\/uploads\/2024\/04\/SESAME.jpg\" alt=\"SESAME WORKSHOP LOGO\" width=\"272\" height=\"173\"><\/p>\n<div> <\/div>\n<\/figure>\n<\/div>\n<div class=\"wpb_text_column wpb_content_element \">\n<div class=\"wpb_wrapper\">\n<p style=\"text-align: center;\"><a href=\"http:\/\/www.sesameworkshop.org\/\" target=\"_blank\" rel=\"noopener\">Visit the official website<\/a><\/p>\n<h2 style=\"text-align: center;\"><strong>SESAME WORKSHOP<\/strong><\/h2>\n<p style=\"text-align: center;\">Sesame Workshop es la organizaci\u00f3n educativa sin \u00e1nimo de lucro de Barrio S\u00e9samo y mucho m\u00e1s. La misi\u00f3n de Sesame Workshop es ayudar a los ni\u00f1os a crecer para que sean m\u00e1s inteligentes, m\u00e1s fuertes y m\u00e1s alegres.<br \/>Nuestra receta para el \u00e9xito consiste en combinar un programa que cubra las principales necesidades de desarrollo de los ni\u00f1os con el uso de medios sofisticados y una gran dosis de diversi\u00f3n. Nuestro trabajo fomenta un aprendizaje con resultados reales y medibles, un hecho avalado por numerosos estudios y apoyado por nuestro proceso intensivo de investigaci\u00f3n.<br \/>Adem\u00e1s del alfabeto y los n\u00fameros, en nuestros programas se imparten lecciones importantes sobre salud, bienestar emocional, respeto y comprensi\u00f3n para ayudar a los ni\u00f1os a crecer m\u00e1s sanos y m\u00e1s felices en su entorno familiar.<br \/>Empez\u00f3 como una sencilla pero revolucionaria idea en los Estados Unidos: ense\u00f1ar a los ni\u00f1os por medio de la televisi\u00f3n. 40 a\u00f1os despu\u00e9s, se ha convertido en un fen\u00f3meno educativo de alcance mundial que llega a millones de ni\u00f1os de m\u00e1s de 150 pa\u00edses.<br \/>Nuestros programas internacionales, creados por educadores, asesores y titiriteros locales, se adaptan a las necesidades especiales de los ni\u00f1os, a su pa\u00eds y a su cultura. Por eso, a menudo, el resultado es un Barrio S\u00e9samo totalmente local con un nombre, un lenguaje, unos contenidos y unos mu\u00f1ecos propios.<br \/>Desde nuestros inicios en la televisi\u00f3n, nos hemos convertido en l\u00edderes multimedia, ya que utilizamos todo tipo de medios, desde radio, libros y v\u00eddeos hasta lo \u00faltimo en tecnolog\u00eda y medios interactivos, unos esfuerzos que se han ampliado con la colaboraci\u00f3n con colegas investigadores, y por medio de actividades de divulgaci\u00f3n sobre el terreno, llevamos nuestras lecciones directamente a los hogares y las aulas de las comunidades m\u00e1s vulnerables, donde tienen un enorme impacto en las vidas de los ni\u00f1os.<br \/>El generoso apoyo de nuestros socios afines, entre los que se incluyen fundaciones, empresas, particulares y gobiernos, ha sido fundamental para poder llevar a cabo nuestra misi\u00f3n durante m\u00e1s de cuatro d\u00e9cadas y lo sigue siendo a la hora de realizar nuevos proyectos.<\/p>\n<\/div>\n<\/div>\n<\/div>\n<\/div>\n<div id=\"1641807630407-c94eaa5a-4a81\" class=\"vc_tta-panel\" data-vc-content=\".vc_tta-panel-body\"> <\/div>\n<\/div>\n<\/div>\n<\/div>\n<\/div>\n<\/div>\n\t\t\t\t\t\t\t\t\t<div class=\"elementor-tab-title elementor-tab-mobile-title\" aria-selected=\"false\" data-tab=\"2\" role=\"tab\" tabindex=\"-1\" aria-controls=\"elementor-tab-content-9142\" aria-expanded=\"false\">FUNDACI\u00d3N SANTO DOMINGO<\/div>\n\t\t\t\t\t<div id=\"elementor-tab-content-9142\" class=\"elementor-tab-content elementor-clearfix\" data-tab=\"2\" role=\"tabpanel\" aria-labelledby=\"elementor-tab-title-9142\" tabindex=\"0\" hidden=\"hidden\"><div class=\"wpb_single_image wpb_content_element vc_align_center vc_custom_1641812678393\">\n<figure class=\"wpb_wrapper vc_figure\">\n<p class=\"vc_single_image-wrapper vc_box_border_grey\"><img decoding=\"async\" class=\"size-full wp-image-2771 aligncenter\" src=\"https:\/\/vfmsfoundation.org\/wp-content\/uploads\/2024\/04\/fundacion-sto-domingo.jpg\" alt=\"LOGO FUNDACION SANTO DOMINGO\" width=\"294\" height=\"165\"><\/p>\n<div> <\/div>\n<\/figure>\n<\/div>\n<div class=\"wpb_text_column wpb_content_element \">\n<div class=\"wpb_wrapper\">\n<h2 style=\"text-align: center;\"><strong>FUNDACI\u00d3N SANTO DOMINGO<\/strong><\/h2>\n<p style=\"text-align: center;\">Fundaci\u00f3n Santo Domingo es unaorganizaci\u00f3n sin \u00e1nimo de lucro que desde hace 60 a\u00f1os tiene un gran prop\u00f3sito superior, que m\u00e1s personas en Colombia puedan proveer bienestar a sus familias y lograr que el pa\u00eds sea un lugar m\u00e1s equitativo. En alianza con organizaciones p\u00fablicas y privadas lideran proyectos en sectores prioritarios comoeducaci\u00f3n, medio ambiente, salud y desarrollo territorial, este \u00faltimo con enfoque en el Caribe colombiano.<\/p>\n<p style=\"text-align: center;\">Buscan liderar el sector social, incidiendo en pol\u00edticas p\u00fablicas y articulando esfuerzos principalmente para el desarrollo sostenible de Barranquilla, Cartagena, Bar\u00fa y de forma ampliada en todo el territorio nacional.<\/p>\n<\/div>\n<\/div>\n<\/div>\n\t\t\t\t\t\t\t<\/div>\n\t\t<\/div>\n\t\t\t\t<\/div>\n\t\t\t\t<\/div>\n\t\t\t\t\t<\/div>\n\t\t<\/div>\n\t\t\t\t\t<\/div>\n\t\t<\/section>\n\t\t\t\t<\/div>\n\t\t","protected":false},"excerpt":{"rendered":"<p>SI! AM\u00c9RICA LATINA \u00abLISTOS A JUGAR\u00bb PROGRAMA &gt;SOCIOS DEL PROYECTO SESAME WORKSHOP FUNDACI\u00d3N SANTO DOMINGO SESAME WORKSHOP Visit the official website SESAME WORKSHOP Sesame Workshop es la organizaci\u00f3n educativa sin \u00e1nimo de lucro de Barrio S\u00e9samo y mucho m\u00e1s. La misi\u00f3n de Sesame Workshop es ayudar a los ni\u00f1os a crecer para que sean m\u00e1s [&hellip;]<\/p>\n","protected":false},"author":1,"featured_media":0,"parent":3275,"menu_order":0,"comment_status":"closed","ping_status":"closed","template":"","meta":{"site-sidebar-layout":"no-sidebar","site-content-layout":"page-builder","ast-site-content-layout":"full-width-container","site-content-style":"unboxed","site-sidebar-style":"unboxed","ast-global-header-display":"","ast-banner-title-visibility":"","ast-main-header-display":"","ast-hfb-above-header-display":"","ast-hfb-below-header-display":"","ast-hfb-mobile-header-display":"","site-post-title":"disabled","ast-breadcrumbs-content":"","ast-featured-img":"disabled","footer-sml-layout":"","theme-transparent-header-meta":"default","adv-header-id-meta":"","stick-header-meta":"default","header-above-stick-meta":"","header-main-stick-meta":"","header-below-stick-meta":"","astra-migrate-meta-layouts":"set","ast-page-background-enabled":"default","ast-page-background-meta":{"desktop":{"background-color":"var(--ast-global-color-4)","background-image":"","background-repeat":"repeat","background-position":"center center","background-size":"auto","background-attachment":"scroll","background-type":"","background-media":"","overlay-type":"","overlay-color":"","overlay-opacity":"","overlay-gradient":""},"tablet":{"background-color":"","background-image":"","background-repeat":"repeat","background-position":"center center","background-size":"auto","background-attachment":"scroll","background-type":"","background-media":"","overlay-type":"","overlay-color":"","overlay-opacity":"","overlay-gradient":""},"mobile":{"background-color":"","background-image":"","background-repeat":"repeat","background-position":"center center","background-size":"auto","background-attachment":"scroll","background-type":"","background-media":"","overlay-type":"","overlay-color":"","overlay-opacity":"","overlay-gradient":""}},"ast-content-background-meta":{"desktop":{"background-color":"var(--ast-global-color-5)","background-image":"","background-repeat":"repeat","background-position":"center center","background-size":"auto","background-attachment":"scroll","background-type":"","background-media":"","overlay-type":"","overlay-color":"","overlay-opacity":"","overlay-gradient":""},"tablet":{"background-color":"var(--ast-global-color-5)","background-image":"","background-repeat":"repeat","background-position":"center center","background-size":"auto","background-attachment":"scroll","background-type":"","background-media":"","overlay-type":"","overlay-color":"","overlay-opacity":"","overlay-gradient":""},"mobile":{"background-color":"var(--ast-global-color-5)","background-image":"","background-repeat":"repeat","background-position":"center center","background-size":"auto","background-attachment":"scroll","background-type":"","background-media":"","overlay-type":"","overlay-color":"","overlay-opacity":"","overlay-gradient":""}},"footnotes":""},"class_list":["post-3277","page","type-page","status-publish","hentry"],"yoast_head":"<!-- This site is optimized with the Yoast SEO plugin v23.5 - https:\/\/yoast.com\/wordpress\/plugins\/seo\/ -->\n<title>Listos a Jugar: Programa Educativo - Socios del Proyecto - VFMS Foundation<\/title>\n<meta name=\"description\" content=\"Explore los socios colaboradores del programa educativo &#039;Ready to Play&#039; y su compromiso de promover el aprendizaje a trav\u00e9s del juego. Descubra su contribuci\u00f3n al proyecto y su enfoque en el desarrollo infantil.\" \/>\n<meta name=\"robots\" content=\"index, follow, max-snippet:-1, max-image-preview:large, max-video-preview:-1\" \/>\n<link rel=\"canonical\" href=\"https:\/\/vfmsfoundation.org\/es\/projects-on-going\/programa-listos-a-jugar\/project-partners\/\" \/>\n<meta property=\"og:locale\" content=\"es_ES\" \/>\n<meta property=\"og:type\" content=\"article\" \/>\n<meta property=\"og:title\" content=\"Listos a Jugar: Programa Educativo - Socios del Proyecto - VFMS Foundation\" \/>\n<meta property=\"og:description\" content=\"Explore los socios colaboradores del programa educativo &#039;Ready to Play&#039; y su compromiso de promover el aprendizaje a trav\u00e9s del juego. Descubra su contribuci\u00f3n al proyecto y su enfoque en el desarrollo infantil.\" \/>\n<meta property=\"og:url\" content=\"https:\/\/vfmsfoundation.org\/es\/projects-on-going\/programa-listos-a-jugar\/project-partners\/\" \/>\n<meta property=\"og:site_name\" content=\"VFMS Foundation\" \/>\n<meta property=\"article:modified_time\" content=\"2024-05-07T08:39:06+00:00\" \/>\n<meta property=\"og:image\" content=\"https:\/\/vfmsfoundation.org\/wp-content\/uploads\/2024\/04\/SESAME.jpg\" \/>\n<meta name=\"twitter:card\" content=\"summary_large_image\" \/>\n<meta name=\"twitter:label1\" content=\"Tiempo de lectura\" \/>\n\t<meta name=\"twitter:data1\" content=\"3 minutos\" \/>\n<script type=\"application\/ld+json\" class=\"yoast-schema-graph\">{\"@context\":\"https:\/\/schema.org\",\"@graph\":[{\"@type\":\"WebPage\",\"@id\":\"https:\/\/vfmsfoundation.org\/es\/projects-on-going\/programa-listos-a-jugar\/project-partners\/\",\"url\":\"https:\/\/vfmsfoundation.org\/es\/projects-on-going\/programa-listos-a-jugar\/project-partners\/\",\"name\":\"Listos a Jugar: Programa Educativo - Socios del Proyecto - VFMS Foundation\",\"isPartOf\":{\"@id\":\"https:\/\/vfmsfoundation.org\/es\/#website\"},\"primaryImageOfPage\":{\"@id\":\"https:\/\/vfmsfoundation.org\/es\/projects-on-going\/programa-listos-a-jugar\/project-partners\/#primaryimage\"},\"image\":{\"@id\":\"https:\/\/vfmsfoundation.org\/es\/projects-on-going\/programa-listos-a-jugar\/project-partners\/#primaryimage\"},\"thumbnailUrl\":\"https:\/\/vfmsfoundation.org\/wp-content\/uploads\/2024\/04\/SESAME.jpg\",\"datePublished\":\"2024-04-10T10:36:34+00:00\",\"dateModified\":\"2024-05-07T08:39:06+00:00\",\"description\":\"Explore los socios colaboradores del programa educativo 'Ready to Play' y su compromiso de promover el aprendizaje a trav\u00e9s del juego. Descubra su contribuci\u00f3n al proyecto y su enfoque en el desarrollo infantil.\",\"breadcrumb\":{\"@id\":\"https:\/\/vfmsfoundation.org\/es\/projects-on-going\/programa-listos-a-jugar\/project-partners\/#breadcrumb\"},\"inLanguage\":\"es\",\"potentialAction\":[{\"@type\":\"ReadAction\",\"target\":[\"https:\/\/vfmsfoundation.org\/es\/projects-on-going\/programa-listos-a-jugar\/project-partners\/\"]}]},{\"@type\":\"ImageObject\",\"inLanguage\":\"es\",\"@id\":\"https:\/\/vfmsfoundation.org\/es\/projects-on-going\/programa-listos-a-jugar\/project-partners\/#primaryimage\",\"url\":\"https:\/\/vfmsfoundation.org\/wp-content\/uploads\/2024\/04\/SESAME.jpg\",\"contentUrl\":\"https:\/\/vfmsfoundation.org\/wp-content\/uploads\/2024\/04\/SESAME.jpg\"},{\"@type\":\"BreadcrumbList\",\"@id\":\"https:\/\/vfmsfoundation.org\/es\/projects-on-going\/programa-listos-a-jugar\/project-partners\/#breadcrumb\",\"itemListElement\":[{\"@type\":\"ListItem\",\"position\":1,\"name\":\"Portada\",\"item\":\"https:\/\/vfmsfoundation.org\/es\/\"},{\"@type\":\"ListItem\",\"position\":2,\"name\":\"PROYECTOS\",\"item\":\"https:\/\/vfmsfoundation.org\/es\/projects-on-going\/\"},{\"@type\":\"ListItem\",\"position\":3,\"name\":\"SI! AM\u00c9RICA LATINA PROGRAMA \u00abLISTOS A JUGAR\u00bb\",\"item\":\"https:\/\/vfmsfoundation.org\/es\/projects-on-going\/programa-listos-a-jugar\/\"},{\"@type\":\"ListItem\",\"position\":4,\"name\":\"PROJECT PARTNERS 2\"}]},{\"@type\":\"WebSite\",\"@id\":\"https:\/\/vfmsfoundation.org\/es\/#website\",\"url\":\"https:\/\/vfmsfoundation.org\/es\/\",\"name\":\"VFMS Foundation\",\"description\":\"Discover how the Valentin Fuster Mount Sinai Foundation is making a difference in global health.\",\"publisher\":{\"@id\":\"https:\/\/vfmsfoundation.org\/es\/#organization\"},\"potentialAction\":[{\"@type\":\"SearchAction\",\"target\":{\"@type\":\"EntryPoint\",\"urlTemplate\":\"https:\/\/vfmsfoundation.org\/es\/?s={search_term_string}\"},\"query-input\":{\"@type\":\"PropertyValueSpecification\",\"valueRequired\":true,\"valueName\":\"search_term_string\"}}],\"inLanguage\":\"es\"},{\"@type\":\"Organization\",\"@id\":\"https:\/\/vfmsfoundation.org\/es\/#organization\",\"name\":\"VFMS Foundation\",\"url\":\"https:\/\/vfmsfoundation.org\/es\/\",\"logo\":{\"@type\":\"ImageObject\",\"inLanguage\":\"es\",\"@id\":\"https:\/\/vfmsfoundation.org\/es\/#\/schema\/logo\/image\/\",\"url\":\"https:\/\/vfmsfoundation.org\/wp-content\/uploads\/2022\/11\/logo-cor-anim_2-1.gif\",\"contentUrl\":\"https:\/\/vfmsfoundation.org\/wp-content\/uploads\/2022\/11\/logo-cor-anim_2-1.gif\",\"width\":660,\"height\":200,\"caption\":\"VFMS Foundation\"},\"image\":{\"@id\":\"https:\/\/vfmsfoundation.org\/es\/#\/schema\/logo\/image\/\"}}]}<\/script>\n<!-- \/ Yoast SEO plugin. -->","yoast_head_json":{"title":"Listos a Jugar: Programa Educativo - Socios del Proyecto - VFMS Foundation","description":"Explore los socios colaboradores del programa educativo 'Ready to Play' y su compromiso de promover el aprendizaje a trav\u00e9s del juego. Descubra su contribuci\u00f3n al proyecto y su enfoque en el desarrollo infantil.","robots":{"index":"index","follow":"follow","max-snippet":"max-snippet:-1","max-image-preview":"max-image-preview:large","max-video-preview":"max-video-preview:-1"},"canonical":"https:\/\/vfmsfoundation.org\/es\/projects-on-going\/programa-listos-a-jugar\/project-partners\/","og_locale":"es_ES","og_type":"article","og_title":"Listos a Jugar: Programa Educativo - Socios del Proyecto - VFMS Foundation","og_description":"Explore los socios colaboradores del programa educativo 'Ready to Play' y su compromiso de promover el aprendizaje a trav\u00e9s del juego. Descubra su contribuci\u00f3n al proyecto y su enfoque en el desarrollo infantil.","og_url":"https:\/\/vfmsfoundation.org\/es\/projects-on-going\/programa-listos-a-jugar\/project-partners\/","og_site_name":"VFMS Foundation","article_modified_time":"2024-05-07T08:39:06+00:00","og_image":[{"url":"https:\/\/vfmsfoundation.org\/wp-content\/uploads\/2024\/04\/SESAME.jpg"}],"twitter_card":"summary_large_image","twitter_misc":{"Tiempo de lectura":"3 minutos"},"schema":{"@context":"https:\/\/schema.org","@graph":[{"@type":"WebPage","@id":"https:\/\/vfmsfoundation.org\/es\/projects-on-going\/programa-listos-a-jugar\/project-partners\/","url":"https:\/\/vfmsfoundation.org\/es\/projects-on-going\/programa-listos-a-jugar\/project-partners\/","name":"Listos a Jugar: Programa Educativo - Socios del Proyecto - VFMS Foundation","isPartOf":{"@id":"https:\/\/vfmsfoundation.org\/es\/#website"},"primaryImageOfPage":{"@id":"https:\/\/vfmsfoundation.org\/es\/projects-on-going\/programa-listos-a-jugar\/project-partners\/#primaryimage"},"image":{"@id":"https:\/\/vfmsfoundation.org\/es\/projects-on-going\/programa-listos-a-jugar\/project-partners\/#primaryimage"},"thumbnailUrl":"https:\/\/vfmsfoundation.org\/wp-content\/uploads\/2024\/04\/SESAME.jpg","datePublished":"2024-04-10T10:36:34+00:00","dateModified":"2024-05-07T08:39:06+00:00","description":"Explore los socios colaboradores del programa educativo 'Ready to Play' y su compromiso de promover el aprendizaje a trav\u00e9s del juego. Descubra su contribuci\u00f3n al proyecto y su enfoque en el desarrollo infantil.","breadcrumb":{"@id":"https:\/\/vfmsfoundation.org\/es\/projects-on-going\/programa-listos-a-jugar\/project-partners\/#breadcrumb"},"inLanguage":"es","potentialAction":[{"@type":"ReadAction","target":["https:\/\/vfmsfoundation.org\/es\/projects-on-going\/programa-listos-a-jugar\/project-partners\/"]}]},{"@type":"ImageObject","inLanguage":"es","@id":"https:\/\/vfmsfoundation.org\/es\/projects-on-going\/programa-listos-a-jugar\/project-partners\/#primaryimage","url":"https:\/\/vfmsfoundation.org\/wp-content\/uploads\/2024\/04\/SESAME.jpg","contentUrl":"https:\/\/vfmsfoundation.org\/wp-content\/uploads\/2024\/04\/SESAME.jpg"},{"@type":"BreadcrumbList","@id":"https:\/\/vfmsfoundation.org\/es\/projects-on-going\/programa-listos-a-jugar\/project-partners\/#breadcrumb","itemListElement":[{"@type":"ListItem","position":1,"name":"Portada","item":"https:\/\/vfmsfoundation.org\/es\/"},{"@type":"ListItem","position":2,"name":"PROYECTOS","item":"https:\/\/vfmsfoundation.org\/es\/projects-on-going\/"},{"@type":"ListItem","position":3,"name":"SI! AM\u00c9RICA LATINA PROGRAMA \u00abLISTOS A JUGAR\u00bb","item":"https:\/\/vfmsfoundation.org\/es\/projects-on-going\/programa-listos-a-jugar\/"},{"@type":"ListItem","position":4,"name":"PROJECT PARTNERS 2"}]},{"@type":"WebSite","@id":"https:\/\/vfmsfoundation.org\/es\/#website","url":"https:\/\/vfmsfoundation.org\/es\/","name":"VFMS Foundation","description":"Discover how the Valentin Fuster Mount Sinai Foundation is making a difference in global health.","publisher":{"@id":"https:\/\/vfmsfoundation.org\/es\/#organization"},"potentialAction":[{"@type":"SearchAction","target":{"@type":"EntryPoint","urlTemplate":"https:\/\/vfmsfoundation.org\/es\/?s={search_term_string}"},"query-input":{"@type":"PropertyValueSpecification","valueRequired":true,"valueName":"search_term_string"}}],"inLanguage":"es"},{"@type":"Organization","@id":"https:\/\/vfmsfoundation.org\/es\/#organization","name":"VFMS Foundation","url":"https:\/\/vfmsfoundation.org\/es\/","logo":{"@type":"ImageObject","inLanguage":"es","@id":"https:\/\/vfmsfoundation.org\/es\/#\/schema\/logo\/image\/","url":"https:\/\/vfmsfoundation.org\/wp-content\/uploads\/2022\/11\/logo-cor-anim_2-1.gif","contentUrl":"https:\/\/vfmsfoundation.org\/wp-content\/uploads\/2022\/11\/logo-cor-anim_2-1.gif","width":660,"height":200,"caption":"VFMS Foundation"},"image":{"@id":"https:\/\/vfmsfoundation.org\/es\/#\/schema\/logo\/image\/"}}]}},"_links":{"self":[{"href":"https:\/\/vfmsfoundation.org\/es\/wp-json\/wp\/v2\/pages\/3277"}],"collection":[{"href":"https:\/\/vfmsfoundation.org\/es\/wp-json\/wp\/v2\/pages"}],"about":[{"href":"https:\/\/vfmsfoundation.org\/es\/wp-json\/wp\/v2\/types\/page"}],"author":[{"embeddable":true,"href":"https:\/\/vfmsfoundation.org\/es\/wp-json\/wp\/v2\/users\/1"}],"replies":[{"embeddable":true,"href":"https:\/\/vfmsfoundation.org\/es\/wp-json\/wp\/v2\/comments?post=3277"}],"version-history":[{"count":2,"href":"https:\/\/vfmsfoundation.org\/es\/wp-json\/wp\/v2\/pages\/3277\/revisions"}],"predecessor-version":[{"id":3405,"href":"https:\/\/vfmsfoundation.org\/es\/wp-json\/wp\/v2\/pages\/3277\/revisions\/3405"}],"up":[{"embeddable":true,"href":"https:\/\/vfmsfoundation.org\/es\/wp-json\/wp\/v2\/pages\/3275"}],"wp:attachment":[{"href":"https:\/\/vfmsfoundation.org\/es\/wp-json\/wp\/v2\/media?parent=3277"}],"curies":[{"name":"wp","href":"https:\/\/api.w.org\/{rel}","templated":true}]}}