{"id":3284,"date":"2024-04-10T11:11:13","date_gmt":"2024-04-10T11:11:13","guid":{"rendered":"https:\/\/vfmsfoundation.org\/proyectos\/espana-programa-fifty-fifty\/project-partners-6\/"},"modified":"2024-05-07T08:46:59","modified_gmt":"2024-05-07T08:46:59","slug":"project-partners","status":"publish","type":"page","link":"https:\/\/vfmsfoundation.org\/es\/projects-on-going\/children-espana-fifty-fifty\/project-partners\/","title":{"rendered":"PROJECT PARTNERS 6"},"content":{"rendered":"\t\t<div data-elementor-type=\"wp-page\" data-elementor-id=\"3284\" class=\"elementor elementor-3284 elementor-1524\" data-elementor-post-type=\"page\">\n\t\t\t\t\t\t<section class=\"elementor-section elementor-top-section elementor-element elementor-element-7d25a990 elementor-section-boxed elementor-section-height-default elementor-section-height-default\" data-id=\"7d25a990\" data-element_type=\"section\">\n\t\t\t\t\t\t<div class=\"elementor-container elementor-column-gap-default\">\n\t\t\t\t\t<div class=\"elementor-column elementor-col-100 elementor-top-column elementor-element elementor-element-6896edd9\" data-id=\"6896edd9\" data-element_type=\"column\">\n\t\t\t<div class=\"elementor-widget-wrap elementor-element-populated\">\n\t\t\t\t\t\t<div class=\"elementor-element elementor-element-0a13448 elementor-widget elementor-widget-heading\" data-id=\"0a13448\" data-element_type=\"widget\" data-widget_type=\"heading.default\">\n\t\t\t\t<div class=\"elementor-widget-container\">\n\t\t\t<h1 class=\"elementor-heading-title elementor-size-default\">ESPA\u00d1A PROGRAMA FOFTY-FIFTY &gt; SOCIOS DEL PROYECTO<\/h1>\t\t<\/div>\n\t\t\t\t<\/div>\n\t\t\t\t<div class=\"elementor-element elementor-element-418c2cc elementor-tabs-view-vertical elementor-widget elementor-widget-tabs\" data-id=\"418c2cc\" data-element_type=\"widget\" data-widget_type=\"tabs.default\">\n\t\t\t\t<div class=\"elementor-widget-container\">\n\t\t\t\t\t<div class=\"elementor-tabs\">\n\t\t\t<div class=\"elementor-tabs-wrapper\" role=\"tablist\" >\n\t\t\t\t\t\t\t\t\t<div id=\"elementor-tab-title-6871\" class=\"elementor-tab-title elementor-tab-desktop-title\" aria-selected=\"true\" data-tab=\"1\" role=\"tab\" tabindex=\"0\" aria-controls=\"elementor-tab-content-6871\" aria-expanded=\"false\">AESAN<\/div>\n\t\t\t\t\t\t\t\t\t<div id=\"elementor-tab-title-6872\" class=\"elementor-tab-title elementor-tab-desktop-title\" aria-selected=\"false\" data-tab=\"2\" role=\"tab\" tabindex=\"-1\" aria-controls=\"elementor-tab-content-6872\" aria-expanded=\"false\">F. SHE<\/div>\n\t\t\t\t\t\t\t<\/div>\n\t\t\t<div class=\"elementor-tabs-content-wrapper\" role=\"tablist\" aria-orientation=\"vertical\">\n\t\t\t\t\t\t\t\t\t<div class=\"elementor-tab-title elementor-tab-mobile-title\" aria-selected=\"true\" data-tab=\"1\" role=\"tab\" tabindex=\"0\" aria-controls=\"elementor-tab-content-6871\" aria-expanded=\"false\">AESAN<\/div>\n\t\t\t\t\t<div id=\"elementor-tab-content-6871\" class=\"elementor-tab-content elementor-clearfix\" data-tab=\"1\" role=\"tabpanel\" aria-labelledby=\"elementor-tab-title-6871\" tabindex=\"0\" hidden=\"false\"><div class=\"vc_tta-container\" data-vc-action=\"collapse\">\n<div class=\"vc_general vc_tta vc_tta-tabs vc_tta-color-white vc_tta-style-classic vc_tta-shape-rounded vc_tta-spacing-10 pestanas vc_tta-tabs-position-top vc_tta-controls-align-left vc_custom_1641808860461\">\n<div class=\"vc_tta-panels-container\">\n<div class=\"vc_tta-panels\">\n<div id=\"1641807630407-c94eaa5a-4a81\" class=\"vc_tta-panel vc_active\" data-vc-content=\".vc_tta-panel-body\">\n<div class=\"vc_tta-panel-body\">\n<div class=\"wpb_single_image wpb_content_element vc_align_center vc_custom_1641811032779\">\n<figure class=\"wpb_wrapper vc_figure\">\n<p class=\"vc_single_image-wrapper vc_box_border_grey\"><img fetchpriority=\"high\" decoding=\"async\" class=\"size-full wp-image-1527 aligncenter\" src=\"https:\/\/vfmsfoundation.org\/wp-content\/uploads\/2024\/04\/AESAN.jpg\" alt=\"AESAN\" width=\"600\" height=\"127\" srcset=\"https:\/\/vfmsfoundation.org\/wp-content\/uploads\/2024\/04\/AESAN.jpg 600w, https:\/\/vfmsfoundation.org\/wp-content\/uploads\/2024\/04\/AESAN-300x64.jpg 300w\" sizes=\"(max-width: 600px) 100vw, 600px\" \/><\/p>\n<\/figure>\n<div> <\/div>\n<\/div>\n<div class=\"wpb_text_column wpb_content_element \">\n<div class=\"wpb_wrapper\">\n<p style=\"text-align: center;\"><a href=\"http:\/\/www.aecosan.msssi.gob.es\/AECOSAN\/web\/home\/aecosan_inicio.htm\" target=\"_blank\" rel=\"noopener\">Visit the official website<\/a><\/p>\n<h2 style=\"text-align: center;\"><strong>AESAN<\/strong><\/h2>\n<p style=\"text-align: center;\"><strong>La Agencia Espa\u00f1ola de Consumo, Seguridad Alimentaria y Nutrici\u00f3n (AESAN)<\/strong> Ministerio de Consumo \u2014anteriormente <strong>Agencia Espa\u00f1ola de Seguridad Alimentaria y Nutrici\u00f3n (AESAN)<\/strong>\u2013 participa en la <strong>Estrategia NAOS<\/strong> (Nutrici\u00f3n, Actividad F\u00edsica y Prevenci\u00f3n de la Obesidad).<\/p>\n<p style=\"text-align: center;\">La Agencia Espa\u00f1ola de Consumo, Seguridad Alimentaria y Nutrici\u00f3n (AESAN) incorpora y desarrolla, en el marco de la Administraci\u00f3n General del Estado, funciones relacionadas con la promoci\u00f3n y el fomento de los derechos de los consumidores y los usuarios sobre bienes y servicios, as\u00ed como sobre seguridad alimentaria y alimentaci\u00f3n saludable.<\/p>\n<p style=\"text-align: center;\"><strong>Los principales objetivos de AESAN son:<\/strong><br \/>Promover y fomentar los derechos de los consumidores y los usuarios, tanto en t\u00e9rminos de seguridad del producto como de sus intereses econ\u00f3micos<br \/>\u2022Promover la seguridad alimentaria ofreciendo garant\u00edas e informaci\u00f3n objetiva a los consumidores y agentes econ\u00f3micos del sector agroalimentario espa\u00f1ol.<br \/>\u2022Planificar, coordinar y desarrollar estrategias y l\u00edneas de acci\u00f3n que fomenten la informaci\u00f3n, la educaci\u00f3n y la promoci\u00f3n de la salud en el \u00e1rea de la nutrici\u00f3n y, en particular, en la prevenci\u00f3n de la obesidad.<\/p>\n<\/div>\n<\/div>\n<\/div>\n<\/div>\n<div id=\"1641807633459-ceb3bea3-11f7\" class=\"vc_tta-panel\" data-vc-content=\".vc_tta-panel-body\"> <\/div>\n<\/div>\n<\/div>\n<\/div>\n<\/div>\n<\/div>\n\t\t\t\t\t\t\t\t\t<div class=\"elementor-tab-title elementor-tab-mobile-title\" aria-selected=\"false\" data-tab=\"2\" role=\"tab\" tabindex=\"-1\" aria-controls=\"elementor-tab-content-6872\" aria-expanded=\"false\">F. SHE<\/div>\n\t\t\t\t\t<div id=\"elementor-tab-content-6872\" class=\"elementor-tab-content elementor-clearfix\" data-tab=\"2\" role=\"tabpanel\" aria-labelledby=\"elementor-tab-title-6872\" tabindex=\"0\" hidden=\"hidden\"><div class=\"wpb_single_image wpb_content_element vc_align_center vc_custom_1641893248470 icono-largo\">\n<figure class=\"wpb_wrapper vc_figure\">\n<p class=\"vc_single_image-wrapper vc_box_border_grey\"><img decoding=\"async\" class=\"alignnone size-large wp-image-2800\" src=\"https:\/\/vfmsfoundation.org\/wp-content\/uploads\/2024\/04\/LOGO-FUNDACION-LA-CAIXA-1024x144.jpg\" alt=\"LOGO FUNDACION LA CAIXA\" width=\"1024\" height=\"144\" srcset=\"https:\/\/vfmsfoundation.org\/wp-content\/uploads\/2024\/04\/LOGO-FUNDACION-LA-CAIXA-1024x144.jpg 1024w, https:\/\/vfmsfoundation.org\/wp-content\/uploads\/2024\/04\/LOGO-FUNDACION-LA-CAIXA-300x42.jpg 300w, https:\/\/vfmsfoundation.org\/wp-content\/uploads\/2024\/04\/LOGO-FUNDACION-LA-CAIXA-768x108.jpg 768w, https:\/\/vfmsfoundation.org\/wp-content\/uploads\/2024\/04\/LOGO-FUNDACION-LA-CAIXA.jpg 1269w\" sizes=\"(max-width: 1024px) 100vw, 1024px\" \/><\/p>\n<\/figure>\n<\/div>\n<div> <\/div>\n<div> <\/div>\n<div class=\"wpb_text_column wpb_content_element \">\n<div class=\"wpb_wrapper\">\n<p style=\"text-align: center;\"><a href=\"http:\/\/fundacionshe.org\/\" target=\"_blank\" rel=\"noopener\">Visit the official website<\/a><\/p>\n<h2 style=\"text-align: center;\"><strong>F. SHE<\/strong><\/h2>\n<p style=\"text-align: center;\">La Fundaci\u00f3n SHE consagra sus esfuerzos a crear un marco de referencia sobre lo que significa y conlleva una educaci\u00f3n en salud que incida en la adquisici\u00f3n de h\u00e1bitos saludables desde la infancia con el objetivo de crear un mundo en el que los ni\u00f1os, los j\u00f3venes y los adultos tengan la capacidad de tomar decisiones positivas sobre su salud.<\/p>\n<\/div>\n<\/div>\n<\/div>\n\t\t\t\t\t\t\t<\/div>\n\t\t<\/div>\n\t\t\t\t<\/div>\n\t\t\t\t<\/div>\n\t\t\t\t\t<\/div>\n\t\t<\/div>\n\t\t\t\t\t<\/div>\n\t\t<\/section>\n\t\t\t\t<\/div>\n\t\t","protected":false},"excerpt":{"rendered":"<p>ESPA\u00d1A PROGRAMA FOFTY-FIFTY &gt; SOCIOS DEL PROYECTO AESAN F. SHE AESAN Visit the official website AESAN La Agencia Espa\u00f1ola de Consumo, Seguridad Alimentaria y Nutrici\u00f3n (AESAN) Ministerio de Consumo \u2014anteriormente Agencia Espa\u00f1ola de Seguridad Alimentaria y Nutrici\u00f3n (AESAN)\u2013 participa en la Estrategia NAOS (Nutrici\u00f3n, Actividad F\u00edsica y Prevenci\u00f3n de la Obesidad). La Agencia Espa\u00f1ola de [&hellip;]<\/p>\n","protected":false},"author":1,"featured_media":0,"parent":3280,"menu_order":0,"comment_status":"closed","ping_status":"closed","template":"","meta":{"site-sidebar-layout":"no-sidebar","site-content-layout":"page-builder","ast-site-content-layout":"full-width-container","site-content-style":"default","site-sidebar-style":"default","ast-global-header-display":"","ast-banner-title-visibility":"","ast-main-header-display":"","ast-hfb-above-header-display":"","ast-hfb-below-header-display":"","ast-hfb-mobile-header-display":"","site-post-title":"disabled","ast-breadcrumbs-content":"","ast-featured-img":"disabled","footer-sml-layout":"","theme-transparent-header-meta":"default","adv-header-id-meta":"","stick-header-meta":"default","header-above-stick-meta":"","header-main-stick-meta":"","header-below-stick-meta":"","astra-migrate-meta-layouts":"set","ast-page-background-enabled":"default","ast-page-background-meta":{"desktop":{"background-color":"var(--ast-global-color-4)","background-image":"","background-repeat":"repeat","background-position":"center center","background-size":"auto","background-attachment":"scroll","background-type":"","background-media":"","overlay-type":"","overlay-color":"","overlay-opacity":"","overlay-gradient":""},"tablet":{"background-color":"","background-image":"","background-repeat":"repeat","background-position":"center center","background-size":"auto","background-attachment":"scroll","background-type":"","background-media":"","overlay-type":"","overlay-color":"","overlay-opacity":"","overlay-gradient":""},"mobile":{"background-color":"","background-image":"","background-repeat":"repeat","background-position":"center center","background-size":"auto","background-attachment":"scroll","background-type":"","background-media":"","overlay-type":"","overlay-color":"","overlay-opacity":"","overlay-gradient":""}},"ast-content-background-meta":{"desktop":{"background-color":"var(--ast-global-color-5)","background-image":"","background-repeat":"repeat","background-position":"center center","background-size":"auto","background-attachment":"scroll","background-type":"","background-media":"","overlay-type":"","overlay-color":"","overlay-opacity":"","overlay-gradient":""},"tablet":{"background-color":"var(--ast-global-color-5)","background-image":"","background-repeat":"repeat","background-position":"center center","background-size":"auto","background-attachment":"scroll","background-type":"","background-media":"","overlay-type":"","overlay-color":"","overlay-opacity":"","overlay-gradient":""},"mobile":{"background-color":"var(--ast-global-color-5)","background-image":"","background-repeat":"repeat","background-position":"center center","background-size":"auto","background-attachment":"scroll","background-type":"","background-media":"","overlay-type":"","overlay-color":"","overlay-opacity":"","overlay-gradient":""}},"footnotes":""},"class_list":["post-3284","page","type-page","status-publish","hentry"],"yoast_head":"<!-- This site is optimized with the Yoast SEO plugin v23.5 - https:\/\/yoast.com\/wordpress\/plugins\/seo\/ -->\n<title>Children Espa\u00f1a Socios del proyecto Fifty-Fifty - VFMS Foundation<\/title>\n<meta name=\"description\" content=\"Descubra los esfuerzos de colaboraci\u00f3n de los socios del proyecto Children Espa\u00f1a Fifty-Fifty en VFMS. Conozca las organizaciones y personas que trabajan juntas para promover la igualdad de oportunidades para los ni\u00f1os en Espa\u00f1a.\" \/>\n<meta name=\"robots\" content=\"index, follow, max-snippet:-1, max-image-preview:large, max-video-preview:-1\" \/>\n<link rel=\"canonical\" href=\"https:\/\/vfmsfoundation.org\/es\/projects-on-going\/children-espana-fifty-fifty\/project-partners\/\" \/>\n<meta property=\"og:locale\" content=\"es_ES\" \/>\n<meta property=\"og:type\" content=\"article\" \/>\n<meta property=\"og:title\" content=\"Children Espa\u00f1a Socios del proyecto Fifty-Fifty - VFMS Foundation\" \/>\n<meta property=\"og:description\" content=\"Descubra los esfuerzos de colaboraci\u00f3n de los socios del proyecto Children Espa\u00f1a Fifty-Fifty en VFMS. Conozca las organizaciones y personas que trabajan juntas para promover la igualdad de oportunidades para los ni\u00f1os en Espa\u00f1a.\" \/>\n<meta property=\"og:url\" content=\"https:\/\/vfmsfoundation.org\/es\/projects-on-going\/children-espana-fifty-fifty\/project-partners\/\" \/>\n<meta property=\"og:site_name\" content=\"VFMS Foundation\" \/>\n<meta property=\"article:modified_time\" content=\"2024-05-07T08:46:59+00:00\" \/>\n<meta property=\"og:image\" content=\"https:\/\/vfmsfoundation.org\/wp-content\/uploads\/2024\/04\/AESAN.jpg\" \/>\n<meta name=\"twitter:card\" content=\"summary_large_image\" \/>\n<meta name=\"twitter:label1\" content=\"Tiempo de lectura\" \/>\n\t<meta name=\"twitter:data1\" content=\"2 minutos\" \/>\n<script type=\"application\/ld+json\" class=\"yoast-schema-graph\">{\"@context\":\"https:\/\/schema.org\",\"@graph\":[{\"@type\":\"WebPage\",\"@id\":\"https:\/\/vfmsfoundation.org\/es\/projects-on-going\/children-espana-fifty-fifty\/project-partners\/\",\"url\":\"https:\/\/vfmsfoundation.org\/es\/projects-on-going\/children-espana-fifty-fifty\/project-partners\/\",\"name\":\"Children Espa\u00f1a Socios del proyecto Fifty-Fifty - VFMS Foundation\",\"isPartOf\":{\"@id\":\"https:\/\/vfmsfoundation.org\/es\/#website\"},\"primaryImageOfPage\":{\"@id\":\"https:\/\/vfmsfoundation.org\/es\/projects-on-going\/children-espana-fifty-fifty\/project-partners\/#primaryimage\"},\"image\":{\"@id\":\"https:\/\/vfmsfoundation.org\/es\/projects-on-going\/children-espana-fifty-fifty\/project-partners\/#primaryimage\"},\"thumbnailUrl\":\"https:\/\/vfmsfoundation.org\/wp-content\/uploads\/2024\/04\/AESAN.jpg\",\"datePublished\":\"2024-04-10T11:11:13+00:00\",\"dateModified\":\"2024-05-07T08:46:59+00:00\",\"description\":\"Descubra los esfuerzos de colaboraci\u00f3n de los socios del proyecto Children Espa\u00f1a Fifty-Fifty en VFMS. Conozca las organizaciones y personas que trabajan juntas para promover la igualdad de oportunidades para los ni\u00f1os en Espa\u00f1a.\",\"breadcrumb\":{\"@id\":\"https:\/\/vfmsfoundation.org\/es\/projects-on-going\/children-espana-fifty-fifty\/project-partners\/#breadcrumb\"},\"inLanguage\":\"es\",\"potentialAction\":[{\"@type\":\"ReadAction\",\"target\":[\"https:\/\/vfmsfoundation.org\/es\/projects-on-going\/children-espana-fifty-fifty\/project-partners\/\"]}]},{\"@type\":\"ImageObject\",\"inLanguage\":\"es\",\"@id\":\"https:\/\/vfmsfoundation.org\/es\/projects-on-going\/children-espana-fifty-fifty\/project-partners\/#primaryimage\",\"url\":\"https:\/\/vfmsfoundation.org\/wp-content\/uploads\/2024\/04\/AESAN.jpg\",\"contentUrl\":\"https:\/\/vfmsfoundation.org\/wp-content\/uploads\/2024\/04\/AESAN.jpg\"},{\"@type\":\"BreadcrumbList\",\"@id\":\"https:\/\/vfmsfoundation.org\/es\/projects-on-going\/children-espana-fifty-fifty\/project-partners\/#breadcrumb\",\"itemListElement\":[{\"@type\":\"ListItem\",\"position\":1,\"name\":\"Portada\",\"item\":\"https:\/\/vfmsfoundation.org\/es\/\"},{\"@type\":\"ListItem\",\"position\":2,\"name\":\"PROYECTOS\",\"item\":\"https:\/\/vfmsfoundation.org\/es\/projects-on-going\/\"},{\"@type\":\"ListItem\",\"position\":3,\"name\":\"ESPA\u00d1A PROGRAMA FIFTY-FIFTY\",\"item\":\"https:\/\/vfmsfoundation.org\/es\/projects-on-going\/children-espana-fifty-fifty\/\"},{\"@type\":\"ListItem\",\"position\":4,\"name\":\"PROJECT PARTNERS 6\"}]},{\"@type\":\"WebSite\",\"@id\":\"https:\/\/vfmsfoundation.org\/es\/#website\",\"url\":\"https:\/\/vfmsfoundation.org\/es\/\",\"name\":\"VFMS Foundation\",\"description\":\"Discover how the Valentin Fuster Mount Sinai Foundation is making a difference in global health.\",\"publisher\":{\"@id\":\"https:\/\/vfmsfoundation.org\/es\/#organization\"},\"potentialAction\":[{\"@type\":\"SearchAction\",\"target\":{\"@type\":\"EntryPoint\",\"urlTemplate\":\"https:\/\/vfmsfoundation.org\/es\/?s={search_term_string}\"},\"query-input\":{\"@type\":\"PropertyValueSpecification\",\"valueRequired\":true,\"valueName\":\"search_term_string\"}}],\"inLanguage\":\"es\"},{\"@type\":\"Organization\",\"@id\":\"https:\/\/vfmsfoundation.org\/es\/#organization\",\"name\":\"VFMS Foundation\",\"url\":\"https:\/\/vfmsfoundation.org\/es\/\",\"logo\":{\"@type\":\"ImageObject\",\"inLanguage\":\"es\",\"@id\":\"https:\/\/vfmsfoundation.org\/es\/#\/schema\/logo\/image\/\",\"url\":\"https:\/\/vfmsfoundation.org\/wp-content\/uploads\/2022\/11\/logo-cor-anim_2-1.gif\",\"contentUrl\":\"https:\/\/vfmsfoundation.org\/wp-content\/uploads\/2022\/11\/logo-cor-anim_2-1.gif\",\"width\":660,\"height\":200,\"caption\":\"VFMS Foundation\"},\"image\":{\"@id\":\"https:\/\/vfmsfoundation.org\/es\/#\/schema\/logo\/image\/\"}}]}<\/script>\n<!-- \/ Yoast SEO plugin. -->","yoast_head_json":{"title":"Children Espa\u00f1a Socios del proyecto Fifty-Fifty - VFMS Foundation","description":"Descubra los esfuerzos de colaboraci\u00f3n de los socios del proyecto Children Espa\u00f1a Fifty-Fifty en VFMS. Conozca las organizaciones y personas que trabajan juntas para promover la igualdad de oportunidades para los ni\u00f1os en Espa\u00f1a.","robots":{"index":"index","follow":"follow","max-snippet":"max-snippet:-1","max-image-preview":"max-image-preview:large","max-video-preview":"max-video-preview:-1"},"canonical":"https:\/\/vfmsfoundation.org\/es\/projects-on-going\/children-espana-fifty-fifty\/project-partners\/","og_locale":"es_ES","og_type":"article","og_title":"Children Espa\u00f1a Socios del proyecto Fifty-Fifty - VFMS Foundation","og_description":"Descubra los esfuerzos de colaboraci\u00f3n de los socios del proyecto Children Espa\u00f1a Fifty-Fifty en VFMS. Conozca las organizaciones y personas que trabajan juntas para promover la igualdad de oportunidades para los ni\u00f1os en Espa\u00f1a.","og_url":"https:\/\/vfmsfoundation.org\/es\/projects-on-going\/children-espana-fifty-fifty\/project-partners\/","og_site_name":"VFMS Foundation","article_modified_time":"2024-05-07T08:46:59+00:00","og_image":[{"url":"https:\/\/vfmsfoundation.org\/wp-content\/uploads\/2024\/04\/AESAN.jpg"}],"twitter_card":"summary_large_image","twitter_misc":{"Tiempo de lectura":"2 minutos"},"schema":{"@context":"https:\/\/schema.org","@graph":[{"@type":"WebPage","@id":"https:\/\/vfmsfoundation.org\/es\/projects-on-going\/children-espana-fifty-fifty\/project-partners\/","url":"https:\/\/vfmsfoundation.org\/es\/projects-on-going\/children-espana-fifty-fifty\/project-partners\/","name":"Children Espa\u00f1a Socios del proyecto Fifty-Fifty - VFMS Foundation","isPartOf":{"@id":"https:\/\/vfmsfoundation.org\/es\/#website"},"primaryImageOfPage":{"@id":"https:\/\/vfmsfoundation.org\/es\/projects-on-going\/children-espana-fifty-fifty\/project-partners\/#primaryimage"},"image":{"@id":"https:\/\/vfmsfoundation.org\/es\/projects-on-going\/children-espana-fifty-fifty\/project-partners\/#primaryimage"},"thumbnailUrl":"https:\/\/vfmsfoundation.org\/wp-content\/uploads\/2024\/04\/AESAN.jpg","datePublished":"2024-04-10T11:11:13+00:00","dateModified":"2024-05-07T08:46:59+00:00","description":"Descubra los esfuerzos de colaboraci\u00f3n de los socios del proyecto Children Espa\u00f1a Fifty-Fifty en VFMS. Conozca las organizaciones y personas que trabajan juntas para promover la igualdad de oportunidades para los ni\u00f1os en Espa\u00f1a.","breadcrumb":{"@id":"https:\/\/vfmsfoundation.org\/es\/projects-on-going\/children-espana-fifty-fifty\/project-partners\/#breadcrumb"},"inLanguage":"es","potentialAction":[{"@type":"ReadAction","target":["https:\/\/vfmsfoundation.org\/es\/projects-on-going\/children-espana-fifty-fifty\/project-partners\/"]}]},{"@type":"ImageObject","inLanguage":"es","@id":"https:\/\/vfmsfoundation.org\/es\/projects-on-going\/children-espana-fifty-fifty\/project-partners\/#primaryimage","url":"https:\/\/vfmsfoundation.org\/wp-content\/uploads\/2024\/04\/AESAN.jpg","contentUrl":"https:\/\/vfmsfoundation.org\/wp-content\/uploads\/2024\/04\/AESAN.jpg"},{"@type":"BreadcrumbList","@id":"https:\/\/vfmsfoundation.org\/es\/projects-on-going\/children-espana-fifty-fifty\/project-partners\/#breadcrumb","itemListElement":[{"@type":"ListItem","position":1,"name":"Portada","item":"https:\/\/vfmsfoundation.org\/es\/"},{"@type":"ListItem","position":2,"name":"PROYECTOS","item":"https:\/\/vfmsfoundation.org\/es\/projects-on-going\/"},{"@type":"ListItem","position":3,"name":"ESPA\u00d1A PROGRAMA FIFTY-FIFTY","item":"https:\/\/vfmsfoundation.org\/es\/projects-on-going\/children-espana-fifty-fifty\/"},{"@type":"ListItem","position":4,"name":"PROJECT PARTNERS 6"}]},{"@type":"WebSite","@id":"https:\/\/vfmsfoundation.org\/es\/#website","url":"https:\/\/vfmsfoundation.org\/es\/","name":"VFMS Foundation","description":"Discover how the Valentin Fuster Mount Sinai Foundation is making a difference in global health.","publisher":{"@id":"https:\/\/vfmsfoundation.org\/es\/#organization"},"potentialAction":[{"@type":"SearchAction","target":{"@type":"EntryPoint","urlTemplate":"https:\/\/vfmsfoundation.org\/es\/?s={search_term_string}"},"query-input":{"@type":"PropertyValueSpecification","valueRequired":true,"valueName":"search_term_string"}}],"inLanguage":"es"},{"@type":"Organization","@id":"https:\/\/vfmsfoundation.org\/es\/#organization","name":"VFMS Foundation","url":"https:\/\/vfmsfoundation.org\/es\/","logo":{"@type":"ImageObject","inLanguage":"es","@id":"https:\/\/vfmsfoundation.org\/es\/#\/schema\/logo\/image\/","url":"https:\/\/vfmsfoundation.org\/wp-content\/uploads\/2022\/11\/logo-cor-anim_2-1.gif","contentUrl":"https:\/\/vfmsfoundation.org\/wp-content\/uploads\/2022\/11\/logo-cor-anim_2-1.gif","width":660,"height":200,"caption":"VFMS Foundation"},"image":{"@id":"https:\/\/vfmsfoundation.org\/es\/#\/schema\/logo\/image\/"}}]}},"_links":{"self":[{"href":"https:\/\/vfmsfoundation.org\/es\/wp-json\/wp\/v2\/pages\/3284"}],"collection":[{"href":"https:\/\/vfmsfoundation.org\/es\/wp-json\/wp\/v2\/pages"}],"about":[{"href":"https:\/\/vfmsfoundation.org\/es\/wp-json\/wp\/v2\/types\/page"}],"author":[{"embeddable":true,"href":"https:\/\/vfmsfoundation.org\/es\/wp-json\/wp\/v2\/users\/1"}],"replies":[{"embeddable":true,"href":"https:\/\/vfmsfoundation.org\/es\/wp-json\/wp\/v2\/comments?post=3284"}],"version-history":[{"count":2,"href":"https:\/\/vfmsfoundation.org\/es\/wp-json\/wp\/v2\/pages\/3284\/revisions"}],"predecessor-version":[{"id":3416,"href":"https:\/\/vfmsfoundation.org\/es\/wp-json\/wp\/v2\/pages\/3284\/revisions\/3416"}],"up":[{"embeddable":true,"href":"https:\/\/vfmsfoundation.org\/es\/wp-json\/wp\/v2\/pages\/3280"}],"wp:attachment":[{"href":"https:\/\/vfmsfoundation.org\/es\/wp-json\/wp\/v2\/media?parent=3284"}],"curies":[{"name":"wp","href":"https:\/\/api.w.org\/{rel}","templated":true}]}}