{"id":3298,"date":"2024-03-27T11:44:31","date_gmt":"2024-03-27T11:44:31","guid":{"rendered":"https:\/\/vfmsfoundation.org\/libros\/"},"modified":"2024-05-07T09:25:27","modified_gmt":"2024-05-07T09:25:27","slug":"books","status":"publish","type":"page","link":"https:\/\/vfmsfoundation.org\/es\/books\/","title":{"rendered":"LIBROS"},"content":{"rendered":"\t\t<div data-elementor-type=\"wp-page\" data-elementor-id=\"3298\" class=\"elementor elementor-3298 elementor-797\" data-elementor-post-type=\"page\">\n\t\t\t\t\t\t<section class=\"elementor-section elementor-top-section elementor-element elementor-element-10e3bb51 elementor-section-boxed elementor-section-height-default elementor-section-height-default\" data-id=\"10e3bb51\" data-element_type=\"section\">\n\t\t\t\t\t\t<div class=\"elementor-container elementor-column-gap-default\">\n\t\t\t\t\t<div class=\"elementor-column elementor-col-100 elementor-top-column elementor-element elementor-element-73b00643\" data-id=\"73b00643\" data-element_type=\"column\">\n\t\t\t<div class=\"elementor-widget-wrap elementor-element-populated\">\n\t\t\t\t\t\t<div class=\"elementor-element elementor-element-14cde825 elementor-widget elementor-widget-heading\" data-id=\"14cde825\" data-element_type=\"widget\" data-widget_type=\"heading.default\">\n\t\t\t\t<div class=\"elementor-widget-container\">\n\t\t\t<h1 class=\"elementor-heading-title elementor-size-default\">LIBROS<\/h1>\t\t<\/div>\n\t\t\t\t<\/div>\n\t\t\t\t<div class=\"elementor-element elementor-element-e28640c elementor-widget elementor-widget-image\" data-id=\"e28640c\" data-element_type=\"widget\" data-widget_type=\"image.default\">\n\t\t\t\t<div class=\"elementor-widget-container\">\n\t\t\t\t\t\t\t\t\t\t\t\t\t<img fetchpriority=\"high\" decoding=\"async\" width=\"460\" height=\"440\" src=\"https:\/\/vfmsfoundation.org\/wp-content\/uploads\/2024\/04\/KK.png\" class=\"attachment-large size-large wp-image-1340\" alt=\"HEART BOOKS\" srcset=\"https:\/\/vfmsfoundation.org\/wp-content\/uploads\/2024\/04\/KK.png 460w, https:\/\/vfmsfoundation.org\/wp-content\/uploads\/2024\/04\/KK-300x287.png 300w\" sizes=\"(max-width: 460px) 100vw, 460px\" \/>\t\t\t\t\t\t\t\t\t\t\t\t\t<\/div>\n\t\t\t\t<\/div>\n\t\t\t\t\t<\/div>\n\t\t<\/div>\n\t\t\t\t\t<\/div>\n\t\t<\/section>\n\t\t\t\t<section class=\"elementor-section elementor-top-section elementor-element elementor-element-3a8c6a05 elementor-section-boxed elementor-section-height-default elementor-section-height-default\" data-id=\"3a8c6a05\" data-element_type=\"section\">\n\t\t\t\t\t\t<div class=\"elementor-container elementor-column-gap-default\">\n\t\t\t\t\t<div class=\"elementor-column elementor-col-100 elementor-top-column elementor-element elementor-element-9240768\" data-id=\"9240768\" data-element_type=\"column\">\n\t\t\t<div class=\"elementor-widget-wrap elementor-element-populated\">\n\t\t\t\t\t\t<div class=\"elementor-element elementor-element-43d2dc42 elementor-widget-divider--view-line elementor-widget elementor-widget-divider\" data-id=\"43d2dc42\" data-element_type=\"widget\" data-widget_type=\"divider.default\">\n\t\t\t\t<div class=\"elementor-widget-container\">\n\t\t\t\t\t<div class=\"elementor-divider\">\n\t\t\t<span class=\"elementor-divider-separator\">\n\t\t\t\t\t\t<\/span>\n\t\t<\/div>\n\t\t\t\t<\/div>\n\t\t\t\t<\/div>\n\t\t\t\t\t<\/div>\n\t\t<\/div>\n\t\t\t\t\t<\/div>\n\t\t<\/section>\n\t\t\t\t<section class=\"elementor-section elementor-top-section elementor-element elementor-element-4980346c elementor-section-boxed elementor-section-height-default elementor-section-height-default\" data-id=\"4980346c\" data-element_type=\"section\">\n\t\t\t\t\t\t<div class=\"elementor-container elementor-column-gap-default\">\n\t\t\t\t\t<div class=\"elementor-column elementor-col-100 elementor-top-column elementor-element elementor-element-c91331\" data-id=\"c91331\" data-element_type=\"column\">\n\t\t\t<div class=\"elementor-widget-wrap elementor-element-populated\">\n\t\t\t\t\t\t<div class=\"elementor-element elementor-element-3a92ef72 elementor-widget elementor-widget-text-editor\" data-id=\"3a92ef72\" data-element_type=\"widget\" data-widget_type=\"text-editor.default\">\n\t\t\t\t<div class=\"elementor-widget-container\">\n\t\t\t\t\t\t\t<div class=\"vc_row wpb_row vc_inner vc_row-fluid vc_custom_1460652012650\">\n<div class=\"wpb_column vc_column_container vc_col-sm-12\">\n<div class=\"vc_column-inner\">\n<div class=\"wpb_wrapper\">\n<div class=\"wpb_text_column wpb_content_element \">\n<div class=\"wpb_wrapper\">\n<p><img decoding=\"async\" class=\"size-full wp-image-3002 alignleft\" src=\"https:\/\/vfmsfoundation.org\/wp-content\/uploads\/2024\/04\/LIBRO-FUSTER-CORBELLA.jpg\" alt=\"LIBRO FUSTER CORBELLA\" width=\"131\" height=\"215\">La edad es solo un n\u00famero Mientras que a los 80 algunas personas siguen escalando monta\u00f1as, otros son incapaces de subir una pendiente despu\u00e9s de los 40. En Grecia, los isle\u00f1os de Icaria viven un promedio de 10 a\u00f1os m\u00e1s que la poblaci\u00f3n de la Grecia continental . De forma similar, entre la poblaci\u00f3n de Okinawa se celebran centenarios con una frecuencia tres veces mayor que en la poblaci\u00f3n del resto de Jap\u00f3n. El envejecimiento y el paso de los a\u00f1os son dos cosas diferentes, y aunque todos celebramos nuestro aniversario con la misma cadencia anual, no envejecemos de la misma manera A pesar de ser una celebridad y una eminencia en cardiolog\u00eda a escala mundial, el Dr. Valent\u00edn Fuster no puede ralentizar nuestro ritmo de envejecimiento cronol\u00f3gico. Lo que s\u00ed puede hacer, y este libro es buena prueba de ello, es frenar, tal vez incluso poner en pausa, nuestro proceso de envejecimiento incorporando a nuestras vidas ejercicios, rutinas y actividades f\u00edsicas y mentales que retrasan desde los signos m\u00e1s superficiales de la edad \u2014como las arrugas de la piel\u2014 hasta la evoluci\u00f3n celular y neuronal m\u00e1s profunda.<br \/>La ciencia de la larga vida descubre los secretos de la longevidad y c\u00f3mo debemos actuar para envejecer activos tanto f\u00edsica como intelectual y emocionalmente. Es el arte de vivir m\u00e1s pero, sobre todo, de vivir mejor. Mucho mejor.<\/p>\n<\/div>\n<\/div>\n<\/div>\n<\/div>\n<\/div>\n<\/div>\n\t\t\t\t\t\t<\/div>\n\t\t\t\t<\/div>\n\t\t\t\t<section class=\"elementor-section elementor-inner-section elementor-element elementor-element-c52d08b elementor-section-boxed elementor-section-height-default elementor-section-height-default\" data-id=\"c52d08b\" data-element_type=\"section\">\n\t\t\t\t\t\t<div class=\"elementor-container elementor-column-gap-default\">\n\t\t\t\t\t<div class=\"elementor-column elementor-col-25 elementor-inner-column elementor-element elementor-element-1fc4d9e\" data-id=\"1fc4d9e\" data-element_type=\"column\">\n\t\t\t<div class=\"elementor-widget-wrap elementor-element-populated\">\n\t\t\t\t\t\t<div class=\"elementor-element elementor-element-3d60deb elementor-widget elementor-widget-image\" data-id=\"3d60deb\" data-element_type=\"widget\" data-widget_type=\"image.default\">\n\t\t\t\t<div class=\"elementor-widget-container\">\n\t\t\t\t\t\t\t\t\t\t\t\t\t\t<a href=\"https:\/\/www.amazon.com\/c%C3%ADrculo-motivaci%C3%B3n-Spanish-Valent%C3%ADn-Fuster-ebook\/dp\/B00BN6M0SA\/ref=sr_1_3?s=books&#038;ie=UTF8&#038;qid=1482140101&#038;sr=8-3&#038;keywords=VALENTIN+FUSTER\" target=\"_blank\">\n\t\t\t\t\t\t\t<img decoding=\"async\" width=\"131\" height=\"198\" src=\"https:\/\/vfmsfoundation.org\/wp-content\/uploads\/2024\/04\/MANZANA2.jpg\" class=\"attachment-large size-large wp-image-1342\" alt=\"LIBRO EL CIRCULO DE LA MOTIVACI\u00d3N VALENTIN FUSTER\" \/>\t\t\t\t\t\t\t\t<\/a>\n\t\t\t\t\t\t\t\t\t\t\t\t\t<\/div>\n\t\t\t\t<\/div>\n\t\t\t\t\t<\/div>\n\t\t<\/div>\n\t\t\t\t<div class=\"elementor-column elementor-col-25 elementor-inner-column elementor-element elementor-element-d4e379b\" data-id=\"d4e379b\" data-element_type=\"column\">\n\t\t\t<div class=\"elementor-widget-wrap elementor-element-populated\">\n\t\t\t\t\t\t<div class=\"elementor-element elementor-element-ad5565d elementor-widget elementor-widget-image\" data-id=\"ad5565d\" data-element_type=\"widget\" data-widget_type=\"image.default\">\n\t\t\t\t<div class=\"elementor-widget-container\">\n\t\t\t\t\t\t\t\t\t\t\t\t\t\t<a href=\"https:\/\/www.amazon.com\/Heart-Manual-Scientific-Feeling-Stress-Free\/dp\/0061765910\/ref=sr_1_2?s=books&#038;ie=UTF8&#038;qid=1482138437&#038;sr=8-2&#038;keywords=VALENTIN+FUSTER\" target=\"_blank\">\n\t\t\t\t\t\t\t<img loading=\"lazy\" decoding=\"async\" width=\"131\" height=\"198\" src=\"https:\/\/vfmsfoundation.org\/wp-content\/uploads\/2024\/04\/MANZANA.jpg\" class=\"attachment-large size-large wp-image-1341\" alt=\"LIBRO THE HEART RITUAL VALENTIN FUSTER\" \/>\t\t\t\t\t\t\t\t<\/a>\n\t\t\t\t\t\t\t\t\t\t\t\t\t<\/div>\n\t\t\t\t<\/div>\n\t\t\t\t\t<\/div>\n\t\t<\/div>\n\t\t\t\t<div class=\"elementor-column elementor-col-25 elementor-inner-column elementor-element elementor-element-24fad6a\" data-id=\"24fad6a\" data-element_type=\"column\">\n\t\t\t<div class=\"elementor-widget-wrap elementor-element-populated\">\n\t\t\t\t\t\t<div class=\"elementor-element elementor-element-9b529fc elementor-widget elementor-widget-image\" data-id=\"9b529fc\" data-element_type=\"widget\" data-widget_type=\"image.default\">\n\t\t\t\t<div class=\"elementor-widget-container\">\n\t\t\t\t\t\t\t\t\t\t\t\t\t\t<a href=\"https:\/\/www.amazon.com\/AHA-Guidelines-Scientific-Statements-Handbook\/dp\/1405184639\/ref=sr_1_5?s=books&#038;ie=UTF8&#038;qid=1482140101&#038;sr=8-5&#038;keywords=VALENTIN+FUSTER\" target=\"_blank\">\n\t\t\t\t\t\t\t<img loading=\"lazy\" decoding=\"async\" width=\"131\" height=\"198\" src=\"https:\/\/vfmsfoundation.org\/wp-content\/uploads\/2024\/04\/MANZANA4.jpg\" class=\"attachment-large size-large wp-image-1344\" alt=\"LIBRO AHA VALENTIN FUSTER\" \/>\t\t\t\t\t\t\t\t<\/a>\n\t\t\t\t\t\t\t\t\t\t\t\t\t<\/div>\n\t\t\t\t<\/div>\n\t\t\t\t\t<\/div>\n\t\t<\/div>\n\t\t\t\t<div class=\"elementor-column elementor-col-25 elementor-inner-column elementor-element elementor-element-936027d\" data-id=\"936027d\" data-element_type=\"column\">\n\t\t\t<div class=\"elementor-widget-wrap elementor-element-populated\">\n\t\t\t\t\t\t<div class=\"elementor-element elementor-element-c3e6db0 elementor-widget elementor-widget-image\" data-id=\"c3e6db0\" data-element_type=\"widget\" data-widget_type=\"image.default\">\n\t\t\t\t<div class=\"elementor-widget-container\">\n\t\t\t\t\t\t\t\t\t\t\t\t\t\t<a href=\"https:\/\/www.amazon.com\/Coraz%C3%B3n-y-mente-Valent%C3%ADn-Fuster-ebook\/dp\/B0064RAUEE\/ref=sr_1_4?s=books&#038;ie=UTF8&#038;qid=1482140101&#038;sr=8-4&#038;keywords=VALENTIN+FUSTER\" target=\"_blank\">\n\t\t\t\t\t\t\t<img loading=\"lazy\" decoding=\"async\" width=\"131\" height=\"198\" src=\"https:\/\/vfmsfoundation.org\/wp-content\/uploads\/2024\/04\/MANZANA3.jpg\" class=\"attachment-large size-large wp-image-1343\" alt=\"LIBRO CORAZON Y MENTE VALENTIN FUSTER\" \/>\t\t\t\t\t\t\t\t<\/a>\n\t\t\t\t\t\t\t\t\t\t\t\t\t<\/div>\n\t\t\t\t<\/div>\n\t\t\t\t\t<\/div>\n\t\t<\/div>\n\t\t\t\t\t<\/div>\n\t\t<\/section>\n\t\t\t\t\t<\/div>\n\t\t<\/div>\n\t\t\t\t\t<\/div>\n\t\t<\/section>\n\t\t\t\t<section class=\"elementor-section elementor-top-section elementor-element elementor-element-7b518f7c elementor-section-boxed elementor-section-height-default elementor-section-height-default\" data-id=\"7b518f7c\" data-element_type=\"section\">\n\t\t\t\t\t\t<div class=\"elementor-container elementor-column-gap-default\">\n\t\t\t\t\t<div class=\"elementor-column elementor-col-100 elementor-top-column elementor-element elementor-element-6141ccb8\" data-id=\"6141ccb8\" data-element_type=\"column\">\n\t\t\t<div class=\"elementor-widget-wrap elementor-element-populated\">\n\t\t\t\t\t\t<div class=\"elementor-element elementor-element-4f2a1b9b elementor-widget-divider--view-line elementor-widget elementor-widget-divider\" data-id=\"4f2a1b9b\" data-element_type=\"widget\" data-widget_type=\"divider.default\">\n\t\t\t\t<div class=\"elementor-widget-container\">\n\t\t\t\t\t<div class=\"elementor-divider\">\n\t\t\t<span class=\"elementor-divider-separator\">\n\t\t\t\t\t\t<\/span>\n\t\t<\/div>\n\t\t\t\t<\/div>\n\t\t\t\t<\/div>\n\t\t\t\t\t<\/div>\n\t\t<\/div>\n\t\t\t\t\t<\/div>\n\t\t<\/section>\n\t\t\t\t<\/div>\n\t\t","protected":false},"excerpt":{"rendered":"<p>LIBROS La edad es solo un n\u00famero Mientras que a los 80 algunas personas siguen escalando monta\u00f1as, otros son incapaces de subir una pendiente despu\u00e9s de los 40. En Grecia, los isle\u00f1os de Icaria viven un promedio de 10 a\u00f1os m\u00e1s que la poblaci\u00f3n de la Grecia continental . De forma similar, entre la poblaci\u00f3n [&hellip;]<\/p>\n","protected":false},"author":1,"featured_media":0,"parent":0,"menu_order":0,"comment_status":"closed","ping_status":"closed","template":"","meta":{"site-sidebar-layout":"no-sidebar","site-content-layout":"page-builder","ast-site-content-layout":"full-width-container","site-content-style":"default","site-sidebar-style":"default","ast-global-header-display":"","ast-banner-title-visibility":"","ast-main-header-display":"","ast-hfb-above-header-display":"","ast-hfb-below-header-display":"","ast-hfb-mobile-header-display":"","site-post-title":"disabled","ast-breadcrumbs-content":"","ast-featured-img":"disabled","footer-sml-layout":"","theme-transparent-header-meta":"default","adv-header-id-meta":"","stick-header-meta":"default","header-above-stick-meta":"","header-main-stick-meta":"","header-below-stick-meta":"","astra-migrate-meta-layouts":"set","ast-page-background-enabled":"default","ast-page-background-meta":{"desktop":{"background-color":"var(--ast-global-color-4)","background-image":"","background-repeat":"repeat","background-position":"center center","background-size":"auto","background-attachment":"scroll","background-type":"","background-media":"","overlay-type":"","overlay-color":"","overlay-opacity":"","overlay-gradient":""},"tablet":{"background-color":"","background-image":"","background-repeat":"repeat","background-position":"center center","background-size":"auto","background-attachment":"scroll","background-type":"","background-media":"","overlay-type":"","overlay-color":"","overlay-opacity":"","overlay-gradient":""},"mobile":{"background-color":"","background-image":"","background-repeat":"repeat","background-position":"center center","background-size":"auto","background-attachment":"scroll","background-type":"","background-media":"","overlay-type":"","overlay-color":"","overlay-opacity":"","overlay-gradient":""}},"ast-content-background-meta":{"desktop":{"background-color":"var(--ast-global-color-5)","background-image":"","background-repeat":"repeat","background-position":"center center","background-size":"auto","background-attachment":"scroll","background-type":"","background-media":"","overlay-type":"","overlay-color":"","overlay-opacity":"","overlay-gradient":""},"tablet":{"background-color":"var(--ast-global-color-5)","background-image":"","background-repeat":"repeat","background-position":"center center","background-size":"auto","background-attachment":"scroll","background-type":"","background-media":"","overlay-type":"","overlay-color":"","overlay-opacity":"","overlay-gradient":""},"mobile":{"background-color":"var(--ast-global-color-5)","background-image":"","background-repeat":"repeat","background-position":"center center","background-size":"auto","background-attachment":"scroll","background-type":"","background-media":"","overlay-type":"","overlay-color":"","overlay-opacity":"","overlay-gradient":""}},"footnotes":""},"class_list":["post-3298","page","type-page","status-publish","hentry"],"yoast_head":"<!-- This site is optimized with the Yoast SEO plugin v23.5 - https:\/\/yoast.com\/wordpress\/plugins\/seo\/ -->\n<title>Participe: done libros a VFMS - VFMS Foundation<\/title>\n<meta name=\"description\" content=\"Apoye la educaci\u00f3n y la alfabetizaci\u00f3n donando libros a VFMS. Su contribuci\u00f3n ayuda a proporcionar recursos para el aprendizaje y empodera a las comunidades. \u00danase a nosotros para difundir conocimientos y generar un impacto positivo.\" \/>\n<meta name=\"robots\" content=\"index, follow, max-snippet:-1, max-image-preview:large, max-video-preview:-1\" \/>\n<link rel=\"canonical\" href=\"https:\/\/vfmsfoundation.org\/es\/books\/\" \/>\n<meta property=\"og:locale\" content=\"es_ES\" \/>\n<meta property=\"og:type\" content=\"article\" \/>\n<meta property=\"og:title\" content=\"Participe: done libros a VFMS - VFMS Foundation\" \/>\n<meta property=\"og:description\" content=\"Apoye la educaci\u00f3n y la alfabetizaci\u00f3n donando libros a VFMS. Su contribuci\u00f3n ayuda a proporcionar recursos para el aprendizaje y empodera a las comunidades. \u00danase a nosotros para difundir conocimientos y generar un impacto positivo.\" \/>\n<meta property=\"og:url\" content=\"https:\/\/vfmsfoundation.org\/es\/books\/\" \/>\n<meta property=\"og:site_name\" content=\"VFMS Foundation\" \/>\n<meta property=\"article:modified_time\" content=\"2024-05-07T09:25:27+00:00\" \/>\n<meta property=\"og:image\" content=\"https:\/\/vfmsfoundation.org\/wp-content\/uploads\/2024\/04\/KK.png\" \/>\n<meta name=\"twitter:card\" content=\"summary_large_image\" \/>\n<meta name=\"twitter:label1\" content=\"Tiempo de lectura\" \/>\n\t<meta name=\"twitter:data1\" content=\"3 minutos\" \/>\n<script type=\"application\/ld+json\" class=\"yoast-schema-graph\">{\"@context\":\"https:\/\/schema.org\",\"@graph\":[{\"@type\":\"WebPage\",\"@id\":\"https:\/\/vfmsfoundation.org\/es\/books\/\",\"url\":\"https:\/\/vfmsfoundation.org\/es\/books\/\",\"name\":\"Participe: done libros a VFMS - VFMS Foundation\",\"isPartOf\":{\"@id\":\"https:\/\/vfmsfoundation.org\/es\/#website\"},\"primaryImageOfPage\":{\"@id\":\"https:\/\/vfmsfoundation.org\/es\/books\/#primaryimage\"},\"image\":{\"@id\":\"https:\/\/vfmsfoundation.org\/es\/books\/#primaryimage\"},\"thumbnailUrl\":\"https:\/\/vfmsfoundation.org\/wp-content\/uploads\/2024\/04\/KK.png\",\"datePublished\":\"2024-03-27T11:44:31+00:00\",\"dateModified\":\"2024-05-07T09:25:27+00:00\",\"description\":\"Apoye la educaci\u00f3n y la alfabetizaci\u00f3n donando libros a VFMS. Su contribuci\u00f3n ayuda a proporcionar recursos para el aprendizaje y empodera a las comunidades. \u00danase a nosotros para difundir conocimientos y generar un impacto positivo.\",\"breadcrumb\":{\"@id\":\"https:\/\/vfmsfoundation.org\/es\/books\/#breadcrumb\"},\"inLanguage\":\"es\",\"potentialAction\":[{\"@type\":\"ReadAction\",\"target\":[\"https:\/\/vfmsfoundation.org\/es\/books\/\"]}]},{\"@type\":\"ImageObject\",\"inLanguage\":\"es\",\"@id\":\"https:\/\/vfmsfoundation.org\/es\/books\/#primaryimage\",\"url\":\"https:\/\/vfmsfoundation.org\/wp-content\/uploads\/2024\/04\/KK.png\",\"contentUrl\":\"https:\/\/vfmsfoundation.org\/wp-content\/uploads\/2024\/04\/KK.png\"},{\"@type\":\"BreadcrumbList\",\"@id\":\"https:\/\/vfmsfoundation.org\/es\/books\/#breadcrumb\",\"itemListElement\":[{\"@type\":\"ListItem\",\"position\":1,\"name\":\"Portada\",\"item\":\"https:\/\/vfmsfoundation.org\/es\/\"},{\"@type\":\"ListItem\",\"position\":2,\"name\":\"LIBROS\"}]},{\"@type\":\"WebSite\",\"@id\":\"https:\/\/vfmsfoundation.org\/es\/#website\",\"url\":\"https:\/\/vfmsfoundation.org\/es\/\",\"name\":\"VFMS Foundation\",\"description\":\"Discover how the Valentin Fuster Mount Sinai Foundation is making a difference in global health.\",\"publisher\":{\"@id\":\"https:\/\/vfmsfoundation.org\/es\/#organization\"},\"potentialAction\":[{\"@type\":\"SearchAction\",\"target\":{\"@type\":\"EntryPoint\",\"urlTemplate\":\"https:\/\/vfmsfoundation.org\/es\/?s={search_term_string}\"},\"query-input\":{\"@type\":\"PropertyValueSpecification\",\"valueRequired\":true,\"valueName\":\"search_term_string\"}}],\"inLanguage\":\"es\"},{\"@type\":\"Organization\",\"@id\":\"https:\/\/vfmsfoundation.org\/es\/#organization\",\"name\":\"VFMS Foundation\",\"url\":\"https:\/\/vfmsfoundation.org\/es\/\",\"logo\":{\"@type\":\"ImageObject\",\"inLanguage\":\"es\",\"@id\":\"https:\/\/vfmsfoundation.org\/es\/#\/schema\/logo\/image\/\",\"url\":\"https:\/\/vfmsfoundation.org\/wp-content\/uploads\/2022\/11\/logo-cor-anim_2-1.gif\",\"contentUrl\":\"https:\/\/vfmsfoundation.org\/wp-content\/uploads\/2022\/11\/logo-cor-anim_2-1.gif\",\"width\":660,\"height\":200,\"caption\":\"VFMS Foundation\"},\"image\":{\"@id\":\"https:\/\/vfmsfoundation.org\/es\/#\/schema\/logo\/image\/\"}}]}<\/script>\n<!-- \/ Yoast SEO plugin. -->","yoast_head_json":{"title":"Participe: done libros a VFMS - VFMS Foundation","description":"Apoye la educaci\u00f3n y la alfabetizaci\u00f3n donando libros a VFMS. Su contribuci\u00f3n ayuda a proporcionar recursos para el aprendizaje y empodera a las comunidades. \u00danase a nosotros para difundir conocimientos y generar un impacto positivo.","robots":{"index":"index","follow":"follow","max-snippet":"max-snippet:-1","max-image-preview":"max-image-preview:large","max-video-preview":"max-video-preview:-1"},"canonical":"https:\/\/vfmsfoundation.org\/es\/books\/","og_locale":"es_ES","og_type":"article","og_title":"Participe: done libros a VFMS - VFMS Foundation","og_description":"Apoye la educaci\u00f3n y la alfabetizaci\u00f3n donando libros a VFMS. Su contribuci\u00f3n ayuda a proporcionar recursos para el aprendizaje y empodera a las comunidades. \u00danase a nosotros para difundir conocimientos y generar un impacto positivo.","og_url":"https:\/\/vfmsfoundation.org\/es\/books\/","og_site_name":"VFMS Foundation","article_modified_time":"2024-05-07T09:25:27+00:00","og_image":[{"url":"https:\/\/vfmsfoundation.org\/wp-content\/uploads\/2024\/04\/KK.png"}],"twitter_card":"summary_large_image","twitter_misc":{"Tiempo de lectura":"3 minutos"},"schema":{"@context":"https:\/\/schema.org","@graph":[{"@type":"WebPage","@id":"https:\/\/vfmsfoundation.org\/es\/books\/","url":"https:\/\/vfmsfoundation.org\/es\/books\/","name":"Participe: done libros a VFMS - VFMS Foundation","isPartOf":{"@id":"https:\/\/vfmsfoundation.org\/es\/#website"},"primaryImageOfPage":{"@id":"https:\/\/vfmsfoundation.org\/es\/books\/#primaryimage"},"image":{"@id":"https:\/\/vfmsfoundation.org\/es\/books\/#primaryimage"},"thumbnailUrl":"https:\/\/vfmsfoundation.org\/wp-content\/uploads\/2024\/04\/KK.png","datePublished":"2024-03-27T11:44:31+00:00","dateModified":"2024-05-07T09:25:27+00:00","description":"Apoye la educaci\u00f3n y la alfabetizaci\u00f3n donando libros a VFMS. Su contribuci\u00f3n ayuda a proporcionar recursos para el aprendizaje y empodera a las comunidades. \u00danase a nosotros para difundir conocimientos y generar un impacto positivo.","breadcrumb":{"@id":"https:\/\/vfmsfoundation.org\/es\/books\/#breadcrumb"},"inLanguage":"es","potentialAction":[{"@type":"ReadAction","target":["https:\/\/vfmsfoundation.org\/es\/books\/"]}]},{"@type":"ImageObject","inLanguage":"es","@id":"https:\/\/vfmsfoundation.org\/es\/books\/#primaryimage","url":"https:\/\/vfmsfoundation.org\/wp-content\/uploads\/2024\/04\/KK.png","contentUrl":"https:\/\/vfmsfoundation.org\/wp-content\/uploads\/2024\/04\/KK.png"},{"@type":"BreadcrumbList","@id":"https:\/\/vfmsfoundation.org\/es\/books\/#breadcrumb","itemListElement":[{"@type":"ListItem","position":1,"name":"Portada","item":"https:\/\/vfmsfoundation.org\/es\/"},{"@type":"ListItem","position":2,"name":"LIBROS"}]},{"@type":"WebSite","@id":"https:\/\/vfmsfoundation.org\/es\/#website","url":"https:\/\/vfmsfoundation.org\/es\/","name":"VFMS Foundation","description":"Discover how the Valentin Fuster Mount Sinai Foundation is making a difference in global health.","publisher":{"@id":"https:\/\/vfmsfoundation.org\/es\/#organization"},"potentialAction":[{"@type":"SearchAction","target":{"@type":"EntryPoint","urlTemplate":"https:\/\/vfmsfoundation.org\/es\/?s={search_term_string}"},"query-input":{"@type":"PropertyValueSpecification","valueRequired":true,"valueName":"search_term_string"}}],"inLanguage":"es"},{"@type":"Organization","@id":"https:\/\/vfmsfoundation.org\/es\/#organization","name":"VFMS Foundation","url":"https:\/\/vfmsfoundation.org\/es\/","logo":{"@type":"ImageObject","inLanguage":"es","@id":"https:\/\/vfmsfoundation.org\/es\/#\/schema\/logo\/image\/","url":"https:\/\/vfmsfoundation.org\/wp-content\/uploads\/2022\/11\/logo-cor-anim_2-1.gif","contentUrl":"https:\/\/vfmsfoundation.org\/wp-content\/uploads\/2022\/11\/logo-cor-anim_2-1.gif","width":660,"height":200,"caption":"VFMS Foundation"},"image":{"@id":"https:\/\/vfmsfoundation.org\/es\/#\/schema\/logo\/image\/"}}]}},"_links":{"self":[{"href":"https:\/\/vfmsfoundation.org\/es\/wp-json\/wp\/v2\/pages\/3298"}],"collection":[{"href":"https:\/\/vfmsfoundation.org\/es\/wp-json\/wp\/v2\/pages"}],"about":[{"href":"https:\/\/vfmsfoundation.org\/es\/wp-json\/wp\/v2\/types\/page"}],"author":[{"embeddable":true,"href":"https:\/\/vfmsfoundation.org\/es\/wp-json\/wp\/v2\/users\/1"}],"replies":[{"embeddable":true,"href":"https:\/\/vfmsfoundation.org\/es\/wp-json\/wp\/v2\/comments?post=3298"}],"version-history":[{"count":2,"href":"https:\/\/vfmsfoundation.org\/es\/wp-json\/wp\/v2\/pages\/3298\/revisions"}],"predecessor-version":[{"id":3425,"href":"https:\/\/vfmsfoundation.org\/es\/wp-json\/wp\/v2\/pages\/3298\/revisions\/3425"}],"wp:attachment":[{"href":"https:\/\/vfmsfoundation.org\/es\/wp-json\/wp\/v2\/media?parent=3298"}],"curies":[{"name":"wp","href":"https:\/\/api.w.org\/{rel}","templated":true}]}}