{"id":3304,"date":"2024-03-27T11:42:59","date_gmt":"2024-03-27T11:42:59","guid":{"rendered":"https:\/\/vfmsfoundation.org\/sesame-st-workshop\/"},"modified":"2024-05-03T12:00:55","modified_gmt":"2024-05-03T12:00:55","slug":"sesame-st-workshop","status":"publish","type":"page","link":"https:\/\/vfmsfoundation.org\/es\/sesame-st-workshop\/","title":{"rendered":"SESAME ST. WORKSHOP"},"content":{"rendered":"\t\t<div data-elementor-type=\"wp-page\" data-elementor-id=\"3304\" class=\"elementor elementor-3304 elementor-789\" data-elementor-post-type=\"page\">\n\t\t\t\t\t\t<section class=\"elementor-section elementor-top-section elementor-element elementor-element-308f0fb5 elementor-reverse-mobile elementor-section-content-middle elementor-section-boxed elementor-section-height-default elementor-section-height-default\" data-id=\"308f0fb5\" data-element_type=\"section\">\n\t\t\t\t\t\t<div class=\"elementor-container elementor-column-gap-default\">\n\t\t\t\t\t<div class=\"elementor-column elementor-col-50 elementor-top-column elementor-element elementor-element-3f96d289\" data-id=\"3f96d289\" data-element_type=\"column\">\n\t\t\t<div class=\"elementor-widget-wrap elementor-element-populated\">\n\t\t\t\t\t\t<div class=\"elementor-element elementor-element-670bb66a elementor-widget elementor-widget-heading\" data-id=\"670bb66a\" data-element_type=\"widget\" data-widget_type=\"heading.default\">\n\t\t\t\t<div class=\"elementor-widget-container\">\n\t\t\t<h1 class=\"elementor-heading-title elementor-size-default\">SESAME ST. WORKSHOP<\/h1>\t\t<\/div>\n\t\t\t\t<\/div>\n\t\t\t\t<div class=\"elementor-element elementor-element-526ac6cd elementor-widget elementor-widget-heading\" data-id=\"526ac6cd\" data-element_type=\"widget\" data-widget_type=\"heading.default\">\n\t\t\t\t<div class=\"elementor-widget-container\">\n\t\t\t<h2 class=\"elementor-heading-title elementor-size-default\">\u00abBARRIO S\u00c9SAMO TIENE MUCHOS DATOS QUE INDICAN QUE NUESTRA CONDUCTA COMO ADULTOS COMIENZA EN LA EDAD DE 3 A 6 A\u00d1OS. DE SER AS\u00cd, \u00bfQU\u00c9 PUEDE SER M\u00c1S F\u00c1CIL PARA ENSE\u00d1AR SOBRE LA SALUD QUE DECIR A ESTOS NI\u00d1OS: LA SALUD DEBE SER UNA PRIORIDAD EN VUESTRA VIDA?\u201d<\/h2>\t\t<\/div>\n\t\t\t\t<\/div>\n\t\t\t\t<div class=\"elementor-element elementor-element-4401f117 elementor-widget elementor-widget-heading\" data-id=\"4401f117\" data-element_type=\"widget\" data-widget_type=\"heading.default\">\n\t\t\t\t<div class=\"elementor-widget-container\">\n\t\t\t<div class=\"elementor-heading-title elementor-size-default\"> Dr. Valent\u00edn Fuster<\/div>\t\t<\/div>\n\t\t\t\t<\/div>\n\t\t\t\t\t<\/div>\n\t\t<\/div>\n\t\t\t\t<div class=\"elementor-column elementor-col-50 elementor-top-column elementor-element elementor-element-3d062966\" data-id=\"3d062966\" data-element_type=\"column\">\n\t\t\t<div class=\"elementor-widget-wrap elementor-element-populated\">\n\t\t\t\t\t\t<div class=\"elementor-element elementor-element-7893ad6 animated-slow elementor-invisible elementor-widget elementor-widget-image\" data-id=\"7893ad6\" data-element_type=\"widget\" data-settings=\"{&quot;_animation&quot;:&quot;fadeIn&quot;}\" data-widget_type=\"image.default\">\n\t\t\t\t<div class=\"elementor-widget-container\">\n\t\t\t\t\t\t\t\t\t\t\t\t\t<img decoding=\"async\" width=\"272\" height=\"173\" src=\"https:\/\/vfmsfoundation.org\/wp-content\/uploads\/2024\/04\/SESAME.jpg\" class=\"attachment-large size-large wp-image-1365\" alt=\"SESAME WORKSHOP LOGO\" \/>\t\t\t\t\t\t\t\t\t\t\t\t\t<\/div>\n\t\t\t\t<\/div>\n\t\t\t\t\t<\/div>\n\t\t<\/div>\n\t\t\t\t\t<\/div>\n\t\t<\/section>\n\t\t\t\t<section class=\"elementor-section elementor-top-section elementor-element elementor-element-69e1ebc9 elementor-section-boxed elementor-section-height-default elementor-section-height-default\" data-id=\"69e1ebc9\" data-element_type=\"section\">\n\t\t\t\t\t\t<div class=\"elementor-container elementor-column-gap-default\">\n\t\t\t\t\t<div class=\"elementor-column elementor-col-100 elementor-top-column elementor-element elementor-element-7f5f0196\" data-id=\"7f5f0196\" data-element_type=\"column\">\n\t\t\t<div class=\"elementor-widget-wrap elementor-element-populated\">\n\t\t\t\t\t\t<div class=\"elementor-element elementor-element-56e0edaf elementor-widget-divider--view-line elementor-widget elementor-widget-divider\" data-id=\"56e0edaf\" data-element_type=\"widget\" data-widget_type=\"divider.default\">\n\t\t\t\t<div class=\"elementor-widget-container\">\n\t\t\t\t\t<div class=\"elementor-divider\">\n\t\t\t<span class=\"elementor-divider-separator\">\n\t\t\t\t\t\t<\/span>\n\t\t<\/div>\n\t\t\t\t<\/div>\n\t\t\t\t<\/div>\n\t\t\t\t\t<\/div>\n\t\t<\/div>\n\t\t\t\t\t<\/div>\n\t\t<\/section>\n\t\t\t\t<section class=\"elementor-section elementor-top-section elementor-element elementor-element-33d6f423 elementor-section-boxed elementor-section-height-default elementor-section-height-default\" data-id=\"33d6f423\" data-element_type=\"section\">\n\t\t\t\t\t\t<div class=\"elementor-container elementor-column-gap-default\">\n\t\t\t\t\t<div class=\"elementor-column elementor-col-100 elementor-top-column elementor-element elementor-element-7a6842ea\" data-id=\"7a6842ea\" data-element_type=\"column\">\n\t\t\t<div class=\"elementor-widget-wrap elementor-element-populated\">\n\t\t\t\t\t\t<div class=\"elementor-element elementor-element-18bd0c49 elementor-widget elementor-widget-text-editor\" data-id=\"18bd0c49\" data-element_type=\"widget\" data-widget_type=\"text-editor.default\">\n\t\t\t\t<div class=\"elementor-widget-container\">\n\t\t\t\t\t\t\t<p>La Icahn School of Medicine del Mount Sinai agradece encarecidamente a la organizaci\u00f3n Sesame Workshop que haya proporcionado los personajes de Barrio S\u00e9samo y el contenido de sus programas de H\u00e1bitos saludables para toda la vida con el objetivo de educar a los ni\u00f1os y sus familias en relaci\u00f3n con el Programa para la Promoci\u00f3n de Estilos de Vida Saludables (Colombia), el Programa S\u00cd de educaci\u00f3n infantil en Madrid, y el Proyecto Familia en Harlem, Nueva York (Estados Unidos).<\/p>\n<p>Nuestros peludos amigos de Barrio S\u00e9samo: Monstruos Supersanos van a aprender mucho sobre c\u00f3mo llevar un estilo de vida m\u00e1s saludable ahora que hay un nuevo m\u00e9dico en el barrio.<\/p>\n\t\t\t\t\t\t<\/div>\n\t\t\t\t<\/div>\n\t\t\t\t<div class=\"elementor-element elementor-element-bdbc3d2 elementor-widget elementor-widget-image\" data-id=\"bdbc3d2\" data-element_type=\"widget\" data-widget_type=\"image.default\">\n\t\t\t\t<div class=\"elementor-widget-container\">\n\t\t\t\t\t\t\t\t\t\t\t\t\t<img decoding=\"async\" src=\"https:\/\/vfmsfoundation.org\/wp-content\/uploads\/2024\/04\/sesamo.jpg\" title=\"Fuster &#038; S\u00e9samo\" alt=\"Fuster &amp; S\u00e9samo\" loading=\"lazy\" \/>\t\t\t\t\t\t\t\t\t\t\t\t\t<\/div>\n\t\t\t\t<\/div>\n\t\t\t\t<div class=\"elementor-element elementor-element-1ee96aba elementor-widget elementor-widget-text-editor\" data-id=\"1ee96aba\" data-element_type=\"widget\" data-widget_type=\"text-editor.default\">\n\t\t\t\t<div class=\"elementor-widget-container\">\n\t\t\t\t\t\t\t<\/p>\n<p>Barrio S\u00e9samo va a recibir a un nuevo personaje, el Dr. Valent\u00edn Ruster. El Dr. Ruster est\u00e1 inspirado en el Director del Mount Sinai Heart Center de la ciudad de Nueva York, el Dr. Valent\u00edn Fuster.<\/p>\n<p>El Dr. Fuster, nacido en Barcelona, fue presidente de la American Heart Association y la World Heart Foundation. Como Presidente del Comit\u00e9 para la prevenci\u00f3n de la epidemia global de la enfermedad cardiovascular del Instituto de Medicina (IOM, por sus siglas en ingl\u00e9s), es un destacado defensor de la salud cardiovascular en todo el mundo.<\/p>\n<p>Puede que el Dr. Ruster de Barrio S\u00e9samo no tenga tanto \u00e9xito como su inspiraci\u00f3n de la vida real, pero dedica los mismos esfuerzos a ayudar a mantener los corazones sanos. En palabras del propio mu\u00f1eco, \u00abHe dedicado mi vida a este \u00f3rgano milagroso, hermoso\u2026 \u00a1el coraz\u00f3n! Mi coraz\u00f3n salta de alegr\u00eda con la oportunidad de pasar tiempo con mis amigos peludos de Barrio S\u00e9samo.Nos encanta hacer ejercicio y comer frutas y verduras deliciosas juntos. Pero, sobre todo, me encanta hablar con mis amigos para ayudarles a llegar al coraz\u00f3n de cualquier asunto\u00bb.<\/p>\n<p>El Dr. Fuster, que colabor\u00f3 por primera vez con Sesame Workshop en 2006 para promover la salud cardiovascular en Colombia, act\u00faa como asesor internacional en la Iniciativa de Salud Global de Sesame Workshop. Las enfermedades cardiovasculares son la principal causa de mortalidad en todo el mundo, y el objetivo de la iniciativa es medir las mejoras de salud en los ni\u00f1os y establecer asociaciones globales para abordar sus problemas cr\u00edticos de salud. Muchos estudios muestran que la obesidad infantil conduce a enfermedades cardiovasculares a trav\u00e9s de un aumento de los factores de riesgo de enfermedad cardiovascular como la hipertensi\u00f3n y el colesterol elevado. En 2010, el n\u00famero de ni\u00f1os menores de cinco a\u00f1os con sobrepeso en todo el mundo se estim\u00f3 en m\u00e1s de 42 millones.<\/p>\n\t\t\t\t\t\t<\/div>\n\t\t\t\t<\/div>\n\t\t\t\t\t<\/div>\n\t\t<\/div>\n\t\t\t\t\t<\/div>\n\t\t<\/section>\n\t\t\t\t<\/div>\n\t\t","protected":false},"excerpt":{"rendered":"<p>SESAME ST. WORKSHOP \u00abBARRIO S\u00c9SAMO TIENE MUCHOS DATOS QUE INDICAN QUE NUESTRA CONDUCTA COMO ADULTOS COMIENZA EN LA EDAD DE 3 A 6 A\u00d1OS. DE SER AS\u00cd, \u00bfQU\u00c9 PUEDE SER M\u00c1S F\u00c1CIL PARA ENSE\u00d1AR SOBRE LA SALUD QUE DECIR A ESTOS NI\u00d1OS: LA SALUD DEBE SER UNA PRIORIDAD EN VUESTRA VIDA?\u201d Dr. Valent\u00edn Fuster La [&hellip;]<\/p>\n","protected":false},"author":1,"featured_media":0,"parent":0,"menu_order":0,"comment_status":"closed","ping_status":"closed","template":"","meta":{"site-sidebar-layout":"no-sidebar","site-content-layout":"page-builder","ast-site-content-layout":"full-width-container","site-content-style":"default","site-sidebar-style":"default","ast-global-header-display":"","ast-banner-title-visibility":"","ast-main-header-display":"","ast-hfb-above-header-display":"","ast-hfb-below-header-display":"","ast-hfb-mobile-header-display":"","site-post-title":"disabled","ast-breadcrumbs-content":"","ast-featured-img":"disabled","footer-sml-layout":"","theme-transparent-header-meta":"default","adv-header-id-meta":"","stick-header-meta":"default","header-above-stick-meta":"","header-main-stick-meta":"","header-below-stick-meta":"","astra-migrate-meta-layouts":"default","ast-page-background-enabled":"default","ast-page-background-meta":{"desktop":{"background-color":"var(--ast-global-color-4)","background-image":"","background-repeat":"repeat","background-position":"center center","background-size":"auto","background-attachment":"scroll","background-type":"","background-media":"","overlay-type":"","overlay-color":"","overlay-opacity":"","overlay-gradient":""},"tablet":{"background-color":"","background-image":"","background-repeat":"repeat","background-position":"center center","background-size":"auto","background-attachment":"scroll","background-type":"","background-media":"","overlay-type":"","overlay-color":"","overlay-opacity":"","overlay-gradient":""},"mobile":{"background-color":"","background-image":"","background-repeat":"repeat","background-position":"center center","background-size":"auto","background-attachment":"scroll","background-type":"","background-media":"","overlay-type":"","overlay-color":"","overlay-opacity":"","overlay-gradient":""}},"ast-content-background-meta":{"desktop":{"background-color":"var(--ast-global-color-5)","background-image":"","background-repeat":"repeat","background-position":"center center","background-size":"auto","background-attachment":"scroll","background-type":"","background-media":"","overlay-type":"","overlay-color":"","overlay-opacity":"","overlay-gradient":""},"tablet":{"background-color":"var(--ast-global-color-5)","background-image":"","background-repeat":"repeat","background-position":"center center","background-size":"auto","background-attachment":"scroll","background-type":"","background-media":"","overlay-type":"","overlay-color":"","overlay-opacity":"","overlay-gradient":""},"mobile":{"background-color":"var(--ast-global-color-5)","background-image":"","background-repeat":"repeat","background-position":"center center","background-size":"auto","background-attachment":"scroll","background-type":"","background-media":"","overlay-type":"","overlay-color":"","overlay-opacity":"","overlay-gradient":""}},"footnotes":""},"class_list":["post-3304","page","type-page","status-publish","hentry"],"yoast_head":"<!-- This site is optimized with the Yoast SEO plugin v23.5 - https:\/\/yoast.com\/wordpress\/plugins\/seo\/ -->\n<title>Taller de Barrio S\u00e9samo en VFMS: Participe - VFMS Foundation<\/title>\n<meta name=\"description\" content=\"\u00danase a la iniciativa Taller de Barrio S\u00e9samo en VFMS y marque la diferencia. Aprenda c\u00f3mo puede involucrarse y contribuir a programas educativos que beneficien a los ni\u00f1os. \u00a1Ay\u00fadanos a crear un futuro mejor a trav\u00e9s del aprendizaje y la diversi\u00f3n!\" \/>\n<meta name=\"robots\" content=\"index, follow, max-snippet:-1, max-image-preview:large, max-video-preview:-1\" \/>\n<link rel=\"canonical\" href=\"https:\/\/vfmsfoundation.org\/es\/sesame-st-workshop\/\" \/>\n<meta property=\"og:locale\" content=\"es_ES\" \/>\n<meta property=\"og:type\" content=\"article\" \/>\n<meta property=\"og:title\" content=\"Taller de Barrio S\u00e9samo en VFMS: Participe - VFMS Foundation\" \/>\n<meta property=\"og:description\" content=\"\u00danase a la iniciativa Taller de Barrio S\u00e9samo en VFMS y marque la diferencia. Aprenda c\u00f3mo puede involucrarse y contribuir a programas educativos que beneficien a los ni\u00f1os. \u00a1Ay\u00fadanos a crear un futuro mejor a trav\u00e9s del aprendizaje y la diversi\u00f3n!\" \/>\n<meta property=\"og:url\" content=\"https:\/\/vfmsfoundation.org\/es\/sesame-st-workshop\/\" \/>\n<meta property=\"og:site_name\" content=\"VFMS Foundation\" \/>\n<meta property=\"article:modified_time\" content=\"2024-05-03T12:00:55+00:00\" \/>\n<meta property=\"og:image\" content=\"https:\/\/vfmsfoundation.org\/wp-content\/uploads\/2024\/04\/SESAME.jpg\" \/>\n<meta name=\"twitter:card\" content=\"summary_large_image\" \/>\n<meta name=\"twitter:label1\" content=\"Tiempo de lectura\" \/>\n\t<meta name=\"twitter:data1\" content=\"3 minutos\" \/>\n<script type=\"application\/ld+json\" class=\"yoast-schema-graph\">{\"@context\":\"https:\/\/schema.org\",\"@graph\":[{\"@type\":\"WebPage\",\"@id\":\"https:\/\/vfmsfoundation.org\/es\/sesame-st-workshop\/\",\"url\":\"https:\/\/vfmsfoundation.org\/es\/sesame-st-workshop\/\",\"name\":\"Taller de Barrio S\u00e9samo en VFMS: Participe - VFMS Foundation\",\"isPartOf\":{\"@id\":\"https:\/\/vfmsfoundation.org\/es\/#website\"},\"primaryImageOfPage\":{\"@id\":\"https:\/\/vfmsfoundation.org\/es\/sesame-st-workshop\/#primaryimage\"},\"image\":{\"@id\":\"https:\/\/vfmsfoundation.org\/es\/sesame-st-workshop\/#primaryimage\"},\"thumbnailUrl\":\"https:\/\/vfmsfoundation.org\/wp-content\/uploads\/2024\/04\/SESAME.jpg\",\"datePublished\":\"2024-03-27T11:42:59+00:00\",\"dateModified\":\"2024-05-03T12:00:55+00:00\",\"description\":\"\u00danase a la iniciativa Taller de Barrio S\u00e9samo en VFMS y marque la diferencia. Aprenda c\u00f3mo puede involucrarse y contribuir a programas educativos que beneficien a los ni\u00f1os. \u00a1Ay\u00fadanos a crear un futuro mejor a trav\u00e9s del aprendizaje y la diversi\u00f3n!\",\"breadcrumb\":{\"@id\":\"https:\/\/vfmsfoundation.org\/es\/sesame-st-workshop\/#breadcrumb\"},\"inLanguage\":\"es\",\"potentialAction\":[{\"@type\":\"ReadAction\",\"target\":[\"https:\/\/vfmsfoundation.org\/es\/sesame-st-workshop\/\"]}]},{\"@type\":\"ImageObject\",\"inLanguage\":\"es\",\"@id\":\"https:\/\/vfmsfoundation.org\/es\/sesame-st-workshop\/#primaryimage\",\"url\":\"https:\/\/vfmsfoundation.org\/wp-content\/uploads\/2024\/04\/SESAME.jpg\",\"contentUrl\":\"https:\/\/vfmsfoundation.org\/wp-content\/uploads\/2024\/04\/SESAME.jpg\"},{\"@type\":\"BreadcrumbList\",\"@id\":\"https:\/\/vfmsfoundation.org\/es\/sesame-st-workshop\/#breadcrumb\",\"itemListElement\":[{\"@type\":\"ListItem\",\"position\":1,\"name\":\"Portada\",\"item\":\"https:\/\/vfmsfoundation.org\/es\/\"},{\"@type\":\"ListItem\",\"position\":2,\"name\":\"SESAME ST. WORKSHOP\"}]},{\"@type\":\"WebSite\",\"@id\":\"https:\/\/vfmsfoundation.org\/es\/#website\",\"url\":\"https:\/\/vfmsfoundation.org\/es\/\",\"name\":\"VFMS Foundation\",\"description\":\"Discover how the Valentin Fuster Mount Sinai Foundation is making a difference in global health.\",\"publisher\":{\"@id\":\"https:\/\/vfmsfoundation.org\/es\/#organization\"},\"potentialAction\":[{\"@type\":\"SearchAction\",\"target\":{\"@type\":\"EntryPoint\",\"urlTemplate\":\"https:\/\/vfmsfoundation.org\/es\/?s={search_term_string}\"},\"query-input\":{\"@type\":\"PropertyValueSpecification\",\"valueRequired\":true,\"valueName\":\"search_term_string\"}}],\"inLanguage\":\"es\"},{\"@type\":\"Organization\",\"@id\":\"https:\/\/vfmsfoundation.org\/es\/#organization\",\"name\":\"VFMS Foundation\",\"url\":\"https:\/\/vfmsfoundation.org\/es\/\",\"logo\":{\"@type\":\"ImageObject\",\"inLanguage\":\"es\",\"@id\":\"https:\/\/vfmsfoundation.org\/es\/#\/schema\/logo\/image\/\",\"url\":\"https:\/\/vfmsfoundation.org\/wp-content\/uploads\/2022\/11\/logo-cor-anim_2-1.gif\",\"contentUrl\":\"https:\/\/vfmsfoundation.org\/wp-content\/uploads\/2022\/11\/logo-cor-anim_2-1.gif\",\"width\":660,\"height\":200,\"caption\":\"VFMS Foundation\"},\"image\":{\"@id\":\"https:\/\/vfmsfoundation.org\/es\/#\/schema\/logo\/image\/\"}}]}<\/script>\n<!-- \/ Yoast SEO plugin. -->","yoast_head_json":{"title":"Taller de Barrio S\u00e9samo en VFMS: Participe - VFMS Foundation","description":"\u00danase a la iniciativa Taller de Barrio S\u00e9samo en VFMS y marque la diferencia. Aprenda c\u00f3mo puede involucrarse y contribuir a programas educativos que beneficien a los ni\u00f1os. \u00a1Ay\u00fadanos a crear un futuro mejor a trav\u00e9s del aprendizaje y la diversi\u00f3n!","robots":{"index":"index","follow":"follow","max-snippet":"max-snippet:-1","max-image-preview":"max-image-preview:large","max-video-preview":"max-video-preview:-1"},"canonical":"https:\/\/vfmsfoundation.org\/es\/sesame-st-workshop\/","og_locale":"es_ES","og_type":"article","og_title":"Taller de Barrio S\u00e9samo en VFMS: Participe - VFMS Foundation","og_description":"\u00danase a la iniciativa Taller de Barrio S\u00e9samo en VFMS y marque la diferencia. Aprenda c\u00f3mo puede involucrarse y contribuir a programas educativos que beneficien a los ni\u00f1os. \u00a1Ay\u00fadanos a crear un futuro mejor a trav\u00e9s del aprendizaje y la diversi\u00f3n!","og_url":"https:\/\/vfmsfoundation.org\/es\/sesame-st-workshop\/","og_site_name":"VFMS Foundation","article_modified_time":"2024-05-03T12:00:55+00:00","og_image":[{"url":"https:\/\/vfmsfoundation.org\/wp-content\/uploads\/2024\/04\/SESAME.jpg"}],"twitter_card":"summary_large_image","twitter_misc":{"Tiempo de lectura":"3 minutos"},"schema":{"@context":"https:\/\/schema.org","@graph":[{"@type":"WebPage","@id":"https:\/\/vfmsfoundation.org\/es\/sesame-st-workshop\/","url":"https:\/\/vfmsfoundation.org\/es\/sesame-st-workshop\/","name":"Taller de Barrio S\u00e9samo en VFMS: Participe - VFMS Foundation","isPartOf":{"@id":"https:\/\/vfmsfoundation.org\/es\/#website"},"primaryImageOfPage":{"@id":"https:\/\/vfmsfoundation.org\/es\/sesame-st-workshop\/#primaryimage"},"image":{"@id":"https:\/\/vfmsfoundation.org\/es\/sesame-st-workshop\/#primaryimage"},"thumbnailUrl":"https:\/\/vfmsfoundation.org\/wp-content\/uploads\/2024\/04\/SESAME.jpg","datePublished":"2024-03-27T11:42:59+00:00","dateModified":"2024-05-03T12:00:55+00:00","description":"\u00danase a la iniciativa Taller de Barrio S\u00e9samo en VFMS y marque la diferencia. Aprenda c\u00f3mo puede involucrarse y contribuir a programas educativos que beneficien a los ni\u00f1os. \u00a1Ay\u00fadanos a crear un futuro mejor a trav\u00e9s del aprendizaje y la diversi\u00f3n!","breadcrumb":{"@id":"https:\/\/vfmsfoundation.org\/es\/sesame-st-workshop\/#breadcrumb"},"inLanguage":"es","potentialAction":[{"@type":"ReadAction","target":["https:\/\/vfmsfoundation.org\/es\/sesame-st-workshop\/"]}]},{"@type":"ImageObject","inLanguage":"es","@id":"https:\/\/vfmsfoundation.org\/es\/sesame-st-workshop\/#primaryimage","url":"https:\/\/vfmsfoundation.org\/wp-content\/uploads\/2024\/04\/SESAME.jpg","contentUrl":"https:\/\/vfmsfoundation.org\/wp-content\/uploads\/2024\/04\/SESAME.jpg"},{"@type":"BreadcrumbList","@id":"https:\/\/vfmsfoundation.org\/es\/sesame-st-workshop\/#breadcrumb","itemListElement":[{"@type":"ListItem","position":1,"name":"Portada","item":"https:\/\/vfmsfoundation.org\/es\/"},{"@type":"ListItem","position":2,"name":"SESAME ST. WORKSHOP"}]},{"@type":"WebSite","@id":"https:\/\/vfmsfoundation.org\/es\/#website","url":"https:\/\/vfmsfoundation.org\/es\/","name":"VFMS Foundation","description":"Discover how the Valentin Fuster Mount Sinai Foundation is making a difference in global health.","publisher":{"@id":"https:\/\/vfmsfoundation.org\/es\/#organization"},"potentialAction":[{"@type":"SearchAction","target":{"@type":"EntryPoint","urlTemplate":"https:\/\/vfmsfoundation.org\/es\/?s={search_term_string}"},"query-input":{"@type":"PropertyValueSpecification","valueRequired":true,"valueName":"search_term_string"}}],"inLanguage":"es"},{"@type":"Organization","@id":"https:\/\/vfmsfoundation.org\/es\/#organization","name":"VFMS Foundation","url":"https:\/\/vfmsfoundation.org\/es\/","logo":{"@type":"ImageObject","inLanguage":"es","@id":"https:\/\/vfmsfoundation.org\/es\/#\/schema\/logo\/image\/","url":"https:\/\/vfmsfoundation.org\/wp-content\/uploads\/2022\/11\/logo-cor-anim_2-1.gif","contentUrl":"https:\/\/vfmsfoundation.org\/wp-content\/uploads\/2022\/11\/logo-cor-anim_2-1.gif","width":660,"height":200,"caption":"VFMS Foundation"},"image":{"@id":"https:\/\/vfmsfoundation.org\/es\/#\/schema\/logo\/image\/"}}]}},"_links":{"self":[{"href":"https:\/\/vfmsfoundation.org\/es\/wp-json\/wp\/v2\/pages\/3304"}],"collection":[{"href":"https:\/\/vfmsfoundation.org\/es\/wp-json\/wp\/v2\/pages"}],"about":[{"href":"https:\/\/vfmsfoundation.org\/es\/wp-json\/wp\/v2\/types\/page"}],"author":[{"embeddable":true,"href":"https:\/\/vfmsfoundation.org\/es\/wp-json\/wp\/v2\/users\/1"}],"replies":[{"embeddable":true,"href":"https:\/\/vfmsfoundation.org\/es\/wp-json\/wp\/v2\/comments?post=3304"}],"version-history":[{"count":1,"href":"https:\/\/vfmsfoundation.org\/es\/wp-json\/wp\/v2\/pages\/3304\/revisions"}],"predecessor-version":[{"id":3305,"href":"https:\/\/vfmsfoundation.org\/es\/wp-json\/wp\/v2\/pages\/3304\/revisions\/3305"}],"wp:attachment":[{"href":"https:\/\/vfmsfoundation.org\/es\/wp-json\/wp\/v2\/media?parent=3304"}],"curies":[{"name":"wp","href":"https:\/\/api.w.org\/{rel}","templated":true}]}}