{"id":3307,"date":"2022-11-09T14:33:43","date_gmt":"2022-11-09T14:33:43","guid":{"rendered":"https:\/\/vfmsfoundation.org\/politica-de-privacidad\/"},"modified":"2024-05-03T12:05:31","modified_gmt":"2024-05-03T12:05:31","slug":"politica-de-privacidad","status":"publish","type":"page","link":"https:\/\/vfmsfoundation.org\/es\/politica-de-privacidad\/","title":{"rendered":"POL\u00cdTICA DE PRIVACIDAD"},"content":{"rendered":"\t\t<div data-elementor-type=\"wp-page\" data-elementor-id=\"3307\" class=\"elementor elementor-3307 elementor-14\" data-elementor-post-type=\"page\">\n\t\t\t\t\t\t<section class=\"elementor-section elementor-top-section elementor-element elementor-element-6741595b elementor-section-boxed elementor-section-height-default elementor-section-height-default\" data-id=\"6741595b\" data-element_type=\"section\">\n\t\t\t\t\t\t<div class=\"elementor-container elementor-column-gap-default\">\n\t\t\t\t\t<div class=\"elementor-column elementor-col-100 elementor-top-column elementor-element elementor-element-559c3b\" data-id=\"559c3b\" data-element_type=\"column\">\n\t\t\t<div class=\"elementor-widget-wrap elementor-element-populated\">\n\t\t\t\t\t\t<div class=\"elementor-element elementor-element-13fd985 elementor-widget elementor-widget-text-editor\" data-id=\"13fd985\" data-element_type=\"widget\" data-widget_type=\"text-editor.default\">\n\t\t\t\t<div class=\"elementor-widget-container\">\n\t\t\t\t\t\t\t<h1><strong>Pol\u00edtica de privacidad<\/strong><\/h1>\n<p><strong>VALENT\u00cdN FUSTER \u2013 MOUNT SINAI FOUNDATION FOR SCIENCE, HEALTH AND EMPOWERMENT, INC.<\/strong><\/p>\n<p><strong>Declaraci\u00f3n de Privacidad<\/strong><\/p>\n<p>Este sitio web (\u00abSitio\u00bb) es operado por VALENT\u00cdN FUSTER \u2013 MOUNT SINAI FOUNDATION FOR SCIENCE, HEALTH AND EMPOWERMENT, INC., sobre el cual puede obtener m\u00e1s informaci\u00f3n en nuestro Sitio. VALENT\u00cdN FUSTER \u2013 MOUNT SINAI FOUNDATION FOR SCIENCE, HEALTH AND EMPOWERMENT, INC., se compromete a proteger su privacidad. Esta Declaraci\u00f3n de Privacidad (\u00abDeclaraci\u00f3n\u00bb), que forma parte de nuestros T\u00e9rminos de Uso, rige nuestra recopilaci\u00f3n, uso, almacenamiento, uso compartido y protecci\u00f3n de su informaci\u00f3n. Al utilizar nuestro Sitio, usted acepta esta Declaraci\u00f3n Podemos modificar esta Declaraci\u00f3n en cualquier momento publicando una versi\u00f3n revisada en nuestro Sitio o, si lo determinamos apropiado, envi\u00e1ndole un correo electr\u00f3nico u otro aviso. Revise esta Declaraci\u00f3n de vez en cuando porque el uso continuado de nuestro Sitio despu\u00e9s de que se haya publicado una Declaraci\u00f3n modificada indica su consentimiento a la Declaraci\u00f3n.<\/p>\n<p>Puede utilizar nuestro Sitio para diferentes fines, como visitar nuestro portal de donantes (\u00abPortal de Donantes\u00bb) y apoyar a VALENT\u00cdN FUSTER \u2013 MOUNT SINAI FOUNDATION FOR SCIENCE, HEALTH AND EMPOWERMENT, INC., en particular.<\/p>\n<p><strong>Recopilaci\u00f3n y Uso de Informaci\u00f3n<\/strong><\/p>\n<p>VALENT\u00cdN FUSTER \u2013 MOUNT SINAI FOUNDATION FOR SCIENCE, HEALTH AND EMPOWERMENT, INC., recopila informaci\u00f3n de identificaci\u00f3n personal sobre usted (\u00abInformaci\u00f3n personal\u00bb) solo cuando usted nos la proporciona voluntariamente. La informaci\u00f3n personal puede incluir su nombre y direcci\u00f3n de correo electr\u00f3nico.<\/p>\n<p>Utilizaremos su Informaci\u00f3n personal para los fines para los que la proporciona, si no desea recibir m\u00e1s correos electr\u00f3nicos en el futuro puede enviar un correo electr\u00f3nico a carlos.peyra@mssm.edu.<\/p>\n<p>No vendemos, compartimos ni intercambiamos su Informaci\u00f3n personal con otras entidades y no enviamos correos en nombre de otras organizaciones<\/p>\n<p>Esta pol\u00edtica se aplica a toda la Informaci\u00f3n Personal, ya sea que la recopilemos en l\u00ednea o fuera de l\u00ednea.<\/p>\n<p>VALENT\u00cdN FUSTER \u2013 MOUNT SINAI FOUNDATION FOR SCIENCE, HEALTH AND EMPOWERMENT, INC., conservar\u00e1 su Informaci\u00f3n Personal durante el tiempo que sea necesario para prestar nuestros servicios o seg\u00fan lo exija la ley o la normativa.<\/p>\n\t\t\t\t\t\t<\/div>\n\t\t\t\t<\/div>\n\t\t\t\t\t<\/div>\n\t\t<\/div>\n\t\t\t\t\t<\/div>\n\t\t<\/section>\n\t\t\t\t<\/div>\n\t\t","protected":false},"excerpt":{"rendered":"<p>Pol\u00edtica de privacidad VALENT\u00cdN FUSTER \u2013 MOUNT SINAI FOUNDATION FOR SCIENCE, HEALTH AND EMPOWERMENT, INC. Declaraci\u00f3n de Privacidad Este sitio web (\u00abSitio\u00bb) es operado por VALENT\u00cdN FUSTER \u2013 MOUNT SINAI FOUNDATION FOR SCIENCE, HEALTH AND EMPOWERMENT, INC., sobre el cual puede obtener m\u00e1s informaci\u00f3n en nuestro Sitio. VALENT\u00cdN FUSTER \u2013 MOUNT SINAI FOUNDATION FOR SCIENCE, [&hellip;]<\/p>\n","protected":false},"author":1,"featured_media":0,"parent":0,"menu_order":22,"comment_status":"closed","ping_status":"closed","template":"elementor_header_footer","meta":{"site-sidebar-layout":"no-sidebar","site-content-layout":"page-builder","ast-site-content-layout":"full-width-container","site-content-style":"unboxed","site-sidebar-style":"unboxed","ast-global-header-display":"","ast-banner-title-visibility":"","ast-main-header-display":"","ast-hfb-above-header-display":"","ast-hfb-below-header-display":"","ast-hfb-mobile-header-display":"","site-post-title":"disabled","ast-breadcrumbs-content":"","ast-featured-img":"disabled","footer-sml-layout":"","theme-transparent-header-meta":"default","adv-header-id-meta":"","stick-header-meta":"default","header-above-stick-meta":"","header-main-stick-meta":"","header-below-stick-meta":"","astra-migrate-meta-layouts":"default","ast-page-background-enabled":"default","ast-page-background-meta":{"desktop":{"background-color":"var(--ast-global-color-4)","background-image":"","background-repeat":"repeat","background-position":"center center","background-size":"auto","background-attachment":"scroll","background-type":"","background-media":"","overlay-type":"","overlay-color":"","overlay-opacity":"","overlay-gradient":""},"tablet":{"background-color":"","background-image":"","background-repeat":"repeat","background-position":"center center","background-size":"auto","background-attachment":"scroll","background-type":"","background-media":"","overlay-type":"","overlay-color":"","overlay-opacity":"","overlay-gradient":""},"mobile":{"background-color":"","background-image":"","background-repeat":"repeat","background-position":"center center","background-size":"auto","background-attachment":"scroll","background-type":"","background-media":"","overlay-type":"","overlay-color":"","overlay-opacity":"","overlay-gradient":""}},"ast-content-background-meta":{"desktop":{"background-color":"var(--ast-global-color-5)","background-image":"","background-repeat":"repeat","background-position":"center center","background-size":"auto","background-attachment":"scroll","background-type":"","background-media":"","overlay-type":"","overlay-color":"","overlay-opacity":"","overlay-gradient":""},"tablet":{"background-color":"var(--ast-global-color-5)","background-image":"","background-repeat":"repeat","background-position":"center center","background-size":"auto","background-attachment":"scroll","background-type":"","background-media":"","overlay-type":"","overlay-color":"","overlay-opacity":"","overlay-gradient":""},"mobile":{"background-color":"var(--ast-global-color-5)","background-image":"","background-repeat":"repeat","background-position":"center center","background-size":"auto","background-attachment":"scroll","background-type":"","background-media":"","overlay-type":"","overlay-color":"","overlay-opacity":"","overlay-gradient":""}},"footnotes":""},"class_list":["post-3307","page","type-page","status-publish","hentry"],"yoast_head":"<!-- This site is optimized with the Yoast SEO plugin v23.5 - https:\/\/yoast.com\/wordpress\/plugins\/seo\/ -->\n<title>POL\u00cdTICA DE PRIVACIDAD - VFMS Foundation<\/title>\n<meta name=\"robots\" content=\"noindex, follow\" \/>\n<meta property=\"og:locale\" content=\"es_ES\" \/>\n<meta property=\"og:type\" content=\"article\" \/>\n<meta property=\"og:title\" content=\"POL\u00cdTICA DE PRIVACIDAD - VFMS Foundation\" \/>\n<meta property=\"og:description\" content=\"Pol\u00edtica de privacidad VALENT\u00cdN FUSTER \u2013 MOUNT SINAI FOUNDATION FOR SCIENCE, HEALTH AND EMPOWERMENT, INC. Declaraci\u00f3n de Privacidad Este sitio web (\u00abSitio\u00bb) es operado por VALENT\u00cdN FUSTER \u2013 MOUNT SINAI FOUNDATION FOR SCIENCE, HEALTH AND EMPOWERMENT, INC., sobre el cual puede obtener m\u00e1s informaci\u00f3n en nuestro Sitio. VALENT\u00cdN FUSTER \u2013 MOUNT SINAI FOUNDATION FOR SCIENCE, [&hellip;]\" \/>\n<meta property=\"og:url\" content=\"https:\/\/vfmsfoundation.org\/es\/politica-de-privacidad\/\" \/>\n<meta property=\"og:site_name\" content=\"VFMS Foundation\" \/>\n<meta property=\"article:modified_time\" content=\"2024-05-03T12:05:31+00:00\" \/>\n<meta name=\"twitter:card\" content=\"summary_large_image\" \/>\n<meta name=\"twitter:label1\" content=\"Tiempo de lectura\" \/>\n\t<meta name=\"twitter:data1\" content=\"2 minutos\" \/>\n<script type=\"application\/ld+json\" class=\"yoast-schema-graph\">{\"@context\":\"https:\/\/schema.org\",\"@graph\":[{\"@type\":\"WebPage\",\"@id\":\"https:\/\/vfmsfoundation.org\/es\/politica-de-privacidad\/\",\"url\":\"https:\/\/vfmsfoundation.org\/es\/politica-de-privacidad\/\",\"name\":\"POL\u00cdTICA DE PRIVACIDAD - VFMS Foundation\",\"isPartOf\":{\"@id\":\"https:\/\/vfmsfoundation.org\/es\/#website\"},\"datePublished\":\"2022-11-09T14:33:43+00:00\",\"dateModified\":\"2024-05-03T12:05:31+00:00\",\"breadcrumb\":{\"@id\":\"https:\/\/vfmsfoundation.org\/es\/politica-de-privacidad\/#breadcrumb\"},\"inLanguage\":\"es\",\"potentialAction\":[{\"@type\":\"ReadAction\",\"target\":[\"https:\/\/vfmsfoundation.org\/es\/politica-de-privacidad\/\"]}]},{\"@type\":\"BreadcrumbList\",\"@id\":\"https:\/\/vfmsfoundation.org\/es\/politica-de-privacidad\/#breadcrumb\",\"itemListElement\":[{\"@type\":\"ListItem\",\"position\":1,\"name\":\"Portada\",\"item\":\"https:\/\/vfmsfoundation.org\/es\/\"},{\"@type\":\"ListItem\",\"position\":2,\"name\":\"POL\u00cdTICA DE PRIVACIDAD\"}]},{\"@type\":\"WebSite\",\"@id\":\"https:\/\/vfmsfoundation.org\/es\/#website\",\"url\":\"https:\/\/vfmsfoundation.org\/es\/\",\"name\":\"VFMS Foundation\",\"description\":\"Discover how the Valentin Fuster Mount Sinai Foundation is making a difference in global health.\",\"publisher\":{\"@id\":\"https:\/\/vfmsfoundation.org\/es\/#organization\"},\"potentialAction\":[{\"@type\":\"SearchAction\",\"target\":{\"@type\":\"EntryPoint\",\"urlTemplate\":\"https:\/\/vfmsfoundation.org\/es\/?s={search_term_string}\"},\"query-input\":{\"@type\":\"PropertyValueSpecification\",\"valueRequired\":true,\"valueName\":\"search_term_string\"}}],\"inLanguage\":\"es\"},{\"@type\":\"Organization\",\"@id\":\"https:\/\/vfmsfoundation.org\/es\/#organization\",\"name\":\"VFMS Foundation\",\"url\":\"https:\/\/vfmsfoundation.org\/es\/\",\"logo\":{\"@type\":\"ImageObject\",\"inLanguage\":\"es\",\"@id\":\"https:\/\/vfmsfoundation.org\/es\/#\/schema\/logo\/image\/\",\"url\":\"https:\/\/vfmsfoundation.org\/wp-content\/uploads\/2022\/11\/logo-cor-anim_2-1.gif\",\"contentUrl\":\"https:\/\/vfmsfoundation.org\/wp-content\/uploads\/2022\/11\/logo-cor-anim_2-1.gif\",\"width\":660,\"height\":200,\"caption\":\"VFMS Foundation\"},\"image\":{\"@id\":\"https:\/\/vfmsfoundation.org\/es\/#\/schema\/logo\/image\/\"}}]}<\/script>\n<!-- \/ Yoast SEO plugin. -->","yoast_head_json":{"title":"POL\u00cdTICA DE PRIVACIDAD - VFMS Foundation","robots":{"index":"noindex","follow":"follow"},"og_locale":"es_ES","og_type":"article","og_title":"POL\u00cdTICA DE PRIVACIDAD - VFMS Foundation","og_description":"Pol\u00edtica de privacidad VALENT\u00cdN FUSTER \u2013 MOUNT SINAI FOUNDATION FOR SCIENCE, HEALTH AND EMPOWERMENT, INC. Declaraci\u00f3n de Privacidad Este sitio web (\u00abSitio\u00bb) es operado por VALENT\u00cdN FUSTER \u2013 MOUNT SINAI FOUNDATION FOR SCIENCE, HEALTH AND EMPOWERMENT, INC., sobre el cual puede obtener m\u00e1s informaci\u00f3n en nuestro Sitio. VALENT\u00cdN FUSTER \u2013 MOUNT SINAI FOUNDATION FOR SCIENCE, [&hellip;]","og_url":"https:\/\/vfmsfoundation.org\/es\/politica-de-privacidad\/","og_site_name":"VFMS Foundation","article_modified_time":"2024-05-03T12:05:31+00:00","twitter_card":"summary_large_image","twitter_misc":{"Tiempo de lectura":"2 minutos"},"schema":{"@context":"https:\/\/schema.org","@graph":[{"@type":"WebPage","@id":"https:\/\/vfmsfoundation.org\/es\/politica-de-privacidad\/","url":"https:\/\/vfmsfoundation.org\/es\/politica-de-privacidad\/","name":"POL\u00cdTICA DE PRIVACIDAD - VFMS Foundation","isPartOf":{"@id":"https:\/\/vfmsfoundation.org\/es\/#website"},"datePublished":"2022-11-09T14:33:43+00:00","dateModified":"2024-05-03T12:05:31+00:00","breadcrumb":{"@id":"https:\/\/vfmsfoundation.org\/es\/politica-de-privacidad\/#breadcrumb"},"inLanguage":"es","potentialAction":[{"@type":"ReadAction","target":["https:\/\/vfmsfoundation.org\/es\/politica-de-privacidad\/"]}]},{"@type":"BreadcrumbList","@id":"https:\/\/vfmsfoundation.org\/es\/politica-de-privacidad\/#breadcrumb","itemListElement":[{"@type":"ListItem","position":1,"name":"Portada","item":"https:\/\/vfmsfoundation.org\/es\/"},{"@type":"ListItem","position":2,"name":"POL\u00cdTICA DE PRIVACIDAD"}]},{"@type":"WebSite","@id":"https:\/\/vfmsfoundation.org\/es\/#website","url":"https:\/\/vfmsfoundation.org\/es\/","name":"VFMS Foundation","description":"Discover how the Valentin Fuster Mount Sinai Foundation is making a difference in global health.","publisher":{"@id":"https:\/\/vfmsfoundation.org\/es\/#organization"},"potentialAction":[{"@type":"SearchAction","target":{"@type":"EntryPoint","urlTemplate":"https:\/\/vfmsfoundation.org\/es\/?s={search_term_string}"},"query-input":{"@type":"PropertyValueSpecification","valueRequired":true,"valueName":"search_term_string"}}],"inLanguage":"es"},{"@type":"Organization","@id":"https:\/\/vfmsfoundation.org\/es\/#organization","name":"VFMS Foundation","url":"https:\/\/vfmsfoundation.org\/es\/","logo":{"@type":"ImageObject","inLanguage":"es","@id":"https:\/\/vfmsfoundation.org\/es\/#\/schema\/logo\/image\/","url":"https:\/\/vfmsfoundation.org\/wp-content\/uploads\/2022\/11\/logo-cor-anim_2-1.gif","contentUrl":"https:\/\/vfmsfoundation.org\/wp-content\/uploads\/2022\/11\/logo-cor-anim_2-1.gif","width":660,"height":200,"caption":"VFMS Foundation"},"image":{"@id":"https:\/\/vfmsfoundation.org\/es\/#\/schema\/logo\/image\/"}}]}},"_links":{"self":[{"href":"https:\/\/vfmsfoundation.org\/es\/wp-json\/wp\/v2\/pages\/3307"}],"collection":[{"href":"https:\/\/vfmsfoundation.org\/es\/wp-json\/wp\/v2\/pages"}],"about":[{"href":"https:\/\/vfmsfoundation.org\/es\/wp-json\/wp\/v2\/types\/page"}],"author":[{"embeddable":true,"href":"https:\/\/vfmsfoundation.org\/es\/wp-json\/wp\/v2\/users\/1"}],"replies":[{"embeddable":true,"href":"https:\/\/vfmsfoundation.org\/es\/wp-json\/wp\/v2\/comments?post=3307"}],"version-history":[{"count":1,"href":"https:\/\/vfmsfoundation.org\/es\/wp-json\/wp\/v2\/pages\/3307\/revisions"}],"predecessor-version":[{"id":3308,"href":"https:\/\/vfmsfoundation.org\/es\/wp-json\/wp\/v2\/pages\/3307\/revisions\/3308"}],"wp:attachment":[{"href":"https:\/\/vfmsfoundation.org\/es\/wp-json\/wp\/v2\/media?parent=3307"}],"curies":[{"name":"wp","href":"https:\/\/api.w.org\/{rel}","templated":true}]}}