{"id":3309,"date":"2022-11-09T14:33:15","date_gmt":"2022-11-09T14:33:15","guid":{"rendered":"https:\/\/vfmsfoundation.org\/politica-de-cookies\/"},"modified":"2024-05-03T12:11:25","modified_gmt":"2024-05-03T12:11:25","slug":"politica-de-cookies","status":"publish","type":"page","link":"https:\/\/vfmsfoundation.org\/es\/politica-de-cookies\/","title":{"rendered":"POL\u00cdTICA DE COOKIES"},"content":{"rendered":"\t\t<div data-elementor-type=\"wp-page\" data-elementor-id=\"3309\" class=\"elementor elementor-3309 elementor-12\" data-elementor-post-type=\"page\">\n\t\t\t\t\t\t<section class=\"elementor-section elementor-top-section elementor-element elementor-element-b4b85d6 elementor-section-boxed elementor-section-height-default elementor-section-height-default\" data-id=\"b4b85d6\" data-element_type=\"section\">\n\t\t\t\t\t\t<div class=\"elementor-container elementor-column-gap-default\">\n\t\t\t\t\t<div class=\"elementor-column elementor-col-100 elementor-top-column elementor-element elementor-element-36ac794\" data-id=\"36ac794\" data-element_type=\"column\">\n\t\t\t<div class=\"elementor-widget-wrap elementor-element-populated\">\n\t\t\t\t\t\t<div class=\"elementor-element elementor-element-8384154 elementor-widget elementor-widget-text-editor\" data-id=\"8384154\" data-element_type=\"widget\" data-widget_type=\"text-editor.default\">\n\t\t\t\t<div class=\"elementor-widget-container\">\n\t\t\t\t\t\t\t<h1><strong>Pol\u00edtica de cookies<\/strong><\/h1>\n<p>Uso de Cookies y Tecnolog\u00edas Similares<\/p>\n<p>COOKIES<\/p>\n<p>VALENT\u00cdN FUSTER \u2013 MOUNT SINAI FOUNDATION FOR SCIENCE, HEALTH AND EMPOWERMENT, INC., puede colocar peque\u00f1os archivos de datos, llamados \u00abcookies\u00bb, en su ordenador u otro dispositivo. Las cookies son una tecnolog\u00eda web est\u00e1ndar que nos permite almacenar y recuperar informaci\u00f3n de inicio de sesi\u00f3n en el sistema de un usuario. Estas cookies identifican autom\u00e1ticamente su navegador a nuestro servidor cada vez que interact\u00faa con un servicio proporcionado en los Servicios. Las cookies pueden almacenar sus preferencias a trav\u00e9s de una contrase\u00f1a que seleccione para acceder a un sitio web. Las cookies tambi\u00e9n nos ayudan a revisar los patrones de tr\u00e1fico del sitio web y a mejorar los Sitios web. La mayor\u00eda de los navegadores aceptan autom\u00e1ticamente las cookies, pero por lo general puede cambiar la configuraci\u00f3n de su navegador para evitar la aceptaci\u00f3n de cookies, aunque esto puede impedirle usar algunas de las funciones de los Servicios. Es importante tener en cuenta que la informaci\u00f3n recopilada a trav\u00e9s de las cookies no est\u00e1 vinculada a ninguna informaci\u00f3n de identificaci\u00f3n personal, puede bloquear o deshabilitar las cookies si as\u00ed lo desea.<\/p>\n<p>De vez en cuando, VALENT\u00cdN FUSTER \u2013 MOUNT SINAI FOUNDATION FOR SCIENCE, HEALTH AND EMPOWERMENT, INC., puede usar cookies y tecnolog\u00edas similares con el prop\u00f3sito de hacer que nuestro Sitio sea m\u00e1s f\u00e1cil de usar.<\/p>\n<p>Nuestro Sitio no est\u00e1 configurado actualmente para responder a se\u00f1ales de \u00abno rastrear\u00bb o mecanismos similares.<\/p>\n<p><strong>Compartir con Terceros<\/strong><\/p>\n<p>Podemos compartir su Informaci\u00f3n personal con empresas que nos ayudan a operar nuestro Sitio y proporcionar servicios (\u00abProveedores de Servicios\u00bb), incluidos alojamiento web, correo electr\u00f3nico y servicios de cumplimiento. Nuestros Proveedores de Servicios est\u00e1n obligados a mantener la confidencialidad de su Informaci\u00f3n Personal y a usarla solo para proporcionar los servicios solicitados.<\/p>\n<p>Nos reservamos el derecho, sin previo aviso, de divulgar y utilizar Informaci\u00f3n Personal y datos no personales en circunstancias especiales, incluso para hacer cumplir esta Declaraci\u00f3n de Privacidad u otros T\u00e9rminos, para proteger la propiedad o los derechos de VALENT\u00cdN FUSTER \u2013 MOUNT SINAI FOUNDATION FOR SCIENCE, HEALTH AND EMPOWERMENT, INC., u otra parte, para proteger la seguridad de cualquier persona, para protegerla contra el fraude y por otras razones que determinemos de buena fe que son necesarias, apropiadas o requeridas por la ley, el proceso legal, la aplicaci\u00f3n de la ley o las autoridades reguladoras. Si alguna vez nos fusionamos o consolidamos con otra organizaci\u00f3n, su Informaci\u00f3n personal puede ser compartida o transferida como parte de nuestros activos.<\/p>\n<p>Enlaces a Sitios de Terceros y Sitios de Redes Sociales<\/p>\n<p>Nuestro Sitio puede contener enlaces a otros sitios de terceros, incluidos nuestros Proveedores de Servicios (\u00abSitio de Terceros\u00bb). Le recomendamos que revise las declaraciones de privacidad y los t\u00e9rminos de uso de los Sitios de Terceros para que comprenda c\u00f3mo recopilan, utilizan y comparten informaci\u00f3n de identificaci\u00f3n personal.<\/p>\n<p>Podemos compartir contenido de sitios de redes sociales en nuestro Sitio. Usted es el \u00fanico responsable de cualquier contenido que distribuya posteriormente, que puede estar sujeto a las declaraciones de privacidad y los t\u00e9rminos de uso de los sitios de redes sociales.<\/p>\n<p><strong>Seguridad<\/strong><\/p>\n<p>Utilizamos cortafuegos, procedimientos de autenticaci\u00f3n y otros pasos razonables para mantener su Informaci\u00f3n personal de manera segura y para protegerla del acceso no autorizado.<\/p>\n<p>Ubicaci\u00f3n de los Servidores y Transferencia de Informaci\u00f3n Nuestros servidores est\u00e1n ubicados en Espa\u00f1a. Al utilizar nuestro Sitio o proporcionarnos su Informaci\u00f3n Personal, usted acepta esta transferencia y la recopilaci\u00f3n, almacenamiento, procesamiento y uso de su Informaci\u00f3n Personal. Al proporcionar su Informaci\u00f3n Personal en nuestro Sitio, usted acepta la transferencia de su Informaci\u00f3n Personal a estas ubicaciones y entidades.<\/p>\n<p><strong>Ni\u00f1os Menores De 13 A\u00f1os<\/strong><\/p>\n<p>No recopilamos intencionadamente informaci\u00f3n de identificaci\u00f3n personal sobre personas menores de 13 a\u00f1os Si usted es un padre o tutor legal que cree que hemos recopilado informaci\u00f3n de identificaci\u00f3n personal sobre su hijo menor de 13 a\u00f1os, env\u00edenos un correo a carlos.peyra@mssm.edupara que podamos eliminar la informaci\u00f3n.<\/p>\n<p><strong>Informaci\u00f3n de Contacto<\/strong><\/p>\n<p>VALENT\u00cdN FUSTER \u2013 MOUNT SINAI FOUNDATION FOR SCIENCE, HEALTH AND EMPOWERMENT, INC., agradece recibir sus preguntas o comentarios sobre esta Declaraci\u00f3n. P\u00f3ngase en contacto con nosotros en carlos.peyra@mssm.edu<\/p>\n\t\t\t\t\t\t<\/div>\n\t\t\t\t<\/div>\n\t\t\t\t\t<\/div>\n\t\t<\/div>\n\t\t\t\t\t<\/div>\n\t\t<\/section>\n\t\t\t\t<\/div>\n\t\t","protected":false},"excerpt":{"rendered":"<p>Pol\u00edtica de cookies Uso de Cookies y Tecnolog\u00edas Similares COOKIES VALENT\u00cdN FUSTER \u2013 MOUNT SINAI FOUNDATION FOR SCIENCE, HEALTH AND EMPOWERMENT, INC., puede colocar peque\u00f1os archivos de datos, llamados \u00abcookies\u00bb, en su ordenador u otro dispositivo. Las cookies son una tecnolog\u00eda web est\u00e1ndar que nos permite almacenar y recuperar informaci\u00f3n de inicio de sesi\u00f3n en [&hellip;]<\/p>\n","protected":false},"author":1,"featured_media":0,"parent":0,"menu_order":23,"comment_status":"closed","ping_status":"closed","template":"","meta":{"site-sidebar-layout":"no-sidebar","site-content-layout":"page-builder","ast-site-content-layout":"full-width-container","site-content-style":"unboxed","site-sidebar-style":"unboxed","ast-global-header-display":"","ast-banner-title-visibility":"","ast-main-header-display":"","ast-hfb-above-header-display":"","ast-hfb-below-header-display":"","ast-hfb-mobile-header-display":"","site-post-title":"disabled","ast-breadcrumbs-content":"","ast-featured-img":"disabled","footer-sml-layout":"","theme-transparent-header-meta":"default","adv-header-id-meta":"","stick-header-meta":"default","header-above-stick-meta":"","header-main-stick-meta":"","header-below-stick-meta":"","astra-migrate-meta-layouts":"default","ast-page-background-enabled":"default","ast-page-background-meta":{"desktop":{"background-color":"var(--ast-global-color-4)","background-image":"","background-repeat":"repeat","background-position":"center center","background-size":"auto","background-attachment":"scroll","background-type":"","background-media":"","overlay-type":"","overlay-color":"","overlay-opacity":"","overlay-gradient":""},"tablet":{"background-color":"","background-image":"","background-repeat":"repeat","background-position":"center center","background-size":"auto","background-attachment":"scroll","background-type":"","background-media":"","overlay-type":"","overlay-color":"","overlay-opacity":"","overlay-gradient":""},"mobile":{"background-color":"","background-image":"","background-repeat":"repeat","background-position":"center center","background-size":"auto","background-attachment":"scroll","background-type":"","background-media":"","overlay-type":"","overlay-color":"","overlay-opacity":"","overlay-gradient":""}},"ast-content-background-meta":{"desktop":{"background-color":"var(--ast-global-color-5)","background-image":"","background-repeat":"repeat","background-position":"center center","background-size":"auto","background-attachment":"scroll","background-type":"","background-media":"","overlay-type":"","overlay-color":"","overlay-opacity":"","overlay-gradient":""},"tablet":{"background-color":"var(--ast-global-color-5)","background-image":"","background-repeat":"repeat","background-position":"center center","background-size":"auto","background-attachment":"scroll","background-type":"","background-media":"","overlay-type":"","overlay-color":"","overlay-opacity":"","overlay-gradient":""},"mobile":{"background-color":"var(--ast-global-color-5)","background-image":"","background-repeat":"repeat","background-position":"center center","background-size":"auto","background-attachment":"scroll","background-type":"","background-media":"","overlay-type":"","overlay-color":"","overlay-opacity":"","overlay-gradient":""}},"footnotes":""},"class_list":["post-3309","page","type-page","status-publish","hentry"],"yoast_head":"<!-- This site is optimized with the Yoast SEO plugin v23.5 - https:\/\/yoast.com\/wordpress\/plugins\/seo\/ -->\n<title>POL\u00cdTICA DE COOKIES - VFMS Foundation<\/title>\n<meta name=\"robots\" content=\"noindex, follow\" \/>\n<meta property=\"og:locale\" content=\"es_ES\" \/>\n<meta property=\"og:type\" content=\"article\" \/>\n<meta property=\"og:title\" content=\"POL\u00cdTICA DE COOKIES - VFMS Foundation\" \/>\n<meta property=\"og:description\" content=\"Pol\u00edtica de cookies Uso de Cookies y Tecnolog\u00edas Similares COOKIES VALENT\u00cdN FUSTER \u2013 MOUNT SINAI FOUNDATION FOR SCIENCE, HEALTH AND EMPOWERMENT, INC., puede colocar peque\u00f1os archivos de datos, llamados \u00abcookies\u00bb, en su ordenador u otro dispositivo. Las cookies son una tecnolog\u00eda web est\u00e1ndar que nos permite almacenar y recuperar informaci\u00f3n de inicio de sesi\u00f3n en [&hellip;]\" \/>\n<meta property=\"og:url\" content=\"https:\/\/vfmsfoundation.org\/es\/politica-de-cookies\/\" \/>\n<meta property=\"og:site_name\" content=\"VFMS Foundation\" \/>\n<meta property=\"article:modified_time\" content=\"2024-05-03T12:11:25+00:00\" \/>\n<meta name=\"twitter:card\" content=\"summary_large_image\" \/>\n<meta name=\"twitter:label1\" content=\"Tiempo de lectura\" \/>\n\t<meta name=\"twitter:data1\" content=\"4 minutos\" \/>\n<script type=\"application\/ld+json\" class=\"yoast-schema-graph\">{\"@context\":\"https:\/\/schema.org\",\"@graph\":[{\"@type\":\"WebPage\",\"@id\":\"https:\/\/vfmsfoundation.org\/es\/politica-de-cookies\/\",\"url\":\"https:\/\/vfmsfoundation.org\/es\/politica-de-cookies\/\",\"name\":\"POL\u00cdTICA DE COOKIES - VFMS Foundation\",\"isPartOf\":{\"@id\":\"https:\/\/vfmsfoundation.org\/es\/#website\"},\"datePublished\":\"2022-11-09T14:33:15+00:00\",\"dateModified\":\"2024-05-03T12:11:25+00:00\",\"breadcrumb\":{\"@id\":\"https:\/\/vfmsfoundation.org\/es\/politica-de-cookies\/#breadcrumb\"},\"inLanguage\":\"es\",\"potentialAction\":[{\"@type\":\"ReadAction\",\"target\":[\"https:\/\/vfmsfoundation.org\/es\/politica-de-cookies\/\"]}]},{\"@type\":\"BreadcrumbList\",\"@id\":\"https:\/\/vfmsfoundation.org\/es\/politica-de-cookies\/#breadcrumb\",\"itemListElement\":[{\"@type\":\"ListItem\",\"position\":1,\"name\":\"Portada\",\"item\":\"https:\/\/vfmsfoundation.org\/es\/\"},{\"@type\":\"ListItem\",\"position\":2,\"name\":\"POL\u00cdTICA DE COOKIES\"}]},{\"@type\":\"WebSite\",\"@id\":\"https:\/\/vfmsfoundation.org\/es\/#website\",\"url\":\"https:\/\/vfmsfoundation.org\/es\/\",\"name\":\"VFMS Foundation\",\"description\":\"Discover how the Valentin Fuster Mount Sinai Foundation is making a difference in global health.\",\"publisher\":{\"@id\":\"https:\/\/vfmsfoundation.org\/es\/#organization\"},\"potentialAction\":[{\"@type\":\"SearchAction\",\"target\":{\"@type\":\"EntryPoint\",\"urlTemplate\":\"https:\/\/vfmsfoundation.org\/es\/?s={search_term_string}\"},\"query-input\":{\"@type\":\"PropertyValueSpecification\",\"valueRequired\":true,\"valueName\":\"search_term_string\"}}],\"inLanguage\":\"es\"},{\"@type\":\"Organization\",\"@id\":\"https:\/\/vfmsfoundation.org\/es\/#organization\",\"name\":\"VFMS Foundation\",\"url\":\"https:\/\/vfmsfoundation.org\/es\/\",\"logo\":{\"@type\":\"ImageObject\",\"inLanguage\":\"es\",\"@id\":\"https:\/\/vfmsfoundation.org\/es\/#\/schema\/logo\/image\/\",\"url\":\"https:\/\/vfmsfoundation.org\/wp-content\/uploads\/2026\/04\/vfms-logo-cor.webp\",\"contentUrl\":\"https:\/\/vfmsfoundation.org\/wp-content\/uploads\/2026\/04\/vfms-logo-cor.webp\",\"width\":1280,\"height\":423,\"caption\":\"VFMS Foundation\"},\"image\":{\"@id\":\"https:\/\/vfmsfoundation.org\/es\/#\/schema\/logo\/image\/\"}}]}<\/script>\n<!-- \/ Yoast SEO plugin. -->","yoast_head_json":{"title":"POL\u00cdTICA DE COOKIES - VFMS Foundation","robots":{"index":"noindex","follow":"follow"},"og_locale":"es_ES","og_type":"article","og_title":"POL\u00cdTICA DE COOKIES - VFMS Foundation","og_description":"Pol\u00edtica de cookies Uso de Cookies y Tecnolog\u00edas Similares COOKIES VALENT\u00cdN FUSTER \u2013 MOUNT SINAI FOUNDATION FOR SCIENCE, HEALTH AND EMPOWERMENT, INC., puede colocar peque\u00f1os archivos de datos, llamados \u00abcookies\u00bb, en su ordenador u otro dispositivo. Las cookies son una tecnolog\u00eda web est\u00e1ndar que nos permite almacenar y recuperar informaci\u00f3n de inicio de sesi\u00f3n en [&hellip;]","og_url":"https:\/\/vfmsfoundation.org\/es\/politica-de-cookies\/","og_site_name":"VFMS Foundation","article_modified_time":"2024-05-03T12:11:25+00:00","twitter_card":"summary_large_image","twitter_misc":{"Tiempo de lectura":"4 minutos"},"schema":{"@context":"https:\/\/schema.org","@graph":[{"@type":"WebPage","@id":"https:\/\/vfmsfoundation.org\/es\/politica-de-cookies\/","url":"https:\/\/vfmsfoundation.org\/es\/politica-de-cookies\/","name":"POL\u00cdTICA DE COOKIES - VFMS Foundation","isPartOf":{"@id":"https:\/\/vfmsfoundation.org\/es\/#website"},"datePublished":"2022-11-09T14:33:15+00:00","dateModified":"2024-05-03T12:11:25+00:00","breadcrumb":{"@id":"https:\/\/vfmsfoundation.org\/es\/politica-de-cookies\/#breadcrumb"},"inLanguage":"es","potentialAction":[{"@type":"ReadAction","target":["https:\/\/vfmsfoundation.org\/es\/politica-de-cookies\/"]}]},{"@type":"BreadcrumbList","@id":"https:\/\/vfmsfoundation.org\/es\/politica-de-cookies\/#breadcrumb","itemListElement":[{"@type":"ListItem","position":1,"name":"Portada","item":"https:\/\/vfmsfoundation.org\/es\/"},{"@type":"ListItem","position":2,"name":"POL\u00cdTICA DE COOKIES"}]},{"@type":"WebSite","@id":"https:\/\/vfmsfoundation.org\/es\/#website","url":"https:\/\/vfmsfoundation.org\/es\/","name":"VFMS Foundation","description":"Discover how the Valentin Fuster Mount Sinai Foundation is making a difference in global health.","publisher":{"@id":"https:\/\/vfmsfoundation.org\/es\/#organization"},"potentialAction":[{"@type":"SearchAction","target":{"@type":"EntryPoint","urlTemplate":"https:\/\/vfmsfoundation.org\/es\/?s={search_term_string}"},"query-input":{"@type":"PropertyValueSpecification","valueRequired":true,"valueName":"search_term_string"}}],"inLanguage":"es"},{"@type":"Organization","@id":"https:\/\/vfmsfoundation.org\/es\/#organization","name":"VFMS Foundation","url":"https:\/\/vfmsfoundation.org\/es\/","logo":{"@type":"ImageObject","inLanguage":"es","@id":"https:\/\/vfmsfoundation.org\/es\/#\/schema\/logo\/image\/","url":"https:\/\/vfmsfoundation.org\/wp-content\/uploads\/2026\/04\/vfms-logo-cor.webp","contentUrl":"https:\/\/vfmsfoundation.org\/wp-content\/uploads\/2026\/04\/vfms-logo-cor.webp","width":1280,"height":423,"caption":"VFMS Foundation"},"image":{"@id":"https:\/\/vfmsfoundation.org\/es\/#\/schema\/logo\/image\/"}}]}},"_links":{"self":[{"href":"https:\/\/vfmsfoundation.org\/es\/wp-json\/wp\/v2\/pages\/3309"}],"collection":[{"href":"https:\/\/vfmsfoundation.org\/es\/wp-json\/wp\/v2\/pages"}],"about":[{"href":"https:\/\/vfmsfoundation.org\/es\/wp-json\/wp\/v2\/types\/page"}],"author":[{"embeddable":true,"href":"https:\/\/vfmsfoundation.org\/es\/wp-json\/wp\/v2\/users\/1"}],"replies":[{"embeddable":true,"href":"https:\/\/vfmsfoundation.org\/es\/wp-json\/wp\/v2\/comments?post=3309"}],"version-history":[{"count":1,"href":"https:\/\/vfmsfoundation.org\/es\/wp-json\/wp\/v2\/pages\/3309\/revisions"}],"predecessor-version":[{"id":3310,"href":"https:\/\/vfmsfoundation.org\/es\/wp-json\/wp\/v2\/pages\/3309\/revisions\/3310"}],"wp:attachment":[{"href":"https:\/\/vfmsfoundation.org\/es\/wp-json\/wp\/v2\/media?parent=3309"}],"curies":[{"name":"wp","href":"https:\/\/api.w.org\/{rel}","templated":true}]}}