{"id":3311,"date":"2022-11-09T14:20:31","date_gmt":"2022-11-09T14:20:31","guid":{"rendered":"https:\/\/vfmsfoundation.org\/aviso-legal\/"},"modified":"2024-05-03T12:30:55","modified_gmt":"2024-05-03T12:30:55","slug":"aviso-legal","status":"publish","type":"page","link":"https:\/\/vfmsfoundation.org\/es\/aviso-legal\/","title":{"rendered":"AVISO LEGAL"},"content":{"rendered":"\t\t<div data-elementor-type=\"wp-page\" data-elementor-id=\"3311\" class=\"elementor elementor-3311 elementor-2\" data-elementor-post-type=\"page\">\n\t\t\t\t\t\t<section class=\"elementor-section elementor-top-section elementor-element elementor-element-165c32e7 elementor-section-boxed elementor-section-height-default elementor-section-height-default\" data-id=\"165c32e7\" data-element_type=\"section\">\n\t\t\t\t\t\t<div class=\"elementor-container elementor-column-gap-default\">\n\t\t\t\t\t<div class=\"elementor-column elementor-col-100 elementor-top-column elementor-element elementor-element-59a04e46\" data-id=\"59a04e46\" data-element_type=\"column\">\n\t\t\t<div class=\"elementor-widget-wrap elementor-element-populated\">\n\t\t\t\t\t\t<div class=\"elementor-element elementor-element-654ce6b6 elementor-widget elementor-widget-text-editor\" data-id=\"654ce6b6\" data-element_type=\"widget\" data-widget_type=\"text-editor.default\">\n\t\t\t\t<div class=\"elementor-widget-container\">\n\t\t\t\t\t\t\t<h1><strong>Aviso legal<\/strong><\/h1>\n<p><strong>T\u00e9rminos y condiciones<\/strong><\/p>\n<p>Bienvenido a nuestro sitio web (\u00abSitio\u00bb) operado por VALENT\u00cdN FUSTER \u2013 MOUNT SINAI FOUNDATION FOR SCIENCE, HEALTH AND EMPOWERMENT, INC., (\u00abVFMSF\u00bb,\u00bb nosotros o\u00bb nuestro\u00bb). Estos t\u00e9rminos de uso (\u00abT\u00e9rminos\u00bb), que incluyen nuestra Declaraci\u00f3n de privacidad, rigen su uso de nuestro Sitio. Al utilizar nuestro Sitio, usted acepta estos T\u00e9rminos. Podemos modificar estos T\u00e9rminos en cualquier momento publicando una versi\u00f3n revisada en nuestro Sitio o, si lo determinamos apropiado, envi\u00e1ndole un correo electr\u00f3nico u otro aviso. Revise estos T\u00e9rminos de vez en cuando porque su uso continuado de nuestro Sitio despu\u00e9s de que se hayan publicado los T\u00e9rminos modificados indica su consentimiento a los T\u00e9rminos. Puede utilizar nuestro Sitio para diferentes fines, como visitar nuestro sitio portal de donantes(\u00abPortal de Donantes\u00bb), y otra informaci\u00f3n centrada en la investigaci\u00f3n b\u00e1sica y cl\u00ednica, aprender sobre la promoci\u00f3n de h\u00e1bitos saludables a trav\u00e9s de la comunicaci\u00f3n y la Educaci\u00f3n de la poblaci\u00f3n.<\/p>\n<p><strong>Copyright<\/strong><\/p>\n<p>El material de nuestro Sitio est\u00e1 protegido por derechos de autor. Salvo que se indique expresamente lo contrario en estos T\u00e9rminos o en nuestro Sitio, puede descargar art\u00edculos, podcasts y otra informaci\u00f3n publicada en nuestro Sitio (\u00abContenido del Sitio\u00bb) \u00fanicamente para su uso limitado, personal y no comercial, siempre que no altere el Contenido del Sitio ni elimine ninguna marca comercial, copyright u otros avisos que se muestren en el Contenido del Sitio. Si usted es un asesor profesional, puede descargar varias copias de materiales que se presentan como descargables \u00fanicamente para su investigaci\u00f3n y referencia (pero no para su redistribuci\u00f3n con fines comerciales o con cargos), siempre y cuando no altere el Contenido del Sitio ni elimine ninguna marca comercial, derechos de autor u otros avisos. Aparte de los usos expresamente permitidos, no puede reproducir, distribuir, crear trabajos derivados, mostrar p\u00fablicamente o ejecutar el Contenido del Sitio de ninguna manera, incluida la extracci\u00f3n de informaci\u00f3n o datos para su uso en una base de datos o cualquier otro prop\u00f3sito, sin el consentimiento previo por escrito de la VFMSF en cada caso. Si desea utilizar el Contenido del Sitio para cualquier otro prop\u00f3sito, env\u00ede su solicitud a carlos.peyra@mssm.edu<\/p>\n<p><strong>Marcas comerciales<\/strong><\/p>\n<p>Nuestro nombre y nuestras marcas comerciales y marcas de servicio, incluida la VALENT\u00cdN FUSTER \u2013 MOUNT SINAI FOUNDATION FOR SCIENCE, HEALTH AND EMPOWERMENT, INC., logotipos, esl\u00f3ganes y otros indicios de origen son propiedad de la VFMSF (colectivamente, \u00abNuestras marcas comerciales\u00bb). No puede usar Nuestras Marcas Comerciales sin el consentimiento previo por escrito de la VFMSF en cada caso, incluso de cualquier manera que implique que La VFMSF patrocina, respalda o es de otro modo la fuente o est\u00e1 afiliada a un producto, servicio, entidad o actividad o que pueda causar confusi\u00f3n entre el p\u00fablico.<\/p>\n<p><strong>Acceso al Contenido del Sitio<\/strong><\/p>\n<p>Puede acceder libremente a las \u00e1reas p\u00fablicas de nuestro Sitio.<\/p>\n<p>Nuestro Sitio est\u00e1 destinado a: (i) proporcionar al p\u00fablico informaci\u00f3n sobre programas de investigaci\u00f3n de salud cardiovascular (ii) permitir que los donantes hagan contribuciones.<\/p>\n<p>Usted declara y garantiza que toda la informaci\u00f3n que proporciona en nuestro Sitio es precisa y completa. Nos reservamos el derecho, a nuestra entera discreci\u00f3n, de suspender o cancelar el acceso a nuestro Sitio en cualquier momento si sospechamos que no ha cumplido con estos T\u00e9rminos o por otros motivos que determinemos de buena fe que son necesarios o apropiados, incluso si sospechamos que est\u00e1 utilizando o intentando utilizar nuestro Sitio de cualquier manera que viole estos T\u00e9rminos o cualquier ley o regulaci\u00f3n aplicable.<\/p>\n<p><strong>Otras Restricciones<\/strong><\/p>\n<p>Usted acepta no utilizar nuestro Sitio para ning\u00fan prop\u00f3sito que sea ilegal o est\u00e9 prohibido por estos T\u00e9rminos, incluido el intento o la realidad de: i) emprender o alentar una conducta que constituir\u00eda un delito penal o dar\u00eda lugar a responsabilidad civil o violar\u00eda cualquier ley o regulaci\u00f3n local, estatal, federal o internacional; (ii) interferir con el funcionamiento o la integridad del Sitio o eludir la seguridad del Sitio; (iii) imponer una carga irrazonable en la infraestructura del Sitio o infectar el Sitio con virus, gusanos u otros elementos maliciosos; (iv) acceder a cualquier \u00e1rea restringida del Sitio sin la autorizaci\u00f3n adecuada; (v) recopilar datos sobre otros usuarios o recopilar datos del Sitio para llenar bases de datos o para cualquier prop\u00f3sito; (vi) proporcionar informaci\u00f3n falsa o enga\u00f1osa; o (vii) cargar informaci\u00f3n o material ilegal, amenazante, enga\u00f1oso o falso que infrinja cualquier propiedad intelectual u otro derecho o que constituya publicidad no solicitada u otras formas de solicitud como \u00abspam\u00bb, \u00abcorreo basura\u00bb o \u00abesquemas piramidales\u00bb.\u201d<\/p>\n<p><strong>Enlaces, Marcos y Metaetiquetas<\/strong><\/p>\n<p>No puede enmarcar el contenido de su Sitio en ning\u00fan otro sitio web a menos que primero obtenga nuestro consentimiento previo por escrito en cada caso. No puede usar metaetiquetas ni ning\u00fan otro \u00abtexto oculto\u00bb que incorpore Nuestras Marcas Comerciales, o palabras que confunda a Nuestras Marcas Comerciales, sin nuestro consentimiento previo por escrito.<\/p>\n<p><strong>Sitios de Terceros<\/strong><\/p>\n<p>Nuestro Sitio puede incluir enlaces a sitios web controlados y mantenidos por terceros (\u00abSitios de terceros\u00bb).<\/p>\n<p>La VFMSF no es responsable de los Sitios de Terceros y proporcionar un enlace a un Sitio de Terceros o la capacidad de compartir contenido no significa que la VFMSF respalde el contenido, las actividades, las pol\u00edticas o las pr\u00e1cticas de ning\u00fan Sitio de Terceros. Cualquier informaci\u00f3n que comparta o las acciones que realice en Sitios de Terceros se rigen por los t\u00e9rminos de uso y las declaraciones de privacidad de los Sitios de Terceros aplicables, que debe revisar cuidadosamente. Por el presente, usted libera a VFMSF de cualquier reclamaci\u00f3n de cualquier naturaleza, conocida o desconocida, que pueda haber surgido de su uso de cualquier Sitio de Terceros.<\/p>\n<p><strong>Renuncias<\/strong><\/p>\n<p>nuestro sitio, servicios y contenido se ofrecen \u00abtal cual\u00bb y \u00abseg\u00fan disponibilidad\u00bb.\u00bben la medida m\u00e1xima permitida por la ley, renunciamos a todas las garant\u00edas expresas o impl\u00edcitas de cualquier tipo con respecto a nuestro sitio, servicios y contenido, incluida cualquier garant\u00eda de comerciabilidad, idoneidad para un prop\u00f3sito particular (incluso si el prop\u00f3sito nos ha sido revelado) y no infracci\u00f3n. no hacemos declaraciones ni garant\u00edas sobre la precisi\u00f3n, integridad, puntualidad o confiabilidad de ning\u00fan servicio o<\/p>\n<p>contenido disponible a trav\u00e9s de nuestro sitio (o a trav\u00e9s de enlaces a sitios de terceros), incluido que nuestro sitio, servicios o contenido ser\u00e1n ininterrumpidos o estar\u00e1n libres de errores. nos reservamos el derecho de corregir cualquier error, inexactitud u otros problemas relacionados con nuestro sitio, servicios y contenido. si conf\u00eda en nuestro sitio, servicios o contenido, lo hace bajo su propio riesgo.<\/p>\n<p>aunque tenemos la intenci\u00f3n de tomar medidas razonables para evitar la introducci\u00f3n de virus, gusanos u otros elementos da\u00f1inos en nuestro sitio, no garantizamos que nuestro sitio, servicios o contenido est\u00e9n libres de dichos elementos y vfmsf no es responsable de ning\u00fan da\u00f1o o perjuicio atribuible a ellos.<\/p>\n<p>usted reconoce que es responsable de crear, actualizar y almacenar cualquier copia de seguridad y copia de archivo de datos e informaci\u00f3n de la cuenta que sea necesaria en caso de cualquier fallo de la red inform\u00e1tica u otro sistema.<\/p>\n<p><strong>Limitaci\u00f3n de responsabilidad<\/strong><\/p>\n<p>Vfmsf y sus directores, funcionarios, empleados y agentes no son responsables de ninguna reclamaci\u00f3n de ninguna naturaleza basada en ninguna p\u00e9rdida, da\u00f1o, responsabilidad o lesi\u00f3n que surja de su uso de nuestro sitio, servicios o contenido o de su incumplimiento de estos t\u00e9rminos. bajo ninguna circunstancia, vfmsf o sus directores, funcionarios, empleados o agentes ser\u00e1n responsables de ning\u00fan da\u00f1o indirecto, incidental, consecuente, especial, punitivo, ejemplar o similar (incluida la p\u00e9rdida de ingresos o ganancias, p\u00e9rdida de negocios o p\u00e9rdida de datos) que surja de o est\u00e9 relacionado con su uso de nuestro sitio, servicios o contenido o estos t\u00e9rminos, independientemente de la teor\u00eda de la responsabilidad, ya sea por agravio (incluida negligencia), contrato o cualquier otra teor\u00eda legal o equitativa.<\/p>\n<p><strong>Sin Asesoramiento Legal, Fiscal o de Inversi\u00f3n<\/strong><\/p>\n<p>La informaci\u00f3n y el material disponible a trav\u00e9s de nuestro Sitio es \u00fanicamente para fines de conveniencia y educativos e informativos No constituye asesoramiento de inversi\u00f3n, financiero, fiscal, contable o legal y no debe confiarse en \u00e9l a ese respecto. Le sugerimos que consulte a un abogado, contable y \/ o asesor financiero para responder cualquier pregunta financiera o legal.<\/p>\n<p><strong>Indemnizaci\u00f3n<\/strong><\/p>\n<p>Usted acepta indemnizar y eximir de responsabilidad a VFMSF y a sus directores, funcionarios, empleados y agentes por todas las responsabilidades, p\u00e9rdidas, da\u00f1os y gastos (incluidos los honorarios razonables de abogados) en los que cualquiera de las partes indemnizadas pueda incurrir que surjan de o est\u00e9n relacionados con su uso de nuestro Sitio, servicios o contenido o su violaci\u00f3n de estos T\u00e9rminos. La VFMSF se reserva el derecho de asumir la defensa y el control exclusivos de cualquier asunto por el que tengamos derecho a indemnizaci\u00f3n. Usted acepta proporcionarnos toda la cooperaci\u00f3n que le solicitemos razonablemente.<\/p>\n<p><strong>Rescisi\u00f3n<\/strong><\/p>\n<p>Nos reservamos el derecho de rescindir estos T\u00e9rminos, nuestro Sitio y cualquier servicio o contenido ofrecido a trav\u00e9s de nuestro Sitio en cualquier momento sin previo aviso y por cualquier motivo. Las secciones\u00bb Renuncias de responsabilidad\u00bb,\u00bb Limitaci\u00f3n de Responsabilidad\u00bb,\u00bb Indemnizaci\u00f3n \u00aby\u00bb General \u00bb de estos T\u00e9rminos (junto con cualquier otra disposici\u00f3n que, seg\u00fan sus t\u00e9rminos, contemple la supervivencia) sobrevivir\u00e1n a cualquier terminaci\u00f3n.<\/p>\n<p><strong>General<\/strong><\/p>\n<p>Estos T\u00e9rminos, que incluyen la Declaraci\u00f3n de privacidad, son el acuerdo completo entre usted y VFMSF en relaci\u00f3n con el uso de nuestro Sitio, reemplazan todos los dem\u00e1s acuerdos (orales o escritos) entre usted y la VFMSF, excepto que, si firma un acuerdo de donante o un acuerdo de subvenci\u00f3n, estos T\u00e9rminos complementar\u00e1n ese acuerdo. Estos T\u00e9rminos se rigen y deben interpretarse de acuerdo con las leyes del Estado de Nueva York aplicables a los acuerdos celebrados y ejecutados en Nueva York, a menos que al hacerlo se apliquen las leyes de otra jurisdicci\u00f3n. Si decide acceder a nuestro Sitio desde jurisdicciones que no sean los Estados Unidos, lo hace bajo su propio riesgo y es responsable de cumplir con las leyes locales aplicables. Usted acepta irrevocablemente: (A) presentar cualquier reclamaci\u00f3n o disputa relacionada con su uso de nuestro Sitio y estos T\u00e9rminos exclusivamente en los tribunales estatales y federales ubicados en el Estado y Condado de Nueva York; (B) someterse a la jurisdicci\u00f3n exclusiva de esos tribunales; y (C) renunciar a cualquier objeci\u00f3n a esos tribunales basada en inconvenientes u otras razones. No puede ceder sus derechos en virtud de estos T\u00e9rminos sin el consentimiento previo por escrito de la VFMSF, y cualquier intento de cesi\u00f3n ser\u00e1 nulo y sin efecto. Si un tribunal de jurisdicci\u00f3n competente determina que cualquier disposici\u00f3n de estos T\u00e9rminos es inaplicable por cualquier motivo, dicha disposici\u00f3n se eliminar\u00e1 (o, si es posible, se modificar\u00e1 de una manera que refleje la intenci\u00f3n original lo m\u00e1s fielmente posible) y las disposiciones restantes ser\u00e1n aplicables en la medida m\u00e1xima permitida por la ley. El hecho de que una parte no haga valer alg\u00fan derecho en virtud de estos T\u00e9rminos no se considerar\u00e1 una renuncia al derecho de esa parte a menos que la renuncia se haga por escrito. El t\u00e9rmino \u00abincluyendo\u00bb en estos T\u00e9rminos tiene la intenci\u00f3n de ser ilustrativo y significa\u00bb incluyendo, sin limitaci\u00f3n.\u201d<\/p>\n<p><strong>Preguntas<\/strong><\/p>\n<p>Por favor, p\u00f3ngase en contacto con nosotros en el correo carlos.peyra@mssm.edu para cualquier pregunta que pueda tener sobre estos T\u00e9rminos.<\/p>\n\t\t\t\t\t\t<\/div>\n\t\t\t\t<\/div>\n\t\t\t\t\t<\/div>\n\t\t<\/div>\n\t\t\t\t\t<\/div>\n\t\t<\/section>\n\t\t\t\t<\/div>\n\t\t","protected":false},"excerpt":{"rendered":"<p>Aviso legal T\u00e9rminos y condiciones Bienvenido a nuestro sitio web (\u00abSitio\u00bb) operado por VALENT\u00cdN FUSTER \u2013 MOUNT SINAI FOUNDATION FOR SCIENCE, HEALTH AND EMPOWERMENT, INC., (\u00abVFMSF\u00bb,\u00bb nosotros o\u00bb nuestro\u00bb). Estos t\u00e9rminos de uso (\u00abT\u00e9rminos\u00bb), que incluyen nuestra Declaraci\u00f3n de privacidad, rigen su uso de nuestro Sitio. Al utilizar nuestro Sitio, usted acepta estos T\u00e9rminos. Podemos [&hellip;]<\/p>\n","protected":false},"author":1,"featured_media":0,"parent":0,"menu_order":24,"comment_status":"closed","ping_status":"closed","template":"elementor_header_footer","meta":{"site-sidebar-layout":"no-sidebar","site-content-layout":"page-builder","ast-site-content-layout":"full-width-container","site-content-style":"unboxed","site-sidebar-style":"unboxed","ast-global-header-display":"","ast-banner-title-visibility":"","ast-main-header-display":"","ast-hfb-above-header-display":"","ast-hfb-below-header-display":"","ast-hfb-mobile-header-display":"","site-post-title":"disabled","ast-breadcrumbs-content":"","ast-featured-img":"disabled","footer-sml-layout":"","theme-transparent-header-meta":"default","adv-header-id-meta":"","stick-header-meta":"default","header-above-stick-meta":"","header-main-stick-meta":"","header-below-stick-meta":"","astra-migrate-meta-layouts":"default","ast-page-background-enabled":"default","ast-page-background-meta":{"desktop":{"background-color":"var(--ast-global-color-4)","background-image":"","background-repeat":"repeat","background-position":"center center","background-size":"auto","background-attachment":"scroll","background-type":"","background-media":"","overlay-type":"","overlay-color":"","overlay-opacity":"","overlay-gradient":""},"tablet":{"background-color":"","background-image":"","background-repeat":"repeat","background-position":"center center","background-size":"auto","background-attachment":"scroll","background-type":"","background-media":"","overlay-type":"","overlay-color":"","overlay-opacity":"","overlay-gradient":""},"mobile":{"background-color":"","background-image":"","background-repeat":"repeat","background-position":"center center","background-size":"auto","background-attachment":"scroll","background-type":"","background-media":"","overlay-type":"","overlay-color":"","overlay-opacity":"","overlay-gradient":""}},"ast-content-background-meta":{"desktop":{"background-color":"var(--ast-global-color-5)","background-image":"","background-repeat":"repeat","background-position":"center center","background-size":"auto","background-attachment":"scroll","background-type":"","background-media":"","overlay-type":"","overlay-color":"","overlay-opacity":"","overlay-gradient":""},"tablet":{"background-color":"var(--ast-global-color-5)","background-image":"","background-repeat":"repeat","background-position":"center center","background-size":"auto","background-attachment":"scroll","background-type":"","background-media":"","overlay-type":"","overlay-color":"","overlay-opacity":"","overlay-gradient":""},"mobile":{"background-color":"var(--ast-global-color-5)","background-image":"","background-repeat":"repeat","background-position":"center center","background-size":"auto","background-attachment":"scroll","background-type":"","background-media":"","overlay-type":"","overlay-color":"","overlay-opacity":"","overlay-gradient":""}},"footnotes":""},"class_list":["post-3311","page","type-page","status-publish","hentry"],"yoast_head":"<!-- This site is optimized with the Yoast SEO plugin v23.5 - https:\/\/yoast.com\/wordpress\/plugins\/seo\/ -->\n<title>AVISO LEGAL - VFMS Foundation<\/title>\n<meta name=\"robots\" content=\"noindex, follow\" \/>\n<meta property=\"og:locale\" content=\"es_ES\" \/>\n<meta property=\"og:type\" content=\"article\" \/>\n<meta property=\"og:title\" content=\"AVISO LEGAL - VFMS Foundation\" \/>\n<meta property=\"og:description\" content=\"Aviso legal T\u00e9rminos y condiciones Bienvenido a nuestro sitio web (\u00abSitio\u00bb) operado por VALENT\u00cdN FUSTER \u2013 MOUNT SINAI FOUNDATION FOR SCIENCE, HEALTH AND EMPOWERMENT, INC., (\u00abVFMSF\u00bb,\u00bb nosotros o\u00bb nuestro\u00bb). Estos t\u00e9rminos de uso (\u00abT\u00e9rminos\u00bb), que incluyen nuestra Declaraci\u00f3n de privacidad, rigen su uso de nuestro Sitio. Al utilizar nuestro Sitio, usted acepta estos T\u00e9rminos. Podemos [&hellip;]\" \/>\n<meta property=\"og:url\" content=\"https:\/\/vfmsfoundation.org\/es\/aviso-legal\/\" \/>\n<meta property=\"og:site_name\" content=\"VFMS Foundation\" \/>\n<meta property=\"article:modified_time\" content=\"2024-05-03T12:30:55+00:00\" \/>\n<meta name=\"twitter:card\" content=\"summary_large_image\" \/>\n<meta name=\"twitter:label1\" content=\"Tiempo de lectura\" \/>\n\t<meta name=\"twitter:data1\" content=\"10 minutos\" \/>\n<script type=\"application\/ld+json\" class=\"yoast-schema-graph\">{\"@context\":\"https:\/\/schema.org\",\"@graph\":[{\"@type\":\"WebPage\",\"@id\":\"https:\/\/vfmsfoundation.org\/es\/aviso-legal\/\",\"url\":\"https:\/\/vfmsfoundation.org\/es\/aviso-legal\/\",\"name\":\"AVISO LEGAL - VFMS Foundation\",\"isPartOf\":{\"@id\":\"https:\/\/vfmsfoundation.org\/es\/#website\"},\"datePublished\":\"2022-11-09T14:20:31+00:00\",\"dateModified\":\"2024-05-03T12:30:55+00:00\",\"breadcrumb\":{\"@id\":\"https:\/\/vfmsfoundation.org\/es\/aviso-legal\/#breadcrumb\"},\"inLanguage\":\"es\",\"potentialAction\":[{\"@type\":\"ReadAction\",\"target\":[\"https:\/\/vfmsfoundation.org\/es\/aviso-legal\/\"]}]},{\"@type\":\"BreadcrumbList\",\"@id\":\"https:\/\/vfmsfoundation.org\/es\/aviso-legal\/#breadcrumb\",\"itemListElement\":[{\"@type\":\"ListItem\",\"position\":1,\"name\":\"Portada\",\"item\":\"https:\/\/vfmsfoundation.org\/es\/\"},{\"@type\":\"ListItem\",\"position\":2,\"name\":\"AVISO LEGAL\"}]},{\"@type\":\"WebSite\",\"@id\":\"https:\/\/vfmsfoundation.org\/es\/#website\",\"url\":\"https:\/\/vfmsfoundation.org\/es\/\",\"name\":\"VFMS Foundation\",\"description\":\"Discover how the Valentin Fuster Mount Sinai Foundation is making a difference in global health.\",\"publisher\":{\"@id\":\"https:\/\/vfmsfoundation.org\/es\/#organization\"},\"potentialAction\":[{\"@type\":\"SearchAction\",\"target\":{\"@type\":\"EntryPoint\",\"urlTemplate\":\"https:\/\/vfmsfoundation.org\/es\/?s={search_term_string}\"},\"query-input\":{\"@type\":\"PropertyValueSpecification\",\"valueRequired\":true,\"valueName\":\"search_term_string\"}}],\"inLanguage\":\"es\"},{\"@type\":\"Organization\",\"@id\":\"https:\/\/vfmsfoundation.org\/es\/#organization\",\"name\":\"VFMS Foundation\",\"url\":\"https:\/\/vfmsfoundation.org\/es\/\",\"logo\":{\"@type\":\"ImageObject\",\"inLanguage\":\"es\",\"@id\":\"https:\/\/vfmsfoundation.org\/es\/#\/schema\/logo\/image\/\",\"url\":\"https:\/\/vfmsfoundation.org\/wp-content\/uploads\/2022\/11\/logo-cor-anim_2-1.gif\",\"contentUrl\":\"https:\/\/vfmsfoundation.org\/wp-content\/uploads\/2022\/11\/logo-cor-anim_2-1.gif\",\"width\":660,\"height\":200,\"caption\":\"VFMS Foundation\"},\"image\":{\"@id\":\"https:\/\/vfmsfoundation.org\/es\/#\/schema\/logo\/image\/\"}}]}<\/script>\n<!-- \/ Yoast SEO plugin. -->","yoast_head_json":{"title":"AVISO LEGAL - VFMS Foundation","robots":{"index":"noindex","follow":"follow"},"og_locale":"es_ES","og_type":"article","og_title":"AVISO LEGAL - VFMS Foundation","og_description":"Aviso legal T\u00e9rminos y condiciones Bienvenido a nuestro sitio web (\u00abSitio\u00bb) operado por VALENT\u00cdN FUSTER \u2013 MOUNT SINAI FOUNDATION FOR SCIENCE, HEALTH AND EMPOWERMENT, INC., (\u00abVFMSF\u00bb,\u00bb nosotros o\u00bb nuestro\u00bb). Estos t\u00e9rminos de uso (\u00abT\u00e9rminos\u00bb), que incluyen nuestra Declaraci\u00f3n de privacidad, rigen su uso de nuestro Sitio. Al utilizar nuestro Sitio, usted acepta estos T\u00e9rminos. Podemos [&hellip;]","og_url":"https:\/\/vfmsfoundation.org\/es\/aviso-legal\/","og_site_name":"VFMS Foundation","article_modified_time":"2024-05-03T12:30:55+00:00","twitter_card":"summary_large_image","twitter_misc":{"Tiempo de lectura":"10 minutos"},"schema":{"@context":"https:\/\/schema.org","@graph":[{"@type":"WebPage","@id":"https:\/\/vfmsfoundation.org\/es\/aviso-legal\/","url":"https:\/\/vfmsfoundation.org\/es\/aviso-legal\/","name":"AVISO LEGAL - VFMS Foundation","isPartOf":{"@id":"https:\/\/vfmsfoundation.org\/es\/#website"},"datePublished":"2022-11-09T14:20:31+00:00","dateModified":"2024-05-03T12:30:55+00:00","breadcrumb":{"@id":"https:\/\/vfmsfoundation.org\/es\/aviso-legal\/#breadcrumb"},"inLanguage":"es","potentialAction":[{"@type":"ReadAction","target":["https:\/\/vfmsfoundation.org\/es\/aviso-legal\/"]}]},{"@type":"BreadcrumbList","@id":"https:\/\/vfmsfoundation.org\/es\/aviso-legal\/#breadcrumb","itemListElement":[{"@type":"ListItem","position":1,"name":"Portada","item":"https:\/\/vfmsfoundation.org\/es\/"},{"@type":"ListItem","position":2,"name":"AVISO LEGAL"}]},{"@type":"WebSite","@id":"https:\/\/vfmsfoundation.org\/es\/#website","url":"https:\/\/vfmsfoundation.org\/es\/","name":"VFMS Foundation","description":"Discover how the Valentin Fuster Mount Sinai Foundation is making a difference in global health.","publisher":{"@id":"https:\/\/vfmsfoundation.org\/es\/#organization"},"potentialAction":[{"@type":"SearchAction","target":{"@type":"EntryPoint","urlTemplate":"https:\/\/vfmsfoundation.org\/es\/?s={search_term_string}"},"query-input":{"@type":"PropertyValueSpecification","valueRequired":true,"valueName":"search_term_string"}}],"inLanguage":"es"},{"@type":"Organization","@id":"https:\/\/vfmsfoundation.org\/es\/#organization","name":"VFMS Foundation","url":"https:\/\/vfmsfoundation.org\/es\/","logo":{"@type":"ImageObject","inLanguage":"es","@id":"https:\/\/vfmsfoundation.org\/es\/#\/schema\/logo\/image\/","url":"https:\/\/vfmsfoundation.org\/wp-content\/uploads\/2022\/11\/logo-cor-anim_2-1.gif","contentUrl":"https:\/\/vfmsfoundation.org\/wp-content\/uploads\/2022\/11\/logo-cor-anim_2-1.gif","width":660,"height":200,"caption":"VFMS Foundation"},"image":{"@id":"https:\/\/vfmsfoundation.org\/es\/#\/schema\/logo\/image\/"}}]}},"_links":{"self":[{"href":"https:\/\/vfmsfoundation.org\/es\/wp-json\/wp\/v2\/pages\/3311"}],"collection":[{"href":"https:\/\/vfmsfoundation.org\/es\/wp-json\/wp\/v2\/pages"}],"about":[{"href":"https:\/\/vfmsfoundation.org\/es\/wp-json\/wp\/v2\/types\/page"}],"author":[{"embeddable":true,"href":"https:\/\/vfmsfoundation.org\/es\/wp-json\/wp\/v2\/users\/1"}],"replies":[{"embeddable":true,"href":"https:\/\/vfmsfoundation.org\/es\/wp-json\/wp\/v2\/comments?post=3311"}],"version-history":[{"count":1,"href":"https:\/\/vfmsfoundation.org\/es\/wp-json\/wp\/v2\/pages\/3311\/revisions"}],"predecessor-version":[{"id":3312,"href":"https:\/\/vfmsfoundation.org\/es\/wp-json\/wp\/v2\/pages\/3311\/revisions\/3312"}],"wp:attachment":[{"href":"https:\/\/vfmsfoundation.org\/es\/wp-json\/wp\/v2\/media?parent=3311"}],"curies":[{"name":"wp","href":"https:\/\/api.w.org\/{rel}","templated":true}]}}