{"id":3697,"date":"2026-04-24T08:44:16","date_gmt":"2026-04-24T08:44:16","guid":{"rendered":"https:\/\/vfmsfoundation.org\/?page_id=3697"},"modified":"2026-04-24T09:20:05","modified_gmt":"2026-04-24T09:20:05","slug":"the-fuster-heart-movement-un-modelo-de-tres-niveles-para-la-prevencion-cardiovascular-primordial","status":"publish","type":"page","link":"https:\/\/vfmsfoundation.org\/es\/the-fuster-heart-movement-un-modelo-de-tres-niveles-para-la-prevencion-cardiovascular-primordial\/","title":{"rendered":"The Fuster Heart Movement : Un modelo de tres niveles para la prevenci\u00f3n cardiovascular primordial"},"content":{"rendered":"\t\t<div data-elementor-type=\"wp-page\" data-elementor-id=\"3697\" class=\"elementor elementor-3697 elementor-3685\" data-elementor-post-type=\"page\">\n\t\t\t\t\t\t<section class=\"elementor-section elementor-top-section elementor-element elementor-element-10f2503 elementor-reverse-mobile elementor-section-content-middle elementor-section-boxed elementor-section-height-default elementor-section-height-default\" data-id=\"10f2503\" data-element_type=\"section\">\n\t\t\t\t\t\t<div class=\"elementor-container elementor-column-gap-default\">\n\t\t\t\t\t<div class=\"elementor-column elementor-col-50 elementor-top-column elementor-element elementor-element-6268dac\" data-id=\"6268dac\" data-element_type=\"column\">\n\t\t\t<div class=\"elementor-widget-wrap elementor-element-populated\">\n\t\t\t\t\t\t<div class=\"elementor-element elementor-element-b35e5db elementor-widget elementor-widget-heading\" data-id=\"b35e5db\" data-element_type=\"widget\" data-widget_type=\"heading.default\">\n\t\t\t\t<div class=\"elementor-widget-container\">\n\t\t\t<h1 class=\"elementor-heading-title elementor-size-default\">THE FUSTER HEART MOVEMENT:\nUn modelo de tres niveles para la prevenci\u00f3n cardiovascular primordial<\/h1>\t\t<\/div>\n\t\t\t\t<\/div>\n\t\t\t\t<div class=\"elementor-element elementor-element-e1ae452 elementor-widget elementor-widget-heading\" data-id=\"e1ae452\" data-element_type=\"widget\" data-widget_type=\"heading.default\">\n\t\t\t\t<div class=\"elementor-widget-container\">\n\t\t\t<h2 class=\"elementor-heading-title elementor-size-default\">El Fuster Heart Movement transforma la prevenci\u00f3n cardiovascular en una causa viva, cercana y colectiva, convirtiendo el cuidado del coraz\u00f3n en un movimiento que une generaciones, fortalece comunidades y protege el futuro.<\/h2>\t\t<\/div>\n\t\t\t\t<\/div>\n\t\t\t\t\t<\/div>\n\t\t<\/div>\n\t\t\t\t<div class=\"elementor-column elementor-col-50 elementor-top-column elementor-element elementor-element-23922a6\" data-id=\"23922a6\" data-element_type=\"column\">\n\t\t\t<div class=\"elementor-widget-wrap elementor-element-populated\">\n\t\t\t\t\t\t<div class=\"elementor-element elementor-element-6c62743 animated-slow elementor-invisible elementor-widget elementor-widget-image\" data-id=\"6c62743\" data-element_type=\"widget\" data-settings=\"{&quot;_animation&quot;:&quot;fadeIn&quot;}\" data-widget_type=\"image.default\">\n\t\t\t\t<div class=\"elementor-widget-container\">\n\t\t\t\t\t\t\t\t\t\t\t\t\t<img fetchpriority=\"high\" decoding=\"async\" width=\"1024\" height=\"445\" src=\"https:\/\/vfmsfoundation.org\/wp-content\/uploads\/2026\/04\/the-fuster-heart-movement-1024x445.webp\" class=\"attachment-large size-large wp-image-3688\" alt=\"the-fuster-heart-movement\" srcset=\"https:\/\/vfmsfoundation.org\/wp-content\/uploads\/2026\/04\/the-fuster-heart-movement-1024x445.webp 1024w, https:\/\/vfmsfoundation.org\/wp-content\/uploads\/2026\/04\/the-fuster-heart-movement-300x130.webp 300w, https:\/\/vfmsfoundation.org\/wp-content\/uploads\/2026\/04\/the-fuster-heart-movement-768x334.webp 768w, https:\/\/vfmsfoundation.org\/wp-content\/uploads\/2026\/04\/the-fuster-heart-movement.webp 1400w\" sizes=\"(max-width: 1024px) 100vw, 1024px\" \/>\t\t\t\t\t\t\t\t\t\t\t\t\t<\/div>\n\t\t\t\t<\/div>\n\t\t\t\t\t<\/div>\n\t\t<\/div>\n\t\t\t\t\t<\/div>\n\t\t<\/section>\n\t\t\t\t<section class=\"elementor-section elementor-top-section elementor-element elementor-element-ac8cff1 elementor-section-boxed elementor-section-height-default elementor-section-height-default\" data-id=\"ac8cff1\" data-element_type=\"section\">\n\t\t\t\t\t\t<div class=\"elementor-container elementor-column-gap-default\">\n\t\t\t\t\t<div class=\"elementor-column elementor-col-100 elementor-top-column elementor-element elementor-element-9fcd25f\" data-id=\"9fcd25f\" data-element_type=\"column\">\n\t\t\t<div class=\"elementor-widget-wrap elementor-element-populated\">\n\t\t\t\t\t\t<div class=\"elementor-element elementor-element-e795761 elementor-widget-divider--view-line elementor-widget elementor-widget-divider\" data-id=\"e795761\" data-element_type=\"widget\" data-widget_type=\"divider.default\">\n\t\t\t\t<div class=\"elementor-widget-container\">\n\t\t\t\t\t<div class=\"elementor-divider\">\n\t\t\t<span class=\"elementor-divider-separator\">\n\t\t\t\t\t\t<\/span>\n\t\t<\/div>\n\t\t\t\t<\/div>\n\t\t\t\t<\/div>\n\t\t\t\t\t<\/div>\n\t\t<\/div>\n\t\t\t\t\t<\/div>\n\t\t<\/section>\n\t\t\t\t<section class=\"elementor-section elementor-top-section elementor-element elementor-element-606cc83 elementor-section-boxed elementor-section-height-default elementor-section-height-default\" data-id=\"606cc83\" data-element_type=\"section\">\n\t\t\t\t\t\t<div class=\"elementor-container elementor-column-gap-default\">\n\t\t\t\t\t<div class=\"elementor-column elementor-col-100 elementor-top-column elementor-element elementor-element-f529367\" data-id=\"f529367\" data-element_type=\"column\">\n\t\t\t<div class=\"elementor-widget-wrap elementor-element-populated\">\n\t\t\t\t\t\t<div class=\"elementor-element elementor-element-2f1018f elementor-widget elementor-widget-text-editor\" data-id=\"2f1018f\" data-element_type=\"widget\" data-widget_type=\"text-editor.default\">\n\t\t\t\t<div class=\"elementor-widget-container\">\n\t\t\t\t\t\t\t<p>Este programa es una iniciativa integral y plurianual dise\u00f1ada para prevenir las enfermedades cardiovasculares desde sus or\u00edgenes m\u00e1s tempranos, combinando la formaci\u00f3n de profesionales sanitarios, la educaci\u00f3n digital centrada en la infancia y la implementaci\u00f3n a nivel comunitario. Operando a trav\u00e9s de tres niveles sin\u00e9rgicos, el modelo capacita a los profesionales cardiovasculares con conocimientos avanzados en prevenci\u00f3n primordial, ofrece educaci\u00f3n en salud atractiva a ni\u00f1os y familias, e integra estrategias de prevenci\u00f3n sostenibles en las comunidades locales.<\/p>\t\t\t\t\t\t<\/div>\n\t\t\t\t<\/div>\n\t\t\t\t\t<\/div>\n\t\t<\/div>\n\t\t\t\t\t<\/div>\n\t\t<\/section>\n\t\t\t\t<\/div>\n\t\t","protected":false},"excerpt":{"rendered":"<p>THE FUSTER HEART MOVEMENT: Un modelo de tres niveles para la prevenci\u00f3n cardiovascular primordial El Fuster Heart Movement transforma la prevenci\u00f3n cardiovascular en una causa viva, cercana y colectiva, convirtiendo el cuidado del coraz\u00f3n en un movimiento que une generaciones, fortalece comunidades y protege el futuro. Este programa es una iniciativa integral y plurianual dise\u00f1ada [&hellip;]<\/p>\n","protected":false},"author":4,"featured_media":0,"parent":0,"menu_order":0,"comment_status":"closed","ping_status":"closed","template":"","meta":{"site-sidebar-layout":"no-sidebar","site-content-layout":"page-builder","ast-site-content-layout":"full-width-container","site-content-style":"default","site-sidebar-style":"default","ast-global-header-display":"","ast-banner-title-visibility":"","ast-main-header-display":"","ast-hfb-above-header-display":"","ast-hfb-below-header-display":"","ast-hfb-mobile-header-display":"","site-post-title":"disabled","ast-breadcrumbs-content":"","ast-featured-img":"disabled","footer-sml-layout":"","theme-transparent-header-meta":"","adv-header-id-meta":"","stick-header-meta":"","header-above-stick-meta":"","header-main-stick-meta":"","header-below-stick-meta":"","astra-migrate-meta-layouts":"set","ast-page-background-enabled":"default","ast-page-background-meta":{"desktop":{"background-color":"var(--ast-global-color-4)","background-image":"","background-repeat":"repeat","background-position":"center center","background-size":"auto","background-attachment":"scroll","background-type":"","background-media":"","overlay-type":"","overlay-color":"","overlay-opacity":"","overlay-gradient":""},"tablet":{"background-color":"","background-image":"","background-repeat":"repeat","background-position":"center center","background-size":"auto","background-attachment":"scroll","background-type":"","background-media":"","overlay-type":"","overlay-color":"","overlay-opacity":"","overlay-gradient":""},"mobile":{"background-color":"","background-image":"","background-repeat":"repeat","background-position":"center center","background-size":"auto","background-attachment":"scroll","background-type":"","background-media":"","overlay-type":"","overlay-color":"","overlay-opacity":"","overlay-gradient":""}},"ast-content-background-meta":{"desktop":{"background-color":"var(--ast-global-color-5)","background-image":"","background-repeat":"repeat","background-position":"center center","background-size":"auto","background-attachment":"scroll","background-type":"","background-media":"","overlay-type":"","overlay-color":"","overlay-opacity":"","overlay-gradient":""},"tablet":{"background-color":"var(--ast-global-color-5)","background-image":"","background-repeat":"repeat","background-position":"center center","background-size":"auto","background-attachment":"scroll","background-type":"","background-media":"","overlay-type":"","overlay-color":"","overlay-opacity":"","overlay-gradient":""},"mobile":{"background-color":"var(--ast-global-color-5)","background-image":"","background-repeat":"repeat","background-position":"center center","background-size":"auto","background-attachment":"scroll","background-type":"","background-media":"","overlay-type":"","overlay-color":"","overlay-opacity":"","overlay-gradient":""}},"footnotes":""},"class_list":["post-3697","page","type-page","status-publish","hentry"],"yoast_head":"<!-- This site is optimized with the Yoast SEO plugin v23.5 - https:\/\/yoast.com\/wordpress\/plugins\/seo\/ -->\n<title>The Fuster Heart Movement : Un modelo de tres niveles para la prevenci\u00f3n cardiovascular primordial - VFMS Foundation<\/title>\n<meta name=\"robots\" content=\"index, follow, max-snippet:-1, max-image-preview:large, max-video-preview:-1\" \/>\n<link rel=\"canonical\" href=\"https:\/\/vfmsfoundation.org\/es\/the-fuster-heart-movement-un-modelo-de-tres-niveles-para-la-prevencion-cardiovascular-primordial\/\" \/>\n<meta property=\"og:locale\" content=\"es_ES\" \/>\n<meta property=\"og:type\" content=\"article\" \/>\n<meta property=\"og:title\" content=\"The Fuster Heart Movement : Un modelo de tres niveles para la prevenci\u00f3n cardiovascular primordial - VFMS Foundation\" \/>\n<meta property=\"og:description\" content=\"THE FUSTER HEART MOVEMENT: Un modelo de tres niveles para la prevenci\u00f3n cardiovascular primordial El Fuster Heart Movement transforma la prevenci\u00f3n cardiovascular en una causa viva, cercana y colectiva, convirtiendo el cuidado del coraz\u00f3n en un movimiento que une generaciones, fortalece comunidades y protege el futuro. Este programa es una iniciativa integral y plurianual dise\u00f1ada [&hellip;]\" \/>\n<meta property=\"og:url\" content=\"https:\/\/vfmsfoundation.org\/es\/the-fuster-heart-movement-un-modelo-de-tres-niveles-para-la-prevencion-cardiovascular-primordial\/\" \/>\n<meta property=\"og:site_name\" content=\"VFMS Foundation\" \/>\n<meta property=\"article:modified_time\" content=\"2026-04-24T09:20:05+00:00\" \/>\n<meta property=\"og:image\" content=\"https:\/\/vfmsfoundation.org\/wp-content\/uploads\/2026\/04\/the-fuster-heart-movement-1024x445.webp\" \/>\n<meta name=\"twitter:card\" content=\"summary_large_image\" \/>\n<meta name=\"twitter:label1\" content=\"Tiempo de lectura\" \/>\n\t<meta name=\"twitter:data1\" content=\"1 minuto\" \/>\n<script type=\"application\/ld+json\" class=\"yoast-schema-graph\">{\"@context\":\"https:\/\/schema.org\",\"@graph\":[{\"@type\":\"WebPage\",\"@id\":\"https:\/\/vfmsfoundation.org\/es\/the-fuster-heart-movement-un-modelo-de-tres-niveles-para-la-prevencion-cardiovascular-primordial\/\",\"url\":\"https:\/\/vfmsfoundation.org\/es\/the-fuster-heart-movement-un-modelo-de-tres-niveles-para-la-prevencion-cardiovascular-primordial\/\",\"name\":\"The Fuster Heart Movement : Un modelo de tres niveles para la prevenci\u00f3n cardiovascular primordial - VFMS Foundation\",\"isPartOf\":{\"@id\":\"https:\/\/vfmsfoundation.org\/es\/#website\"},\"primaryImageOfPage\":{\"@id\":\"https:\/\/vfmsfoundation.org\/es\/the-fuster-heart-movement-un-modelo-de-tres-niveles-para-la-prevencion-cardiovascular-primordial\/#primaryimage\"},\"image\":{\"@id\":\"https:\/\/vfmsfoundation.org\/es\/the-fuster-heart-movement-un-modelo-de-tres-niveles-para-la-prevencion-cardiovascular-primordial\/#primaryimage\"},\"thumbnailUrl\":\"https:\/\/vfmsfoundation.org\/wp-content\/uploads\/2026\/04\/the-fuster-heart-movement-1024x445.webp\",\"datePublished\":\"2026-04-24T08:44:16+00:00\",\"dateModified\":\"2026-04-24T09:20:05+00:00\",\"breadcrumb\":{\"@id\":\"https:\/\/vfmsfoundation.org\/es\/the-fuster-heart-movement-un-modelo-de-tres-niveles-para-la-prevencion-cardiovascular-primordial\/#breadcrumb\"},\"inLanguage\":\"es\",\"potentialAction\":[{\"@type\":\"ReadAction\",\"target\":[\"https:\/\/vfmsfoundation.org\/es\/the-fuster-heart-movement-un-modelo-de-tres-niveles-para-la-prevencion-cardiovascular-primordial\/\"]}]},{\"@type\":\"ImageObject\",\"inLanguage\":\"es\",\"@id\":\"https:\/\/vfmsfoundation.org\/es\/the-fuster-heart-movement-un-modelo-de-tres-niveles-para-la-prevencion-cardiovascular-primordial\/#primaryimage\",\"url\":\"https:\/\/vfmsfoundation.org\/wp-content\/uploads\/2026\/04\/the-fuster-heart-movement-1024x445.webp\",\"contentUrl\":\"https:\/\/vfmsfoundation.org\/wp-content\/uploads\/2026\/04\/the-fuster-heart-movement-1024x445.webp\"},{\"@type\":\"BreadcrumbList\",\"@id\":\"https:\/\/vfmsfoundation.org\/es\/the-fuster-heart-movement-un-modelo-de-tres-niveles-para-la-prevencion-cardiovascular-primordial\/#breadcrumb\",\"itemListElement\":[{\"@type\":\"ListItem\",\"position\":1,\"name\":\"Portada\",\"item\":\"https:\/\/vfmsfoundation.org\/es\/\"},{\"@type\":\"ListItem\",\"position\":2,\"name\":\"The Fuster Heart Movement : Un modelo de tres niveles para la prevenci\u00f3n cardiovascular primordial\"}]},{\"@type\":\"WebSite\",\"@id\":\"https:\/\/vfmsfoundation.org\/es\/#website\",\"url\":\"https:\/\/vfmsfoundation.org\/es\/\",\"name\":\"VFMS Foundation\",\"description\":\"Discover how the Valentin Fuster Mount Sinai Foundation is making a difference in global health.\",\"publisher\":{\"@id\":\"https:\/\/vfmsfoundation.org\/es\/#organization\"},\"potentialAction\":[{\"@type\":\"SearchAction\",\"target\":{\"@type\":\"EntryPoint\",\"urlTemplate\":\"https:\/\/vfmsfoundation.org\/es\/?s={search_term_string}\"},\"query-input\":{\"@type\":\"PropertyValueSpecification\",\"valueRequired\":true,\"valueName\":\"search_term_string\"}}],\"inLanguage\":\"es\"},{\"@type\":\"Organization\",\"@id\":\"https:\/\/vfmsfoundation.org\/es\/#organization\",\"name\":\"VFMS Foundation\",\"url\":\"https:\/\/vfmsfoundation.org\/es\/\",\"logo\":{\"@type\":\"ImageObject\",\"inLanguage\":\"es\",\"@id\":\"https:\/\/vfmsfoundation.org\/es\/#\/schema\/logo\/image\/\",\"url\":\"https:\/\/vfmsfoundation.org\/wp-content\/uploads\/2022\/11\/logo-cor-anim_2-1.gif\",\"contentUrl\":\"https:\/\/vfmsfoundation.org\/wp-content\/uploads\/2022\/11\/logo-cor-anim_2-1.gif\",\"width\":660,\"height\":200,\"caption\":\"VFMS Foundation\"},\"image\":{\"@id\":\"https:\/\/vfmsfoundation.org\/es\/#\/schema\/logo\/image\/\"}}]}<\/script>\n<!-- \/ Yoast SEO plugin. -->","yoast_head_json":{"title":"The Fuster Heart Movement : Un modelo de tres niveles para la prevenci\u00f3n cardiovascular primordial - VFMS Foundation","robots":{"index":"index","follow":"follow","max-snippet":"max-snippet:-1","max-image-preview":"max-image-preview:large","max-video-preview":"max-video-preview:-1"},"canonical":"https:\/\/vfmsfoundation.org\/es\/the-fuster-heart-movement-un-modelo-de-tres-niveles-para-la-prevencion-cardiovascular-primordial\/","og_locale":"es_ES","og_type":"article","og_title":"The Fuster Heart Movement : Un modelo de tres niveles para la prevenci\u00f3n cardiovascular primordial - VFMS Foundation","og_description":"THE FUSTER HEART MOVEMENT: Un modelo de tres niveles para la prevenci\u00f3n cardiovascular primordial El Fuster Heart Movement transforma la prevenci\u00f3n cardiovascular en una causa viva, cercana y colectiva, convirtiendo el cuidado del coraz\u00f3n en un movimiento que une generaciones, fortalece comunidades y protege el futuro. Este programa es una iniciativa integral y plurianual dise\u00f1ada [&hellip;]","og_url":"https:\/\/vfmsfoundation.org\/es\/the-fuster-heart-movement-un-modelo-de-tres-niveles-para-la-prevencion-cardiovascular-primordial\/","og_site_name":"VFMS Foundation","article_modified_time":"2026-04-24T09:20:05+00:00","og_image":[{"url":"https:\/\/vfmsfoundation.org\/wp-content\/uploads\/2026\/04\/the-fuster-heart-movement-1024x445.webp"}],"twitter_card":"summary_large_image","twitter_misc":{"Tiempo de lectura":"1 minuto"},"schema":{"@context":"https:\/\/schema.org","@graph":[{"@type":"WebPage","@id":"https:\/\/vfmsfoundation.org\/es\/the-fuster-heart-movement-un-modelo-de-tres-niveles-para-la-prevencion-cardiovascular-primordial\/","url":"https:\/\/vfmsfoundation.org\/es\/the-fuster-heart-movement-un-modelo-de-tres-niveles-para-la-prevencion-cardiovascular-primordial\/","name":"The Fuster Heart Movement : Un modelo de tres niveles para la prevenci\u00f3n cardiovascular primordial - VFMS Foundation","isPartOf":{"@id":"https:\/\/vfmsfoundation.org\/es\/#website"},"primaryImageOfPage":{"@id":"https:\/\/vfmsfoundation.org\/es\/the-fuster-heart-movement-un-modelo-de-tres-niveles-para-la-prevencion-cardiovascular-primordial\/#primaryimage"},"image":{"@id":"https:\/\/vfmsfoundation.org\/es\/the-fuster-heart-movement-un-modelo-de-tres-niveles-para-la-prevencion-cardiovascular-primordial\/#primaryimage"},"thumbnailUrl":"https:\/\/vfmsfoundation.org\/wp-content\/uploads\/2026\/04\/the-fuster-heart-movement-1024x445.webp","datePublished":"2026-04-24T08:44:16+00:00","dateModified":"2026-04-24T09:20:05+00:00","breadcrumb":{"@id":"https:\/\/vfmsfoundation.org\/es\/the-fuster-heart-movement-un-modelo-de-tres-niveles-para-la-prevencion-cardiovascular-primordial\/#breadcrumb"},"inLanguage":"es","potentialAction":[{"@type":"ReadAction","target":["https:\/\/vfmsfoundation.org\/es\/the-fuster-heart-movement-un-modelo-de-tres-niveles-para-la-prevencion-cardiovascular-primordial\/"]}]},{"@type":"ImageObject","inLanguage":"es","@id":"https:\/\/vfmsfoundation.org\/es\/the-fuster-heart-movement-un-modelo-de-tres-niveles-para-la-prevencion-cardiovascular-primordial\/#primaryimage","url":"https:\/\/vfmsfoundation.org\/wp-content\/uploads\/2026\/04\/the-fuster-heart-movement-1024x445.webp","contentUrl":"https:\/\/vfmsfoundation.org\/wp-content\/uploads\/2026\/04\/the-fuster-heart-movement-1024x445.webp"},{"@type":"BreadcrumbList","@id":"https:\/\/vfmsfoundation.org\/es\/the-fuster-heart-movement-un-modelo-de-tres-niveles-para-la-prevencion-cardiovascular-primordial\/#breadcrumb","itemListElement":[{"@type":"ListItem","position":1,"name":"Portada","item":"https:\/\/vfmsfoundation.org\/es\/"},{"@type":"ListItem","position":2,"name":"The Fuster Heart Movement : Un modelo de tres niveles para la prevenci\u00f3n cardiovascular primordial"}]},{"@type":"WebSite","@id":"https:\/\/vfmsfoundation.org\/es\/#website","url":"https:\/\/vfmsfoundation.org\/es\/","name":"VFMS Foundation","description":"Discover how the Valentin Fuster Mount Sinai Foundation is making a difference in global health.","publisher":{"@id":"https:\/\/vfmsfoundation.org\/es\/#organization"},"potentialAction":[{"@type":"SearchAction","target":{"@type":"EntryPoint","urlTemplate":"https:\/\/vfmsfoundation.org\/es\/?s={search_term_string}"},"query-input":{"@type":"PropertyValueSpecification","valueRequired":true,"valueName":"search_term_string"}}],"inLanguage":"es"},{"@type":"Organization","@id":"https:\/\/vfmsfoundation.org\/es\/#organization","name":"VFMS Foundation","url":"https:\/\/vfmsfoundation.org\/es\/","logo":{"@type":"ImageObject","inLanguage":"es","@id":"https:\/\/vfmsfoundation.org\/es\/#\/schema\/logo\/image\/","url":"https:\/\/vfmsfoundation.org\/wp-content\/uploads\/2022\/11\/logo-cor-anim_2-1.gif","contentUrl":"https:\/\/vfmsfoundation.org\/wp-content\/uploads\/2022\/11\/logo-cor-anim_2-1.gif","width":660,"height":200,"caption":"VFMS Foundation"},"image":{"@id":"https:\/\/vfmsfoundation.org\/es\/#\/schema\/logo\/image\/"}}]}},"_links":{"self":[{"href":"https:\/\/vfmsfoundation.org\/es\/wp-json\/wp\/v2\/pages\/3697"}],"collection":[{"href":"https:\/\/vfmsfoundation.org\/es\/wp-json\/wp\/v2\/pages"}],"about":[{"href":"https:\/\/vfmsfoundation.org\/es\/wp-json\/wp\/v2\/types\/page"}],"author":[{"embeddable":true,"href":"https:\/\/vfmsfoundation.org\/es\/wp-json\/wp\/v2\/users\/4"}],"replies":[{"embeddable":true,"href":"https:\/\/vfmsfoundation.org\/es\/wp-json\/wp\/v2\/comments?post=3697"}],"version-history":[{"count":7,"href":"https:\/\/vfmsfoundation.org\/es\/wp-json\/wp\/v2\/pages\/3697\/revisions"}],"predecessor-version":[{"id":3724,"href":"https:\/\/vfmsfoundation.org\/es\/wp-json\/wp\/v2\/pages\/3697\/revisions\/3724"}],"wp:attachment":[{"href":"https:\/\/vfmsfoundation.org\/es\/wp-json\/wp\/v2\/media?parent=3697"}],"curies":[{"name":"wp","href":"https:\/\/api.w.org\/{rel}","templated":true}]}}