{"id":3738,"date":"2026-04-24T09:21:20","date_gmt":"2026-04-24T09:21:20","guid":{"rendered":"https:\/\/vfmsfoundation.org\/?page_id=3738"},"modified":"2026-04-24T09:27:41","modified_gmt":"2026-04-24T09:27:41","slug":"programa-de-salud-cardiovascular-familia-chobani-una-estrategia-comunitaria-probada-para-prevenir-la-enfermedad-cardiovascular","status":"publish","type":"page","link":"https:\/\/vfmsfoundation.org\/es\/programa-de-salud-cardiovascular-familia-chobani-una-estrategia-comunitaria-probada-para-prevenir-la-enfermedad-cardiovascular\/","title":{"rendered":"Programa de Salud Cardiovascular Familia Chobani: una estrategia comunitaria probada para prevenir la enfermedad cardiovascular"},"content":{"rendered":"\t\t<div data-elementor-type=\"wp-page\" data-elementor-id=\"3738\" class=\"elementor elementor-3738 elementor-3729\" data-elementor-post-type=\"page\">\n\t\t\t\t\t\t<section class=\"elementor-section elementor-top-section elementor-element elementor-element-f94efe6 elementor-reverse-mobile elementor-section-content-middle elementor-section-boxed elementor-section-height-default elementor-section-height-default\" data-id=\"f94efe6\" data-element_type=\"section\">\n\t\t\t\t\t\t<div class=\"elementor-container elementor-column-gap-default\">\n\t\t\t\t\t<div class=\"elementor-column elementor-col-50 elementor-top-column elementor-element elementor-element-9133e1a\" data-id=\"9133e1a\" data-element_type=\"column\">\n\t\t\t<div class=\"elementor-widget-wrap elementor-element-populated\">\n\t\t\t\t\t\t<div class=\"elementor-element elementor-element-8200d63 elementor-widget elementor-widget-heading\" data-id=\"8200d63\" data-element_type=\"widget\" data-widget_type=\"heading.default\">\n\t\t\t\t<div class=\"elementor-widget-container\">\n\t\t\t<h1 class=\"elementor-heading-title elementor-size-default\">PROGRAMA DE SALUD CARDIOVASCULAR FAMILIA CHOBANI: una estrategia comunitaria probada para prevenir la enfermedad cardiovascular<\/h1>\t\t<\/div>\n\t\t\t\t<\/div>\n\t\t\t\t<div class=\"elementor-element elementor-element-35aac57 elementor-hidden-desktop elementor-hidden-tablet elementor-hidden-mobile elementor-widget elementor-widget-heading\" data-id=\"35aac57\" data-element_type=\"widget\" data-widget_type=\"heading.default\">\n\t\t\t\t<div class=\"elementor-widget-container\">\n\t\t\t<h2 class=\"elementor-heading-title elementor-size-default\">\n\u201cLA ADQUISICI\u00d3N DE H\u00c1BITOS SALUDABLES DESDE LA INFANCIA REDUCE EL RIESGO DE ENFERMEDADES CARDIOVASCULARES Y MEJORA LA CALIDAD DE VIDA EN LOS ADULTOS\u201d<\/h2>\t\t<\/div>\n\t\t\t\t<\/div>\n\t\t\t\t<div class=\"elementor-element elementor-element-894a8f4 elementor-hidden-desktop elementor-hidden-tablet elementor-hidden-mobile elementor-widget elementor-widget-heading\" data-id=\"894a8f4\" data-element_type=\"widget\" data-widget_type=\"heading.default\">\n\t\t\t\t<div class=\"elementor-widget-container\">\n\t\t\t<div class=\"elementor-heading-title elementor-size-default\"> Dr. Valent\u00edn Fuster<\/div>\t\t<\/div>\n\t\t\t\t<\/div>\n\t\t\t\t\t<\/div>\n\t\t<\/div>\n\t\t\t\t<div class=\"elementor-column elementor-col-50 elementor-top-column elementor-element elementor-element-d8278ef\" data-id=\"d8278ef\" data-element_type=\"column\">\n\t\t\t<div class=\"elementor-widget-wrap elementor-element-populated\">\n\t\t\t\t\t\t<div class=\"elementor-element elementor-element-20095dd animated-slow elementor-hidden-desktop elementor-hidden-tablet elementor-hidden-mobile elementor-invisible elementor-widget elementor-widget-image\" data-id=\"20095dd\" data-element_type=\"widget\" data-settings=\"{&quot;_animation&quot;:&quot;fadeIn&quot;}\" data-widget_type=\"image.default\">\n\t\t\t\t<div class=\"elementor-widget-container\">\n\t\t\t\t\t\t\t\t\t\t\t\t\t<img fetchpriority=\"high\" decoding=\"async\" width=\"587\" height=\"89\" src=\"https:\/\/vfmsfoundation.org\/wp-content\/uploads\/2026\/04\/Programa-Si-Fundacion-SHE-laCaixa-1.svg\" class=\"attachment-large size-large wp-image-3731\" alt=\"\" \/>\t\t\t\t\t\t\t\t\t\t\t\t\t<\/div>\n\t\t\t\t<\/div>\n\t\t\t\t\t<\/div>\n\t\t<\/div>\n\t\t\t\t\t<\/div>\n\t\t<\/section>\n\t\t\t\t<section class=\"elementor-section elementor-top-section elementor-element elementor-element-4692ef8 elementor-section-boxed elementor-section-height-default elementor-section-height-default\" data-id=\"4692ef8\" data-element_type=\"section\">\n\t\t\t\t\t\t<div class=\"elementor-container elementor-column-gap-default\">\n\t\t\t\t\t<div class=\"elementor-column elementor-col-100 elementor-top-column elementor-element elementor-element-9bf8d60\" data-id=\"9bf8d60\" data-element_type=\"column\">\n\t\t\t<div class=\"elementor-widget-wrap elementor-element-populated\">\n\t\t\t\t\t\t<div class=\"elementor-element elementor-element-5a52226 elementor-widget-divider--view-line elementor-widget elementor-widget-divider\" data-id=\"5a52226\" data-element_type=\"widget\" data-widget_type=\"divider.default\">\n\t\t\t\t<div class=\"elementor-widget-container\">\n\t\t\t\t\t<div class=\"elementor-divider\">\n\t\t\t<span class=\"elementor-divider-separator\">\n\t\t\t\t\t\t<\/span>\n\t\t<\/div>\n\t\t\t\t<\/div>\n\t\t\t\t<\/div>\n\t\t\t\t\t<\/div>\n\t\t<\/div>\n\t\t\t\t\t<\/div>\n\t\t<\/section>\n\t\t\t\t<section class=\"elementor-section elementor-top-section elementor-element elementor-element-2cc2e70 elementor-section-boxed elementor-section-height-default elementor-section-height-default\" data-id=\"2cc2e70\" data-element_type=\"section\">\n\t\t\t\t\t\t<div class=\"elementor-container elementor-column-gap-default\">\n\t\t\t\t\t<div class=\"elementor-column elementor-col-100 elementor-top-column elementor-element elementor-element-7a3a714\" data-id=\"7a3a714\" data-element_type=\"column\">\n\t\t\t<div class=\"elementor-widget-wrap elementor-element-populated\">\n\t\t\t\t\t\t<div class=\"elementor-element elementor-element-c7dae51 elementor-widget elementor-widget-text-editor\" data-id=\"c7dae51\" data-element_type=\"widget\" data-widget_type=\"text-editor.default\">\n\t\t\t\t<div class=\"elementor-widget-container\">\n\t\t\t\t\t\t\t<p>El <strong>Programa de Salud Cardiovascular Familia Chobani<\/strong> es un estudio controlado y basado en la investigaci\u00f3n, con una duraci\u00f3n de cuatro a\u00f1os, centrado en la salud cardiovascular, desarrollado en Harlem y dirigido por el Dr. Valentin Fuster. Dise\u00f1ado como una evaluaci\u00f3n rigurosa de estrategias de prevenci\u00f3n en entornos comunitarios reales, el programa se apoya en m\u00e1s de una d\u00e9cada de trabajo exitoso en barrios desfavorecidos de la ciudad de Nueva York. Mediante la combinaci\u00f3n de grupos de intervenci\u00f3n estructurados y grupos de control, el estudio genera evidencia de alta calidad sobre qu\u00e9 funciona para mejorar la salud cardiovascular de adolescentes y familias. La iniciativa contribuye de forma directa a las prioridades de su Administraci\u00f3n en materia de equidad en salud, atenci\u00f3n preventiva y empoderamiento juvenil, al tiempo que aprovecha la infraestructura comunitaria existente para maximizar el valor p\u00fablico.<\/p><p>La enfermedad cardiovascular sigue siendo la principal causa de muerte en la ciudad de Nueva York, con un impacto desproporcionado en las comunidades negras y latinas que viven en barrios de bajos ingresos. Investigaciones recientes de Mount Sinai muestran que estas desigualdades comienzan mucho antes en la vida de lo que se entend\u00eda previamente, lo que subraya la necesidad urgente de estrategias de prevenci\u00f3n tempranas, sostenidas y centradas en la familia.<\/p>\t\t\t\t\t\t<\/div>\n\t\t\t\t<\/div>\n\t\t\t\t\t<\/div>\n\t\t<\/div>\n\t\t\t\t\t<\/div>\n\t\t<\/section>\n\t\t\t\t<\/div>\n\t\t","protected":false},"excerpt":{"rendered":"<p>PROGRAMA DE SALUD CARDIOVASCULAR FAMILIA CHOBANI: una estrategia comunitaria probada para prevenir la enfermedad cardiovascular \u201cLA ADQUISICI\u00d3N DE H\u00c1BITOS SALUDABLES DESDE LA INFANCIA REDUCE EL RIESGO DE ENFERMEDADES CARDIOVASCULARES Y MEJORA LA CALIDAD DE VIDA EN LOS ADULTOS\u201d Dr. Valent\u00edn Fuster El Programa de Salud Cardiovascular Familia Chobani es un estudio controlado y basado en [&hellip;]<\/p>\n","protected":false},"author":4,"featured_media":0,"parent":0,"menu_order":0,"comment_status":"closed","ping_status":"closed","template":"","meta":{"site-sidebar-layout":"no-sidebar","site-content-layout":"page-builder","ast-site-content-layout":"full-width-container","site-content-style":"default","site-sidebar-style":"default","ast-global-header-display":"","ast-banner-title-visibility":"","ast-main-header-display":"","ast-hfb-above-header-display":"","ast-hfb-below-header-display":"","ast-hfb-mobile-header-display":"","site-post-title":"disabled","ast-breadcrumbs-content":"","ast-featured-img":"disabled","footer-sml-layout":"","theme-transparent-header-meta":"default","adv-header-id-meta":"","stick-header-meta":"default","header-above-stick-meta":"","header-main-stick-meta":"","header-below-stick-meta":"","astra-migrate-meta-layouts":"set","ast-page-background-enabled":"default","ast-page-background-meta":{"desktop":{"background-color":"var(--ast-global-color-4)","background-image":"","background-repeat":"repeat","background-position":"center center","background-size":"auto","background-attachment":"scroll","background-type":"","background-media":"","overlay-type":"","overlay-color":"","overlay-opacity":"","overlay-gradient":""},"tablet":{"background-color":"","background-image":"","background-repeat":"repeat","background-position":"center center","background-size":"auto","background-attachment":"scroll","background-type":"","background-media":"","overlay-type":"","overlay-color":"","overlay-opacity":"","overlay-gradient":""},"mobile":{"background-color":"","background-image":"","background-repeat":"repeat","background-position":"center center","background-size":"auto","background-attachment":"scroll","background-type":"","background-media":"","overlay-type":"","overlay-color":"","overlay-opacity":"","overlay-gradient":""}},"ast-content-background-meta":{"desktop":{"background-color":"var(--ast-global-color-5)","background-image":"","background-repeat":"repeat","background-position":"center center","background-size":"auto","background-attachment":"scroll","background-type":"","background-media":"","overlay-type":"","overlay-color":"","overlay-opacity":"","overlay-gradient":""},"tablet":{"background-color":"var(--ast-global-color-5)","background-image":"","background-repeat":"repeat","background-position":"center center","background-size":"auto","background-attachment":"scroll","background-type":"","background-media":"","overlay-type":"","overlay-color":"","overlay-opacity":"","overlay-gradient":""},"mobile":{"background-color":"var(--ast-global-color-5)","background-image":"","background-repeat":"repeat","background-position":"center center","background-size":"auto","background-attachment":"scroll","background-type":"","background-media":"","overlay-type":"","overlay-color":"","overlay-opacity":"","overlay-gradient":""}},"footnotes":""},"class_list":["post-3738","page","type-page","status-publish","hentry"],"yoast_head":"<!-- This site is optimized with the Yoast SEO plugin v23.5 - https:\/\/yoast.com\/wordpress\/plugins\/seo\/ -->\n<title>Programa de Salud Cardiovascular Familia Chobani: una estrategia comunitaria probada para prevenir la enfermedad cardiovascular - VFMS Foundation<\/title>\n<meta name=\"robots\" content=\"index, follow, max-snippet:-1, max-image-preview:large, max-video-preview:-1\" \/>\n<link rel=\"canonical\" href=\"https:\/\/vfmsfoundation.org\/es\/programa-de-salud-cardiovascular-familia-chobani-una-estrategia-comunitaria-probada-para-prevenir-la-enfermedad-cardiovascular\/\" \/>\n<meta property=\"og:locale\" content=\"es_ES\" \/>\n<meta property=\"og:type\" content=\"article\" \/>\n<meta property=\"og:title\" content=\"Programa de Salud Cardiovascular Familia Chobani: una estrategia comunitaria probada para prevenir la enfermedad cardiovascular - VFMS Foundation\" \/>\n<meta property=\"og:description\" content=\"PROGRAMA DE SALUD CARDIOVASCULAR FAMILIA CHOBANI: una estrategia comunitaria probada para prevenir la enfermedad cardiovascular \u201cLA ADQUISICI\u00d3N DE H\u00c1BITOS SALUDABLES DESDE LA INFANCIA REDUCE EL RIESGO DE ENFERMEDADES CARDIOVASCULARES Y MEJORA LA CALIDAD DE VIDA EN LOS ADULTOS\u201d Dr. Valent\u00edn Fuster El Programa de Salud Cardiovascular Familia Chobani es un estudio controlado y basado en [&hellip;]\" \/>\n<meta property=\"og:url\" content=\"https:\/\/vfmsfoundation.org\/es\/programa-de-salud-cardiovascular-familia-chobani-una-estrategia-comunitaria-probada-para-prevenir-la-enfermedad-cardiovascular\/\" \/>\n<meta property=\"og:site_name\" content=\"VFMS Foundation\" \/>\n<meta property=\"article:modified_time\" content=\"2026-04-24T09:27:41+00:00\" \/>\n<meta property=\"og:image\" content=\"https:\/\/vfmsfoundation.org\/wp-content\/uploads\/2026\/04\/Programa-Si-Fundacion-SHE-laCaixa-1.svg\" \/>\n<meta name=\"twitter:card\" content=\"summary_large_image\" \/>\n<meta name=\"twitter:label1\" content=\"Tiempo de lectura\" \/>\n\t<meta name=\"twitter:data1\" content=\"2 minutos\" \/>\n<script type=\"application\/ld+json\" class=\"yoast-schema-graph\">{\"@context\":\"https:\/\/schema.org\",\"@graph\":[{\"@type\":\"WebPage\",\"@id\":\"https:\/\/vfmsfoundation.org\/es\/programa-de-salud-cardiovascular-familia-chobani-una-estrategia-comunitaria-probada-para-prevenir-la-enfermedad-cardiovascular\/\",\"url\":\"https:\/\/vfmsfoundation.org\/es\/programa-de-salud-cardiovascular-familia-chobani-una-estrategia-comunitaria-probada-para-prevenir-la-enfermedad-cardiovascular\/\",\"name\":\"Programa de Salud Cardiovascular Familia Chobani: una estrategia comunitaria probada para prevenir la enfermedad cardiovascular - VFMS Foundation\",\"isPartOf\":{\"@id\":\"https:\/\/vfmsfoundation.org\/es\/#website\"},\"primaryImageOfPage\":{\"@id\":\"https:\/\/vfmsfoundation.org\/es\/programa-de-salud-cardiovascular-familia-chobani-una-estrategia-comunitaria-probada-para-prevenir-la-enfermedad-cardiovascular\/#primaryimage\"},\"image\":{\"@id\":\"https:\/\/vfmsfoundation.org\/es\/programa-de-salud-cardiovascular-familia-chobani-una-estrategia-comunitaria-probada-para-prevenir-la-enfermedad-cardiovascular\/#primaryimage\"},\"thumbnailUrl\":\"https:\/\/vfmsfoundation.org\/wp-content\/uploads\/2026\/04\/Programa-Si-Fundacion-SHE-laCaixa-1.svg\",\"datePublished\":\"2026-04-24T09:21:20+00:00\",\"dateModified\":\"2026-04-24T09:27:41+00:00\",\"breadcrumb\":{\"@id\":\"https:\/\/vfmsfoundation.org\/es\/programa-de-salud-cardiovascular-familia-chobani-una-estrategia-comunitaria-probada-para-prevenir-la-enfermedad-cardiovascular\/#breadcrumb\"},\"inLanguage\":\"es\",\"potentialAction\":[{\"@type\":\"ReadAction\",\"target\":[\"https:\/\/vfmsfoundation.org\/es\/programa-de-salud-cardiovascular-familia-chobani-una-estrategia-comunitaria-probada-para-prevenir-la-enfermedad-cardiovascular\/\"]}]},{\"@type\":\"ImageObject\",\"inLanguage\":\"es\",\"@id\":\"https:\/\/vfmsfoundation.org\/es\/programa-de-salud-cardiovascular-familia-chobani-una-estrategia-comunitaria-probada-para-prevenir-la-enfermedad-cardiovascular\/#primaryimage\",\"url\":\"https:\/\/vfmsfoundation.org\/wp-content\/uploads\/2026\/04\/Programa-Si-Fundacion-SHE-laCaixa-1.svg\",\"contentUrl\":\"https:\/\/vfmsfoundation.org\/wp-content\/uploads\/2026\/04\/Programa-Si-Fundacion-SHE-laCaixa-1.svg\"},{\"@type\":\"BreadcrumbList\",\"@id\":\"https:\/\/vfmsfoundation.org\/es\/programa-de-salud-cardiovascular-familia-chobani-una-estrategia-comunitaria-probada-para-prevenir-la-enfermedad-cardiovascular\/#breadcrumb\",\"itemListElement\":[{\"@type\":\"ListItem\",\"position\":1,\"name\":\"Portada\",\"item\":\"https:\/\/vfmsfoundation.org\/es\/\"},{\"@type\":\"ListItem\",\"position\":2,\"name\":\"Programa de Salud Cardiovascular Familia Chobani: una estrategia comunitaria probada para prevenir la enfermedad cardiovascular\"}]},{\"@type\":\"WebSite\",\"@id\":\"https:\/\/vfmsfoundation.org\/es\/#website\",\"url\":\"https:\/\/vfmsfoundation.org\/es\/\",\"name\":\"VFMS Foundation\",\"description\":\"Discover how the Valentin Fuster Mount Sinai Foundation is making a difference in global health.\",\"publisher\":{\"@id\":\"https:\/\/vfmsfoundation.org\/es\/#organization\"},\"potentialAction\":[{\"@type\":\"SearchAction\",\"target\":{\"@type\":\"EntryPoint\",\"urlTemplate\":\"https:\/\/vfmsfoundation.org\/es\/?s={search_term_string}\"},\"query-input\":{\"@type\":\"PropertyValueSpecification\",\"valueRequired\":true,\"valueName\":\"search_term_string\"}}],\"inLanguage\":\"es\"},{\"@type\":\"Organization\",\"@id\":\"https:\/\/vfmsfoundation.org\/es\/#organization\",\"name\":\"VFMS Foundation\",\"url\":\"https:\/\/vfmsfoundation.org\/es\/\",\"logo\":{\"@type\":\"ImageObject\",\"inLanguage\":\"es\",\"@id\":\"https:\/\/vfmsfoundation.org\/es\/#\/schema\/logo\/image\/\",\"url\":\"https:\/\/vfmsfoundation.org\/wp-content\/uploads\/2022\/11\/logo-cor-anim_2-1.gif\",\"contentUrl\":\"https:\/\/vfmsfoundation.org\/wp-content\/uploads\/2022\/11\/logo-cor-anim_2-1.gif\",\"width\":660,\"height\":200,\"caption\":\"VFMS Foundation\"},\"image\":{\"@id\":\"https:\/\/vfmsfoundation.org\/es\/#\/schema\/logo\/image\/\"}}]}<\/script>\n<!-- \/ Yoast SEO plugin. -->","yoast_head_json":{"title":"Programa de Salud Cardiovascular Familia Chobani: una estrategia comunitaria probada para prevenir la enfermedad cardiovascular - VFMS Foundation","robots":{"index":"index","follow":"follow","max-snippet":"max-snippet:-1","max-image-preview":"max-image-preview:large","max-video-preview":"max-video-preview:-1"},"canonical":"https:\/\/vfmsfoundation.org\/es\/programa-de-salud-cardiovascular-familia-chobani-una-estrategia-comunitaria-probada-para-prevenir-la-enfermedad-cardiovascular\/","og_locale":"es_ES","og_type":"article","og_title":"Programa de Salud Cardiovascular Familia Chobani: una estrategia comunitaria probada para prevenir la enfermedad cardiovascular - VFMS Foundation","og_description":"PROGRAMA DE SALUD CARDIOVASCULAR FAMILIA CHOBANI: una estrategia comunitaria probada para prevenir la enfermedad cardiovascular \u201cLA ADQUISICI\u00d3N DE H\u00c1BITOS SALUDABLES DESDE LA INFANCIA REDUCE EL RIESGO DE ENFERMEDADES CARDIOVASCULARES Y MEJORA LA CALIDAD DE VIDA EN LOS ADULTOS\u201d Dr. Valent\u00edn Fuster El Programa de Salud Cardiovascular Familia Chobani es un estudio controlado y basado en [&hellip;]","og_url":"https:\/\/vfmsfoundation.org\/es\/programa-de-salud-cardiovascular-familia-chobani-una-estrategia-comunitaria-probada-para-prevenir-la-enfermedad-cardiovascular\/","og_site_name":"VFMS Foundation","article_modified_time":"2026-04-24T09:27:41+00:00","og_image":[{"url":"https:\/\/vfmsfoundation.org\/wp-content\/uploads\/2026\/04\/Programa-Si-Fundacion-SHE-laCaixa-1.svg"}],"twitter_card":"summary_large_image","twitter_misc":{"Tiempo de lectura":"2 minutos"},"schema":{"@context":"https:\/\/schema.org","@graph":[{"@type":"WebPage","@id":"https:\/\/vfmsfoundation.org\/es\/programa-de-salud-cardiovascular-familia-chobani-una-estrategia-comunitaria-probada-para-prevenir-la-enfermedad-cardiovascular\/","url":"https:\/\/vfmsfoundation.org\/es\/programa-de-salud-cardiovascular-familia-chobani-una-estrategia-comunitaria-probada-para-prevenir-la-enfermedad-cardiovascular\/","name":"Programa de Salud Cardiovascular Familia Chobani: una estrategia comunitaria probada para prevenir la enfermedad cardiovascular - VFMS Foundation","isPartOf":{"@id":"https:\/\/vfmsfoundation.org\/es\/#website"},"primaryImageOfPage":{"@id":"https:\/\/vfmsfoundation.org\/es\/programa-de-salud-cardiovascular-familia-chobani-una-estrategia-comunitaria-probada-para-prevenir-la-enfermedad-cardiovascular\/#primaryimage"},"image":{"@id":"https:\/\/vfmsfoundation.org\/es\/programa-de-salud-cardiovascular-familia-chobani-una-estrategia-comunitaria-probada-para-prevenir-la-enfermedad-cardiovascular\/#primaryimage"},"thumbnailUrl":"https:\/\/vfmsfoundation.org\/wp-content\/uploads\/2026\/04\/Programa-Si-Fundacion-SHE-laCaixa-1.svg","datePublished":"2026-04-24T09:21:20+00:00","dateModified":"2026-04-24T09:27:41+00:00","breadcrumb":{"@id":"https:\/\/vfmsfoundation.org\/es\/programa-de-salud-cardiovascular-familia-chobani-una-estrategia-comunitaria-probada-para-prevenir-la-enfermedad-cardiovascular\/#breadcrumb"},"inLanguage":"es","potentialAction":[{"@type":"ReadAction","target":["https:\/\/vfmsfoundation.org\/es\/programa-de-salud-cardiovascular-familia-chobani-una-estrategia-comunitaria-probada-para-prevenir-la-enfermedad-cardiovascular\/"]}]},{"@type":"ImageObject","inLanguage":"es","@id":"https:\/\/vfmsfoundation.org\/es\/programa-de-salud-cardiovascular-familia-chobani-una-estrategia-comunitaria-probada-para-prevenir-la-enfermedad-cardiovascular\/#primaryimage","url":"https:\/\/vfmsfoundation.org\/wp-content\/uploads\/2026\/04\/Programa-Si-Fundacion-SHE-laCaixa-1.svg","contentUrl":"https:\/\/vfmsfoundation.org\/wp-content\/uploads\/2026\/04\/Programa-Si-Fundacion-SHE-laCaixa-1.svg"},{"@type":"BreadcrumbList","@id":"https:\/\/vfmsfoundation.org\/es\/programa-de-salud-cardiovascular-familia-chobani-una-estrategia-comunitaria-probada-para-prevenir-la-enfermedad-cardiovascular\/#breadcrumb","itemListElement":[{"@type":"ListItem","position":1,"name":"Portada","item":"https:\/\/vfmsfoundation.org\/es\/"},{"@type":"ListItem","position":2,"name":"Programa de Salud Cardiovascular Familia Chobani: una estrategia comunitaria probada para prevenir la enfermedad cardiovascular"}]},{"@type":"WebSite","@id":"https:\/\/vfmsfoundation.org\/es\/#website","url":"https:\/\/vfmsfoundation.org\/es\/","name":"VFMS Foundation","description":"Discover how the Valentin Fuster Mount Sinai Foundation is making a difference in global health.","publisher":{"@id":"https:\/\/vfmsfoundation.org\/es\/#organization"},"potentialAction":[{"@type":"SearchAction","target":{"@type":"EntryPoint","urlTemplate":"https:\/\/vfmsfoundation.org\/es\/?s={search_term_string}"},"query-input":{"@type":"PropertyValueSpecification","valueRequired":true,"valueName":"search_term_string"}}],"inLanguage":"es"},{"@type":"Organization","@id":"https:\/\/vfmsfoundation.org\/es\/#organization","name":"VFMS Foundation","url":"https:\/\/vfmsfoundation.org\/es\/","logo":{"@type":"ImageObject","inLanguage":"es","@id":"https:\/\/vfmsfoundation.org\/es\/#\/schema\/logo\/image\/","url":"https:\/\/vfmsfoundation.org\/wp-content\/uploads\/2022\/11\/logo-cor-anim_2-1.gif","contentUrl":"https:\/\/vfmsfoundation.org\/wp-content\/uploads\/2022\/11\/logo-cor-anim_2-1.gif","width":660,"height":200,"caption":"VFMS Foundation"},"image":{"@id":"https:\/\/vfmsfoundation.org\/es\/#\/schema\/logo\/image\/"}}]}},"_links":{"self":[{"href":"https:\/\/vfmsfoundation.org\/es\/wp-json\/wp\/v2\/pages\/3738"}],"collection":[{"href":"https:\/\/vfmsfoundation.org\/es\/wp-json\/wp\/v2\/pages"}],"about":[{"href":"https:\/\/vfmsfoundation.org\/es\/wp-json\/wp\/v2\/types\/page"}],"author":[{"embeddable":true,"href":"https:\/\/vfmsfoundation.org\/es\/wp-json\/wp\/v2\/users\/4"}],"replies":[{"embeddable":true,"href":"https:\/\/vfmsfoundation.org\/es\/wp-json\/wp\/v2\/comments?post=3738"}],"version-history":[{"count":4,"href":"https:\/\/vfmsfoundation.org\/es\/wp-json\/wp\/v2\/pages\/3738\/revisions"}],"predecessor-version":[{"id":3742,"href":"https:\/\/vfmsfoundation.org\/es\/wp-json\/wp\/v2\/pages\/3738\/revisions\/3742"}],"wp:attachment":[{"href":"https:\/\/vfmsfoundation.org\/es\/wp-json\/wp\/v2\/media?parent=3738"}],"curies":[{"name":"wp","href":"https:\/\/api.w.org\/{rel}","templated":true}]}}