{"id":4047,"date":"2026-05-06T10:23:39","date_gmt":"2026-05-06T10:23:39","guid":{"rendered":"https:\/\/vfmsfoundation.org\/?page_id=4047"},"modified":"2026-05-06T10:39:46","modified_gmt":"2026-05-06T10:39:46","slug":"the-american-college-of-cardiology","status":"publish","type":"page","link":"https:\/\/vfmsfoundation.org\/es\/foundation-partners\/the-american-college-of-cardiology\/","title":{"rendered":"The American College of Cardiology"},"content":{"rendered":"\t\t<div data-elementor-type=\"wp-page\" data-elementor-id=\"4047\" class=\"elementor elementor-4047 elementor-4019\" data-elementor-post-type=\"page\">\n\t\t\t\t\t\t<section class=\"elementor-section elementor-top-section elementor-element elementor-element-5e1ec7d1 elementor-reverse-mobile elementor-section-content-middle elementor-section-boxed elementor-section-height-default elementor-section-height-default\" data-id=\"5e1ec7d1\" data-element_type=\"section\">\n\t\t\t\t\t\t<div class=\"elementor-container elementor-column-gap-default\">\n\t\t\t\t\t<div class=\"elementor-column elementor-col-50 elementor-top-column elementor-element elementor-element-315e2531\" data-id=\"315e2531\" data-element_type=\"column\">\n\t\t\t<div class=\"elementor-widget-wrap elementor-element-populated\">\n\t\t\t\t\t\t<div class=\"elementor-element elementor-element-e08291e elementor-widget elementor-widget-heading\" data-id=\"e08291e\" data-element_type=\"widget\" data-widget_type=\"heading.default\">\n\t\t\t\t<div class=\"elementor-widget-container\">\n\t\t\t<h1 class=\"elementor-heading-title elementor-size-default\">ACC<\/h1>\t\t<\/div>\n\t\t\t\t<\/div>\n\t\t\t\t<div class=\"elementor-element elementor-element-18deb63f elementor-hidden-desktop elementor-hidden-tablet elementor-hidden-mobile elementor-widget elementor-widget-heading\" data-id=\"18deb63f\" data-element_type=\"widget\" data-widget_type=\"heading.default\">\n\t\t\t\t<div class=\"elementor-widget-container\">\n\t\t\t<h2 class=\"elementor-heading-title elementor-size-default\">nu201cIN A WAY WE ARE TRANSFORMING THE WAY OF RESEARCH BY MOTIVATING YOUNG PEOPLE TO GET INTO RESEARCH AND AT THE SAME TIME MOVE FROM DISEASE TO HEALTH. THIS IS WHAT CNIC IS ALL ABOUTu201d<\/h2>\t\t<\/div>\n\t\t\t\t<\/div>\n\t\t\t\t<div class=\"elementor-element elementor-element-354df708 elementor-hidden-desktop elementor-hidden-tablet elementor-hidden-mobile elementor-widget elementor-widget-heading\" data-id=\"354df708\" data-element_type=\"widget\" data-widget_type=\"heading.default\">\n\t\t\t\t<div class=\"elementor-widget-container\">\n\t\t\t<div class=\"elementor-heading-title elementor-size-default\"> Dr. Valentu00edn Fuster<\/div>\t\t<\/div>\n\t\t\t\t<\/div>\n\t\t\t\t\t<\/div>\n\t\t<\/div>\n\t\t\t\t<div class=\"elementor-column elementor-col-50 elementor-top-column elementor-element elementor-element-12bc3f7a\" data-id=\"12bc3f7a\" data-element_type=\"column\">\n\t\t\t<div class=\"elementor-widget-wrap elementor-element-populated\">\n\t\t\t\t\t\t<div class=\"elementor-element elementor-element-7e7b9cf8 animated-slow elementor-invisible elementor-widget elementor-widget-image\" data-id=\"7e7b9cf8\" data-element_type=\"widget\" data-settings=\"{&quot;_animation&quot;:&quot;fadeIn&quot;}\" data-widget_type=\"image.default\">\n\t\t\t\t<div class=\"elementor-widget-container\">\n\t\t\t\t\t\t\t\t\t\t\t\t\t<img decoding=\"async\" width=\"158\" height=\"49\" src=\"https:\/\/vfmsfoundation.org\/wp-content\/uploads\/2026\/05\/ACC.svg\" class=\"attachment-large size-large wp-image-4022\" alt=\"American College of Cardiology\" \/>\t\t\t\t\t\t\t\t\t\t\t\t\t<\/div>\n\t\t\t\t<\/div>\n\t\t\t\t\t<\/div>\n\t\t<\/div>\n\t\t\t\t\t<\/div>\n\t\t<\/section>\n\t\t\t\t<section class=\"elementor-section elementor-top-section elementor-element elementor-element-68ee1566 elementor-section-boxed elementor-section-height-default elementor-section-height-default\" data-id=\"68ee1566\" data-element_type=\"section\">\n\t\t\t\t\t\t<div class=\"elementor-container elementor-column-gap-default\">\n\t\t\t\t\t<div class=\"elementor-column elementor-col-100 elementor-top-column elementor-element elementor-element-67f0fa58\" data-id=\"67f0fa58\" data-element_type=\"column\">\n\t\t\t<div class=\"elementor-widget-wrap elementor-element-populated\">\n\t\t\t\t\t\t<div class=\"elementor-element elementor-element-3c7743ad elementor-widget-divider--view-line elementor-widget elementor-widget-divider\" data-id=\"3c7743ad\" data-element_type=\"widget\" data-widget_type=\"divider.default\">\n\t\t\t\t<div class=\"elementor-widget-container\">\n\t\t\t\t\t<div class=\"elementor-divider\">\n\t\t\t<span class=\"elementor-divider-separator\">\n\t\t\t\t\t\t<\/span>\n\t\t<\/div>\n\t\t\t\t<\/div>\n\t\t\t\t<\/div>\n\t\t\t\t\t<\/div>\n\t\t<\/div>\n\t\t\t\t\t<\/div>\n\t\t<\/section>\n\t\t\t\t<section class=\"elementor-section elementor-top-section elementor-element elementor-element-220a736a elementor-section-boxed elementor-section-height-default elementor-section-height-default\" data-id=\"220a736a\" data-element_type=\"section\">\n\t\t\t\t\t\t<div class=\"elementor-container elementor-column-gap-default\">\n\t\t\t\t\t<div class=\"elementor-column elementor-col-100 elementor-top-column elementor-element elementor-element-55e1e059\" data-id=\"55e1e059\" data-element_type=\"column\">\n\t\t\t<div class=\"elementor-widget-wrap elementor-element-populated\">\n\t\t\t\t\t\t<div class=\"elementor-element elementor-element-77556fc2 elementor-widget elementor-widget-text-editor\" data-id=\"77556fc2\" data-element_type=\"widget\" data-widget_type=\"text-editor.default\">\n\t\t\t\t<div class=\"elementor-widget-container\">\n\t\t\t\t\t\t\t<p>El <strong>American College of Cardiology (ACC)<\/strong> es una organizaci\u00f3n m\u00e9dica profesional l\u00edder a nivel mundial dedicada a transformar la atenci\u00f3n cardiovascular y a mejorar la salud cardiaca de personas de todo el mundo. Fundado para promover la excelencia en cardiolog\u00eda, el ACC act\u00faa como una autoridad de referencia en medicina cardiovascular y en pol\u00edticas de salud.<\/p>\n<p>La organizaci\u00f3n re\u00fane a m\u00e1s de <b>60.000 miembros<\/b> en todo el mundo, entre los que se incluyen cardi\u00f3logos, cirujanos, personal de enfermer\u00eda, asistentes m\u00e9dicos, investigadores y otros profesionales de la atenci\u00f3n cardiovascular. Al unir a expertos de todo el proceso de atenci\u00f3n cardiovascular, el ACC fomenta la colaboraci\u00f3n, el intercambio de conocimientos y la innovaci\u00f3n multidisciplinaria de la atenci\u00f3n cardiovascular, el ACC fomenta la colaboraci\u00f3n, el intercambio de conocimientos y la innovaci\u00f3n multidisciplinar.<\/p>\n<p>El ACC est\u00e1 comprometido con el avance de la ciencia, la investigaci\u00f3n, la educaci\u00f3n y la calidad cl\u00ednica. Desarrolla gu\u00edas cl\u00ednicas basadas en la evidencia, programas educativos y recursos de vanguardia que ayudan a los profesionales sanitarios a ofrecer una atenci\u00f3n segura, eficaz y centrada en el paciente. A trav\u00e9s de sus revistas, congresos cient\u00edficos, registros y herramientas digitales, el ACC desempe\u00f1a un papel clave en la configuraci\u00f3n del futuro de la medicina cardiovascular.<\/p>\n<p>Trabajando estrechamente con sus miembros, cap\u00edtulos nacionales y colaboradores internacionales, el ACC tambi\u00e9n lidera iniciativas destinadas a mejorar los resultados, promover la prevenci\u00f3n y reducir la carga global de las enfermedades cardiovasculares. Mediante la defensa de los pacientes, el apoyo a los profesionales sanitarios y el impulso de la innovaci\u00f3n, el ACC contin\u00faa marcando el est\u00e1ndar de excelencia en la atenci\u00f3n cardiovascular a nivel mundial.<\/p>\t\t\t\t\t\t<\/div>\n\t\t\t\t<\/div>\n\t\t\t\t\t<\/div>\n\t\t<\/div>\n\t\t\t\t\t<\/div>\n\t\t<\/section>\n\t\t\t\t<\/div>\n\t\t","protected":false},"excerpt":{"rendered":"<p>ACC nu201cIN A WAY WE ARE TRANSFORMING THE WAY OF RESEARCH BY MOTIVATING YOUNG PEOPLE TO GET INTO RESEARCH AND AT THE SAME TIME MOVE FROM DISEASE TO HEALTH. THIS IS WHAT CNIC IS ALL ABOUTu201d Dr. Valentu00edn Fuster El American College of Cardiology (ACC) es una organizaci\u00f3n m\u00e9dica profesional l\u00edder a nivel mundial dedicada [&hellip;]<\/p>\n","protected":false},"author":4,"featured_media":0,"parent":3245,"menu_order":0,"comment_status":"closed","ping_status":"closed","template":"","meta":{"site-sidebar-layout":"no-sidebar","site-content-layout":"page-builder","ast-site-content-layout":"full-width-container","site-content-style":"default","site-sidebar-style":"default","ast-global-header-display":"","ast-banner-title-visibility":"","ast-main-header-display":"","ast-hfb-above-header-display":"","ast-hfb-below-header-display":"","ast-hfb-mobile-header-display":"","site-post-title":"disabled","ast-breadcrumbs-content":"","ast-featured-img":"disabled","footer-sml-layout":"","theme-transparent-header-meta":"default","adv-header-id-meta":"","stick-header-meta":"default","header-above-stick-meta":"","header-main-stick-meta":"","header-below-stick-meta":"","astra-migrate-meta-layouts":"set","ast-page-background-enabled":"default","ast-page-background-meta":{"desktop":{"background-color":"var(--ast-global-color-4)","background-image":"","background-repeat":"repeat","background-position":"center center","background-size":"auto","background-attachment":"scroll","background-type":"","background-media":"","overlay-type":"","overlay-color":"","overlay-opacity":"","overlay-gradient":""},"tablet":{"background-color":"","background-image":"","background-repeat":"repeat","background-position":"center center","background-size":"auto","background-attachment":"scroll","background-type":"","background-media":"","overlay-type":"","overlay-color":"","overlay-opacity":"","overlay-gradient":""},"mobile":{"background-color":"","background-image":"","background-repeat":"repeat","background-position":"center center","background-size":"auto","background-attachment":"scroll","background-type":"","background-media":"","overlay-type":"","overlay-color":"","overlay-opacity":"","overlay-gradient":""}},"ast-content-background-meta":{"desktop":{"background-color":"var(--ast-global-color-5)","background-image":"","background-repeat":"repeat","background-position":"center center","background-size":"auto","background-attachment":"scroll","background-type":"","background-media":"","overlay-type":"","overlay-color":"","overlay-opacity":"","overlay-gradient":""},"tablet":{"background-color":"var(--ast-global-color-5)","background-image":"","background-repeat":"repeat","background-position":"center center","background-size":"auto","background-attachment":"scroll","background-type":"","background-media":"","overlay-type":"","overlay-color":"","overlay-opacity":"","overlay-gradient":""},"mobile":{"background-color":"var(--ast-global-color-5)","background-image":"","background-repeat":"repeat","background-position":"center center","background-size":"auto","background-attachment":"scroll","background-type":"","background-media":"","overlay-type":"","overlay-color":"","overlay-opacity":"","overlay-gradient":""}},"footnotes":""},"class_list":["post-4047","page","type-page","status-publish","hentry"],"yoast_head":"<!-- This site is optimized with the Yoast SEO plugin v23.5 - https:\/\/yoast.com\/wordpress\/plugins\/seo\/ -->\n<title>The American College of Cardiology - VFMS Foundation<\/title>\n<meta name=\"robots\" content=\"index, follow, max-snippet:-1, max-image-preview:large, max-video-preview:-1\" \/>\n<link rel=\"canonical\" href=\"https:\/\/vfmsfoundation.org\/es\/foundation-partners\/the-american-college-of-cardiology\/\" \/>\n<meta property=\"og:locale\" content=\"es_ES\" \/>\n<meta property=\"og:type\" content=\"article\" \/>\n<meta property=\"og:title\" content=\"The American College of Cardiology - VFMS Foundation\" \/>\n<meta property=\"og:description\" content=\"ACC nu201cIN A WAY WE ARE TRANSFORMING THE WAY OF RESEARCH BY MOTIVATING YOUNG PEOPLE TO GET INTO RESEARCH AND AT THE SAME TIME MOVE FROM DISEASE TO HEALTH. THIS IS WHAT CNIC IS ALL ABOUTu201d Dr. Valentu00edn Fuster El American College of Cardiology (ACC) es una organizaci\u00f3n m\u00e9dica profesional l\u00edder a nivel mundial dedicada [&hellip;]\" \/>\n<meta property=\"og:url\" content=\"https:\/\/vfmsfoundation.org\/es\/foundation-partners\/the-american-college-of-cardiology\/\" \/>\n<meta property=\"og:site_name\" content=\"VFMS Foundation\" \/>\n<meta property=\"article:modified_time\" content=\"2026-05-06T10:39:46+00:00\" \/>\n<meta property=\"og:image\" content=\"https:\/\/vfmsfoundation.org\/wp-content\/uploads\/2026\/05\/ACC.svg\" \/>\n<meta name=\"twitter:card\" content=\"summary_large_image\" \/>\n<meta name=\"twitter:label1\" content=\"Tiempo de lectura\" \/>\n\t<meta name=\"twitter:data1\" content=\"2 minutos\" \/>\n<script type=\"application\/ld+json\" class=\"yoast-schema-graph\">{\"@context\":\"https:\/\/schema.org\",\"@graph\":[{\"@type\":\"WebPage\",\"@id\":\"https:\/\/vfmsfoundation.org\/es\/foundation-partners\/the-american-college-of-cardiology\/\",\"url\":\"https:\/\/vfmsfoundation.org\/es\/foundation-partners\/the-american-college-of-cardiology\/\",\"name\":\"The American College of Cardiology - VFMS Foundation\",\"isPartOf\":{\"@id\":\"https:\/\/vfmsfoundation.org\/es\/#website\"},\"primaryImageOfPage\":{\"@id\":\"https:\/\/vfmsfoundation.org\/es\/foundation-partners\/the-american-college-of-cardiology\/#primaryimage\"},\"image\":{\"@id\":\"https:\/\/vfmsfoundation.org\/es\/foundation-partners\/the-american-college-of-cardiology\/#primaryimage\"},\"thumbnailUrl\":\"https:\/\/vfmsfoundation.org\/wp-content\/uploads\/2026\/05\/ACC.svg\",\"datePublished\":\"2026-05-06T10:23:39+00:00\",\"dateModified\":\"2026-05-06T10:39:46+00:00\",\"breadcrumb\":{\"@id\":\"https:\/\/vfmsfoundation.org\/es\/foundation-partners\/the-american-college-of-cardiology\/#breadcrumb\"},\"inLanguage\":\"es\",\"potentialAction\":[{\"@type\":\"ReadAction\",\"target\":[\"https:\/\/vfmsfoundation.org\/es\/foundation-partners\/the-american-college-of-cardiology\/\"]}]},{\"@type\":\"ImageObject\",\"inLanguage\":\"es\",\"@id\":\"https:\/\/vfmsfoundation.org\/es\/foundation-partners\/the-american-college-of-cardiology\/#primaryimage\",\"url\":\"https:\/\/vfmsfoundation.org\/wp-content\/uploads\/2026\/05\/ACC.svg\",\"contentUrl\":\"https:\/\/vfmsfoundation.org\/wp-content\/uploads\/2026\/05\/ACC.svg\"},{\"@type\":\"BreadcrumbList\",\"@id\":\"https:\/\/vfmsfoundation.org\/es\/foundation-partners\/the-american-college-of-cardiology\/#breadcrumb\",\"itemListElement\":[{\"@type\":\"ListItem\",\"position\":1,\"name\":\"Portada\",\"item\":\"https:\/\/vfmsfoundation.org\/es\/\"},{\"@type\":\"ListItem\",\"position\":2,\"name\":\"COLABORADORES\",\"item\":\"https:\/\/vfmsfoundation.org\/es\/foundation-partners\/\"},{\"@type\":\"ListItem\",\"position\":3,\"name\":\"The American College of Cardiology\"}]},{\"@type\":\"WebSite\",\"@id\":\"https:\/\/vfmsfoundation.org\/es\/#website\",\"url\":\"https:\/\/vfmsfoundation.org\/es\/\",\"name\":\"VFMS Foundation\",\"description\":\"Discover how the Valentin Fuster Mount Sinai Foundation is making a difference in global health.\",\"publisher\":{\"@id\":\"https:\/\/vfmsfoundation.org\/es\/#organization\"},\"potentialAction\":[{\"@type\":\"SearchAction\",\"target\":{\"@type\":\"EntryPoint\",\"urlTemplate\":\"https:\/\/vfmsfoundation.org\/es\/?s={search_term_string}\"},\"query-input\":{\"@type\":\"PropertyValueSpecification\",\"valueRequired\":true,\"valueName\":\"search_term_string\"}}],\"inLanguage\":\"es\"},{\"@type\":\"Organization\",\"@id\":\"https:\/\/vfmsfoundation.org\/es\/#organization\",\"name\":\"VFMS Foundation\",\"url\":\"https:\/\/vfmsfoundation.org\/es\/\",\"logo\":{\"@type\":\"ImageObject\",\"inLanguage\":\"es\",\"@id\":\"https:\/\/vfmsfoundation.org\/es\/#\/schema\/logo\/image\/\",\"url\":\"https:\/\/vfmsfoundation.org\/wp-content\/uploads\/2026\/04\/vfms-logo-cor.webp\",\"contentUrl\":\"https:\/\/vfmsfoundation.org\/wp-content\/uploads\/2026\/04\/vfms-logo-cor.webp\",\"width\":1280,\"height\":423,\"caption\":\"VFMS Foundation\"},\"image\":{\"@id\":\"https:\/\/vfmsfoundation.org\/es\/#\/schema\/logo\/image\/\"}}]}<\/script>\n<!-- \/ Yoast SEO plugin. -->","yoast_head_json":{"title":"The American College of Cardiology - VFMS Foundation","robots":{"index":"index","follow":"follow","max-snippet":"max-snippet:-1","max-image-preview":"max-image-preview:large","max-video-preview":"max-video-preview:-1"},"canonical":"https:\/\/vfmsfoundation.org\/es\/foundation-partners\/the-american-college-of-cardiology\/","og_locale":"es_ES","og_type":"article","og_title":"The American College of Cardiology - VFMS Foundation","og_description":"ACC nu201cIN A WAY WE ARE TRANSFORMING THE WAY OF RESEARCH BY MOTIVATING YOUNG PEOPLE TO GET INTO RESEARCH AND AT THE SAME TIME MOVE FROM DISEASE TO HEALTH. THIS IS WHAT CNIC IS ALL ABOUTu201d Dr. Valentu00edn Fuster El American College of Cardiology (ACC) es una organizaci\u00f3n m\u00e9dica profesional l\u00edder a nivel mundial dedicada [&hellip;]","og_url":"https:\/\/vfmsfoundation.org\/es\/foundation-partners\/the-american-college-of-cardiology\/","og_site_name":"VFMS Foundation","article_modified_time":"2026-05-06T10:39:46+00:00","og_image":[{"url":"https:\/\/vfmsfoundation.org\/wp-content\/uploads\/2026\/05\/ACC.svg"}],"twitter_card":"summary_large_image","twitter_misc":{"Tiempo de lectura":"2 minutos"},"schema":{"@context":"https:\/\/schema.org","@graph":[{"@type":"WebPage","@id":"https:\/\/vfmsfoundation.org\/es\/foundation-partners\/the-american-college-of-cardiology\/","url":"https:\/\/vfmsfoundation.org\/es\/foundation-partners\/the-american-college-of-cardiology\/","name":"The American College of Cardiology - VFMS Foundation","isPartOf":{"@id":"https:\/\/vfmsfoundation.org\/es\/#website"},"primaryImageOfPage":{"@id":"https:\/\/vfmsfoundation.org\/es\/foundation-partners\/the-american-college-of-cardiology\/#primaryimage"},"image":{"@id":"https:\/\/vfmsfoundation.org\/es\/foundation-partners\/the-american-college-of-cardiology\/#primaryimage"},"thumbnailUrl":"https:\/\/vfmsfoundation.org\/wp-content\/uploads\/2026\/05\/ACC.svg","datePublished":"2026-05-06T10:23:39+00:00","dateModified":"2026-05-06T10:39:46+00:00","breadcrumb":{"@id":"https:\/\/vfmsfoundation.org\/es\/foundation-partners\/the-american-college-of-cardiology\/#breadcrumb"},"inLanguage":"es","potentialAction":[{"@type":"ReadAction","target":["https:\/\/vfmsfoundation.org\/es\/foundation-partners\/the-american-college-of-cardiology\/"]}]},{"@type":"ImageObject","inLanguage":"es","@id":"https:\/\/vfmsfoundation.org\/es\/foundation-partners\/the-american-college-of-cardiology\/#primaryimage","url":"https:\/\/vfmsfoundation.org\/wp-content\/uploads\/2026\/05\/ACC.svg","contentUrl":"https:\/\/vfmsfoundation.org\/wp-content\/uploads\/2026\/05\/ACC.svg"},{"@type":"BreadcrumbList","@id":"https:\/\/vfmsfoundation.org\/es\/foundation-partners\/the-american-college-of-cardiology\/#breadcrumb","itemListElement":[{"@type":"ListItem","position":1,"name":"Portada","item":"https:\/\/vfmsfoundation.org\/es\/"},{"@type":"ListItem","position":2,"name":"COLABORADORES","item":"https:\/\/vfmsfoundation.org\/es\/foundation-partners\/"},{"@type":"ListItem","position":3,"name":"The American College of Cardiology"}]},{"@type":"WebSite","@id":"https:\/\/vfmsfoundation.org\/es\/#website","url":"https:\/\/vfmsfoundation.org\/es\/","name":"VFMS Foundation","description":"Discover how the Valentin Fuster Mount Sinai Foundation is making a difference in global health.","publisher":{"@id":"https:\/\/vfmsfoundation.org\/es\/#organization"},"potentialAction":[{"@type":"SearchAction","target":{"@type":"EntryPoint","urlTemplate":"https:\/\/vfmsfoundation.org\/es\/?s={search_term_string}"},"query-input":{"@type":"PropertyValueSpecification","valueRequired":true,"valueName":"search_term_string"}}],"inLanguage":"es"},{"@type":"Organization","@id":"https:\/\/vfmsfoundation.org\/es\/#organization","name":"VFMS Foundation","url":"https:\/\/vfmsfoundation.org\/es\/","logo":{"@type":"ImageObject","inLanguage":"es","@id":"https:\/\/vfmsfoundation.org\/es\/#\/schema\/logo\/image\/","url":"https:\/\/vfmsfoundation.org\/wp-content\/uploads\/2026\/04\/vfms-logo-cor.webp","contentUrl":"https:\/\/vfmsfoundation.org\/wp-content\/uploads\/2026\/04\/vfms-logo-cor.webp","width":1280,"height":423,"caption":"VFMS Foundation"},"image":{"@id":"https:\/\/vfmsfoundation.org\/es\/#\/schema\/logo\/image\/"}}]}},"_links":{"self":[{"href":"https:\/\/vfmsfoundation.org\/es\/wp-json\/wp\/v2\/pages\/4047"}],"collection":[{"href":"https:\/\/vfmsfoundation.org\/es\/wp-json\/wp\/v2\/pages"}],"about":[{"href":"https:\/\/vfmsfoundation.org\/es\/wp-json\/wp\/v2\/types\/page"}],"author":[{"embeddable":true,"href":"https:\/\/vfmsfoundation.org\/es\/wp-json\/wp\/v2\/users\/4"}],"replies":[{"embeddable":true,"href":"https:\/\/vfmsfoundation.org\/es\/wp-json\/wp\/v2\/comments?post=4047"}],"version-history":[{"count":4,"href":"https:\/\/vfmsfoundation.org\/es\/wp-json\/wp\/v2\/pages\/4047\/revisions"}],"predecessor-version":[{"id":4051,"href":"https:\/\/vfmsfoundation.org\/es\/wp-json\/wp\/v2\/pages\/4047\/revisions\/4051"}],"up":[{"embeddable":true,"href":"https:\/\/vfmsfoundation.org\/es\/wp-json\/wp\/v2\/pages\/3245"}],"wp:attachment":[{"href":"https:\/\/vfmsfoundation.org\/es\/wp-json\/wp\/v2\/media?parent=4047"}],"curies":[{"name":"wp","href":"https:\/\/api.w.org\/{rel}","templated":true}]}}